{"id":76,"date":"2020-03-05T17:29:41","date_gmt":"2020-03-05T16:29:41","guid":{"rendered":"https:\/\/blogsaverroes.juntadeandalucia.es\/comercioyfol\/?page_id=76"},"modified":"2024-09-15T20:11:02","modified_gmt":"2024-09-15T18:11:02","slug":"planes-del-centro","status":"publish","type":"page","link":"https:\/\/blogsaverroes.juntadeandalucia.es\/iesgongora\/planes-del-centro\/","title":{"rendered":"Planes y Proyectos"},"content":{"rendered":"<header class=\"entry-header\">Los documentos que componen nuestro plan de centro son:<\/p>\n<ul>\n<li><em><span class=\"has-inline-color has-black-color\"><strong>Proyecto educativo de centro<\/strong><\/span><\/em><\/li>\n<li><em><span class=\"has-inline-color has-black-color\"><strong>Reglamento de Organizaci\u00f3n y Funcionamiento<\/strong><\/span><\/em><\/li>\n<li><strong><em>Proyecto de Gesti\u00f3n<\/em><\/strong><\/li>\n<\/ul>\n<p>De forma permanente tenemos aprobados los siguientes proyectos:<\/p>\n<ul>\n<li>Plan de \u201cAutoprotecci\u00f3n\u201d (salud laboral y P.R.L.)<\/li>\n<li>Programa \u201ccentro biling\u00fce\u201d (Ingl\u00e9s)<\/li>\n<li>Plan de igualdad de g\u00e9nero en educaci\u00f3n<\/li>\n<li>Organizaci\u00f3n y Funcionamiento de las Bibliotecas Escolares.<\/li>\n<li>Institutos Hist\u00f3ricos Educativos de Andaluc\u00eda<\/li>\n<\/ul>\n<p>Adem\u00e1s, durante el curso 2024-2025 desarrollamos varios proyectos como:<\/p>\n<ul>\n<li>Transformaci\u00f3n Digital Educativa.<\/li>\n<li>Erasmus+ en Educaci\u00f3n Escolar y Educaci\u00f3n Superior.<\/li>\n<li>Aula de Emprendimiento.<\/li>\n<li>Aulas Confucio<\/li>\n<li>Pr\u00e1cticum M\u00e1ster Secundaria<\/li>\n<li>Convivencia Escolar<\/li>\n<li>Red Andaluza Escuela \u201cEspacio de Paz\u201d<\/li>\n<\/ul>\n<\/header>\n","protected":false},"excerpt":{"rendered":"<p>Los documentos que componen nuestro plan de centro son: Proyecto educativo de centro Reglamento de Organizaci\u00f3n y Funcionamiento Proyecto de Gesti\u00f3n De forma permanente tenemos aprobados los siguientes proyectos: Plan de \u201cAutoprotecci\u00f3n\u201d (salud laboral y P.R.L.) Programa \u201ccentro biling\u00fce\u201d (Ingl\u00e9s) Plan de igualdad de g\u00e9nero en educaci\u00f3n Organizaci\u00f3n y Funcionamiento de las Bibliotecas Escolares. Institutos [&hellip;]<\/p>\n","protected":false},"author":8538,"featured_media":0,"parent":0,"menu_order":0,"comment_status":"closed","ping_status":"closed","template":"","meta":{"ngg_post_thumbnail":0,"footnotes":"","_mc_calendar":[]},"aioseo_notices":[],"_links":{"self":[{"href":"https:\/\/blogsaverroes.juntadeandalucia.es\/iesgongora\/wp-json\/wp\/v2\/pages\/76"}],"collection":[{"href":"https:\/\/blogsaverroes.juntadeandalucia.es\/iesgongora\/wp-json\/wp\/v2\/pages"}],"about":[{"href":"https:\/\/blogsaverroes.juntadeandalucia.es\/iesgongora\/wp-json\/wp\/v2\/types\/page"}],"author":[{"embeddable":true,"href":"https:\/\/blogsaverroes.juntadeandalucia.es\/iesgongora\/wp-json\/wp\/v2\/users\/8538"}],"replies":[{"embeddable":true,"href":"https:\/\/blogsaverroes.juntadeandalucia.es\/iesgongora\/wp-json\/wp\/v2\/comments?post=76"}],"version-history":[{"count":1,"href":"https:\/\/blogsaverroes.juntadeandalucia.es\/iesgongora\/wp-json\/wp\/v2\/pages\/76\/revisions"}],"predecessor-version":[{"id":7228,"href":"https:\/\/blogsaverroes.juntadeandalucia.es\/iesgongora\/wp-json\/wp\/v2\/pages\/76\/revisions\/7228"}],"wp:attachment":[{"href":"https:\/\/blogsaverroes.juntadeandalucia.es\/iesgongora\/wp-json\/wp\/v2\/media?parent=76"}],"curies":[{"name":"wp","href":"https:\/\/api.w.org\/{rel}","templated":true}]}}