{"id":2191,"date":"2021-12-20T15:34:17","date_gmt":"2021-12-20T15:34:17","guid":{"rendered":"https:\/\/blogsaverroes.juntadeandalucia.es\/iesgonzalonazareno\/?page_id=2191"},"modified":"2022-06-03T10:08:18","modified_gmt":"2022-06-03T10:08:18","slug":"comunica","status":"publish","type":"page","link":"https:\/\/blogsaverroes.juntadeandalucia.es\/iesgonzalonazareno\/comunica\/","title":{"rendered":"ComunicA"},"content":{"rendered":"<p>ComunicA es un Programa para la Innovaci\u00f3n Educativa que tiene como objetivo primordial ofrecer estrategias y recursos metodol\u00f3gicos que puedan complementar el curr\u00edculum escolar con medidas de apoyo para la mejora de la lectura, la escritura y la lengua oral.<\/p>\n<p>En nuestro centro se plantea desde una perspectiva interdisciplinar, trabajando todas las \u00e1reas con variedad de actividades atractivas y motivadoras para nuestro alumnado.<\/p>\n<p>Para conocer m\u00e1s sobre las actividades relacionadas con este Programa, pulsa <a href=\"https:\/\/blogsaverroes.juntadeandalucia.es\/iesgonzalonazareno\/tag\/comunica\/\">aqu\u00ed<\/a>.<\/p>\n","protected":false},"excerpt":{"rendered":"<p>ComunicA es un Programa para la Innovaci\u00f3n Educativa que tiene como objetivo primordial ofrecer estrategias y recursos metodol\u00f3gicos que puedan complementar el curr\u00edculum escolar con medidas de apoyo para la mejora de la lectura,&#46;&#46;&#46;<\/p>\n","protected":false},"author":5034,"featured_media":0,"parent":0,"menu_order":0,"comment_status":"closed","ping_status":"closed","template":"","meta":{"ngg_post_thumbnail":0,"footnotes":""},"aioseo_notices":[],"_links":{"self":[{"href":"https:\/\/blogsaverroes.juntadeandalucia.es\/iesgonzalonazareno\/wp-json\/wp\/v2\/pages\/2191"}],"collection":[{"href":"https:\/\/blogsaverroes.juntadeandalucia.es\/iesgonzalonazareno\/wp-json\/wp\/v2\/pages"}],"about":[{"href":"https:\/\/blogsaverroes.juntadeandalucia.es\/iesgonzalonazareno\/wp-json\/wp\/v2\/types\/page"}],"author":[{"embeddable":true,"href":"https:\/\/blogsaverroes.juntadeandalucia.es\/iesgonzalonazareno\/wp-json\/wp\/v2\/users\/5034"}],"replies":[{"embeddable":true,"href":"https:\/\/blogsaverroes.juntadeandalucia.es\/iesgonzalonazareno\/wp-json\/wp\/v2\/comments?post=2191"}],"version-history":[{"count":6,"href":"https:\/\/blogsaverroes.juntadeandalucia.es\/iesgonzalonazareno\/wp-json\/wp\/v2\/pages\/2191\/revisions"}],"predecessor-version":[{"id":2334,"href":"https:\/\/blogsaverroes.juntadeandalucia.es\/iesgonzalonazareno\/wp-json\/wp\/v2\/pages\/2191\/revisions\/2334"}],"wp:attachment":[{"href":"https:\/\/blogsaverroes.juntadeandalucia.es\/iesgonzalonazareno\/wp-json\/wp\/v2\/media?parent=2191"}],"curies":[{"name":"wp","href":"https:\/\/api.w.org\/{rel}","templated":true}]}}