{"id":141,"date":"2015-03-17T07:13:24","date_gmt":"2015-03-17T07:13:24","guid":{"rendered":"http:\/\/blogsaverroes.juntadeandalucia.es\/pre\/ceip\/?page_id=141"},"modified":"2021-03-08T17:54:15","modified_gmt":"2021-03-08T16:54:15","slug":"escolarizacion","status":"publish","type":"page","link":"https:\/\/blogsaverroes.juntadeandalucia.es\/iesgranpoder\/escolarizacion\/","title":{"rendered":"Escolarizaci\u00f3n"},"content":{"rendered":"<p>CALENDARIO:<\/p>\n<p>1-31 MARZO: SOLICITAR PLAZA (ANEXO III) puede hacerlo por secretar\u00eda virtual<\/p>\n<p>7-14 ABRIL: Lista de solicitudes presentadas y de baremaci\u00f3n<\/p>\n<p>11 MAYO: Lista de admitidos<\/p>\n<p>21 MAYO: Reubicaciones<\/p>\n<p>1-10 JULIO: matr\u00edcula en el IES admitido.<\/p>\n<p>&nbsp;<\/p>\n<p><a href=\"https:\/\/blogsaverroes.juntadeandalucia.es\/iesgranpoder\/files\/2021\/03\/folleto-2.pdf\">folleto 2<\/a><\/p>\n<p><a href=\"https:\/\/blogsaverroes.juntadeandalucia.es\/iesgranpoder\/files\/2021\/03\/PRESENTACI\u00d3N-REUNI\u00d3N-TR\u00c1NSITO-1.pdf\">PRESENTACI\u00d3N REUNI\u00d3N TR\u00c1NSITO&nbsp;<\/a><\/p>\n<p>&nbsp;<\/p>\n","protected":false},"excerpt":{"rendered":"<p>CALENDARIO: 1-31 MARZO: SOLICITAR PLAZA (ANEXO III) puede hacerlo por secretar\u00eda virtual 7-14 ABRIL: Lista de solicitudes presentadas y de baremaci\u00f3n 11 MAYO: Lista de admitidos 21 MAYO: Reubicaciones 1-10 JULIO: matr\u00edcula en el&#46;&#46;&#46;<\/p>\n","protected":false},"author":1,"featured_media":3680,"parent":0,"menu_order":0,"comment_status":"open","ping_status":"open","template":"page-templates\/child-menu.php","meta":{"ngg_post_thumbnail":0,"footnotes":"","_mc_calendar":[]},"aioseo_notices":[],"_links":{"self":[{"href":"https:\/\/blogsaverroes.juntadeandalucia.es\/iesgranpoder\/wp-json\/wp\/v2\/pages\/141"}],"collection":[{"href":"https:\/\/blogsaverroes.juntadeandalucia.es\/iesgranpoder\/wp-json\/wp\/v2\/pages"}],"about":[{"href":"https:\/\/blogsaverroes.juntadeandalucia.es\/iesgranpoder\/wp-json\/wp\/v2\/types\/page"}],"author":[{"embeddable":true,"href":"https:\/\/blogsaverroes.juntadeandalucia.es\/iesgranpoder\/wp-json\/wp\/v2\/users\/1"}],"replies":[{"embeddable":true,"href":"https:\/\/blogsaverroes.juntadeandalucia.es\/iesgranpoder\/wp-json\/wp\/v2\/comments?post=141"}],"version-history":[{"count":7,"href":"https:\/\/blogsaverroes.juntadeandalucia.es\/iesgranpoder\/wp-json\/wp\/v2\/pages\/141\/revisions"}],"predecessor-version":[{"id":3694,"href":"https:\/\/blogsaverroes.juntadeandalucia.es\/iesgranpoder\/wp-json\/wp\/v2\/pages\/141\/revisions\/3694"}],"wp:featuredmedia":[{"embeddable":true,"href":"https:\/\/blogsaverroes.juntadeandalucia.es\/iesgranpoder\/wp-json\/wp\/v2\/media\/3680"}],"wp:attachment":[{"href":"https:\/\/blogsaverroes.juntadeandalucia.es\/iesgranpoder\/wp-json\/wp\/v2\/media?parent=141"}],"curies":[{"name":"wp","href":"https:\/\/api.w.org\/{rel}","templated":true}]}}