{"id":2315,"date":"2015-11-17T17:18:53","date_gmt":"2015-11-17T17:18:53","guid":{"rendered":"http:\/\/blogsaverroes.juntadeandalucia.es\/iesgranpoder\/?page_id=2315"},"modified":"2016-09-28T11:29:58","modified_gmt":"2016-09-28T09:29:58","slug":"historia-del-centro","status":"publish","type":"page","link":"https:\/\/blogsaverroes.juntadeandalucia.es\/iesgranpoder\/historia-del-centro\/","title":{"rendered":"Historia del centro"},"content":{"rendered":"<h4><\/h4>\n<h4><\/h4>\n<h4><\/h4>\n<p>El Decreto 190\/1999, de 14 de septiembre, por el que se crean y suprimen Centros docentes p\u00fablicos en la Comunidad Aut\u00f3noma de Andaluc\u00eda en su disposici\u00f3n primera, apartado 2, dispone la creaci\u00f3n, entre otros centros, del Instituto de Educaci\u00f3n Secun-daria 41701857 de Dos Hermanas por transformaci\u00f3n de la secci\u00f3n del mismo c\u00f3digo. Esta disposici\u00f3n marcar\u00eda el nacimiento de nuestro centro, en principio sin nombre, a partir de una secci\u00f3n del IES Gonzalo Nazareno de nuestra localidad, que ocupaba las instalaciones del suprimido CP Jes\u00fas del Gran Poder. En recuerdo de este centro el nuevo Consejo Escolar mantuvo la denominaci\u00f3n para el instituto, que fue legalizada por la Orden de 14 de febrero de 2000, por la que se aprobaba la denominaci\u00f3n espe-c\u00edfica de Jes\u00fas del Gran Poder para un Instituto de Educaci\u00f3n Secundaria de Dos Her-manas (Sevilla).<br \/>\nEl centro formaba parte de un plan de dotaci\u00f3n de nuevos centros p\u00fablicos de secundaria obligatoria para la el n\u00facleo central de la localidad (1998-1999), de los que existen otros cuatro, que sumados a los que imparten tambi\u00e9n ense\u00f1anzas postobligatorias suman un total de diez, a los que han de a\u00f1adirse los cuatro institutos del n\u00facleo de Quintos.<\/p>\n<p>En un principio se concibi\u00f3 el nuevo centro con un total de ocho grupos (dos por nivel educativo) pero la situaci\u00f3n geogr\u00e1fica en la localidad, unida a la demograf\u00eda de la zona demostr\u00f3 desde un principio que las instalaciones eran insuficientes para la demanda de plazas. Por ello en Enero de 2001 y gracias a un convenio suscrito entre la Consejer\u00eda de Educaci\u00f3n y Ciencia de la Junta de Andaluc\u00eda y el Excmo. Ayuntamiento de Dos Hermanas se acuerda la ampliaci\u00f3n del edificio para aumentar el n\u00famero de grupos hasta doce y adem\u00e1s mejorar la infraestructura del Centro.<\/p>\n<p>Las obras comenzaron en Junio y terminaron en la primavera de 2002. Tras las mismas el Centro presenta una planta en forma de T, con la siguiente distribuci\u00f3n:<\/p>\n<ul>\n<li><strong>PLANTA BAJA:<\/strong>\n<ul>\n<li>Laboratorio de Ciencias.<\/li>\n<li>Aula de M\u00fasica.<\/li>\n<li>Taller de Pl\u00e1stica.<\/li>\n<li>Aula Taller de Tecnolog\u00eda.<\/li>\n<li>Biblioteca.<\/li>\n<li>1 Aula polivalente grande.<\/li>\n<li>1 Aula polivalente peque\u00f1a.<\/li>\n<li>Se completa la planta con la conserjer\u00eda, zona administrativa y de direcci\u00f3n, servicios y cafeter\u00eda.<\/li>\n<\/ul>\n<\/li>\n<li><strong>PLANTA ALTA:<\/strong>\n<ul>\n<li>12 Aulas polivalentes medianas.<\/li>\n<li>2 Aulas peque\u00f1as (Integraci\u00f3n y Diversificaci\u00f3n\/PMAR).<\/li>\n<li>Sala de Convivencia.<\/li>\n<li>Sala de visitas.<\/li>\n<li>Departamentos.<\/li>\n<\/ul>\n<\/li>\n<\/ul>\n<p>Desde el curso 2004\/05 es un centro TIC, dot\u00e1ndose en principio trece aulas del edificio de un equipo inform\u00e1tico por cada dos alumnos, m\u00e1s el del profesor; en la actualidad el sistema, obsoleto, ha sido sustituido por 8 carros de port\u00e1tiles, asimismo en el bienio 2010\/2012 el programa Escuela TIC 2.0 dota a 8 de las aulas de pizarras digitales interactivas (PDI)\u00a0y en el 2015\/2016 dota a otras seis aulas de \u00a0SDI (soluci\u00f3n digital interactiva), compuesta por PDI con PC integrado.\u00a0La dotaci\u00f3n TIC la completan ca\u00f1ones de video en la Biblioteca, Pl\u00e1stica y Tecnolog\u00eda.<\/p>\n<p>En la actualidad (curso 2016\/2017) las instalaciones del centro resultan insuficientes para la poblaci\u00f3n escolar a la que recibe (m\u00e1s de 430 alumnos) por lo que se hace necesaria una urgente ampliaci\u00f3n.<\/p>\n<p>&nbsp;<\/p>\n<h4><\/h4>\n<h4><\/h4>\n","protected":false},"excerpt":{"rendered":"<p>El Decreto 190\/1999, de 14 de septiembre, por el que se crean y suprimen Centros docentes p\u00fablicos en la Comunidad Aut\u00f3noma de Andaluc\u00eda en su disposici\u00f3n primera, apartado 2, dispone la creaci\u00f3n, entre otros&#46;&#46;&#46;<\/p>\n","protected":false},"author":2171,"featured_media":0,"parent":0,"menu_order":0,"comment_status":"open","ping_status":"open","template":"","meta":{"ngg_post_thumbnail":0,"footnotes":"","_mc_calendar":[]},"aioseo_notices":[],"_links":{"self":[{"href":"https:\/\/blogsaverroes.juntadeandalucia.es\/iesgranpoder\/wp-json\/wp\/v2\/pages\/2315"}],"collection":[{"href":"https:\/\/blogsaverroes.juntadeandalucia.es\/iesgranpoder\/wp-json\/wp\/v2\/pages"}],"about":[{"href":"https:\/\/blogsaverroes.juntadeandalucia.es\/iesgranpoder\/wp-json\/wp\/v2\/types\/page"}],"author":[{"embeddable":true,"href":"https:\/\/blogsaverroes.juntadeandalucia.es\/iesgranpoder\/wp-json\/wp\/v2\/users\/2171"}],"replies":[{"embeddable":true,"href":"https:\/\/blogsaverroes.juntadeandalucia.es\/iesgranpoder\/wp-json\/wp\/v2\/comments?post=2315"}],"version-history":[{"count":4,"href":"https:\/\/blogsaverroes.juntadeandalucia.es\/iesgranpoder\/wp-json\/wp\/v2\/pages\/2315\/revisions"}],"predecessor-version":[{"id":2651,"href":"https:\/\/blogsaverroes.juntadeandalucia.es\/iesgranpoder\/wp-json\/wp\/v2\/pages\/2315\/revisions\/2651"}],"wp:attachment":[{"href":"https:\/\/blogsaverroes.juntadeandalucia.es\/iesgranpoder\/wp-json\/wp\/v2\/media?parent=2315"}],"curies":[{"name":"wp","href":"https:\/\/api.w.org\/{rel}","templated":true}]}}