{"id":3141,"date":"2019-11-03T12:18:01","date_gmt":"2019-11-03T11:18:01","guid":{"rendered":"https:\/\/blogsaverroes.juntadeandalucia.es\/iesgranpoder\/?page_id=3141"},"modified":"2019-11-03T14:11:50","modified_gmt":"2019-11-03T13:11:50","slug":"educacion-plastiva-y-visual","status":"publish","type":"page","link":"https:\/\/blogsaverroes.juntadeandalucia.es\/iesgranpoder\/educacion-plastiva-y-visual\/","title":{"rendered":"EDUCACI\u00d3N PL\u00c1STIVA Y VISUAL"},"content":{"rendered":"<p>CRITERIOS DE EVALUACI\u00d3N<\/p>\n<p><a href=\"https:\/\/blogsaverroes.juntadeandalucia.es\/iesgranpoder\/files\/2019\/10\/Criterios-EPV.pdf\">https:\/\/blogsaverroes.juntadeandalucia.es\/iesgranpoder\/files\/2019\/10\/Criterios-EPV.pdf<\/a><\/p>\n","protected":false},"excerpt":{"rendered":"<p>CRITERIOS DE EVALUACI\u00d3N https:\/\/blogsaverroes.juntadeandalucia.es\/iesgranpoder\/files\/2019\/10\/Criterios-EPV.pdf<\/p>\n","protected":false},"author":2171,"featured_media":3008,"parent":0,"menu_order":0,"comment_status":"closed","ping_status":"closed","template":"page-templates\/child-menu.php","meta":{"ngg_post_thumbnail":0,"footnotes":"","_mc_calendar":[]},"aioseo_notices":[],"_links":{"self":[{"href":"https:\/\/blogsaverroes.juntadeandalucia.es\/iesgranpoder\/wp-json\/wp\/v2\/pages\/3141"}],"collection":[{"href":"https:\/\/blogsaverroes.juntadeandalucia.es\/iesgranpoder\/wp-json\/wp\/v2\/pages"}],"about":[{"href":"https:\/\/blogsaverroes.juntadeandalucia.es\/iesgranpoder\/wp-json\/wp\/v2\/types\/page"}],"author":[{"embeddable":true,"href":"https:\/\/blogsaverroes.juntadeandalucia.es\/iesgranpoder\/wp-json\/wp\/v2\/users\/2171"}],"replies":[{"embeddable":true,"href":"https:\/\/blogsaverroes.juntadeandalucia.es\/iesgranpoder\/wp-json\/wp\/v2\/comments?post=3141"}],"version-history":[{"count":3,"href":"https:\/\/blogsaverroes.juntadeandalucia.es\/iesgranpoder\/wp-json\/wp\/v2\/pages\/3141\/revisions"}],"predecessor-version":[{"id":3200,"href":"https:\/\/blogsaverroes.juntadeandalucia.es\/iesgranpoder\/wp-json\/wp\/v2\/pages\/3141\/revisions\/3200"}],"wp:featuredmedia":[{"embeddable":true,"href":"https:\/\/blogsaverroes.juntadeandalucia.es\/iesgranpoder\/wp-json\/wp\/v2\/media\/3008"}],"wp:attachment":[{"href":"https:\/\/blogsaverroes.juntadeandalucia.es\/iesgranpoder\/wp-json\/wp\/v2\/media?parent=3141"}],"curies":[{"name":"wp","href":"https:\/\/api.w.org\/{rel}","templated":true}]}}