{"id":3173,"date":"2019-11-03T13:36:12","date_gmt":"2019-11-03T12:36:12","guid":{"rendered":"https:\/\/blogsaverroes.juntadeandalucia.es\/iesgranpoder\/?page_id=3173"},"modified":"2019-11-03T14:04:45","modified_gmt":"2019-11-03T13:04:45","slug":"biologia-y-geologia-2","status":"publish","type":"page","link":"https:\/\/blogsaverroes.juntadeandalucia.es\/iesgranpoder\/biologia-y-geologia-2\/","title":{"rendered":"BIOLOG\u00cdA Y GEOLOG\u00cdA"},"content":{"rendered":"<h1>CRITERIOS DE EVALUACI\u00d3N<\/h1>\n<p>1\u00ba ESO&nbsp;<a href=\"https:\/\/blogsaverroes.juntadeandalucia.es\/iesgranpoder\/files\/2019\/10\/Criterios-1\u00ba-ESO-19-20BG.pdf\">https:\/\/blogsaverroes.juntadeandalucia.es\/iesgranpoder\/files\/2019\/10\/Criterios-1\u00ba-ESO-19-20BG.pdf<\/a><\/p>\n<p>3\u00ba ESO&nbsp;<a href=\"https:\/\/blogsaverroes.juntadeandalucia.es\/iesgranpoder\/files\/2019\/10\/Criterios-3\u00ba-ESO-19-20-BG.pdf\">https:\/\/blogsaverroes.juntadeandalucia.es\/iesgranpoder\/files\/2019\/10\/Criterios-3\u00ba-ESO-19-20-BG.pdf<\/a><\/p>\n<p>4\u00baESO <a href=\"https:\/\/blogsaverroes.juntadeandalucia.es\/iesgranpoder\/files\/2019\/10\/CRITERIOS-BIO-Y-GEO-4-ESO.pdf\">https:\/\/blogsaverroes.juntadeandalucia.es\/iesgranpoder\/files\/2019\/10\/CRITERIOS-BIO-Y-GEO-4-ESO.pdf<\/a><\/p>\n<p>3\u00ba PMAR&nbsp;<a href=\"https:\/\/blogsaverroes.juntadeandalucia.es\/iesgranpoder\/files\/2019\/10\/BYG-CRIT-E-INSTR-EVAL-3\u00ba-ESO-PMAR-19-20.pdf\">https:\/\/blogsaverroes.juntadeandalucia.es\/iesgranpoder\/files\/2019\/10\/BYG-CRIT-E-INSTR-EVAL-3\u00ba-ESO-PMAR-19-20.pdf<\/a><\/p>\n","protected":false},"excerpt":{"rendered":"<p>CRITERIOS DE EVALUACI\u00d3N 1\u00ba ESO&nbsp;https:\/\/blogsaverroes.juntadeandalucia.es\/iesgranpoder\/files\/2019\/10\/Criterios-1\u00ba-ESO-19-20BG.pdf 3\u00ba ESO&nbsp;https:\/\/blogsaverroes.juntadeandalucia.es\/iesgranpoder\/files\/2019\/10\/Criterios-3\u00ba-ESO-19-20-BG.pdf 4\u00baESO https:\/\/blogsaverroes.juntadeandalucia.es\/iesgranpoder\/files\/2019\/10\/CRITERIOS-BIO-Y-GEO-4-ESO.pdf 3\u00ba PMAR&nbsp;https:\/\/blogsaverroes.juntadeandalucia.es\/iesgranpoder\/files\/2019\/10\/BYG-CRIT-E-INSTR-EVAL-3\u00ba-ESO-PMAR-19-20.pdf<\/p>\n","protected":false},"author":2171,"featured_media":0,"parent":0,"menu_order":0,"comment_status":"closed","ping_status":"closed","template":"page-templates\/child-menu.php","meta":{"ngg_post_thumbnail":0,"footnotes":"","_mc_calendar":[]},"aioseo_notices":[],"_links":{"self":[{"href":"https:\/\/blogsaverroes.juntadeandalucia.es\/iesgranpoder\/wp-json\/wp\/v2\/pages\/3173"}],"collection":[{"href":"https:\/\/blogsaverroes.juntadeandalucia.es\/iesgranpoder\/wp-json\/wp\/v2\/pages"}],"about":[{"href":"https:\/\/blogsaverroes.juntadeandalucia.es\/iesgranpoder\/wp-json\/wp\/v2\/types\/page"}],"author":[{"embeddable":true,"href":"https:\/\/blogsaverroes.juntadeandalucia.es\/iesgranpoder\/wp-json\/wp\/v2\/users\/2171"}],"replies":[{"embeddable":true,"href":"https:\/\/blogsaverroes.juntadeandalucia.es\/iesgranpoder\/wp-json\/wp\/v2\/comments?post=3173"}],"version-history":[{"count":7,"href":"https:\/\/blogsaverroes.juntadeandalucia.es\/iesgranpoder\/wp-json\/wp\/v2\/pages\/3173\/revisions"}],"predecessor-version":[{"id":3197,"href":"https:\/\/blogsaverroes.juntadeandalucia.es\/iesgranpoder\/wp-json\/wp\/v2\/pages\/3173\/revisions\/3197"}],"wp:attachment":[{"href":"https:\/\/blogsaverroes.juntadeandalucia.es\/iesgranpoder\/wp-json\/wp\/v2\/media?parent=3173"}],"curies":[{"name":"wp","href":"https:\/\/api.w.org\/{rel}","templated":true}]}}