{"id":3403,"date":"2020-06-10T18:08:55","date_gmt":"2020-06-10T16:08:55","guid":{"rendered":"https:\/\/blogsaverroes.juntadeandalucia.es\/iesgranpoder\/?page_id=3403"},"modified":"2020-06-10T18:08:55","modified_gmt":"2020-06-10T16:08:55","slug":"consulta-personalizada-del-baremo-del-proceso-de-admision","status":"publish","type":"page","link":"https:\/\/blogsaverroes.juntadeandalucia.es\/iesgranpoder\/consulta-personalizada-del-baremo-del-proceso-de-admision\/","title":{"rendered":"CONSULTA PERSONALIZADA DEL BAREMO DEL PROCESO DE ADMISI\u00d3N"},"content":{"rendered":"<p><a href=\"https:\/\/www.juntadeandalucia.es\/educacion\/secretariavirtual\/accesoConsultas\/895\/\" target=\"_blank\" rel=\"noopener noreferrer\">ACCEDA AQU\u00cd PARA CONSULTAR SU PUNTUACI\u00d3N EN EL PROCESO DE SOLICITUD DE ADMISI\u00d3N EN EL INSTITUTO<\/a><\/p>\n","protected":false},"excerpt":{"rendered":"<p>ACCEDA AQU\u00cd PARA CONSULTAR SU PUNTUACI\u00d3N EN EL PROCESO DE SOLICITUD DE ADMISI\u00d3N EN EL INSTITUTO<\/p>\n","protected":false},"author":2171,"featured_media":0,"parent":0,"menu_order":0,"comment_status":"closed","ping_status":"closed","template":"","meta":{"ngg_post_thumbnail":0,"footnotes":"","_mc_calendar":[]},"aioseo_notices":[],"_links":{"self":[{"href":"https:\/\/blogsaverroes.juntadeandalucia.es\/iesgranpoder\/wp-json\/wp\/v2\/pages\/3403"}],"collection":[{"href":"https:\/\/blogsaverroes.juntadeandalucia.es\/iesgranpoder\/wp-json\/wp\/v2\/pages"}],"about":[{"href":"https:\/\/blogsaverroes.juntadeandalucia.es\/iesgranpoder\/wp-json\/wp\/v2\/types\/page"}],"author":[{"embeddable":true,"href":"https:\/\/blogsaverroes.juntadeandalucia.es\/iesgranpoder\/wp-json\/wp\/v2\/users\/2171"}],"replies":[{"embeddable":true,"href":"https:\/\/blogsaverroes.juntadeandalucia.es\/iesgranpoder\/wp-json\/wp\/v2\/comments?post=3403"}],"version-history":[{"count":1,"href":"https:\/\/blogsaverroes.juntadeandalucia.es\/iesgranpoder\/wp-json\/wp\/v2\/pages\/3403\/revisions"}],"predecessor-version":[{"id":3404,"href":"https:\/\/blogsaverroes.juntadeandalucia.es\/iesgranpoder\/wp-json\/wp\/v2\/pages\/3403\/revisions\/3404"}],"wp:attachment":[{"href":"https:\/\/blogsaverroes.juntadeandalucia.es\/iesgranpoder\/wp-json\/wp\/v2\/media?parent=3403"}],"curies":[{"name":"wp","href":"https:\/\/api.w.org\/{rel}","templated":true}]}}