{"id":35,"date":"2015-03-13T08:21:43","date_gmt":"2015-03-13T08:21:43","guid":{"rendered":"http:\/\/blogsaverroes.juntadeandalucia.es\/pre\/ceip\/?page_id=35"},"modified":"2015-11-17T11:00:42","modified_gmt":"2015-11-17T11:00:42","slug":"el-centro-2","status":"publish","type":"page","link":"https:\/\/blogsaverroes.juntadeandalucia.es\/iesgranpoder\/el-centro-2\/","title":{"rendered":"Datos del centro"},"content":{"rendered":"<p><iframe loading=\"lazy\" src=\"https:\/\/www.google.com\/maps\/embed?pb=!1m14!1m8!1m3!1d12698.211932208247!2d-5.91795!3d37.282026!3m2!1i1024!2i768!4f13.1!3m3!1m2!1s0x0%3A0xf9a5c76c608c34f7!2sInstituto+de+Educaci%C3%B3n+Secundaria+Jes%C3%BAs+del+Gran+Poder!5e0!3m2!1ses!2ses!4v1447758059077\" width=\"600\" height=\"450\" frameborder=\"0\"><\/iframe><\/p>\n<h4>Datos de contacto<\/h4>\n<p>Instituto de Educaci\u00f3n Secundaria Jes\u00fas del Gran Poder<\/p>\n<p><strong>Direcci\u00f3n:<\/strong>\u00a0 Calle Nuestra Se\u00f1ora del Carmen, 19. 41701-DOS HERMANAS (Sevilla)<br \/>\n<strong>Tel\u00e9fono: \u00a0<\/strong>955622806<br \/>\n<strong>FAX:<\/strong>\u00a0955622812<br \/>\n<strong>E-mail:<\/strong>\u00a041701857.edu@juntadeandalucia.es<\/p>\n<h4><strong>Horarios<\/strong><\/h4>\n<p>De lunes a viernes, de 8:00 a 14:30.<br \/>\nTutor\u00edas de padres\/madres, martes de 16:00 a 17:00 (previa cita con el tutor\/a)<\/p>\n<h4><strong>Oferta educativa<\/strong><\/h4>\n<p>1\u00ba, 2\u00ba, 3\u00ba y 4\u00ba ESO.<br \/>\nIntegraci\u00f3n educativa.<br \/>\nPrograma de Mejora del Aprendizaje y el Rendimiento (PMAR)<\/p>\n<h4><\/h4>\n<p>&nbsp;<\/p>\n","protected":false},"excerpt":{"rendered":"<p>Datos de contacto Instituto de Educaci\u00f3n Secundaria Jes\u00fas del Gran Poder Direcci\u00f3n:\u00a0 Calle Nuestra Se\u00f1ora del Carmen, 19. 41701-DOS HERMANAS (Sevilla) Tel\u00e9fono: \u00a0955622806 FAX:\u00a0955622812 E-mail:\u00a041701857.edu@juntadeandalucia.es Horarios De lunes a viernes, de 8:00 a 14:30.&#46;&#46;&#46;<\/p>\n","protected":false},"author":1,"featured_media":0,"parent":0,"menu_order":0,"comment_status":"open","ping_status":"open","template":"","meta":{"ngg_post_thumbnail":0,"footnotes":"","_mc_calendar":[]},"aioseo_notices":[],"_links":{"self":[{"href":"https:\/\/blogsaverroes.juntadeandalucia.es\/iesgranpoder\/wp-json\/wp\/v2\/pages\/35"}],"collection":[{"href":"https:\/\/blogsaverroes.juntadeandalucia.es\/iesgranpoder\/wp-json\/wp\/v2\/pages"}],"about":[{"href":"https:\/\/blogsaverroes.juntadeandalucia.es\/iesgranpoder\/wp-json\/wp\/v2\/types\/page"}],"author":[{"embeddable":true,"href":"https:\/\/blogsaverroes.juntadeandalucia.es\/iesgranpoder\/wp-json\/wp\/v2\/users\/1"}],"replies":[{"embeddable":true,"href":"https:\/\/blogsaverroes.juntadeandalucia.es\/iesgranpoder\/wp-json\/wp\/v2\/comments?post=35"}],"version-history":[{"count":19,"href":"https:\/\/blogsaverroes.juntadeandalucia.es\/iesgranpoder\/wp-json\/wp\/v2\/pages\/35\/revisions"}],"predecessor-version":[{"id":2307,"href":"https:\/\/blogsaverroes.juntadeandalucia.es\/iesgranpoder\/wp-json\/wp\/v2\/pages\/35\/revisions\/2307"}],"wp:attachment":[{"href":"https:\/\/blogsaverroes.juntadeandalucia.es\/iesgranpoder\/wp-json\/wp\/v2\/media?parent=35"}],"curies":[{"name":"wp","href":"https:\/\/api.w.org\/{rel}","templated":true}]}}