{"id":353,"date":"2015-03-18T10:22:24","date_gmt":"2015-03-18T10:22:24","guid":{"rendered":"http:\/\/blogsaverroes.juntadeandalucia.es\/pre\/ceip\/?page_id=353"},"modified":"2019-11-07T13:02:56","modified_gmt":"2019-11-07T12:02:56","slug":"materiales-recursos","status":"publish","type":"page","link":"https:\/\/blogsaverroes.juntadeandalucia.es\/iesgranpoder\/educacion-fisica\/materiales-recursos\/","title":{"rendered":"Materiales, recursos&#8230;"},"content":{"rendered":"<h1>CRITERIOS DE EVALUACI\u00d3N<\/h1>\n<p><a href=\"https:\/\/blogsaverroes.juntadeandalucia.es\/iesgranpoder\/files\/2019\/11\/CRITERIOS-E.F.pdf\">https:\/\/blogsaverroes.juntadeandalucia.es\/iesgranpoder\/files\/2019\/11\/CRITERIOS-E.F.pdf<\/a><\/p>\n<h4>&nbsp;<\/h4>\n<h4 style=\"text-align: left\"><a href=\"http:\/\/agrega.juntadeandalucia.es\/visualizar\/es\/es_2009071012_7280072\/false\" target=\"_blank\" rel=\"noopener noreferrer\">Problemas m\u00fasculo-esquel\u00e9ticos<\/a><\/h4>\n<p><a href=\"http:\/\/agrega.juntadeandalucia.es\/visualizar\/es\/es_2009071012_7280072\/false\" target=\"_blank\" rel=\"noopener noreferrer\"><img loading=\"lazy\" decoding=\"async\" class=\" size-medium wp-image-2054 alignleft\" src=\"http:\/\/blogsaverroes.juntadeandalucia.es\/iesgranpoder\/files\/2015\/03\/educacion_fisica01-300x225.jpg\" alt=\"educacion_fisica01\" width=\"300\" height=\"225\"><\/a><\/p>\n<p>&nbsp;<\/p>\n<p>&nbsp;<\/p>\n<p>&nbsp;<\/p>\n<p>&nbsp;<\/p>\n<p>&nbsp;<\/p>\n<p>&nbsp;<\/p>\n<p>El objeto de aprendizaje deber\u00e1 dar a conocer al usuario los problemas musculo-esquel\u00e9ticos m\u00e1s comunes en la adolescencia, sus causas y conductas para prevenirlos.<\/p>\n<p>&nbsp;<\/p>\n<h4><a href=\"http:\/\/agrega.juntadeandalucia.es\/visualizar\/es\/es_2009071012_7280072\/false\" target=\"_blank\" rel=\"noopener noreferrer\">Atracci\u00f3n por el riesgo<\/a><\/h4>\n<p><a href=\"http:\/\/agrega.juntadeandalucia.es\/visualizar\/es\/es_2009071012_7280072\/false\" target=\"_blank\" rel=\"noopener noreferrer\"><img loading=\"lazy\" decoding=\"async\" class=\" size-medium wp-image-2062 alignleft\" src=\"http:\/\/blogsaverroes.juntadeandalucia.es\/iesgranpoder\/files\/2015\/03\/educacion_fisica02-300x225.jpg\" alt=\"educacion_fisica02\" width=\"300\" height=\"225\"><\/a><\/p>\n<p>&nbsp;<\/p>\n<p>&nbsp;<\/p>\n<p>&nbsp;<\/p>\n<p>&nbsp;<\/p>\n<p>&nbsp;<\/p>\n<p>&nbsp;<\/p>\n<p>A lo largo de este OA se analizan diferentes situaciones en las que la juventud cruza la l\u00ednea y pone en riesgo su vida y la de los dem\u00e1s. \u00bfRealmente se disfruta buscando el riesgo?<\/p>\n","protected":false},"excerpt":{"rendered":"<p>CRITERIOS DE EVALUACI\u00d3N https:\/\/blogsaverroes.juntadeandalucia.es\/iesgranpoder\/files\/2019\/11\/CRITERIOS-E.F.pdf &nbsp; Problemas m\u00fasculo-esquel\u00e9ticos &nbsp; &nbsp; &nbsp; &nbsp; &nbsp; &nbsp; El objeto de aprendizaje deber\u00e1 dar a conocer al usuario los problemas musculo-esquel\u00e9ticos m\u00e1s comunes en la adolescencia, sus causas y&#46;&#46;&#46;<\/p>\n","protected":false},"author":1,"featured_media":0,"parent":176,"menu_order":0,"comment_status":"open","ping_status":"open","template":"page-templates\/child-menu.php","meta":{"ngg_post_thumbnail":0,"footnotes":"","_mc_calendar":[]},"aioseo_notices":[],"_links":{"self":[{"href":"https:\/\/blogsaverroes.juntadeandalucia.es\/iesgranpoder\/wp-json\/wp\/v2\/pages\/353"}],"collection":[{"href":"https:\/\/blogsaverroes.juntadeandalucia.es\/iesgranpoder\/wp-json\/wp\/v2\/pages"}],"about":[{"href":"https:\/\/blogsaverroes.juntadeandalucia.es\/iesgranpoder\/wp-json\/wp\/v2\/types\/page"}],"author":[{"embeddable":true,"href":"https:\/\/blogsaverroes.juntadeandalucia.es\/iesgranpoder\/wp-json\/wp\/v2\/users\/1"}],"replies":[{"embeddable":true,"href":"https:\/\/blogsaverroes.juntadeandalucia.es\/iesgranpoder\/wp-json\/wp\/v2\/comments?post=353"}],"version-history":[{"count":13,"href":"https:\/\/blogsaverroes.juntadeandalucia.es\/iesgranpoder\/wp-json\/wp\/v2\/pages\/353\/revisions"}],"predecessor-version":[{"id":3244,"href":"https:\/\/blogsaverroes.juntadeandalucia.es\/iesgranpoder\/wp-json\/wp\/v2\/pages\/353\/revisions\/3244"}],"up":[{"embeddable":true,"href":"https:\/\/blogsaverroes.juntadeandalucia.es\/iesgranpoder\/wp-json\/wp\/v2\/pages\/176"}],"wp:attachment":[{"href":"https:\/\/blogsaverroes.juntadeandalucia.es\/iesgranpoder\/wp-json\/wp\/v2\/media?parent=353"}],"curies":[{"name":"wp","href":"https:\/\/api.w.org\/{rel}","templated":true}]}}