{"id":3912,"date":"2022-02-14T20:07:13","date_gmt":"2022-02-14T19:07:13","guid":{"rendered":"https:\/\/blogsaverroes.juntadeandalucia.es\/iesgranpoder\/?page_id=3912"},"modified":"2022-06-06T11:35:45","modified_gmt":"2022-06-06T09:35:45","slug":"orientacion-3","status":"publish","type":"page","link":"https:\/\/blogsaverroes.juntadeandalucia.es\/iesgranpoder\/orientacion-3\/","title":{"rendered":"ORIENTACI\u00d3N"},"content":{"rendered":"<p><strong><a href=\"https:\/\/www.elorienta.com\/movil\/?yafxb=76112\" target=\"_blank\" rel=\"noopener noreferrer\">WEB DE ANDALUC\u00cdA ORIENTA<\/a><\/strong><\/p>\n<p>Materiales y recursos del departamento de Orientaci\u00f3n.<\/p>\n<p><a href=\"https:\/\/blogsaverroes.juntadeandalucia.es\/iesgranpoder\/files\/2022\/06\/OAP-3\u00ba-ESO-IES-JDGP.pptx\">OAP 3\u00ba ESO IES JDGP<\/a><\/p>\n<p><a href=\"https:\/\/view.genial.ly\/608c20de350f0b0d0a8ee693\/interactive-content-recopilatorio-geniallys\">https:\/\/view.genial.ly\/608c20de350f0b0d0a8ee693\/interactive-content-recopilatorio-geniallys<\/a><\/p>\n<p>MODELOS DE PRUEBAS DE ACCESO A CICLO MEDIO:<\/p>\n<ol>\n<li>\u00c1MBITO CIENT\u00cdFICO-TECNOL\u00d3GICO<\/li>\n<\/ol>\n<p><a href=\"https:\/\/blogsaverroes.juntadeandalucia.es\/iesgranpoder\/files\/2022\/04\/OR_GM_CT-1.pdf\">OR_GM_CT<\/a> <a href=\"https:\/\/blogsaverroes.juntadeandalucia.es\/iesgranpoder\/files\/2022\/04\/CIENT-T\u00c9CNO-MODELOS-1.pdf\">CIENT-T\u00c9CNO MODELOS<\/a> <a href=\"https:\/\/blogsaverroes.juntadeandalucia.es\/iesgranpoder\/files\/2022\/04\/CIENT-T\u00c9CNO-MODELO-1-1.pdf\">CIENT-T\u00c9CNO MODELO 1<\/a> <a href=\"https:\/\/blogsaverroes.juntadeandalucia.es\/iesgranpoder\/files\/2022\/04\/2017-CT_GM_sept_17-1.pdf\">2017 CT_GM_sept_17<\/a> <a href=\"https:\/\/blogsaverroes.juntadeandalucia.es\/iesgranpoder\/files\/2022\/04\/2017-CT_GM_junio_17-1.pdf\">2017 CT_GM_junio_17<\/a> <a href=\"https:\/\/blogsaverroes.juntadeandalucia.es\/iesgranpoder\/files\/2022\/04\/2015_SEPT_GM_CT-1.pdf\">2015_SEPT_GM_CT<\/a> <a href=\"https:\/\/blogsaverroes.juntadeandalucia.es\/iesgranpoder\/files\/2022\/04\/2015_JUNIO_GM_CT-1.pdf\">2015_JUNIO_GM_CT<\/a> <a href=\"https:\/\/blogsaverroes.juntadeandalucia.es\/iesgranpoder\/files\/2022\/04\/2014_SEPTIEMBRE_GM_CT-1.pdf\">2014_SEPTIEMBRE_GM_CT<\/a> <a href=\"https:\/\/blogsaverroes.juntadeandalucia.es\/iesgranpoder\/files\/2022\/04\/2014_JUNIO_GM_CT-1.pdf\">2014_JUNIO_GM_CT<\/a> <a href=\"https:\/\/blogsaverroes.juntadeandalucia.es\/iesgranpoder\/files\/2022\/04\/2013_SEPTIEMBRE_GM_CT-1.pdf\">2013_SEPTIEMBRE_GM_CT<\/a> <a href=\"https:\/\/blogsaverroes.juntadeandalucia.es\/iesgranpoder\/files\/2022\/04\/2013_JUNIO_GM_CT-1.pdf\">2013_JUNIO_GM_CT<\/a> <a href=\"https:\/\/blogsaverroes.juntadeandalucia.es\/iesgranpoder\/files\/2022\/04\/2012_SEPTIEMBRE_GM_CT-1.pdf\">2012_SEPTIEMBRE_GM_CT<\/a> <a href=\"https:\/\/blogsaverroes.juntadeandalucia.es\/iesgranpoder\/files\/2022\/04\/2012_JUNIO_GM_CT-1.pdf\">2012_JUNIO_GM_CT<\/a> <a href=\"https:\/\/blogsaverroes.juntadeandalucia.es\/iesgranpoder\/files\/2022\/04\/2011_SEPTIEMBRE_GM_CT-1.pdf\">2011_SEPTIEMBRE_GM_CT<\/a> <a href=\"https:\/\/blogsaverroes.juntadeandalucia.es\/iesgranpoder\/files\/2022\/04\/2011_JUNIO_GM_CT-1.pdf\">2011_JUNIO_GM_CT<\/a> <a href=\"https:\/\/blogsaverroes.juntadeandalucia.es\/iesgranpoder\/files\/2022\/04\/2010_SEPTIEMBRE_GM_CT-1.pdf\">2010_SEPTIEMBRE_GM_CT<\/a> <a href=\"https:\/\/blogsaverroes.juntadeandalucia.es\/iesgranpoder\/files\/2022\/04\/2010_JUNIO_GM_CT-1.pdf\">2010_JUNIO_GM_CT<\/a> <a href=\"https:\/\/blogsaverroes.juntadeandalucia.es\/iesgranpoder\/files\/2022\/04\/2009_SEPTIEMBRE_GM_CT-1.pdf\">2009_SEPTIEMBRE_GM_CT<\/a> <a href=\"https:\/\/blogsaverroes.juntadeandalucia.es\/iesgranpoder\/files\/2022\/04\/2009_JUNIO_GM_CT-1.pdf\">2009_JUNIO_GM_CT<\/a> <a href=\"https:\/\/blogsaverroes.juntadeandalucia.es\/iesgranpoder\/files\/2022\/04\/4_CT_GM_septiembre_19-1.pdf\">4_CT_GM_septiembre_19<\/a> <a href=\"https:\/\/blogsaverroes.juntadeandalucia.es\/iesgranpoder\/files\/2022\/04\/4_CT_GM_septiembre_18-1.pdf\">4_CT_GM_septiembre_18<\/a> <a href=\"https:\/\/blogsaverroes.juntadeandalucia.es\/iesgranpoder\/files\/2022\/04\/4_CT_GM_junio_21-1-1.pdf\">4_CT_GM_junio_21 (1)<\/a> <a href=\"https:\/\/blogsaverroes.juntadeandalucia.es\/iesgranpoder\/files\/2022\/04\/4_CT_GM_junio_19-1.pdf\">4_CT_GM_junio_19<\/a> <a href=\"https:\/\/blogsaverroes.juntadeandalucia.es\/iesgranpoder\/files\/2022\/04\/4_CT_GM_junio_18-1.pdf\">4_CT_GM_junio_18<\/a> <a href=\"https:\/\/blogsaverroes.juntadeandalucia.es\/iesgranpoder\/files\/2022\/04\/OR_GM_CT-copia.pdf\">OR_GM_CT &#8211; copia<\/a> <a href=\"https:\/\/blogsaverroes.juntadeandalucia.es\/iesgranpoder\/files\/2022\/04\/CIENT-T\u00c9CNO-MODELOS-copia.pdf\">CIENT-T\u00c9CNO MODELOS &#8211; copia<\/a> <a href=\"https:\/\/blogsaverroes.juntadeandalucia.es\/iesgranpoder\/files\/2022\/04\/CIENT-T\u00c9CNO-MODELO-1-copia.pdf\">CIENT-T\u00c9CNO MODELO 1 &#8211; copia<\/a> <a href=\"https:\/\/blogsaverroes.juntadeandalucia.es\/iesgranpoder\/files\/2022\/04\/2017-CT_GM_sept_17-copia.pdf\">2017 CT_GM_sept_17 &#8211; copia<\/a> <a href=\"https:\/\/blogsaverroes.juntadeandalucia.es\/iesgranpoder\/files\/2022\/04\/2017-CT_GM_junio_17-copia.pdf\">2017 CT_GM_junio_17 &#8211; copia<\/a> <a href=\"https:\/\/blogsaverroes.juntadeandalucia.es\/iesgranpoder\/files\/2022\/04\/2015_SEPT_GM_CT-copia.pdf\">2015_SEPT_GM_CT &#8211; copia<\/a> <a href=\"https:\/\/blogsaverroes.juntadeandalucia.es\/iesgranpoder\/files\/2022\/04\/2015_JUNIO_GM_CT-copia.pdf\">2015_JUNIO_GM_CT &#8211; copia<\/a> <a href=\"https:\/\/blogsaverroes.juntadeandalucia.es\/iesgranpoder\/files\/2022\/04\/2011_SEPTIEMBRE_GM_CT-copia.pdf\">2011_SEPTIEMBRE_GM_CT &#8211; copia<\/a><\/p>\n<p><a href=\"https:\/\/blogsaverroes.juntadeandalucia.es\/iesgranpoder\/files\/2022\/02\/SALIDAS-SIN-T\u00cdTULO-.docx.pdf\">SALIDAS SIN T\u00cdTULO .docx<\/a><\/p>\n<p><a href=\"https:\/\/blogsaverroes.juntadeandalucia.es\/iesgranpoder\/files\/2022\/02\/Ponderaci\u00f3n-Andalucia.pdf\">Ponderaci\u00f3n Andalucia<\/a><\/p>\n<p><a href=\"https:\/\/blogsaverroes.juntadeandalucia.es\/iesgranpoder\/files\/2022\/02\/Orienta-desde-tu-asignatura.pdf\">Orienta desde tu asignatura<\/a><\/p>\n<p><a href=\"https:\/\/blogsaverroes.juntadeandalucia.es\/iesgranpoder\/files\/2022\/02\/OAP-4\u00ba-ESO-IES-JDGP-2.pptx.pdf\">OAP 4\u00ba ESO IES JDGP 2.pptx<\/a><\/p>\n<p><a href=\"https:\/\/blogsaverroes.juntadeandalucia.es\/iesgranpoder\/files\/2022\/02\/Notas-de-corte-Sevilla4.pdf\">Notas de corte Sevilla4<\/a><\/p>\n<p><a href=\"https:\/\/blogsaverroes.juntadeandalucia.es\/iesgranpoder\/files\/2022\/02\/guia_orientaci\u00f3n-acad\u00e9mica-y-profesional_2021_.pdf\">guia_orientaci\u00f3n acad\u00e9mica y profesional_2021_<\/a><\/p>\n<p><a href=\"https:\/\/blogsaverroes.juntadeandalucia.es\/iesgranpoder\/files\/2022\/02\/Guia_Estudios_Oficiales_Sevilla_con_Suplemento_2021-22-comprimido.pdf\">Guia_Estudios_Oficiales_Sevilla_con_Suplemento_2021-22-comprimido<\/a><\/p>\n<p><a href=\"https:\/\/blogsaverroes.juntadeandalucia.es\/iesgranpoder\/files\/2022\/02\/EESS_DANZA_MUSICA_AD_2022.pdf\">EESS_DANZA_MUSICA_AD_2022<\/a><\/p>\n<p><a href=\"https:\/\/blogsaverroes.juntadeandalucia.es\/iesgranpoder\/files\/2022\/02\/EEAASS_ANDALUCIA_2022.pdf\">EEAASS_ANDALUCIA_2022<\/a><\/p>\n<p><a href=\"https:\/\/blogsaverroes.juntadeandalucia.es\/iesgranpoder\/files\/2022\/02\/Cupos_OCGMv30062021.pdf\">Cupos_OCGM(v30062021)<\/a><\/p>\n<p><a href=\"https:\/\/blogsaverroes.juntadeandalucia.es\/iesgranpoder\/files\/2022\/02\/Bachilleratos-relacionados-y-opci\u00f3n-de-la-prueba-de-acceso.pdf\">Bachilleratos relacionados y opci\u00f3n de la prueba de acceso<\/a><\/p>\n<p><a href=\"https:\/\/blogsaverroes.juntadeandalucia.es\/iesgranpoder\/files\/2022\/02\/ANEXO_J_OFERTA_EDRE.pdf\">ANEXO_J_OFERTA_EDRE<\/a><\/p>\n<p><span style=\"font-weight: 400\">ENLACES&nbsp; DE INTER\u00c9S:<\/span><\/p>\n<p><span style=\"font-weight: 400\">DISTRITO \u00daNICO ANDALUZ:<\/span><\/p>\n<p><a href=\"https:\/\/www.juntadeandalucia.es\/economiaconocimientoempresasyuniversidad\/sguit\/\"><span style=\"font-weight: 400\">https:\/\/www.juntadeandalucia.es\/economiaconocimientoempresasyuniversidad\/sguit\/<\/span><\/a><\/p>\n<p><a href=\"https:\/\/www.juntadeandalucia.es\/economiaconocimientoempresasyuniversidad\/sguit\/?q=grados\"><span style=\"font-weight: 400\">https:\/\/www.juntadeandalucia.es\/economiaconocimientoempresasyuniversidad\/sguit\/?q=grados<\/span><\/a><\/p>\n<p><span style=\"font-weight: 400\">FORMACI\u00d3N PROFESIONAL:<\/span><\/p>\n<p><a href=\"https:\/\/www.juntadeandalucia.es\/educacion\/portals\/web\/formacion-profesional-andaluza\/quiero-formarme\/ensenanzas\/fp-grado-medio\/catalogo\"><span style=\"font-weight: 400\">https:\/\/www.juntadeandalucia.es\/educacion\/portals\/web\/formacion-profesional-andaluza\/quiero-formarme\/ensenanzas\/fp-grado-medio\/catalogo<\/span><\/a><\/p>\n<p><a href=\"https:\/\/www.juntadeandalucia.es\/educacion\/portals\/web\/formacion-profesional-andaluza\/quiero-formarme\/ensenanzas\/fp-grado-superior\/catalogo\"><span style=\"font-weight: 400\">https:\/\/www.juntadeandalucia.es\/educacion\/portals\/web\/formacion-profesional-andaluza\/quiero-formarme\/ensenanzas\/fp-grado-superior\/catalogo<\/span><\/a><\/p>\n<p><a href=\"https:\/\/www.juntadeandalucia.es\/educacion\/portals\/delegate\/content\/dccf7312-20fa-4de5-8c04-5d277c647668\"><span style=\"font-weight: 400\">https:\/\/www.juntadeandalucia.es\/educacion\/portals\/delegate\/content\/dccf7312-20fa-4de5-8c04-5d277c647668<\/span><\/a><\/p>\n<p>&nbsp;<\/p>\n<p><span style=\"font-weight: 400\">OFERTA EDUCATIVA CFGM\/CFGS&nbsp; Y NOTAS DE CORTE FP:&nbsp;&nbsp;<\/span><\/p>\n<p><a href=\"https:\/\/www.juntadeandalucia.es\/educacion\/secretariavirtual\/consulta\/oferta-educativa-formacion-profesional\/\"><span style=\"font-weight: 400\">https:\/\/www.juntadeandalucia.es\/educacion\/secretariavirtual\/consulta\/oferta-educativa-formacion-profesional\/<\/span><\/a><\/p>\n<p><span style=\"font-weight: 400\">OFERTA EDUCATIVA FPB<\/span><\/p>\n<p><a href=\"https:\/\/www.juntadeandalucia.es\/educacion\/secretariavirtual\/consulta\/oferta-educativa-formacion-profesional-basica\/\"><span style=\"font-weight: 400\">https:\/\/www.juntadeandalucia.es\/educacion\/secretariavirtual\/consulta\/oferta-educativa-formacion-profesional-basica\/<\/span><\/a><\/p>\n<p>&nbsp;<\/p>\n","protected":false},"excerpt":{"rendered":"<p>WEB DE ANDALUC\u00cdA ORIENTA Materiales y recursos del departamento de Orientaci\u00f3n. OAP 3\u00ba ESO IES JDGP https:\/\/view.genial.ly\/608c20de350f0b0d0a8ee693\/interactive-content-recopilatorio-geniallys MODELOS DE PRUEBAS DE ACCESO A CICLO MEDIO: \u00c1MBITO CIENT\u00cdFICO-TECNOL\u00d3GICO OR_GM_CT CIENT-T\u00c9CNO MODELOS CIENT-T\u00c9CNO MODELO 1 2017&#46;&#46;&#46;<\/p>\n","protected":false},"author":2171,"featured_media":0,"parent":0,"menu_order":0,"comment_status":"closed","ping_status":"closed","template":"","meta":{"ngg_post_thumbnail":0,"footnotes":"","_mc_calendar":[]},"aioseo_notices":[],"_links":{"self":[{"href":"https:\/\/blogsaverroes.juntadeandalucia.es\/iesgranpoder\/wp-json\/wp\/v2\/pages\/3912"}],"collection":[{"href":"https:\/\/blogsaverroes.juntadeandalucia.es\/iesgranpoder\/wp-json\/wp\/v2\/pages"}],"about":[{"href":"https:\/\/blogsaverroes.juntadeandalucia.es\/iesgranpoder\/wp-json\/wp\/v2\/types\/page"}],"author":[{"embeddable":true,"href":"https:\/\/blogsaverroes.juntadeandalucia.es\/iesgranpoder\/wp-json\/wp\/v2\/users\/2171"}],"replies":[{"embeddable":true,"href":"https:\/\/blogsaverroes.juntadeandalucia.es\/iesgranpoder\/wp-json\/wp\/v2\/comments?post=3912"}],"version-history":[{"count":5,"href":"https:\/\/blogsaverroes.juntadeandalucia.es\/iesgranpoder\/wp-json\/wp\/v2\/pages\/3912\/revisions"}],"predecessor-version":[{"id":4038,"href":"https:\/\/blogsaverroes.juntadeandalucia.es\/iesgranpoder\/wp-json\/wp\/v2\/pages\/3912\/revisions\/4038"}],"wp:attachment":[{"href":"https:\/\/blogsaverroes.juntadeandalucia.es\/iesgranpoder\/wp-json\/wp\/v2\/media?parent=3912"}],"curies":[{"name":"wp","href":"https:\/\/api.w.org\/{rel}","templated":true}]}}