{"id":42,"date":"2015-03-13T08:40:47","date_gmt":"2015-03-13T08:40:47","guid":{"rendered":"http:\/\/blogsaverroes.juntadeandalucia.es\/pre\/ceip\/?page_id=42"},"modified":"2018-10-01T19:55:36","modified_gmt":"2018-10-01T17:55:36","slug":"equipo-directivo","status":"publish","type":"page","link":"https:\/\/blogsaverroes.juntadeandalucia.es\/iesgranpoder\/equipo-directivo\/","title":{"rendered":"Equipo directivo"},"content":{"rendered":"<p>&nbsp;<\/p>\n<table style=\"height: 92px\" width=\"641\">\n<tbody>\n<tr>\n<td style=\"text-align: left\"><strong>Direcci\u00f3n: &nbsp; &nbsp; &nbsp; &nbsp; &nbsp; &nbsp;<\/strong><\/td>\n<td style=\"text-align: left\">D\u00f1a. Consolaci\u00f3n Su\u00e1rez Mu\u00f1oz<\/td>\n<\/tr>\n<tr>\n<td style=\"text-align: left\"><strong>Jefatura de estudios:&nbsp;<\/strong><\/td>\n<td style=\"text-align: left\">D\u00f1a. \u00c1ngeles Perea Ortega<\/td>\n<\/tr>\n<tr>\n<td style=\"text-align: left\"><strong>Secretar\u00eda: &nbsp; &nbsp; <\/strong><\/td>\n<td style=\"text-align: left\">D\u00aa. Mar\u00eda Isabel Fuentes S\u00e1nchez<\/td>\n<\/tr>\n<\/tbody>\n<\/table>\n<p><strong>&nbsp; &nbsp; &nbsp; &nbsp; &nbsp; &nbsp; &nbsp;<\/strong><\/p>\n","protected":false},"excerpt":{"rendered":"<p>&nbsp; Direcci\u00f3n: &nbsp; &nbsp; &nbsp; &nbsp; &nbsp; &nbsp; D\u00f1a. Consolaci\u00f3n Su\u00e1rez Mu\u00f1oz Jefatura de estudios:&nbsp; D\u00f1a. \u00c1ngeles Perea Ortega Secretar\u00eda: &nbsp; &nbsp; D\u00aa. Mar\u00eda Isabel Fuentes S\u00e1nchez &nbsp; &nbsp; &nbsp; &nbsp; &nbsp; &nbsp; &nbsp;<\/p>\n","protected":false},"author":1,"featured_media":0,"parent":0,"menu_order":0,"comment_status":"open","ping_status":"open","template":"page-templates\/child-menu.php","meta":{"ngg_post_thumbnail":0,"footnotes":"","_mc_calendar":[]},"aioseo_notices":[],"_links":{"self":[{"href":"https:\/\/blogsaverroes.juntadeandalucia.es\/iesgranpoder\/wp-json\/wp\/v2\/pages\/42"}],"collection":[{"href":"https:\/\/blogsaverroes.juntadeandalucia.es\/iesgranpoder\/wp-json\/wp\/v2\/pages"}],"about":[{"href":"https:\/\/blogsaverroes.juntadeandalucia.es\/iesgranpoder\/wp-json\/wp\/v2\/types\/page"}],"author":[{"embeddable":true,"href":"https:\/\/blogsaverroes.juntadeandalucia.es\/iesgranpoder\/wp-json\/wp\/v2\/users\/1"}],"replies":[{"embeddable":true,"href":"https:\/\/blogsaverroes.juntadeandalucia.es\/iesgranpoder\/wp-json\/wp\/v2\/comments?post=42"}],"version-history":[{"count":12,"href":"https:\/\/blogsaverroes.juntadeandalucia.es\/iesgranpoder\/wp-json\/wp\/v2\/pages\/42\/revisions"}],"predecessor-version":[{"id":2953,"href":"https:\/\/blogsaverroes.juntadeandalucia.es\/iesgranpoder\/wp-json\/wp\/v2\/pages\/42\/revisions\/2953"}],"wp:attachment":[{"href":"https:\/\/blogsaverroes.juntadeandalucia.es\/iesgranpoder\/wp-json\/wp\/v2\/media?parent=42"}],"curies":[{"name":"wp","href":"https:\/\/api.w.org\/{rel}","templated":true}]}}