{"id":4354,"date":"2024-07-12T11:50:43","date_gmt":"2024-07-12T09:50:43","guid":{"rendered":"https:\/\/blogsaverroes.juntadeandalucia.es\/iesgranpoder\/?page_id=4354"},"modified":"2025-07-21T10:21:08","modified_gmt":"2025-07-21T08:21:08","slug":"libros-de-texto","status":"publish","type":"page","link":"https:\/\/blogsaverroes.juntadeandalucia.es\/iesgranpoder\/libros-de-texto\/","title":{"rendered":"LIBROS DE TEXTO"},"content":{"rendered":"<p>A continuaci\u00f3n le indicamos la lista de los libros de texto del Programa de Gratuidad de Libros de Texto (PGLT) a modo informativo, ya que en ESO recibir\u00e1n en septiembre a trav\u00e9s de PASEN el correspondiente chequelibro para adquirirlos en la papeler\u00eda o establecimiento comercial.<\/p>\n<p><a href=\"https:\/\/blogsaverroes.juntadeandalucia.es\/iesgranpoder\/files\/2025\/07\/LIBROS-PGLT-25-26.pdf\" target=\"_blank\" rel=\"noopener\">LIBROS PGLT 25-26<\/a><\/p>\n","protected":false},"excerpt":{"rendered":"<p>A continuaci\u00f3n le indicamos la lista de los libros de texto del Programa de Gratuidad de Libros de Texto (PGLT) a modo informativo, ya que en ESO recibir\u00e1n en septiembre a trav\u00e9s de PASEN&#46;&#46;&#46;<\/p>\n","protected":false},"author":2171,"featured_media":3475,"parent":0,"menu_order":0,"comment_status":"closed","ping_status":"closed","template":"","meta":{"ngg_post_thumbnail":0,"footnotes":"","_mc_calendar":[]},"aioseo_notices":[],"_links":{"self":[{"href":"https:\/\/blogsaverroes.juntadeandalucia.es\/iesgranpoder\/wp-json\/wp\/v2\/pages\/4354"}],"collection":[{"href":"https:\/\/blogsaverroes.juntadeandalucia.es\/iesgranpoder\/wp-json\/wp\/v2\/pages"}],"about":[{"href":"https:\/\/blogsaverroes.juntadeandalucia.es\/iesgranpoder\/wp-json\/wp\/v2\/types\/page"}],"author":[{"embeddable":true,"href":"https:\/\/blogsaverroes.juntadeandalucia.es\/iesgranpoder\/wp-json\/wp\/v2\/users\/2171"}],"replies":[{"embeddable":true,"href":"https:\/\/blogsaverroes.juntadeandalucia.es\/iesgranpoder\/wp-json\/wp\/v2\/comments?post=4354"}],"version-history":[{"count":7,"href":"https:\/\/blogsaverroes.juntadeandalucia.es\/iesgranpoder\/wp-json\/wp\/v2\/pages\/4354\/revisions"}],"predecessor-version":[{"id":4530,"href":"https:\/\/blogsaverroes.juntadeandalucia.es\/iesgranpoder\/wp-json\/wp\/v2\/pages\/4354\/revisions\/4530"}],"wp:featuredmedia":[{"embeddable":true,"href":"https:\/\/blogsaverroes.juntadeandalucia.es\/iesgranpoder\/wp-json\/wp\/v2\/media\/3475"}],"wp:attachment":[{"href":"https:\/\/blogsaverroes.juntadeandalucia.es\/iesgranpoder\/wp-json\/wp\/v2\/media?parent=4354"}],"curies":[{"name":"wp","href":"https:\/\/api.w.org\/{rel}","templated":true}]}}