{"id":4407,"date":"2024-11-14T13:18:55","date_gmt":"2024-11-14T12:18:55","guid":{"rendered":"https:\/\/blogsaverroes.juntadeandalucia.es\/iesgranpoder\/?page_id=4407"},"modified":"2024-11-14T13:18:55","modified_gmt":"2024-11-14T12:18:55","slug":"3o-eso-2","status":"publish","type":"page","link":"https:\/\/blogsaverroes.juntadeandalucia.es\/iesgranpoder\/3o-eso-2\/","title":{"rendered":"3\u00ba ESO"},"content":{"rendered":"<p>CRITERIOS DE EVALUACI\u00d3N<\/p>\n<p><a href=\"https:\/\/blogsaverroes.juntadeandalucia.es\/iesgranpoder\/files\/2024\/11\/3o-ESO-ASL.-CRITERIOS-DE-EVALUACION.pdf\" target=\"_blank\" rel=\"noopener\">3\u00ba ESO \u00c1mbito socioling\u00fc\u00edstico<\/a><\/p>\n<p><a href=\"https:\/\/blogsaverroes.juntadeandalucia.es\/iesgranpoder\/files\/2024\/11\/Crite_MAT_3ESO-1.pdf\" target=\"_blank\" rel=\"noopener\">Crite_MAT_3ESO <\/a><\/p>\n<p><a href=\"https:\/\/blogsaverroes.juntadeandalucia.es\/iesgranpoder\/files\/2024\/11\/Crite_MAT_3ESO-PDC-2.pdf\" target=\"_blank\" rel=\"noopener\">Crite_\u00c1mbito cient\u00edfico tecnol\u00f3gico<\/a><\/p>\n<p><a href=\"https:\/\/blogsaverroes.juntadeandalucia.es\/iesgranpoder\/files\/2024\/11\/PROYECTO-INTEGRADO.-CRITERIOS-EVALUACION.-3o-ESO.-1.pdf\" target=\"_blank\" rel=\"noopener\">Ingl\u00e9s: Tu pasaporte.<\/a><\/p>\n<p><a href=\"https:\/\/blogsaverroes.juntadeandalucia.es\/iesgranpoder\/files\/2024\/11\/Crit.Leng_.3o-ESO-1.pdf\" target=\"_blank\" rel=\"noopener\">Crit.Leng.3\u00ba ESO <\/a><\/p>\n<p><a href=\"https:\/\/blogsaverroes.juntadeandalucia.es\/iesgranpoder\/files\/2024\/11\/Crit.-TEC.-Y-DIG.-3oESO-1.pdf\" target=\"_blank\" rel=\"noopener\">Crit. TEC. Y DIG. 3\u00baESO <\/a><\/p>\n<p><a href=\"https:\/\/blogsaverroes.juntadeandalucia.es\/iesgranpoder\/files\/2024\/11\/Crit.-GeH-3o-ESO-1.pdf\" target=\"_blank\" rel=\"noopener\">Crit. GeH 3\u00ba ESO <\/a><\/p>\n<p><a href=\"https:\/\/blogsaverroes.juntadeandalucia.es\/iesgranpoder\/files\/2024\/11\/Crit.-FYQ-3o-ESO-1.pdf\" target=\"_blank\" rel=\"noopener\">Crit. FYQ 3\u00ba ESO <\/a><\/p>\n<p><a href=\"https:\/\/blogsaverroes.juntadeandalucia.es\/iesgranpoder\/files\/2024\/11\/Crit.-BYG-3o-ESO-1.pdf\" target=\"_blank\" rel=\"noopener\">Crit. BYG 3\u00ba ESO <\/a><\/p>\n<p><a href=\"https:\/\/blogsaverroes.juntadeandalucia.es\/iesgranpoder\/files\/2024\/11\/Crit.-CYR-3oESO-1.pdf\" target=\"_blank\" rel=\"noopener\">Crit. CYR 3\u00baESO <\/a><\/p>\n<p><a href=\"https:\/\/blogsaverroes.juntadeandalucia.es\/iesgranpoder\/files\/2024\/11\/3oESO.-TEMPORALIZ.-LOMLOE-EF-.docx.pdf\" target=\"_blank\" rel=\"noopener\">3\u00baESO-EF <\/a><\/p>\n<p><a href=\"https:\/\/blogsaverroes.juntadeandalucia.es\/iesgranpoder\/files\/2024\/11\/3o-ESO-EPVA-CRITERIOS-1-1.pdf\" target=\"_blank\" rel=\"noopener\">3\u00ba-ESO-EPVA<\/a><\/p>\n<p><a href=\"https:\/\/blogsaverroes.juntadeandalucia.es\/iesgranpoder\/files\/2024\/11\/3o-ESO.-FRANCES.-CRIT.-EVALUACION-1.pdf\" target=\"_blank\" rel=\"noopener\">3\u00ba ESO. FRANC\u00c9S. <\/a><\/p>\n<p><a href=\"https:\/\/blogsaverroes.juntadeandalucia.es\/iesgranpoder\/files\/2024\/11\/3o-ESO.-CRIT.-EVA.-1.pdf\" target=\"_blank\" rel=\"noopener\">3\u00ba ESO. -INGL\u00c9S<\/a><\/p>\n","protected":false},"excerpt":{"rendered":"<p>CRITERIOS DE EVALUACI\u00d3N 3\u00ba ESO \u00c1mbito socioling\u00fc\u00edstico Crite_MAT_3ESO Crite_\u00c1mbito cient\u00edfico tecnol\u00f3gico Ingl\u00e9s: Tu pasaporte. Crit.Leng.3\u00ba ESO Crit. TEC. Y DIG. 3\u00baESO Crit. GeH 3\u00ba ESO Crit. FYQ 3\u00ba ESO Crit. BYG 3\u00ba ESO Crit.&#46;&#46;&#46;<\/p>\n","protected":false},"author":2171,"featured_media":0,"parent":0,"menu_order":0,"comment_status":"closed","ping_status":"closed","template":"","meta":{"ngg_post_thumbnail":0,"footnotes":"","_mc_calendar":[]},"aioseo_notices":[],"_links":{"self":[{"href":"https:\/\/blogsaverroes.juntadeandalucia.es\/iesgranpoder\/wp-json\/wp\/v2\/pages\/4407"}],"collection":[{"href":"https:\/\/blogsaverroes.juntadeandalucia.es\/iesgranpoder\/wp-json\/wp\/v2\/pages"}],"about":[{"href":"https:\/\/blogsaverroes.juntadeandalucia.es\/iesgranpoder\/wp-json\/wp\/v2\/types\/page"}],"author":[{"embeddable":true,"href":"https:\/\/blogsaverroes.juntadeandalucia.es\/iesgranpoder\/wp-json\/wp\/v2\/users\/2171"}],"replies":[{"embeddable":true,"href":"https:\/\/blogsaverroes.juntadeandalucia.es\/iesgranpoder\/wp-json\/wp\/v2\/comments?post=4407"}],"version-history":[{"count":1,"href":"https:\/\/blogsaverroes.juntadeandalucia.es\/iesgranpoder\/wp-json\/wp\/v2\/pages\/4407\/revisions"}],"predecessor-version":[{"id":4423,"href":"https:\/\/blogsaverroes.juntadeandalucia.es\/iesgranpoder\/wp-json\/wp\/v2\/pages\/4407\/revisions\/4423"}],"wp:attachment":[{"href":"https:\/\/blogsaverroes.juntadeandalucia.es\/iesgranpoder\/wp-json\/wp\/v2\/media?parent=4407"}],"curies":[{"name":"wp","href":"https:\/\/api.w.org\/{rel}","templated":true}]}}