{"id":4424,"date":"2024-11-14T13:27:23","date_gmt":"2024-11-14T12:27:23","guid":{"rendered":"https:\/\/blogsaverroes.juntadeandalucia.es\/iesgranpoder\/?page_id=4424"},"modified":"2024-11-14T13:27:23","modified_gmt":"2024-11-14T12:27:23","slug":"4o-eso-2","status":"publish","type":"page","link":"https:\/\/blogsaverroes.juntadeandalucia.es\/iesgranpoder\/4o-eso-2\/","title":{"rendered":"4\u00ba ESO"},"content":{"rendered":"<p>CRITERIOS DE EVALUACI\u00d3N<\/p>\n<p><a href=\"https:\/\/blogsaverroes.juntadeandalucia.es\/iesgranpoder\/files\/2024\/11\/4o-ESO.-FRANCES.-CRIT.-EV.-1.pdf\" target=\"_blank\" rel=\"noopener\">4\u00ba ESO. FRANC\u00c9S. <\/a><\/p>\n<p><a href=\"https:\/\/blogsaverroes.juntadeandalucia.es\/iesgranpoder\/files\/2024\/11\/4o-ESO.-CRIT.-EVALUACION-1.pdf\" target=\"_blank\" rel=\"noopener\">4\u00ba ESO. -INGL\u00c9S<\/a><\/p>\n<p><a href=\"https:\/\/blogsaverroes.juntadeandalucia.es\/iesgranpoder\/files\/2024\/11\/4o-ESO-ALS.-CRITERIOS-DE-EVALUACION-1.pdf\" target=\"_blank\" rel=\"noopener\">4\u00ba ESO \u00c1MBITO SOCIOLING\u00dc\u00cdSTICO<\/a><\/p>\n<p><a href=\"https:\/\/blogsaverroes.juntadeandalucia.es\/iesgranpoder\/files\/2024\/11\/MUS-4o-ESO.pdf\" target=\"_blank\" rel=\"noopener\">MUS 4\u00ba ESO<\/a><\/p>\n<p><a href=\"https:\/\/blogsaverroes.juntadeandalucia.es\/iesgranpoder\/files\/2024\/11\/Criterios-latin.pdf\" target=\"_blank\" rel=\"noopener\">Criterios lat\u00edn<\/a><\/p>\n<p><a href=\"https:\/\/blogsaverroes.juntadeandalucia.es\/iesgranpoder\/files\/2024\/11\/Crite_MAT_4ESO-B-1.pdf\" target=\"_blank\" rel=\"noopener\">Crite_MAT B <\/a><\/p>\n<p><a href=\"https:\/\/blogsaverroes.juntadeandalucia.es\/iesgranpoder\/files\/2024\/11\/Crite_MAT_4ESO-A-1.pdf\" target=\"_blank\" rel=\"noopener\">Crite_MAT A <\/a><\/p>\n<p><a href=\"https:\/\/blogsaverroes.juntadeandalucia.es\/iesgranpoder\/files\/2024\/11\/Crit.Leng_.4o-ESO-1.pdf\" target=\"_blank\" rel=\"noopener\">Crit.Leng.4\u00ba ESO <\/a><\/p>\n<p><a href=\"https:\/\/blogsaverroes.juntadeandalucia.es\/iesgranpoder\/files\/2024\/11\/Crit.-TEC.-4o-ESO-1.pdf\" target=\"_blank\" rel=\"noopener\">Crit. TEC. 4\u00ba ESO <\/a><\/p>\n<p><a href=\"https:\/\/blogsaverroes.juntadeandalucia.es\/iesgranpoder\/files\/2024\/11\/Crit.-GeH-4o-ESO-1.pdf\" target=\"_blank\" rel=\"noopener\">Crit. GeH 4\u00ba ESO <\/a><\/p>\n<p><a href=\"https:\/\/blogsaverroes.juntadeandalucia.es\/iesgranpoder\/files\/2024\/11\/Crit.-FYQ-4o-ESO-1.pdf\" target=\"_blank\" rel=\"noopener\">Crit. FYQ 4\u00ba ESO <\/a><\/p>\n<p><a href=\"https:\/\/blogsaverroes.juntadeandalucia.es\/iesgranpoder\/files\/2024\/11\/Crit.-DIGIT.-4o-ESO-1.pdf\" target=\"_blank\" rel=\"noopener\">Crit. DIGIT. 4\u00ba ESO <\/a><\/p>\n<p><a href=\"https:\/\/blogsaverroes.juntadeandalucia.es\/iesgranpoder\/files\/2024\/11\/Crit.-BYG-4o-ESO-1.pdf\" target=\"_blank\" rel=\"noopener\">Crit. BYG 4\u00ba ESO <\/a><\/p>\n<p><a href=\"https:\/\/blogsaverroes.juntadeandalucia.es\/iesgranpoder\/files\/2024\/11\/Crit.-CC-4o-ESO-1.pdf\" target=\"_blank\" rel=\"noopener\">Crit. CULTURA CIENT\u00cdFICA 4\u00ba ESO<\/a><\/p>\n<p><a href=\"https:\/\/blogsaverroes.juntadeandalucia.es\/iesgranpoder\/files\/2024\/11\/Crit.-4o-ESO-PDC-1.pdf\" target=\"_blank\" rel=\"noopener\">Crit. \u00c1MBITO CIENT\u00cdFICO TECNOL\u00d3GICO<\/a><\/p>\n<p><a href=\"https:\/\/blogsaverroes.juntadeandalucia.es\/iesgranpoder\/files\/2024\/11\/4oESO.-TEMPORALIZ.-LOMLOE-EF-.docx.pdf\" target=\"_blank\" rel=\"noopener\">4\u00baESO. EF .docx<\/a><\/p>\n<p><a href=\"https:\/\/blogsaverroes.juntadeandalucia.es\/iesgranpoder\/files\/2024\/11\/4o-ESO-EXP-ART-CRITERIOS-1.pdf\" target=\"_blank\" rel=\"noopener\">4\u00ba-ESO-EXP ART\u00cdSTICA<\/a><\/p>\n<p><a href=\"https:\/\/blogsaverroes.juntadeandalucia.es\/iesgranpoder\/files\/2024\/11\/4o-ESO-DIBUJO-TECNICO-CRITERIOS-1.pdf\" target=\"_blank\" rel=\"noopener\">4\u00ba-ESO-DIBUJO TECNICO<\/a><\/p>\n","protected":false},"excerpt":{"rendered":"<p>CRITERIOS DE EVALUACI\u00d3N 4\u00ba ESO. FRANC\u00c9S. 4\u00ba ESO. -INGL\u00c9S 4\u00ba ESO \u00c1MBITO SOCIOLING\u00dc\u00cdSTICO MUS 4\u00ba ESO Criterios lat\u00edn Crite_MAT B Crite_MAT A Crit.Leng.4\u00ba ESO Crit. TEC. 4\u00ba ESO Crit. GeH 4\u00ba ESO Crit. FYQ&#46;&#46;&#46;<\/p>\n","protected":false},"author":2171,"featured_media":0,"parent":0,"menu_order":0,"comment_status":"closed","ping_status":"closed","template":"","meta":{"ngg_post_thumbnail":0,"footnotes":"","_mc_calendar":[]},"aioseo_notices":[],"_links":{"self":[{"href":"https:\/\/blogsaverroes.juntadeandalucia.es\/iesgranpoder\/wp-json\/wp\/v2\/pages\/4424"}],"collection":[{"href":"https:\/\/blogsaverroes.juntadeandalucia.es\/iesgranpoder\/wp-json\/wp\/v2\/pages"}],"about":[{"href":"https:\/\/blogsaverroes.juntadeandalucia.es\/iesgranpoder\/wp-json\/wp\/v2\/types\/page"}],"author":[{"embeddable":true,"href":"https:\/\/blogsaverroes.juntadeandalucia.es\/iesgranpoder\/wp-json\/wp\/v2\/users\/2171"}],"replies":[{"embeddable":true,"href":"https:\/\/blogsaverroes.juntadeandalucia.es\/iesgranpoder\/wp-json\/wp\/v2\/comments?post=4424"}],"version-history":[{"count":1,"href":"https:\/\/blogsaverroes.juntadeandalucia.es\/iesgranpoder\/wp-json\/wp\/v2\/pages\/4424\/revisions"}],"predecessor-version":[{"id":4443,"href":"https:\/\/blogsaverroes.juntadeandalucia.es\/iesgranpoder\/wp-json\/wp\/v2\/pages\/4424\/revisions\/4443"}],"wp:attachment":[{"href":"https:\/\/blogsaverroes.juntadeandalucia.es\/iesgranpoder\/wp-json\/wp\/v2\/media?parent=4424"}],"curies":[{"name":"wp","href":"https:\/\/api.w.org\/{rel}","templated":true}]}}