{"id":49,"date":"2015-03-13T08:47:05","date_gmt":"2015-03-13T08:47:05","guid":{"rendered":"http:\/\/blogsaverroes.juntadeandalucia.es\/pre\/ceip\/?page_id=49"},"modified":"2025-11-15T14:18:00","modified_gmt":"2025-11-15T13:18:00","slug":"proyecto-educativo","status":"publish","type":"page","link":"https:\/\/blogsaverroes.juntadeandalucia.es\/iesgranpoder\/proyecto-educativo\/","title":{"rendered":"PLAN DE CENTRO"},"content":{"rendered":"<p>&nbsp;<\/p>\n<p><img loading=\"lazy\" decoding=\"async\" class=\" wp-image-2937 alignleft\" src=\"https:\/\/blogsaverroes.juntadeandalucia.es\/iesgranpoder\/files\/2015\/03\/proyecto-educativo-centro-300x295.png\" alt=\"\" width=\"383\" height=\"376\" srcset=\"https:\/\/blogsaverroes.juntadeandalucia.es\/iesgranpoder\/files\/2015\/03\/proyecto-educativo-centro-300x295.png 300w, https:\/\/blogsaverroes.juntadeandalucia.es\/iesgranpoder\/files\/2015\/03\/proyecto-educativo-centro-24x24.png 24w, https:\/\/blogsaverroes.juntadeandalucia.es\/iesgranpoder\/files\/2015\/03\/proyecto-educativo-centro-36x36.png 36w, https:\/\/blogsaverroes.juntadeandalucia.es\/iesgranpoder\/files\/2015\/03\/proyecto-educativo-centro-48x48.png 48w, https:\/\/blogsaverroes.juntadeandalucia.es\/iesgranpoder\/files\/2015\/03\/proyecto-educativo-centro.png 399w\" sizes=\"(max-width: 383px) 100vw, 383px\" \/><\/p>\n<p>&nbsp;<\/p>\n<p>Un centro se define en gran medida por su <strong>Proyecto Educativo<\/strong>. En \u00e9l se plasma el modelo educativo y la concreci\u00f3n de la normativa que un centro realiza respecto a las ense\u00f1anzas que imparte. Aspectos tales como las finales educativas, objetivos, atenci\u00f3n a la diversidad, etc.<\/p>\n<p>Que la web de un centro informe de su Proyecto Educativo es una apuesta clara por la <strong>transparencia<\/strong>.<\/p>\n<p>Este espacio puede mostrar tanto mostrar los aspectos esenciales de Proyecto como enlazar a otros documentos o secciones con informaci\u00f3n m\u00e1s detallada.<\/p>\n<p>&nbsp;<\/p>\n<p>&nbsp;<\/p>\n<p>&nbsp;<\/p>\n<p>&nbsp;<\/p>\n<p><strong>El Plan de Centro est\u00e1 compuesto por los siguientes apartados:<\/strong><\/p>\n<p><a href=\"https:\/\/blogsaverroes.juntadeandalucia.es\/iesgranpoder\/files\/2025\/11\/PROY-EDC-nov-25.docx-1.pdf\" target=\"_blank\" rel=\"noopener\">PROYECTO EDUCATIVO <\/a><\/p>\n<p><a href=\"https:\/\/blogsaverroes.juntadeandalucia.es\/iesgranpoder\/files\/2025\/11\/g-econ-nov-2025.docx.pdf\" target=\"_blank\" rel=\"noopener\">GESTI\u00d3N ECON\u00d3MICA<\/a><\/p>\n<p><a href=\"https:\/\/blogsaverroes.juntadeandalucia.es\/iesgranpoder\/files\/2025\/11\/CONV-25-26.docx.pdf\" target=\"_blank\" rel=\"noopener\">PLAN DE CONVIVENCIA<\/a><\/p>\n<p><a href=\"https:\/\/blogsaverroes.juntadeandalucia.es\/iesgranpoder\/files\/2025\/11\/ROF-nov-2025.docx.pdf\" target=\"_blank\" rel=\"noopener\">REGLAMENTO DE ORGANIZACI\u00d3N Y FUNCIONAMIENTO (ROF) normas<\/a><\/p>\n<p><a href=\"https:\/\/blogsaverroes.juntadeandalucia.es\/iesgranpoder\/files\/2025\/11\/PAD-25-26.pdf\" target=\"_blank\" rel=\"noopener\">PLAN DE ACTUACI\u00d3N DIGITAL<\/a><\/p>\n<p>*Documentos actualizados a fecha de noviembre de 2025<\/p>\n<p>&nbsp;<\/p>\n<p>&nbsp;<\/p>\n<p>&nbsp;<\/p>\n<p>&nbsp;<\/p>\n","protected":false},"excerpt":{"rendered":"<p>&nbsp; &nbsp; Un centro se define en gran medida por su Proyecto Educativo. En \u00e9l se plasma el modelo educativo y la concreci\u00f3n de la normativa que un centro realiza respecto a las ense\u00f1anzas&#46;&#46;&#46;<\/p>\n","protected":false},"author":1,"featured_media":0,"parent":0,"menu_order":0,"comment_status":"open","ping_status":"open","template":"page-templates\/child-menu.php","meta":{"ngg_post_thumbnail":0,"footnotes":"","_mc_calendar":[]},"aioseo_notices":[],"_links":{"self":[{"href":"https:\/\/blogsaverroes.juntadeandalucia.es\/iesgranpoder\/wp-json\/wp\/v2\/pages\/49"}],"collection":[{"href":"https:\/\/blogsaverroes.juntadeandalucia.es\/iesgranpoder\/wp-json\/wp\/v2\/pages"}],"about":[{"href":"https:\/\/blogsaverroes.juntadeandalucia.es\/iesgranpoder\/wp-json\/wp\/v2\/types\/page"}],"author":[{"embeddable":true,"href":"https:\/\/blogsaverroes.juntadeandalucia.es\/iesgranpoder\/wp-json\/wp\/v2\/users\/1"}],"replies":[{"embeddable":true,"href":"https:\/\/blogsaverroes.juntadeandalucia.es\/iesgranpoder\/wp-json\/wp\/v2\/comments?post=49"}],"version-history":[{"count":31,"href":"https:\/\/blogsaverroes.juntadeandalucia.es\/iesgranpoder\/wp-json\/wp\/v2\/pages\/49\/revisions"}],"predecessor-version":[{"id":4537,"href":"https:\/\/blogsaverroes.juntadeandalucia.es\/iesgranpoder\/wp-json\/wp\/v2\/pages\/49\/revisions\/4537"}],"wp:attachment":[{"href":"https:\/\/blogsaverroes.juntadeandalucia.es\/iesgranpoder\/wp-json\/wp\/v2\/media?parent=49"}],"curies":[{"name":"wp","href":"https:\/\/api.w.org\/{rel}","templated":true}]}}