{"id":77,"date":"2015-03-16T06:54:56","date_gmt":"2015-03-16T06:54:56","guid":{"rendered":"http:\/\/blogsaverroes.juntadeandalucia.es\/pre\/ceip\/?page_id=77"},"modified":"2018-04-11T10:44:10","modified_gmt":"2018-04-11T08:44:10","slug":"secretaria","status":"publish","type":"page","link":"https:\/\/blogsaverroes.juntadeandalucia.es\/iesgranpoder\/secretaria\/","title":{"rendered":"Secretar\u00eda"},"content":{"rendered":"<p>&nbsp;<\/p>\n<p>La ventanilla de <strong>Administraci\u00f3n<\/strong> est\u00e1 abierta al p\u00fablico de lunes a viernes, en horario de 10:00 a 13:00 horas.<\/p>\n<p>El horario de atenci\u00f3n a proveedores de la <strong>Secretar\u00eda<\/strong> figura en el cuadro horario de atenci\u00f3n del Equipo Directivo.<\/p>\n","protected":false},"excerpt":{"rendered":"<p>&nbsp; La ventanilla de Administraci\u00f3n est\u00e1 abierta al p\u00fablico de lunes a viernes, en horario de 10:00 a 13:00 horas. El horario de atenci\u00f3n a proveedores de la Secretar\u00eda figura en el cuadro horario&#46;&#46;&#46;<\/p>\n","protected":false},"author":1,"featured_media":0,"parent":0,"menu_order":0,"comment_status":"open","ping_status":"open","template":"page-templates\/child-menu.php","meta":{"ngg_post_thumbnail":0,"footnotes":"","_mc_calendar":[]},"aioseo_notices":[],"_links":{"self":[{"href":"https:\/\/blogsaverroes.juntadeandalucia.es\/iesgranpoder\/wp-json\/wp\/v2\/pages\/77"}],"collection":[{"href":"https:\/\/blogsaverroes.juntadeandalucia.es\/iesgranpoder\/wp-json\/wp\/v2\/pages"}],"about":[{"href":"https:\/\/blogsaverroes.juntadeandalucia.es\/iesgranpoder\/wp-json\/wp\/v2\/types\/page"}],"author":[{"embeddable":true,"href":"https:\/\/blogsaverroes.juntadeandalucia.es\/iesgranpoder\/wp-json\/wp\/v2\/users\/1"}],"replies":[{"embeddable":true,"href":"https:\/\/blogsaverroes.juntadeandalucia.es\/iesgranpoder\/wp-json\/wp\/v2\/comments?post=77"}],"version-history":[{"count":6,"href":"https:\/\/blogsaverroes.juntadeandalucia.es\/iesgranpoder\/wp-json\/wp\/v2\/pages\/77\/revisions"}],"predecessor-version":[{"id":2929,"href":"https:\/\/blogsaverroes.juntadeandalucia.es\/iesgranpoder\/wp-json\/wp\/v2\/pages\/77\/revisions\/2929"}],"wp:attachment":[{"href":"https:\/\/blogsaverroes.juntadeandalucia.es\/iesgranpoder\/wp-json\/wp\/v2\/media?parent=77"}],"curies":[{"name":"wp","href":"https:\/\/api.w.org\/{rel}","templated":true}]}}