{"id":869,"date":"2015-03-16T07:03:52","date_gmt":"2015-03-16T07:03:52","guid":{"rendered":"http:\/\/blogsaverroes.juntadeandalucia.es\/pre\/ceip\/?page_id=84"},"modified":"2020-11-15T19:01:59","modified_gmt":"2020-11-15T18:01:59","slug":"calendario-escolar","status":"publish","type":"page","link":"https:\/\/blogsaverroes.juntadeandalucia.es\/iesgranpoder\/calendario-escolar\/","title":{"rendered":"Calendario escolar"},"content":{"rendered":"<p><a href=\"http:\/\/blogsaverroes.juntadeandalucia.es\/iesgranpoder\/files\/2015\/03\/calendario-1024x683.jpg\"><img loading=\"lazy\" decoding=\"async\" class=\" size-medium wp-image-2640 alignleft\" src=\"http:\/\/blogsaverroes.juntadeandalucia.es\/iesgranpoder\/files\/2015\/03\/calendario-1024x683-300x200.jpg\" alt=\"calendario-1024x683\" width=\"300\" height=\"200\"><\/a><\/p>\n<p>En el enlace inferior se muestra el Calendario Provincial de este curso, al que ser\u00e1 preciso a\u00f1adir los d\u00edas no lectivos aprobados por Consejo Escolar Municipal de Dos Hermanas y las dos fiestas locales, que para este curso son:<\/p>\n<p><em><strong>-19 de Octubre, Romer\u00eda de Valme<\/strong><\/em><\/p>\n<p><em><strong>-14 de Mayo,&nbsp; Feria de Dos Hermanas.<\/strong><\/em><\/p>\n<p>Adem\u00e1s tenemos los siguientes d\u00edas festivos por libre disposici\u00f3n de la Comisi\u00f3n Municipal Escolar:<\/p>\n<p><strong>-7 enero<\/strong><\/p>\n<p><strong>-7 mayo<\/strong><\/p>\n<p><a href=\"https:\/\/blogsaverroes.juntadeandalucia.es\/iesgranpoder\/files\/2020\/11\/Calendario-escolar-curso-2020-21-Sevillaconlospeques.jpg\"><img loading=\"lazy\" decoding=\"async\" class=\"size-medium wp-image-3560 alignleft\" src=\"https:\/\/blogsaverroes.juntadeandalucia.es\/iesgranpoder\/files\/2020\/11\/Calendario-escolar-curso-2020-21-Sevillaconlospeques-212x300.jpg\" alt=\"\" width=\"212\" height=\"300\" srcset=\"https:\/\/blogsaverroes.juntadeandalucia.es\/iesgranpoder\/files\/2020\/11\/Calendario-escolar-curso-2020-21-Sevillaconlospeques-212x300.jpg 212w, https:\/\/blogsaverroes.juntadeandalucia.es\/iesgranpoder\/files\/2020\/11\/Calendario-escolar-curso-2020-21-Sevillaconlospeques-724x1024.jpg 724w, https:\/\/blogsaverroes.juntadeandalucia.es\/iesgranpoder\/files\/2020\/11\/Calendario-escolar-curso-2020-21-Sevillaconlospeques-768x1087.jpg 768w, https:\/\/blogsaverroes.juntadeandalucia.es\/iesgranpoder\/files\/2020\/11\/Calendario-escolar-curso-2020-21-Sevillaconlospeques-17x24.jpg 17w, https:\/\/blogsaverroes.juntadeandalucia.es\/iesgranpoder\/files\/2020\/11\/Calendario-escolar-curso-2020-21-Sevillaconlospeques-25x36.jpg 25w, https:\/\/blogsaverroes.juntadeandalucia.es\/iesgranpoder\/files\/2020\/11\/Calendario-escolar-curso-2020-21-Sevillaconlospeques-34x48.jpg 34w, https:\/\/blogsaverroes.juntadeandalucia.es\/iesgranpoder\/files\/2020\/11\/Calendario-escolar-curso-2020-21-Sevillaconlospeques.jpg 850w\" sizes=\"(max-width: 212px) 100vw, 212px\" \/><\/a><\/p>\n","protected":false},"excerpt":{"rendered":"<p>En el enlace inferior se muestra el Calendario Provincial de este curso, al que ser\u00e1 preciso a\u00f1adir los d\u00edas no lectivos aprobados por Consejo Escolar Municipal de Dos Hermanas y las dos fiestas locales,&#46;&#46;&#46;<\/p>\n","protected":false},"author":1,"featured_media":0,"parent":0,"menu_order":0,"comment_status":"open","ping_status":"open","template":"page-templates\/child-menu.php","meta":{"ngg_post_thumbnail":0,"footnotes":"","_mc_calendar":[]},"aioseo_notices":[],"_links":{"self":[{"href":"https:\/\/blogsaverroes.juntadeandalucia.es\/iesgranpoder\/wp-json\/wp\/v2\/pages\/869"}],"collection":[{"href":"https:\/\/blogsaverroes.juntadeandalucia.es\/iesgranpoder\/wp-json\/wp\/v2\/pages"}],"about":[{"href":"https:\/\/blogsaverroes.juntadeandalucia.es\/iesgranpoder\/wp-json\/wp\/v2\/types\/page"}],"author":[{"embeddable":true,"href":"https:\/\/blogsaverroes.juntadeandalucia.es\/iesgranpoder\/wp-json\/wp\/v2\/users\/1"}],"replies":[{"embeddable":true,"href":"https:\/\/blogsaverroes.juntadeandalucia.es\/iesgranpoder\/wp-json\/wp\/v2\/comments?post=869"}],"version-history":[{"count":16,"href":"https:\/\/blogsaverroes.juntadeandalucia.es\/iesgranpoder\/wp-json\/wp\/v2\/pages\/869\/revisions"}],"predecessor-version":[{"id":3561,"href":"https:\/\/blogsaverroes.juntadeandalucia.es\/iesgranpoder\/wp-json\/wp\/v2\/pages\/869\/revisions\/3561"}],"wp:attachment":[{"href":"https:\/\/blogsaverroes.juntadeandalucia.es\/iesgranpoder\/wp-json\/wp\/v2\/media?parent=869"}],"curies":[{"name":"wp","href":"https:\/\/api.w.org\/{rel}","templated":true}]}}