{"id":696,"date":"2025-11-20T21:01:32","date_gmt":"2025-11-20T20:01:32","guid":{"rendered":"https:\/\/blogsaverroes.juntadeandalucia.es\/iesgregoriosalvador\/?page_id=696"},"modified":"2025-12-02T20:20:02","modified_gmt":"2025-12-02T19:20:02","slug":"segundo-eso","status":"publish","type":"page","link":"https:\/\/blogsaverroes.juntadeandalucia.es\/iesgregoriosalvador\/segundo-eso\/","title":{"rendered":"SEGUNDO ESO"},"content":{"rendered":"<p>&nbsp;<\/p>\n<div style=\"background: #d35400;padding: 18px;border-radius: 8px;text-align: center;color: white;margin-bottom: 20px\">\n<h2 style=\"margin: 0;font-size: 28px;color: white\">\ud83d\udcd9 Programaciones Did\u00e1cticas \u2013 2.\u00ba ESO<\/h2>\n<\/div>\n<p><!-- LISTADO DE ASIGNATURAS --><\/p>\n<div style=\"padding: 10px 15px;background: #f8f9fa;border-radius: 8px;border: 1px solid #ddd\">\n<ul style=\"list-style-type: none;padding-left: 0\">\n<li style=\"padding: 8px 0;border-bottom: 1px solid #ddd\">\ud83d\udcd8 <a href=\"https:\/\/blogsaverroes.juntadeandalucia.es\/iesgregoriosalvador\/files\/2025\/12\/PROGRAMACION-LENGUA-2o-ESO.pdf\">Programaci\u00f3n de <strong>Lengua Castellana y Literatura<\/strong><\/a><\/li>\n<li style=\"padding: 8px 0;border-bottom: 1px solid #ddd\">\ud83d\udd22 <a href=\"https:\/\/blogsaverroes.juntadeandalucia.es\/iesgregoriosalvador\/files\/2025\/12\/PROGRAMACION-MATEMATICAS-2o-ESO.pdf\">Programaci\u00f3n de <strong>Matem\u00e1ticas<\/strong><\/a><\/li>\n<li style=\"padding: 8px 0;border-bottom: 1px solid #ddd\">\ud83c\udf0d <a href=\"https:\/\/blogsaverroes.juntadeandalucia.es\/iesgregoriosalvador\/files\/2025\/12\/PROGRAMACION-INGLES-2o-ESO.pdf\">Programaci\u00f3n de <strong>Ingl\u00e9s<\/strong><\/a><\/li>\n<li style=\"padding: 8px 0;border-bottom: 1px solid #ddd\">\ud83d\uddfa\ufe0f <a href=\"https:\/\/blogsaverroes.juntadeandalucia.es\/iesgregoriosalvador\/files\/2025\/12\/PROGRAMACION-GEOGRAFIA-2o-ESO.pdf\">Programaci\u00f3n de <strong>Geograf\u00eda e Historia<\/strong><\/a><\/li>\n<li style=\"padding: 8px 0;border-bottom: 1px solid #ddd\">\ud83c\udfc3 <a href=\"https:\/\/blogsaverroes.juntadeandalucia.es\/iesgregoriosalvador\/files\/2025\/12\/PROGRAMACION-EDUCACION-FISICA-2o-ESO.pdf\">Programaci\u00f3n de <strong>Educaci\u00f3n F\u00edsica<\/strong><\/a><\/li>\n<li style=\"padding: 8px 0;border-bottom: 1px solid #ddd\">\ud83e\uddea <a href=\"https:\/\/blogsaverroes.juntadeandalucia.es\/iesgregoriosalvador\/files\/2025\/12\/PROGRAMACION-FISICA-Y-QUIMICA-2o-ESO.pdf\">Programaci\u00f3n de <strong>F\u00edsica y Qu\u00edmica<\/strong><\/a><\/li>\n<li style=\"padding: 8px 0;border-bottom: 1px solid #ddd\">\ud83c\udfb5 <a href=\"https:\/\/blogsaverroes.juntadeandalucia.es\/iesgregoriosalvador\/files\/2025\/12\/PROGRAMACION-MUSICA-25_26.pdf\">Programaci\u00f3n de <strong>M\u00fasica<\/strong><\/a><\/li>\n<li style=\"padding: 8px 0;border-bottom: 1px solid #ddd\">\ud83d\udcbb <a href=\"https:\/\/blogsaverroes.juntadeandalucia.es\/iesgregoriosalvador\/files\/2025\/12\/PROGRAMACION-TECNOLOGIA-2o-ESO.pdf\">Programaci\u00f3n de <strong>Tecnolog\u00eda y Digitalizaci\u00f3n<\/strong><\/a><\/li>\n<li style=\"padding: 8px 0;border-bottom: 1px solid #ddd\">\ud83e\udded <a href=\"https:\/\/blogsaverroes.juntadeandalucia.es\/iesgregoriosalvador\/files\/2025\/12\/PROGRAMACION-EDUCACION-VALORES-2o-ESO.pdf\">Programaci\u00f3n de <strong>Educaci\u00f3n en Valores C\u00edvicos y \u00c9ticos<\/strong><\/a><\/li>\n<li style=\"padding: 8px 0;border-bottom: 1px solid #ddd\">\ud83c\udf10 <a href=\"https:\/\/blogsaverroes.juntadeandalucia.es\/iesgregoriosalvador\/files\/2025\/12\/PROGRAMACION-FRANCES-2o-ESO.pdf\">Programaci\u00f3n de <strong>Franc\u00e9s<\/strong> (optativa)<\/a><\/li>\n<li style=\"padding: 8px 0;border-bottom: 1px solid #ddd\">\ud83e\udde9 <a href=\"https:\/\/blogsaverroes.juntadeandalucia.es\/iesgregoriosalvador\/files\/2025\/12\/PROGRAMACION-PEPA-2o-ESO.pdf\">Programaci\u00f3n de <strong>Proyecto de Educaci\u00f3n Pl\u00e1stica, Visual y Audiovisual<\/strong> (optativa)<\/a><\/li>\n<li style=\"padding: 8px 0;border-bottom: 1px solid #ddd\">\ud83e\udd16<a href=\"https:\/\/blogsaverroes.juntadeandalucia.es\/iesgregoriosalvador\/files\/2025\/12\/PROGRAMACION-COMPUTACION-Y-ROBOTICA.pdf\"> Programaci\u00f3n de <strong>Computaci\u00f3n y Rob\u00f3tica<\/strong> (optativa)<\/a><\/li>\n<li style=\"padding: 8px 0;border-bottom: 1px solid #ddd\">\u271d\ufe0f <a href=\"https:\/\/blogsaverroes.juntadeandalucia.es\/iesgregoriosalvador\/files\/2025\/12\/PROGRAMACION-RELIGION-2o-ESO.pdf\">Programaci\u00f3n de <strong>Religi\u00f3n<\/strong><\/a><\/li>\n<li style=\"padding: 8px 0;border-bottom: 1px solid #ddd\">\u2728 <a href=\"https:\/\/blogsaverroes.juntadeandalucia.es\/iesgregoriosalvador\/files\/2025\/12\/PROGRAMACION-ATENCION-EDUCATIVA-2o-ESO.pdf\">Programaci\u00f3n de <strong>Atenci\u00f3n Educativa<\/strong><\/a><\/li>\n<\/ul>\n<\/div>\n","protected":false},"excerpt":{"rendered":"<p>&nbsp; \ud83d\udcd9 Programaciones Did\u00e1cticas \u2013 2.\u00ba ESO \ud83d\udcd8 Programaci\u00f3n de Lengua Castellana y Literatura \ud83d\udd22 Programaci\u00f3n de Matem\u00e1ticas \ud83c\udf0d Programaci\u00f3n de Ingl\u00e9s \ud83d\uddfa\ufe0f Programaci\u00f3n de Geograf\u00eda e Historia \ud83c\udfc3 Programaci\u00f3n de Educaci\u00f3n F\u00edsica \ud83e\uddea Programaci\u00f3n de F\u00edsica y Qu\u00edmica \ud83c\udfb5 Programaci\u00f3n de M\u00fasica \ud83d\udcbb Programaci\u00f3n de Tecnolog\u00eda y Digitalizaci\u00f3n \ud83e\udded Programaci\u00f3n de Educaci\u00f3n en Valores [&hellip;]<\/p>\n","protected":false},"author":15526,"featured_media":0,"parent":0,"menu_order":0,"comment_status":"closed","ping_status":"closed","template":"","meta":{"_et_pb_use_builder":"","_et_pb_old_content":"","_et_gb_content_width":"","ngg_post_thumbnail":0,"footnotes":""},"aioseo_notices":[],"_links":{"self":[{"href":"https:\/\/blogsaverroes.juntadeandalucia.es\/iesgregoriosalvador\/wp-json\/wp\/v2\/pages\/696"}],"collection":[{"href":"https:\/\/blogsaverroes.juntadeandalucia.es\/iesgregoriosalvador\/wp-json\/wp\/v2\/pages"}],"about":[{"href":"https:\/\/blogsaverroes.juntadeandalucia.es\/iesgregoriosalvador\/wp-json\/wp\/v2\/types\/page"}],"author":[{"embeddable":true,"href":"https:\/\/blogsaverroes.juntadeandalucia.es\/iesgregoriosalvador\/wp-json\/wp\/v2\/users\/15526"}],"replies":[{"embeddable":true,"href":"https:\/\/blogsaverroes.juntadeandalucia.es\/iesgregoriosalvador\/wp-json\/wp\/v2\/comments?post=696"}],"version-history":[{"count":7,"href":"https:\/\/blogsaverroes.juntadeandalucia.es\/iesgregoriosalvador\/wp-json\/wp\/v2\/pages\/696\/revisions"}],"predecessor-version":[{"id":798,"href":"https:\/\/blogsaverroes.juntadeandalucia.es\/iesgregoriosalvador\/wp-json\/wp\/v2\/pages\/696\/revisions\/798"}],"wp:attachment":[{"href":"https:\/\/blogsaverroes.juntadeandalucia.es\/iesgregoriosalvador\/wp-json\/wp\/v2\/media?parent=696"}],"curies":[{"name":"wp","href":"https:\/\/api.w.org\/{rel}","templated":true}]}}