{"id":700,"date":"2025-11-20T21:02:13","date_gmt":"2025-11-20T20:02:13","guid":{"rendered":"https:\/\/blogsaverroes.juntadeandalucia.es\/iesgregoriosalvador\/?page_id=700"},"modified":"2025-12-02T20:35:52","modified_gmt":"2025-12-02T19:35:52","slug":"cuarto-eso","status":"publish","type":"page","link":"https:\/\/blogsaverroes.juntadeandalucia.es\/iesgregoriosalvador\/cuarto-eso\/","title":{"rendered":"CUARTO ESO"},"content":{"rendered":"<div style=\"background: #c0392b;padding: 18px;border-radius: 8px;text-align: center;color: white;margin-bottom: 20px\">\n<h2 style=\"margin: 0;font-size: 28px;color: white\">\ud83d\udcd5 Programaciones Did\u00e1cticas \u2013 4.\u00ba ESO<\/h2>\n<\/div>\n<div style=\"padding: 10px 15px;background: #f8f9fa;border-radius: 8px;border: 1px solid #ddd\">\n<h3>Materias Comunes Obligatorias<\/h3>\n<ul style=\"list-style-type: none;padding-left: 0\">\n<li style=\"padding: 8px 0;border-bottom: 1px solid #ddd\">\ud83d\udcd8 <a href=\"https:\/\/blogsaverroes.juntadeandalucia.es\/iesgregoriosalvador\/files\/2025\/12\/PROGRAMACION-LENGUA-4o-ESO.pdf\">Programaci\u00f3n de <strong>Lengua Castellana y Literatura<\/strong><\/a><\/li>\n<li style=\"padding: 8px 0;border-bottom: 1px solid #ddd\">\ud83d\udd22 <a href=\"https:\/\/blogsaverroes.juntadeandalucia.es\/iesgregoriosalvador\/files\/2025\/12\/PROGRAMACION-MATEMATICAS-A-4o-ESO.pdf\">Programaci\u00f3n de <strong>Matem\u00e1ticas A<\/strong><\/a><\/li>\n<li style=\"padding: 8px 0;border-bottom: 1px solid #ddd\">\ud83d\udd22 <a href=\"https:\/\/blogsaverroes.juntadeandalucia.es\/iesgregoriosalvador\/files\/2025\/12\/PROGRAMACION-MATEMATICAS-B-4o-ESO.pdf\">Programaci\u00f3n de <strong>Matem\u00e1ticas B<\/strong><\/a><\/li>\n<li style=\"padding: 8px 0;border-bottom: 1px solid #ddd\">\ud83c\udf0d <a href=\"https:\/\/blogsaverroes.juntadeandalucia.es\/iesgregoriosalvador\/files\/2025\/12\/PROGRAMACION-INGLES-4o-ESO.pdf\">Programaci\u00f3n de <strong>Ingl\u00e9s<\/strong><\/a><\/li>\n<li style=\"padding: 8px 0;border-bottom: 1px solid #ddd\">\ud83d\uddfa\ufe0f <a href=\"https:\/\/blogsaverroes.juntadeandalucia.es\/iesgregoriosalvador\/files\/2025\/12\/PROGRAMACION-GEOGRAFIA-4o-ESO.pdf\">Programaci\u00f3n de <strong>Geograf\u00eda e Historia<\/strong><\/a><\/li>\n<li style=\"padding: 8px 0\">\ud83c\udfc3 <a href=\"https:\/\/blogsaverroes.juntadeandalucia.es\/iesgregoriosalvador\/files\/2025\/12\/PROGRAMACION-EDUCACION-FISICA-4o-ESO.pdf\">Programaci\u00f3n de <strong>Educaci\u00f3n F\u00edsica<\/strong><\/a><\/li>\n<\/ul>\n<h3>Optativas<\/h3>\n<ul style=\"list-style-type: none;padding-left: 0\">\n<li style=\"padding: 8px 0;border-bottom: 1px solid #ddd\">\ud83e\uddec <a href=\"https:\/\/blogsaverroes.juntadeandalucia.es\/iesgregoriosalvador\/files\/2025\/12\/PROGRAMACION-BIOLOGIA-4o-ESO.pdf\">Programaci\u00f3n de <strong>Biolog\u00eda y Geolog\u00eda<\/strong><\/a><\/li>\n<li style=\"padding: 8px 0;border-bottom: 1px solid #ddd\">\ud83d\udcbb <a href=\"https:\/\/blogsaverroes.juntadeandalucia.es\/iesgregoriosalvador\/files\/2025\/12\/PROGRAMACION-DIGITALIZACION-4o-ESO.pdf\">Programaci\u00f3n de <strong>Digitalizaci\u00f3n<\/strong><\/a><\/li>\n<li style=\"padding: 8px 0;border-bottom: 1px solid #ddd\">\ud83d\udcbc <a href=\"https:\/\/blogsaverroes.juntadeandalucia.es\/iesgregoriosalvador\/files\/2025\/12\/PROGRAMACION-ECONOMIA-4o-ESO.pdf\">Programaci\u00f3n de <strong>Econom\u00eda y Emprendimiento<\/strong><\/a><\/li>\n<li style=\"padding: 8px 0;border-bottom: 1px solid #ddd\">\ud83c\udfa8 <a href=\"https:\/\/blogsaverroes.juntadeandalucia.es\/iesgregoriosalvador\/files\/2025\/12\/PROGRAMACION-EXPRESION-ARTISTICA-4o-ESO.pdf\">Programaci\u00f3n de <strong>Expresi\u00f3n Art\u00edstica<\/strong><\/a><\/li>\n<li style=\"padding: 8px 0;border-bottom: 1px solid #ddd\">\ud83e\uddea <a href=\"https:\/\/blogsaverroes.juntadeandalucia.es\/iesgregoriosalvador\/files\/2025\/12\/PROGRAMACION-FISICA-Y-QUIMICA-25_26.pdf\">Programaci\u00f3n de <strong>F\u00edsica y Qu\u00edmica<\/strong><\/a><\/li>\n<li style=\"padding: 8px 0;border-bottom: 1px solid #ddd\">\ud83d\udcd8 <a href=\"https:\/\/blogsaverroes.juntadeandalucia.es\/iesgregoriosalvador\/files\/2025\/12\/PROGRAMACION-FOPP-4o-ESO.pdf\">Programaci\u00f3n de <strong>Formaci\u00f3n y Orientaci\u00f3n Personal y Profesional<\/strong><\/a><\/li>\n<li style=\"padding: 8px 0;border-bottom: 1px solid #ddd\">\ud83c\udfdb\ufe0f <a href=\"https:\/\/blogsaverroes.juntadeandalucia.es\/iesgregoriosalvador\/files\/2025\/12\/PROGRAMACION-LATIN-4o-ESO.pdf\">Programaci\u00f3n de <strong>Lat\u00edn<\/strong><\/a><\/li>\n<li style=\"padding: 8px 0;border-bottom: 1px solid #ddd\">\ud83c\udfb5 <a href=\"https:\/\/blogsaverroes.juntadeandalucia.es\/iesgregoriosalvador\/files\/2025\/12\/PROGRAMACION-MUSICA-25_26.pdf\">Programaci\u00f3n de <strong>M\u00fasica<\/strong><\/a><\/li>\n<li style=\"padding: 8px 0;border-bottom: 1px solid #ddd\">\ud83c\udf10 <a href=\"https:\/\/blogsaverroes.juntadeandalucia.es\/iesgregoriosalvador\/files\/2025\/12\/PROGRAMACION-FRANCES-4o-ESO.pdf\">Programaci\u00f3n de <strong>Franc\u00e9s<\/strong><\/a><\/li>\n<li style=\"padding: 8px 0\">\ud83d\udd27 <a href=\"https:\/\/blogsaverroes.juntadeandalucia.es\/iesgregoriosalvador\/files\/2025\/12\/PROGRAMACION-TECNOLOGIA-4o-ESO.pdf\">Programaci\u00f3n de <strong>Tecnolog\u00eda<\/strong><\/a><\/li>\n<\/ul>\n<h3>Optativas propias de la Comunidad Aut\u00f3noma<\/h3>\n<ul style=\"list-style-type: none;padding-left: 0\">\n<li style=\"list-style-type: none\">\n<ul style=\"list-style-type: none;padding-left: 0\">\n<li style=\"padding: 8px 0;border-bottom: 1px solid #ddd\">\ud83c\udfad <a href=\"https:\/\/blogsaverroes.juntadeandalucia.es\/iesgregoriosalvador\/files\/2025\/12\/PROGRAMACION-ARTES-ESCENICAS-4o-ESO.pdf\">Programaci\u00f3n de <strong>Artes Esc\u00e9nicas y Danza<\/strong><\/a><\/li>\n<li style=\"padding: 8px 0;border-bottom: 1px solid #ddd\">\ud83d\udcd0 <a href=\"https:\/\/blogsaverroes.juntadeandalucia.es\/iesgregoriosalvador\/files\/2025\/12\/PROGRAMACION-DIBUJO-TEC-4o-ESO.pdf\">Programaci\u00f3n de <strong>Dibujo T\u00e9cnico<\/strong><\/a><\/li>\n<\/ul>\n<\/li>\n<\/ul>\n<h3>Otras<\/h3>\n<ul style=\"list-style-type: none;padding-left: 0\">\n<li style=\"list-style-type: none\">\n<ul style=\"list-style-type: none;padding-left: 0\">\n<li style=\"padding: 8px 0;border-bottom: 1px solid #ddd\">\u271d\ufe0f <a href=\"https:\/\/blogsaverroes.juntadeandalucia.es\/iesgregoriosalvador\/files\/2025\/12\/PROGRAMACION-RELIGION-4o-ESO.pdf\">Programaci\u00f3n de <strong>Religi\u00f3n<\/strong><\/a><\/li>\n<li style=\"padding: 8px 0\">\u2728 <a href=\"https:\/\/blogsaverroes.juntadeandalucia.es\/iesgregoriosalvador\/files\/2025\/12\/PROGRAMACION-ATENCION-EDUCATIVA-4o-ESO.pdf\">Programaci\u00f3n de <strong>Atenci\u00f3n Educativa<\/strong><\/a><\/li>\n<\/ul>\n<\/li>\n<\/ul>\n<\/div>\n","protected":false},"excerpt":{"rendered":"<p>\ud83d\udcd5 Programaciones Did\u00e1cticas \u2013 4.\u00ba ESO Materias Comunes Obligatorias \ud83d\udcd8 Programaci\u00f3n de Lengua Castellana y Literatura \ud83d\udd22 Programaci\u00f3n de Matem\u00e1ticas A \ud83d\udd22 Programaci\u00f3n de Matem\u00e1ticas B \ud83c\udf0d Programaci\u00f3n de Ingl\u00e9s \ud83d\uddfa\ufe0f Programaci\u00f3n de Geograf\u00eda e Historia \ud83c\udfc3 Programaci\u00f3n de Educaci\u00f3n F\u00edsica Optativas \ud83e\uddec Programaci\u00f3n de Biolog\u00eda y Geolog\u00eda \ud83d\udcbb Programaci\u00f3n de Digitalizaci\u00f3n \ud83d\udcbc Programaci\u00f3n de [&hellip;]<\/p>\n","protected":false},"author":15526,"featured_media":0,"parent":0,"menu_order":0,"comment_status":"closed","ping_status":"closed","template":"","meta":{"_et_pb_use_builder":"","_et_pb_old_content":"","_et_gb_content_width":"","ngg_post_thumbnail":0,"footnotes":""},"aioseo_notices":[],"_links":{"self":[{"href":"https:\/\/blogsaverroes.juntadeandalucia.es\/iesgregoriosalvador\/wp-json\/wp\/v2\/pages\/700"}],"collection":[{"href":"https:\/\/blogsaverroes.juntadeandalucia.es\/iesgregoriosalvador\/wp-json\/wp\/v2\/pages"}],"about":[{"href":"https:\/\/blogsaverroes.juntadeandalucia.es\/iesgregoriosalvador\/wp-json\/wp\/v2\/types\/page"}],"author":[{"embeddable":true,"href":"https:\/\/blogsaverroes.juntadeandalucia.es\/iesgregoriosalvador\/wp-json\/wp\/v2\/users\/15526"}],"replies":[{"embeddable":true,"href":"https:\/\/blogsaverroes.juntadeandalucia.es\/iesgregoriosalvador\/wp-json\/wp\/v2\/comments?post=700"}],"version-history":[{"count":5,"href":"https:\/\/blogsaverroes.juntadeandalucia.es\/iesgregoriosalvador\/wp-json\/wp\/v2\/pages\/700\/revisions"}],"predecessor-version":[{"id":825,"href":"https:\/\/blogsaverroes.juntadeandalucia.es\/iesgregoriosalvador\/wp-json\/wp\/v2\/pages\/700\/revisions\/825"}],"wp:attachment":[{"href":"https:\/\/blogsaverroes.juntadeandalucia.es\/iesgregoriosalvador\/wp-json\/wp\/v2\/media?parent=700"}],"curies":[{"name":"wp","href":"https:\/\/api.w.org\/{rel}","templated":true}]}}