{"id":1725,"date":"2015-05-21T19:52:41","date_gmt":"2015-05-21T19:52:41","guid":{"rendered":"http:\/\/blogsaverroes.juntadeandalucia.es\/temahuemanies\/?page_id=1725"},"modified":"2015-05-21T19:53:06","modified_gmt":"2015-05-21T19:53:06","slug":"informacion","status":"publish","type":"page","link":"https:\/\/blogsaverroes.juntadeandalucia.es\/iesguadaiza\/informacion\/","title":{"rendered":"Informaci\u00f3n"},"content":{"rendered":"<table style=\"height: 302px\" width=\"637\">\n<tbody>\n<tr>\n<td style=\"background-color: #732c7c\">\n<h5 align=\"justify\"><span style=\"color: #ffffff\"><strong>Este Blog pretende servir de ejemplo de sitio Web de un centro educativo.<\/strong><\/span><\/h5>\n<\/td>\n<\/tr>\n<tr>\n<td style=\"text-align: left\">Est\u00e1 basado en <strong>WordPress<\/strong>, una de las plataformas m\u00e1s utilizadas en todo el mundo.<\/td>\n<\/tr>\n<tr>\n<td style=\"text-align: left\"><\/td>\n<\/tr>\n<tr>\n<td style=\"text-align: left\">El contenido que se muestra simula, con car\u00e1cter general, la apariencia Web de un centro educativo. Cada centro debe adaptar a sus necesidades la informaci\u00f3n que se ofrece, a\u00f1adiendo, modificando o eliminando los diferentes men\u00fas, p\u00e1ginas y entradas.<\/td>\n<\/tr>\n<tr>\n<td style=\"text-align: left\"><\/td>\n<\/tr>\n<tr>\n<td style=\"text-align: left\">La plantilla o tema utilizado es HUEMAN. Admite m\u00faltiples opciones de configuraci\u00f3n, tanto por las opciones que por defecto incorpora WordPress como por las funcionalidades y widgets propios del tema.<\/td>\n<\/tr>\n<tr>\n<td style=\"text-align: left\"><\/td>\n<\/tr>\n<tr>\n<td style=\"text-align: left\">Al iniciar la construcci\u00f3n de un sitio Web, es necesario un proceso de reflexi\u00f3n sobre la informaci\u00f3n que un centro muestra sobre s\u00ed mismo en cuanto a las ense\u00f1anzas que imparte, profesorado, secretar\u00eda, servicios que oferta, ubicaci\u00f3n, etc. Es decir, todo aquello que tiene un car\u00e1cter m\u00e1s o menos general e institucional y que permite al visitante que accede a la Web hacerse una idea del centro, su funcionamiento y sus caracter\u00edsticas principales. Por esta raz\u00f3n, su contenido ser\u00eda fundamentalmente de tipo est\u00e1tico, ya que la informaci\u00f3n no precisar\u00eda de modificaciones continuas, siendo el concepto <strong>P\u00e1ginas <\/strong>el formato mas aconsejable para su construcci\u00f3n. Las p\u00e1ginas as\u00ed creadas deben ser organizadas en <strong>Men\u00fas <\/strong>coherentes y comprensibles para el visitante de la Web.<\/td>\n<\/tr>\n<tr>\n<td><\/td>\n<\/tr>\n<tr>\n<td>\n<p align=\"justify\">Por otro lado, en todo centro se producen noticias y eventos, asociados a su funcionamiento, cuyo rasgo esencial es el car\u00e1cter din\u00e1mico de la informaci\u00f3n. Para estos contenidos el formato m\u00e1s apropiado es el de <strong>Entradas <\/strong>que, organizadas en <strong>Categor\u00edas<\/strong>, mantienen a la comunidad educativa informada de la vida del centro y de las actividades, acontecimientos o novedades de inter\u00e9s, posibilitando al mismo tiempo interactuar con los mismos y crear una red social.<\/p>\n<\/td>\n<\/tr>\n<tr>\n<td><\/td>\n<\/tr>\n<tr>\n<td><\/td>\n<\/tr>\n<\/tbody>\n<\/table>\n<p>&nbsp;<\/p>\n","protected":false},"excerpt":{"rendered":"<p>Este Blog pretende servir de ejemplo de sitio Web de un centro educativo. Est\u00e1 basado en WordPress, una de las&#46;&#46;&#46;<\/p>\n","protected":false},"author":1,"featured_media":0,"parent":0,"menu_order":0,"comment_status":"open","ping_status":"closed","template":"","meta":{"ngg_post_thumbnail":0,"footnotes":"","_mc_calendar":[]},"aioseo_notices":[],"_links":{"self":[{"href":"https:\/\/blogsaverroes.juntadeandalucia.es\/iesguadaiza\/wp-json\/wp\/v2\/pages\/1725"}],"collection":[{"href":"https:\/\/blogsaverroes.juntadeandalucia.es\/iesguadaiza\/wp-json\/wp\/v2\/pages"}],"about":[{"href":"https:\/\/blogsaverroes.juntadeandalucia.es\/iesguadaiza\/wp-json\/wp\/v2\/types\/page"}],"author":[{"embeddable":true,"href":"https:\/\/blogsaverroes.juntadeandalucia.es\/iesguadaiza\/wp-json\/wp\/v2\/users\/1"}],"replies":[{"embeddable":true,"href":"https:\/\/blogsaverroes.juntadeandalucia.es\/iesguadaiza\/wp-json\/wp\/v2\/comments?post=1725"}],"version-history":[{"count":1,"href":"https:\/\/blogsaverroes.juntadeandalucia.es\/iesguadaiza\/wp-json\/wp\/v2\/pages\/1725\/revisions"}],"predecessor-version":[{"id":1726,"href":"https:\/\/blogsaverroes.juntadeandalucia.es\/iesguadaiza\/wp-json\/wp\/v2\/pages\/1725\/revisions\/1726"}],"wp:attachment":[{"href":"https:\/\/blogsaverroes.juntadeandalucia.es\/iesguadaiza\/wp-json\/wp\/v2\/media?parent=1725"}],"curies":[{"name":"wp","href":"https:\/\/api.w.org\/{rel}","templated":true}]}}