{"id":2477,"date":"2020-03-10T13:28:42","date_gmt":"2020-03-10T13:28:42","guid":{"rendered":"https:\/\/blogsaverroes.juntadeandalucia.es\/iesguadaiza\/?page_id=2477"},"modified":"2025-11-25T13:14:34","modified_gmt":"2025-11-25T11:14:34","slug":"ciclos-formativos","status":"publish","type":"page","link":"https:\/\/blogsaverroes.juntadeandalucia.es\/iesguadaiza\/ciclos-formativos\/","title":{"rendered":"Ciclos Formativos"},"content":{"rendered":"<h1>Grado medio<\/h1>\n<p>Un <strong>ciclo formativo de grado medio<\/strong> te prepara para incorporarte al mercado laboral con competencias profesionales concretas en un sector determinado. Estos ciclos est\u00e1n vinculados a&nbsp;<strong>est\u00e1ndares de competencia profesional de nivel 2<\/strong>, seg\u00fan el&nbsp;<a href=\"https:\/\/incual.educacion.gob.es\/documents\/d\/extranet\/cnecp_listado-ecps-con-nipo\" target=\"_blank\" rel=\"noopener\">Cat\u00e1logo Nacional de Est\u00e1ndares de Competencias Profesionales<\/a>, y tienen como objetivo proporcionarte una formaci\u00f3n pr\u00e1ctica, especializada y directamente aplicable al \u00e1mbito laboral.<\/p>\n<p><strong>Estructura de los ciclos formativos de grado medio<\/strong><\/p>\n<p>Un grado medio tiene una&nbsp;<strong>estructura modular<\/strong>, dise\u00f1ada para garantizar una s\u00f3lida base profesional y transversal. Cada ciclo se divide en dos grandes bloques:<\/p>\n<ol>\n<li><strong>Parte troncal obligatoria.&nbsp;<\/strong>Garantiza la adquisici\u00f3n de la competencia general relacionada con el perfil profesional del t\u00edtulo. Incluye:\n<ol>\n<li><strong>M\u00f3dulos profesionales<\/strong>&nbsp;del Cat\u00e1logo Modular de Formaci\u00f3n Profesional.<\/li>\n<li><strong>M\u00f3dulos asociados a las habilidades y capacidades transversales<\/strong>, y a la orientaci\u00f3n laboral y el emprendimiento pertinentes para el conocimiento de los sectores productivos y para la madurez profesional. Esos m\u00f3dulos son:\n<ol>\n<li>Itinerario para la empleabilidad I y II<\/li>\n<li>Digitalizaci\u00f3n aplicada al sistema productivo<\/li>\n<li>Sostenibilidad aplicada al sistema productivo<\/li>\n<li>Ingl\u00e9s profesional<\/li>\n<\/ol>\n<\/li>\n<li><strong>Proyecto intermodular<\/strong>. Es una actividad integradora que te permite aplicar de forma pr\u00e1ctica los conocimientos adquiridos a lo largo de curso.<\/li>\n<\/ol>\n<\/li>\n<li><strong>Parte de optatividad.<\/strong>&nbsp;Los m\u00f3dulos optativos te permiten profundizar en \u00e1reas concretas de inter\u00e9s dentro de tu especialidad.<\/li>\n<\/ol>\n<p><strong>Duraci\u00f3n y titulaci\u00f3n<\/strong><\/p>\n<p>Los ciclos formativos de grado medio tienen una duraci\u00f3n de dos cursos acad\u00e9micos. Al finalizar con \u00e9xito el ciclo, obtendr\u00e1s el&nbsp;<strong>t\u00edtulo de T\u00e9cnico<\/strong>&nbsp;de Formaci\u00f3n Profesional en la especialidad correspondiente. Con \u00e9l, podr\u00e1s&nbsp;<a href=\"https:\/\/www.boe.es\/buscar\/doc.php?id=BOE-A-2023-16889\" target=\"_blank\" rel=\"noopener\">(art. 147 del Real Decreto 659\/2023)<\/a>:<\/p>\n<ul>\n<li>Acceder a un ciclo formativo de&nbsp;<strong>grado superior<\/strong>.<\/li>\n<li>Realizar&nbsp;<strong>cursos de especializaci\u00f3n<\/strong>&nbsp;de formaci\u00f3n profesional de grado medio.<\/li>\n<li>Acceder a las&nbsp;<strong>ense\u00f1anzas art\u00edsticas de grado superior de artes pl\u00e1sticas y dise\u00f1o<\/strong>, tras la superaci\u00f3n de una prueba que permita demostrar las aptitudes necesarias para cursar con aprovechamiento dichas ense\u00f1anzas.<\/li>\n<li>Acceder a cualquier modalidad de&nbsp;<strong>bachillerato<\/strong>.<\/li>\n<li>Obtener el t\u00edtulo de Bachiller en la modalidad general mediante la superaci\u00f3n de las materias comunes, de acuerdo con lo recogido en la&nbsp;<a href=\"https:\/\/www.boe.es\/buscar\/act.php?id=BOE-A-2006-7899\" target=\"_blank\" rel=\"noopener\">Ley Org\u00e1nica 2\/2006 de Educaci\u00f3n<\/a>.<\/li>\n<\/ul>\n<h1>Grado superior<\/h1>\n<p>Un ciclo formativo de grado superior te proporciona una formaci\u00f3n que te permitir\u00e1 desarrollar actividades de forma aut\u00f3noma donde se dominen diversas t\u00e9cnicas, con responsabilidad en la coordinaci\u00f3n y supervisi\u00f3n del trabajo t\u00e9cnico y especializado. Estos ciclos est\u00e1n vinculados a&nbsp;<strong>est\u00e1ndares de competencia profesional de nivel 3<\/strong>, seg\u00fan el&nbsp;<a href=\"https:\/\/incual.educacion.gob.es\/documents\/d\/extranet\/cnecp_listado-ecps-con-nipo\" target=\"_blank\" rel=\"noopener\">Cat\u00e1logo Nacional de Est\u00e1ndares de Competencias Profesionales<\/a>, y tienen como objetivo proporcionarte una formaci\u00f3n pr\u00e1ctica, especializada y directamente aplicable al \u00e1mbito laboral.<\/p>\n<p><strong>Estructura de los ciclos formativos de grado superior<\/strong><\/p>\n<p>Un grado superior tiene una estructura modular, dise\u00f1ada para garantizar una s\u00f3lida base profesional y transversal. Cada ciclo se divide en dos grandes bloques:<\/p>\n<ol>\n<li><strong>Parte troncal obligatoria.<\/strong>&nbsp;Garantiza la adquisici\u00f3n de la competencia general relacionada con el perfil profesional del t\u00edtulo. Incluye:\n<ol>\n<li><strong>M\u00f3dulos profesionales<\/strong>&nbsp;del Cat\u00e1logo Modular de Formaci\u00f3n Profesional.<\/li>\n<li><strong>M\u00f3dulos asociados a las habilidades y capacidades transversales<\/strong>, y a la orientaci\u00f3n laboral y el emprendimiento pertinentes para el conocimiento de los sectores productivos y para la madurez profesional. Esos m\u00f3dulos son:\n<ol>\n<li>Itinerario para la empleabilidad I y II<\/li>\n<li>Digitalizaci\u00f3n aplicada al sistema productivo<\/li>\n<li>Sostenibilidad aplicada al sistema productivo<\/li>\n<li>Ingl\u00e9s profesional<\/li>\n<\/ol>\n<\/li>\n<li><strong>Proyecto intermodular<\/strong>. Es una actividad integradora que te permite aplicar de forma pr\u00e1ctica los conocimientos adquiridos a lo largo de curso.<\/li>\n<\/ol>\n<\/li>\n<li><strong>Parte de optatividad.<\/strong>&nbsp;Los m\u00f3dulos optativos te permiten profundizar en \u00e1reas concretas de inter\u00e9s dentro de tu especialidad.<\/li>\n<\/ol>\n<p><strong>Duraci\u00f3n y titulaci\u00f3n<\/strong><\/p>\n<p>Los ciclos formativos de grado superior tienen una duraci\u00f3n de dos cursos acad\u00e9micos. Al finalizar con \u00e9xito el ciclo, obtendr\u00e1s el&nbsp;<strong>t\u00edtulo de T\u00e9cnico Superior<\/strong>&nbsp;de Formaci\u00f3n Profesional en la especialidad correspondiente. Este t\u00edtulo te permitir\u00e1&nbsp;<a href=\"https:\/\/www.boe.es\/buscar\/doc.php?id=BOE-A-2023-16889\" target=\"_blank\" rel=\"noopener\">(art. 147 del Real Decreto 659\/2023)<\/a>:<\/p>\n<ul>\n<li>El acceso a&nbsp;<strong>cursos de especializaci\u00f3n<\/strong>&nbsp;de Formaci\u00f3n Profesional de grado superior.<\/li>\n<li>El acceso, previa superaci\u00f3n de un procedimiento de admisi\u00f3n, a los&nbsp;<strong>estudios universitarios de grado<\/strong>, con reconocimiento de cr\u00e9ditos. Ten en cuenta que, de acuerdo con el art\u00edculo 44 de la<a href=\"https:\/\/www.boe.es\/buscar\/act.php?id=BOE-A-2006-7899\" target=\"_blank\" rel=\"noopener\">&nbsp;Ley Org\u00e1nica 2\/2006<\/a>, de 3 de mayo, de Educaci\u00f3n, los t\u00e9cnicos superiores de Formaci\u00f3n Profesional podr\u00e1n acceder directamente a ense\u00f1anzas universitarias sin la superaci\u00f3n de la prueba de acceso a la universidad. En este caso, tu nota de acceso ser\u00e1 la nota media de tu expediente en el ciclo formativo. Si quieres mejorar tu nota media, entonces deber\u00e1s presentarte a la prueba de acceso a la universidad.<\/li>\n<\/ul>\n<h1>Formaci\u00f3n en empresa<\/h1>\n<p>Los proyectos de Formaci\u00f3n Profesional Dual se pusieron en marcha en Andaluc\u00eda en el curso 2012\/2013. Desde entonces, esta modalidad ha permitido al alumnado recibir formaci\u00f3n en un entorno real de trabajo, combinando las clases en sus centros educativos con el aprendizaje que adquir\u00edan en las empresas durante la fase de alternancia. De esta manera, se desarrollan los mismos contenidos y resultados de aprendizaje que en el aula, aunque de una manera eminentemente pr\u00e1ctica. No cambia qu\u00e9 aprenden, sino c\u00f3mo lo aprenden.<\/p>\n<p>Con la implantaci\u00f3n del&nbsp;<a href=\"https:\/\/www.boe.es\/eli\/es\/rd\/2023\/07\/18\/659\/con\" target=\"_blank\" rel=\"noopener\">Real Decreto 659\/2023, de 18 de julio<\/a>, por el que se desarrolla la ordenaci\u00f3n del Sistema de Formaci\u00f3n Profesional, todas las ense\u00f1anzas de Formaci\u00f3n Profesional tienen una <strong>fase de formaci\u00f3n en empresas u organismos equiparados<\/strong> (FFEOE), tal y como ocurr\u00eda en los proyectos de Formaci\u00f3n Profesional Dual de nuestra comunidad aut\u00f3noma. De hecho, en este periodo 2024\/2025, <strong>todos los primeros cursos<\/strong> de grados D (grado b\u00e1sico, medio y superior) y, en su caso, grados E (cursos de especializaci\u00f3n), cuentan ya con esta fase de formaci\u00f3n en empresas. As\u00ed, <strong>desde el primer a\u00f1o<\/strong>, los estudiantes han empezado a aplicar lo aprendido en clase en un entorno laboral real.&nbsp;<\/p>\n<p>El alumnado que realiza la fase de formaci\u00f3n en empresas u organismos equiparados puede hacerlo bajo dos reg\u00edmenes diferenciados:<\/p>\n<p><strong>R\u00e9gimen general<\/strong><\/p>\n<p>Este r\u00e9gimen se caracteriza por los siguientes requisitos:<\/p>\n<ul>\n<li>La formaci\u00f3n en la empresa representar\u00e1 entre el 25% y el 35% de la duraci\u00f3n total del ciclo formativo. En el caso de los grados b\u00e1sicos, esta formaci\u00f3n equivaldr\u00e1 al 20% de la duraci\u00f3n total.<\/li>\n<li>Se desarrollar\u00e1 en la empresa entre el 10% y el 20% de los resultados de aprendizaje de los m\u00f3dulos profesionales.<\/li>\n<li>El alumnado estar\u00e1 registrado en el Sistema de la Seguridad Social como estudiantes en pr\u00e1cticas formativas, que podr\u00e1n ser remuneradas (a trav\u00e9s del sistema de becas existente) o no remuneradas.<\/li>\n<\/ul>\n<p>El <strong>r\u00e9gimen general<\/strong> es el que se lleva a cabo en el <strong>IES Guadaiza<\/strong> desde el curso acad\u00e9mico 2025\/26<\/p>\n<p><strong>R\u00e9gimen intensivo<\/strong><\/p>\n<p>Este r\u00e9gimen se diferencia por los siguientes aspectos:<\/p>\n<ul>\n<li>La formaci\u00f3n en la empresa representar\u00e1 m\u00e1s del 35% y menos del 50% de la duraci\u00f3n total del ciclo formativo.<\/li>\n<li>Se desarrollar\u00e1 en la empresa al menos el 30% de los resultados de aprendizaje de los m\u00f3dulos profesionales.<\/li>\n<li>Existir\u00e1 un contrato formativo en alternancia entre el alumnado y la empresa. Sin embargo, hasta 2028, de manera transitoria, podr\u00e1 mantenerse el modelo de beca actual (pr\u00e1cticas formativas remuneradas) en lugar del contrato de formaci\u00f3n.<\/li>\n<\/ul>\n<p>Los t\u00edtulos impartidos en el <strong>IES Guadaiza<\/strong> son dos:<\/p>\n<h2>T\u00e9cnico en Gesti\u00f3n Administrativa<\/h2>\n<p>La competencia general de este t\u00edtulo consiste en realizar actividades de apoyo administrativo en el \u00e1mbito laboral, contable, comercial, financiero y fiscal, as\u00ed como de atenci\u00f3n al cliente\/usuario, tanto en empresas p\u00fablicas como privadas, aplicando la normativa vigente y protocolos de calidad, asegurando la satisfacci\u00f3n del cliente y actuando seg\u00fan normas de prevenci\u00f3n de riesgos laborales y protecci\u00f3n ambiental.<\/p>\n<h2>Entorno profesional<\/h2>\n<ol>\n<li>\nEste profesional ejerce su actividad tanto en grandes como en medianas y peque\u00f1as empresas, en cualquier sector de actividad, y particularmente en el sector servicios, as\u00ed como en las administraciones p\u00fablicas, ofreciendo apoyo administrativo en las tareas de administraci\u00f3n y gesti\u00f3n de dichas empresas e instituciones y prestando atenci\u00f3n a los clientes y ciudadanos.<\/p>\n<p>2. Las ocupaciones y puestos de trabajo m\u00e1s relevantes son los siguientes:<\/p>\n<p>&#8211; Auxiliar administrativo.<br \/>\n&#8211; Ayudante de oficina.<br \/>\n&#8211; Auxiliar administrativo de cobros y pagos<br \/>\n&#8211; Administrativo comercial.<br \/>\n&#8211; Auxiliar administrativo de gesti\u00f3n de personal<br \/>\n&#8211; Auxiliar administrativo de las administraciones p\u00fablicas.<br \/>\n&#8211; Recepcionista.<br \/>\n&#8211; Empleado de atenci\u00f3n al cliente.<br \/>\n&#8211; Empleado de tesorer\u00eda.<br \/>\n&#8211; Empleado de medios de pago.<\/li>\n<\/ol>\n<p>Real Decreto:&nbsp;<a href=\"http:\/\/www.juntadeandalucia.es\/educacion\/portals\/galion\/RD\/RD_48.pdf\" target=\"_blank\" rel=\"noopener\">Real Decreto 1631\/2009, de 30 de octubre<\/a><\/p>\n<p>Orden Andaluc\u00eda:&nbsp;<a href=\"http:\/\/www.juntadeandalucia.es\/educacion\/portals\/galion\/ORD\/ORD_48.pdf\" target=\"_blank\" rel=\"noopener\">ORDEN de 21 de febrero de 2011<\/a><\/p>\n<p>&nbsp;<\/p>\n<h2>T\u00e9cnico Superior en Administraci\u00f3n y Finanzas<\/h2>\n<p>La competencia general de este t\u00edtulo consiste en organizar y ejecutar las operaciones de gesti\u00f3n y administraci\u00f3n en los procesos comerciales, laborales, contables, fiscales y financieros de una empresa p\u00fablica o privada, aplicando la normativa vigente y los protocolos de gesti\u00f3n de calidad, gestionando la informaci\u00f3n, asegurando la satisfacci\u00f3n del cliente y\/o usuario y actuando seg\u00fan las normas de prevenci\u00f3n de riesgos laborales y protecci\u00f3n medioambiental.<\/p>\n<h2>Entorno profesional<\/h2>\n<ol>\n<li>\nLas personas que obtienen este t\u00edtulo ejercen su actividad tanto en grandes como en medianas y peque\u00f1as empresas, en cualquier sector de actividad, particularmente en el sector servicios, as\u00ed como en las administraciones p\u00fablicas, desempe\u00f1ando las tareas administrativas en la gesti\u00f3n y el asesoramiento en las \u00e1reas laboral, comercial, contable y fiscal de dichas empresas e instituciones, ofreciendo un servicio y atenci\u00f3n a los clientes y ciudadanos, realizando tr\u00e1mites administrativos con las administraciones p\u00fablicas y gestionando el archivo y las comunicaciones de la empresa.Podr\u00eda ser trabajador por cuenta propia, efectuando la gesti\u00f3n de su propia empresa o a trav\u00e9s del ejercicio libre de una actividad econ\u00f3mica, como en una asesor\u00eda financiera, laboral o estudio de proyectos, entre otros.<\/p>\n<p>2. Las ocupaciones y puestos de trabajo m\u00e1s relevantes son los siguientes:<\/p>\n<p>&#8211; Administrativo de oficina<br \/>\n&#8211; Administrativo comercial.<br \/>\n&#8211; Administrativo financiero.<br \/>\n&#8211; Administrativo contable.<br \/>\n&#8211; Administrativo de log\u00edstica.<br \/>\n&#8211; Administrativo de banca y de seguros.<br \/>\n&#8211; Administrativo de recursos humanos.<br \/>\n&#8211; Administrativo de la Administraci\u00f3n p\u00fablica.<br \/>\n&#8211; Administrativo de asesor\u00edas jur\u00eddicas, contables, laborales, fiscales o gestor\u00edas.<br \/>\n&#8211; T\u00e9cnico en gesti\u00f3n de cobros.<br \/>\n&#8211; Responsable de atenci\u00f3n al cliente.<\/p>\n<p>Real Decreto:&nbsp;<a href=\"http:\/\/www.juntadeandalucia.es\/educacion\/portals\/galion\/RD\/RD_88.pdf\" target=\"_blank\" rel=\"noopener\">Real Decreto 1584\/2011, de 4 de noviembre<\/a><\/li>\n<\/ol>\n<p>Orden Andaluc\u00eda:&nbsp;<a href=\"http:\/\/www.juntadeandalucia.es\/educacion\/portals\/galion\/ORD\/ORD_88.pdf\" target=\"_blank\" rel=\"noopener\">Orden de 11 de marzo de 2013<\/a><\/p>\n<p>&nbsp;<\/p>\n","protected":false},"excerpt":{"rendered":"<p>Grado medio Un ciclo formativo de grado medio te prepara para incorporarte al mercado laboral con competencias profesionales concretas en&#46;&#46;&#46;<\/p>\n","protected":false},"author":8442,"featured_media":0,"parent":0,"menu_order":0,"comment_status":"closed","ping_status":"closed","template":"","meta":{"ngg_post_thumbnail":0,"footnotes":"","_mc_calendar":[]},"aioseo_notices":[],"_links":{"self":[{"href":"https:\/\/blogsaverroes.juntadeandalucia.es\/iesguadaiza\/wp-json\/wp\/v2\/pages\/2477"}],"collection":[{"href":"https:\/\/blogsaverroes.juntadeandalucia.es\/iesguadaiza\/wp-json\/wp\/v2\/pages"}],"about":[{"href":"https:\/\/blogsaverroes.juntadeandalucia.es\/iesguadaiza\/wp-json\/wp\/v2\/types\/page"}],"author":[{"embeddable":true,"href":"https:\/\/blogsaverroes.juntadeandalucia.es\/iesguadaiza\/wp-json\/wp\/v2\/users\/8442"}],"replies":[{"embeddable":true,"href":"https:\/\/blogsaverroes.juntadeandalucia.es\/iesguadaiza\/wp-json\/wp\/v2\/comments?post=2477"}],"version-history":[{"count":7,"href":"https:\/\/blogsaverroes.juntadeandalucia.es\/iesguadaiza\/wp-json\/wp\/v2\/pages\/2477\/revisions"}],"predecessor-version":[{"id":6321,"href":"https:\/\/blogsaverroes.juntadeandalucia.es\/iesguadaiza\/wp-json\/wp\/v2\/pages\/2477\/revisions\/6321"}],"wp:attachment":[{"href":"https:\/\/blogsaverroes.juntadeandalucia.es\/iesguadaiza\/wp-json\/wp\/v2\/media?parent=2477"}],"curies":[{"name":"wp","href":"https:\/\/api.w.org\/{rel}","templated":true}]}}