{"id":2582,"date":"2020-03-19T12:55:47","date_gmt":"2020-03-19T12:55:47","guid":{"rendered":"https:\/\/blogsaverroes.juntadeandalucia.es\/iesguadaiza\/?page_id=2582"},"modified":"2020-11-30T12:44:11","modified_gmt":"2020-11-30T12:44:11","slug":"informatica-y-tic","status":"publish","type":"page","link":"https:\/\/blogsaverroes.juntadeandalucia.es\/iesguadaiza\/informatica-y-tic\/","title":{"rendered":"Inform\u00e1tica y TIC"},"content":{"rendered":"<p>Las programaciones did\u00e1cticas de las asignaturas de Inform\u00e1tica se agrupan dentro de las del <a href=\"https:\/\/blogsaverroes.juntadeandalucia.es\/iesguadaiza\/tecnologia\/materiales-recursos\/\">Departamento de Tecnolog\u00eda<\/a><\/p>\n","protected":false},"excerpt":{"rendered":"<p>Las programaciones did\u00e1cticas de las asignaturas de Inform\u00e1tica se agrupan dentro de las del Departamento de Tecnolog\u00eda<\/p>\n","protected":false},"author":8447,"featured_media":0,"parent":0,"menu_order":0,"comment_status":"closed","ping_status":"closed","template":"","meta":{"ngg_post_thumbnail":0,"footnotes":"","_mc_calendar":[]},"aioseo_notices":[],"_links":{"self":[{"href":"https:\/\/blogsaverroes.juntadeandalucia.es\/iesguadaiza\/wp-json\/wp\/v2\/pages\/2582"}],"collection":[{"href":"https:\/\/blogsaverroes.juntadeandalucia.es\/iesguadaiza\/wp-json\/wp\/v2\/pages"}],"about":[{"href":"https:\/\/blogsaverroes.juntadeandalucia.es\/iesguadaiza\/wp-json\/wp\/v2\/types\/page"}],"author":[{"embeddable":true,"href":"https:\/\/blogsaverroes.juntadeandalucia.es\/iesguadaiza\/wp-json\/wp\/v2\/users\/8447"}],"replies":[{"embeddable":true,"href":"https:\/\/blogsaverroes.juntadeandalucia.es\/iesguadaiza\/wp-json\/wp\/v2\/comments?post=2582"}],"version-history":[{"count":7,"href":"https:\/\/blogsaverroes.juntadeandalucia.es\/iesguadaiza\/wp-json\/wp\/v2\/pages\/2582\/revisions"}],"predecessor-version":[{"id":3907,"href":"https:\/\/blogsaverroes.juntadeandalucia.es\/iesguadaiza\/wp-json\/wp\/v2\/pages\/2582\/revisions\/3907"}],"wp:attachment":[{"href":"https:\/\/blogsaverroes.juntadeandalucia.es\/iesguadaiza\/wp-json\/wp\/v2\/media?parent=2582"}],"curies":[{"name":"wp","href":"https:\/\/api.w.org\/{rel}","templated":true}]}}