{"id":2689,"date":"2020-04-01T09:18:10","date_gmt":"2020-04-01T09:18:10","guid":{"rendered":"https:\/\/blogsaverroes.juntadeandalucia.es\/iesguadaiza\/?page_id=2689"},"modified":"2020-11-30T12:54:45","modified_gmt":"2020-11-30T12:54:45","slug":"plan-de-igualdad","status":"publish","type":"page","link":"https:\/\/blogsaverroes.juntadeandalucia.es\/iesguadaiza\/plan-de-igualdad\/","title":{"rendered":"Plan de Igualdad"},"content":{"rendered":"<ul>\n<li><a href=\"https:\/\/blogsaverroes.juntadeandalucia.es\/iesguadaiza\/files\/2020\/11\/Programaciones-Coeducaci\u00f3n-20-21.pdf\">Programaciones Coeducaci\u00f3n 20-21<\/a><\/li>\n<\/ul>\n<p>El desarrollo del Plan de Igualdad en el centro es responsabilidad de toda la comunidad educativa y deber\u00e1n incluirse en el Proyecto Educativo las actuaciones que se llevar\u00e1n a cabo en cada uno de sus elementos, especialmente en el tratamiento transversal de la perspectiva de g\u00e9nero en el curr\u00edculum, la formaci\u00f3n igualitaria y coeducativa en el plan de convivencia y el plan de orientaci\u00f3n y acci\u00f3n tutorial, pudiendo incluir propuestas dirigidas al alumnado, el profesorado y las familias. Es un trabajo en equipo.<\/p>\n<p>Por este motivo se crea este apartado en nuestra web. Os dejamos el enlace al&nbsp;<strong><a href=\"http:\/\/www.juntadeandalucia.es\/educacion\/portals\/web\/igualdad\" target=\"_blank\" rel=\"noopener noreferrer\">Portal de Igualdad<\/a><\/strong> de la <strong>Consejer\u00eda de Educaci\u00f3n y Deporte<\/strong>, as\u00ed como las \u00faltimas propuestas de nuestra Coordinadora de Igualdad:<\/p>\n<ol>\n<li><span style=\"font-family: arial, sans-serif\"><span style=\"color: #333333\"><b><u>APP PALABRA DE MUJER<\/u><\/b><b>.&nbsp;<\/b><\/span><span style=\"color: #333333\">Es una app gratuita que recoge citas de mujeres importantes que nuestro alumnado puede compartir con sus contactos.&nbsp;<\/span><span style=\"color: #000000\">Una buena manera de ense\u00f1ar a los alumnos el pensamiento y&nbsp;<\/span><span style=\"color: #000000\">trayectoria de mujeres que marcaron un antes y despu\u00e9s en la historia.&nbsp;<\/span><span style=\"color: #000000\">Esta APP gratuita recoge citas de escritoras, cient\u00edficas, pol\u00edticas, artistas, periodistas, soci\u00f3logas, pensadoras, fil\u00f3sofas, activistas de todos los tiempos que pueden compartir con sus contactos. Contribuye as\u00ed a potenciar modelos inspiradores de mujer e incrementar la presencia de las mujeres en la sociedad.&nbsp;<\/span><span style=\"color: #000000\">Asimismo, permite compartir reflexiones y biograf\u00edas de todas esas mujeres:<\/span><\/span>\n<p align=\"LEFT\"><span style=\"color: #000081\"><span style=\"font-family: arial, sans-serif\"><a href=\"https:\/\/play.google.com\/store\/apps\/details?id=laura.saenz.palabrademujer2&amp;hl=es\" target=\"_blank\" rel=\"noopener noreferrer\" data-saferedirecturl=\"https:\/\/www.google.com\/url?q=https:\/\/play.google.com\/store\/apps\/detailsid%3Dlaura.saenz.palabrademujer2%26hl%3Des&amp;source=gmail&amp;ust=1585762965852000&amp;usg=AFQjCNFEIehAIYbHFYIHmpqNKxbQZNwxdg\">https:\/\/play.google.com\/store\/apps\/detailsid=laura.saenz.palabrademujer2&amp;hl=es<\/a><\/span><\/span><\/p>\n<\/li>\n<li>\n<p align=\"LEFT\"><span style=\"font-family: arial, sans-serif\"><span style=\"color: #333333\"><b><u>V\u00cdDEO EN YOUTUBE: <\/u><\/b><\/span><b><u>Kakenya Ntaiya: Una ni\u00f1a que exigi\u00f3 una educaci\u00f3n.<\/u><\/b>&nbsp;&nbsp;Kakenya Ntaiya hizo un trato con su padre: ella se someter\u00eda al ritual de iniciaci\u00f3n de la circuncisi\u00f3n femenina si \u00e9l la dejaba ir a la preparatoria. Ntaiya cuenta su valiente historia de c\u00f3mo continu\u00f3 sus estudios universitarios y de c\u00f3mo trabaj\u00f3 con los ancianos de su aldea para construir una escuela para ni\u00f1as en su comunidad. Es el viaje educativo de una persona que cambi\u00f3 el destino de 125 j\u00f3venes mujeres.(Filmado en TEDxMidAtlantic)<\/span><\/p>\n<p><span style=\"font-family: arial, sans-serif\"><a href=\"https:\/\/www.youtube.com\/watch?v=m-vyBpWueu4\" target=\"_blank\" rel=\"noopener noreferrer\" data-saferedirecturl=\"https:\/\/www.google.com\/url?q=https:\/\/www.youtube.com\/watch?v%3Dm-vyBpWueu4&amp;source=gmail&amp;ust=1585762965852000&amp;usg=AFQjCNFVkX1K6eSpik-f8vnvCs8-LfJu2Q\">https:\/\/www.youtube.com\/watch?v=m-vyBpWueu4<\/a>&nbsp;<\/span><\/li>\n<li><span style=\"font-family: arial, sans-serif\"><b><u>EL PA\u00cdS.<\/u>&nbsp;&nbsp;<\/b>En el siguiente enlace de El Pa\u00eds encontrar\u00e9is informaci\u00f3n de mujeres cient\u00edficas con solo hacer un click sobre cada imagen:<\/span><a href=\"https:\/\/elpais.com\/especiales\/2018\/mujeres-de-la-ciencia\/\" target=\"_blank\" rel=\"noopener noreferrer\" data-saferedirecturl=\"https:\/\/www.google.com\/url?q=https:\/\/elpais.com\/especiales\/2018\/mujeres-de-la-ciencia\/&amp;source=gmail&amp;ust=1585762965852000&amp;usg=AFQjCNG2X-4pft_ahYX_q6HUCYZE7LJ6BQ\"><span style=\"color: #337ab7\"><span style=\"font-family: arial, sans-serif\">https:\/\/elpais.com\/especiales\/2018\/mujeres-de-la-ciencia\/<\/span><\/span><\/a><\/li>\n<\/ol>\n","protected":false},"excerpt":{"rendered":"<p>Programaciones Coeducaci\u00f3n 20-21 El desarrollo del Plan de Igualdad en el centro es responsabilidad de toda la comunidad educativa y&#46;&#46;&#46;<\/p>\n","protected":false},"author":8442,"featured_media":2693,"parent":0,"menu_order":0,"comment_status":"closed","ping_status":"closed","template":"","meta":{"ngg_post_thumbnail":0,"footnotes":"","_mc_calendar":[]},"aioseo_notices":[],"_links":{"self":[{"href":"https:\/\/blogsaverroes.juntadeandalucia.es\/iesguadaiza\/wp-json\/wp\/v2\/pages\/2689"}],"collection":[{"href":"https:\/\/blogsaverroes.juntadeandalucia.es\/iesguadaiza\/wp-json\/wp\/v2\/pages"}],"about":[{"href":"https:\/\/blogsaverroes.juntadeandalucia.es\/iesguadaiza\/wp-json\/wp\/v2\/types\/page"}],"author":[{"embeddable":true,"href":"https:\/\/blogsaverroes.juntadeandalucia.es\/iesguadaiza\/wp-json\/wp\/v2\/users\/8442"}],"replies":[{"embeddable":true,"href":"https:\/\/blogsaverroes.juntadeandalucia.es\/iesguadaiza\/wp-json\/wp\/v2\/comments?post=2689"}],"version-history":[{"count":5,"href":"https:\/\/blogsaverroes.juntadeandalucia.es\/iesguadaiza\/wp-json\/wp\/v2\/pages\/2689\/revisions"}],"predecessor-version":[{"id":3912,"href":"https:\/\/blogsaverroes.juntadeandalucia.es\/iesguadaiza\/wp-json\/wp\/v2\/pages\/2689\/revisions\/3912"}],"wp:featuredmedia":[{"embeddable":true,"href":"https:\/\/blogsaverroes.juntadeandalucia.es\/iesguadaiza\/wp-json\/wp\/v2\/media\/2693"}],"wp:attachment":[{"href":"https:\/\/blogsaverroes.juntadeandalucia.es\/iesguadaiza\/wp-json\/wp\/v2\/media?parent=2689"}],"curies":[{"name":"wp","href":"https:\/\/api.w.org\/{rel}","templated":true}]}}