{"id":2723,"date":"2020-04-06T08:55:45","date_gmt":"2020-04-06T08:55:45","guid":{"rendered":"https:\/\/blogsaverroes.juntadeandalucia.es\/iesguadaiza\/?page_id=2723"},"modified":"2025-12-07T12:10:01","modified_gmt":"2025-12-07T10:10:01","slug":"plan-de-centro","status":"publish","type":"page","link":"https:\/\/blogsaverroes.juntadeandalucia.es\/iesguadaiza\/plan-de-centro\/","title":{"rendered":"Plan de Centro 2025\/2026"},"content":{"rendered":"<p>Seg\u00fan se establece en el Decreto 327\/2010, de 13 de julio, por el que se aprueba el Reglamento Org\u00e1nico de los Institutos de Educaci\u00f3n Secundaria, <strong>el Proyecto Educativo de Centro (PEC), el Reglamento de Organizaci\u00f3n y Funcionamiento (ROF) y el&nbsp; Proyecto de Gesti\u00f3n Econ\u00f3mica (PGE)<\/strong> constituyen el <strong>Plan de Centro.<\/strong><\/p>\n<p>El Plan de Centro <strong>ser\u00e1 p\u00fablico<\/strong> y se facilitar\u00e1 su conocimiento por la comunidad educativa y la ciudadan\u00eda en general.<\/p>\n<p>Es por ello por lo que se reproduce a continuaci\u00f3n el aprobado para el curso 25\/26<\/p>\n<h3><a href=\"https:\/\/drive.google.com\/file\/d\/13J17la6t0J-icid2NHxu2MRQxJRUoa7R\/view?usp=sharing\">Proyecto educativo de Centro (PEC)<\/a><\/h3>\n<h3><a href=\"https:\/\/drive.google.com\/file\/d\/1xIMS2sWxoCb_Vb7MkK0Mc-T0VGELw6sj\/view?usp=sharing\">Reglamento de Organizaci\u00f3n y Funcionamiento (ROF)<\/a><\/h3>\n<h3><a href=\"https:\/\/drive.google.com\/file\/d\/1e5GkGgdO9t2fWANNjWm5alMICN9oXod3\/view?usp=sharing\">Proyecto de Gesti\u00f3n Econ\u00f3mica (PGE)<\/a><\/h3>\n","protected":false},"excerpt":{"rendered":"<p>Seg\u00fan se establece en el Decreto 327\/2010, de 13 de julio, por el que se aprueba el Reglamento Org\u00e1nico de&#46;&#46;&#46;<\/p>\n","protected":false},"author":8599,"featured_media":0,"parent":0,"menu_order":0,"comment_status":"closed","ping_status":"closed","template":"","meta":{"ngg_post_thumbnail":0,"footnotes":"","_mc_calendar":[]},"aioseo_notices":[],"_links":{"self":[{"href":"https:\/\/blogsaverroes.juntadeandalucia.es\/iesguadaiza\/wp-json\/wp\/v2\/pages\/2723"}],"collection":[{"href":"https:\/\/blogsaverroes.juntadeandalucia.es\/iesguadaiza\/wp-json\/wp\/v2\/pages"}],"about":[{"href":"https:\/\/blogsaverroes.juntadeandalucia.es\/iesguadaiza\/wp-json\/wp\/v2\/types\/page"}],"author":[{"embeddable":true,"href":"https:\/\/blogsaverroes.juntadeandalucia.es\/iesguadaiza\/wp-json\/wp\/v2\/users\/8599"}],"replies":[{"embeddable":true,"href":"https:\/\/blogsaverroes.juntadeandalucia.es\/iesguadaiza\/wp-json\/wp\/v2\/comments?post=2723"}],"version-history":[{"count":11,"href":"https:\/\/blogsaverroes.juntadeandalucia.es\/iesguadaiza\/wp-json\/wp\/v2\/pages\/2723\/revisions"}],"predecessor-version":[{"id":6322,"href":"https:\/\/blogsaverroes.juntadeandalucia.es\/iesguadaiza\/wp-json\/wp\/v2\/pages\/2723\/revisions\/6322"}],"wp:attachment":[{"href":"https:\/\/blogsaverroes.juntadeandalucia.es\/iesguadaiza\/wp-json\/wp\/v2\/media?parent=2723"}],"curies":[{"name":"wp","href":"https:\/\/api.w.org\/{rel}","templated":true}]}}