{"id":3180,"date":"2020-06-09T11:37:17","date_gmt":"2020-06-09T11:37:17","guid":{"rendered":"https:\/\/blogsaverroes.juntadeandalucia.es\/iesguadaiza\/?page_id=3180"},"modified":"2020-06-10T09:32:26","modified_gmt":"2020-06-10T09:32:26","slug":"visita-virtual","status":"publish","type":"page","link":"https:\/\/blogsaverroes.juntadeandalucia.es\/iesguadaiza\/visita-virtual\/","title":{"rendered":"Visita virtual"},"content":{"rendered":"<h2>En este v\u00eddeo podr\u00e1s ver c\u00f3mo es nuestro centro&nbsp;<\/h2>\n<p><iframe loading=\"lazy\" title=\"Visita virtual al IES Guadaiza\" width=\"500\" height=\"281\" src=\"https:\/\/www.youtube.com\/embed\/l8hR4hL7kLs?feature=oembed&#038;wmode=opaque\" frameborder=\"0\" allow=\"accelerometer; autoplay; clipboard-write; encrypted-media; gyroscope; picture-in-picture\" allowfullscreen><\/iframe><\/p>\n<h1>&nbsp;<\/h1>\n<h2>Y aqu\u00ed podr\u00e1s ver algunas de las locuras que se les ocurren a nuestros profes y alumnos y alumnas&nbsp;<\/h2>\n<p><iframe loading=\"lazy\" title=\"Lipdub IES Guadaiza - 2016\" width=\"500\" height=\"281\" src=\"https:\/\/www.youtube.com\/embed\/KWpZX6CLQG4?feature=oembed&#038;wmode=opaque\" frameborder=\"0\" allow=\"accelerometer; autoplay; clipboard-write; encrypted-media; gyroscope; picture-in-picture\" allowfullscreen><\/iframe><\/p>\n<h1>&nbsp;<\/h1>\n<h2>Y si el 2020\/2021 va a ser tu primer a\u00f1o en el centro porque vienes de alguno de los coles adscritos, como el Fuentenueva o el Daid\u00edn, no dejes de ver esta presentaci\u00f3n que ha preparado el orientador del EOE Juanjo Pruna <a href=\"https:\/\/eoemarbella.wordpress.com\/2020\/05\/12\/preparate-para-la-eso\/\" target=\"_blank\" rel=\"noopener noreferrer\">(alumnado de tr\u00e1nsito)<\/a><\/h2>\n<div style=\"width: 100%\">\n<div style=\"padding-bottom: 56.25%;padding-top: 0;height: 0\"><iframe loading=\"lazy\" src=\"https:\/\/view.genial.ly\/5ed8d85bdbbb930d03ea64ac\" width=\"1200px\" height=\"675px\" frameborder=\"0\" scrolling=\"yes\"><\/iframe><\/div>\n<\/div>\n<p>&nbsp;<\/p>\n","protected":false},"excerpt":{"rendered":"<p>En este v\u00eddeo podr\u00e1s ver c\u00f3mo es nuestro centro&nbsp; &nbsp; Y aqu\u00ed podr\u00e1s ver algunas de las locuras que se&#46;&#46;&#46;<\/p>\n","protected":false},"author":8442,"featured_media":0,"parent":0,"menu_order":0,"comment_status":"closed","ping_status":"closed","template":"","meta":{"ngg_post_thumbnail":0,"footnotes":"","_mc_calendar":[]},"aioseo_notices":[],"_links":{"self":[{"href":"https:\/\/blogsaverroes.juntadeandalucia.es\/iesguadaiza\/wp-json\/wp\/v2\/pages\/3180"}],"collection":[{"href":"https:\/\/blogsaverroes.juntadeandalucia.es\/iesguadaiza\/wp-json\/wp\/v2\/pages"}],"about":[{"href":"https:\/\/blogsaverroes.juntadeandalucia.es\/iesguadaiza\/wp-json\/wp\/v2\/types\/page"}],"author":[{"embeddable":true,"href":"https:\/\/blogsaverroes.juntadeandalucia.es\/iesguadaiza\/wp-json\/wp\/v2\/users\/8442"}],"replies":[{"embeddable":true,"href":"https:\/\/blogsaverroes.juntadeandalucia.es\/iesguadaiza\/wp-json\/wp\/v2\/comments?post=3180"}],"version-history":[{"count":7,"href":"https:\/\/blogsaverroes.juntadeandalucia.es\/iesguadaiza\/wp-json\/wp\/v2\/pages\/3180\/revisions"}],"predecessor-version":[{"id":3196,"href":"https:\/\/blogsaverroes.juntadeandalucia.es\/iesguadaiza\/wp-json\/wp\/v2\/pages\/3180\/revisions\/3196"}],"wp:attachment":[{"href":"https:\/\/blogsaverroes.juntadeandalucia.es\/iesguadaiza\/wp-json\/wp\/v2\/media?parent=3180"}],"curies":[{"name":"wp","href":"https:\/\/api.w.org\/{rel}","templated":true}]}}