{"id":3376,"date":"2020-07-14T09:39:06","date_gmt":"2020-07-14T09:39:06","guid":{"rendered":"https:\/\/blogsaverroes.juntadeandalucia.es\/iesguadaiza\/?page_id=3376"},"modified":"2025-07-14T12:15:35","modified_gmt":"2025-07-14T10:15:35","slug":"libros-de-texto","status":"publish","type":"page","link":"https:\/\/blogsaverroes.juntadeandalucia.es\/iesguadaiza\/libros-de-texto\/","title":{"rendered":"Libros de texto 2025-2026"},"content":{"rendered":"<p>Los libros de Secundaria adoptados en el centro pueden consultarse en el siguiente enlace:<\/p>\n<p><strong><a href=\"https:\/\/www.juntadeandalucia.es\/educacion\/portals\/web\/becas-y-ayudas\/gratuidad-de-libros\/consulta-seleccion-de-libros-de-texto\" target=\"_blank\" rel=\"noopener noreferrer\">Consulta de libros de texto del centro<\/a><\/strong><\/p>\n<p>SI TE FALTAN ETIQUETAS PARA LOS LIBROS DE TEXTO DE SECUNDARIA, SOLIC\u00cdTALAS PINCHANDO <a href=\"https:\/\/docs.google.com\/forms\/d\/e\/1FAIpQLSfa1BLal7YSaguBC04Bp9Oao9R9ZAFIPFki-2nU1NeL9-s4ZQ\/viewform?usp=sf_link\" target=\"_blank\" rel=\"noopener noreferrer\"><strong>AQU\u00cd<\/strong><\/a><\/p>\n<p><b>1\u00ba BACHILLERATO<\/b><\/p>\n<table width=\"969\">\n<tbody>\n<tr>\n<td width=\"205\"><strong>ASIGNATURA<\/strong><\/td>\n<td width=\"307\"><strong>T\u00cdTULO<\/strong><\/td>\n<td width=\"213\">AUTOR \/ ISBN<\/td>\n<td width=\"119\"><strong>EDITORIAL<\/strong><\/td>\n<td width=\"125\">A\u00d1O IMPOSICI\u00d3N<\/td>\n<\/tr>\n<tr>\n<td width=\"205\"><strong>Ingl\u00e9s Primer y Segundo Idioma<\/strong><\/td>\n<td width=\"307\">Mindset 1<\/td>\n<td width=\"213\">9789925305421<\/td>\n<td width=\"119\"><strong>Burlington Books<\/strong><\/td>\n<td width=\"125\">2022 \/ 2023<\/td>\n<\/tr>\n<tr>\n<td width=\"205\"><strong>Filosof\u00eda<\/strong><\/td>\n<td width=\"307\">Filosof\u00eda. 1\u00ba Bachillerato<\/td>\n<td width=\"213\">9788491892328<\/td>\n<td width=\"119\"><strong>Algaida<\/strong><\/td>\n<td width=\"125\">2020 \/ 2021<\/td>\n<\/tr>\n<tr>\n<td width=\"205\"><strong>Historia <\/strong><\/td>\n<td width=\"307\">Historia del Mundo contempor\u00e1neo<\/td>\n<td width=\"213\">9788468067728<\/td>\n<td width=\"119\"><strong>Santillana<\/strong><\/td>\n<td width=\"125\">2024 \/ 2025<\/td>\n<\/tr>\n<tr>\n<td width=\"205\"><strong>Franc\u00e9s Primer Idioma<\/strong><\/td>\n<td width=\"307\">G\u00e9n\u00e9ration Lyc\u00e9e 2 B1. <strong>(No comprar hasta hablar con el profesor)<\/strong><\/td>\n<td width=\"213\">9788490491904<\/td>\n<td width=\"119\"><strong>Santillana<\/strong><\/td>\n<td width=\"125\">2021 \/ 2022<\/td>\n<\/tr>\n<tr>\n<td width=\"205\"><strong>Franc\u00e9s Segundo Idioma<\/strong><\/td>\n<td width=\"307\">G\u00e9n\u00e9ration Lyc\u00e9e 1 A1-A2. <strong>(No comprar hasta hablar con el profesor)<\/strong><\/td>\n<td width=\"213\">9788490491898<\/td>\n<td width=\"119\"><strong>Santillana<\/strong><\/td>\n<td width=\"125\">2021 \/ 2022<\/td>\n<\/tr>\n<tr>\n<td width=\"205\"><strong>Lengua y Literatura<\/strong><\/td>\n<td width=\"307\">Lengua castellana y Literatura 1 (Pr. \u00cdtaca)<\/td>\n<td width=\"213\">9788415721628<\/td>\n<td width=\"119\"><strong>Sansy<\/strong><\/td>\n<td width=\"125\">2021 \/ 2022<\/td>\n<\/tr>\n<tr>\n<td width=\"205\"><strong>Matem\u00e1ticas ( Ciencias de la Salud)<\/strong><\/td>\n<td width=\"307\">Matem\u00e1ticas I. GENIOX PRO<\/p>\n<p>&nbsp;<\/td>\n<td width=\"213\">9780190545710<\/td>\n<td width=\"119\"><strong>OXFORD<\/strong><\/td>\n<td width=\"125\">2024 \/ 2025<\/td>\n<\/tr>\n<tr>\n<td width=\"205\"><strong>Matem\u00e1ticas ( Ciencias Sociales)<\/strong><\/td>\n<td width=\"307\">Matem\u00e1ticas Aplicadas Ciencias Sociales I. GENIOX PRO<\/td>\n<td width=\"213\">9780190545734<\/td>\n<td width=\"119\"><strong>OXFORD<\/strong><\/td>\n<td width=\"125\">2024 \/ 2025<\/td>\n<\/tr>\n<tr>\n<td width=\"205\"><strong>Griego<\/strong><\/td>\n<td width=\"307\">Griego I <strong>(No comprar hasta hablar con el profesor)<\/strong><\/td>\n<td width=\"213\">9788497714624<\/td>\n<td width=\"119\"><strong>Editex<\/strong><\/td>\n<td width=\"125\">2008 \/ 2009<\/td>\n<\/tr>\n<tr>\n<td width=\"205\"><strong>Lat\u00edn<\/strong><\/td>\n<td width=\"307\">V\u00eda Latina<\/p>\n<p><strong>&nbsp;(No comprar hasta hablar con el profesor)<\/strong><\/td>\n<td width=\"213\">9788494534621<\/td>\n<td width=\"119\"><strong>Cultura Cl\u00e1sica<\/strong><\/td>\n<td width=\"125\">2022 \/ 2023<\/td>\n<\/tr>\n<tr>\n<td width=\"205\"><strong>Educaci\u00f3n para la ciudadan\u00eda<\/strong><\/td>\n<td width=\"307\">Educaci\u00f3n para la ciudadan\u00eda y los derechos humanos <strong>(No comprar hasta hablar con el profesor)<\/strong><\/td>\n<td width=\"213\">9788467885163<\/td>\n<td width=\"119\"><strong>Anaya<\/strong><\/td>\n<td width=\"125\">2016 \/ 2017<\/td>\n<\/tr>\n<tr>\n<td width=\"205\"><strong>Econom\u00eda<\/strong><\/td>\n<td width=\"307\">Econom\u00eda <strong>(No comprar hasta hablar con el profesor)<\/strong><\/td>\n<td width=\"213\">9788448627454<\/td>\n<td width=\"119\"><strong>Mc Graw Hill<\/strong><\/td>\n<td width=\"125\">2024 \/ 2025<\/td>\n<\/tr>\n<tr>\n<td width=\"205\"><strong>F\u00edsica y Qu\u00edmica<\/strong><\/td>\n<td width=\"307\">F\u00edsica y Qu\u00edmica 1 Bachillerato <strong>(No comprar hasta hablar con el profesor)<\/strong><\/td>\n<td width=\"213\">9788416812899<\/td>\n<td width=\"119\"><strong>Editorial TU LIBRO<\/strong><\/td>\n<td width=\"125\">2024 \/ 2025<\/td>\n<\/tr>\n<\/tbody>\n<\/table>\n<p><strong>&nbsp;<\/strong><\/p>\n<p><strong>&nbsp;<\/strong><\/p>\n<p><strong>En las asignaturas que no figuran en el listado, habr\u00e1 que esperar a hablar con el Profesor en septiembre<\/strong><strong><br \/>\n2\u00ba BACHILLERATO<\/strong><\/p>\n<p><strong>&nbsp;<\/strong><\/p>\n<table width=\"984\">\n<tbody>\n<tr>\n<td width=\"208\">ASIGNATURA<\/td>\n<td width=\"245\">T\u00cdTULO<\/td>\n<td width=\"265\">ISBN<\/td>\n<td width=\"140\">EDITORIAL<\/td>\n<td width=\"126\">A\u00d1O IMPOSICI\u00d3N<\/td>\n<\/tr>\n<tr>\n<td width=\"208\"><strong>Ingl\u00e9s Primer y Segundo Idioma<\/strong><\/td>\n<td width=\"245\">Mindset 2<\/td>\n<td width=\"265\">9789925305322<\/td>\n<td width=\"140\"><strong>Burlington Books<\/strong><\/td>\n<td width=\"126\">2018 \/ 2019<\/td>\n<\/tr>\n<tr>\n<td width=\"208\"><strong>Historia de Espa\u00f1a<\/strong><\/p>\n<p><strong>&nbsp;<\/strong><\/td>\n<td width=\"245\">Historia de Espa\u00f1a <strong>(<\/strong><strong>esperar a hablar con el profesor<\/strong><strong>)<\/strong><\/td>\n<td width=\"265\">9788468295602<\/td>\n<td width=\"140\"><strong>Vicens Vives<\/strong><\/td>\n<td width=\"126\">2025 \/ 2026<\/td>\n<\/tr>\n<tr>\n<td width=\"208\"><strong>Franc\u00e9s Primer Idioma<\/strong><\/p>\n<p><strong>&nbsp;<\/strong><\/td>\n<td width=\"245\">G\u00e9n\u00e9ration Lyc\u00e9e 2 B1. <strong>(No comprar hasta hablar con el profesor)<\/strong><\/td>\n<td width=\"265\">9788490491904<\/td>\n<td width=\"140\"><strong>Santillana<\/strong><\/td>\n<td width=\"126\">2021 \/ 2022<\/td>\n<\/tr>\n<tr>\n<td width=\"208\"><strong>Franc\u00e9s Segundo Idioma<\/strong><\/p>\n<p><strong>&nbsp;<\/strong><\/td>\n<td width=\"245\">G\u00e9n\u00e9ration Lyc\u00e9e 1 A1-A2. <strong>(No comprar hasta hablar con el profesor)<\/strong><\/td>\n<td width=\"265\">9788490491898<\/td>\n<td width=\"140\"><strong>Santillana<\/strong><\/td>\n<td width=\"126\">2021 \/ 2022<\/td>\n<\/tr>\n<tr>\n<td width=\"208\"><strong>Lengua y Literatura<\/strong><\/td>\n<td width=\"245\">Lengua Castellana y Literatura II<\/td>\n<td width=\"265\">9788415721482<\/td>\n<td width=\"140\"><strong>Sansy<\/strong><\/td>\n<td width=\"126\">&nbsp;<\/p>\n<p>2021 \/ 2022<\/p>\n<p>&nbsp;<\/td>\n<\/tr>\n<tr>\n<td width=\"208\"><strong>Matem\u00e1ticas ( Ciencias de la Salud)<\/strong><\/td>\n<td width=\"245\">Matem\u00e1ticas II.<\/p>\n<p><strong>(<\/strong><strong>esperar a hablar con el profesor<\/strong><strong>)<\/strong><\/td>\n<td width=\"265\">9780190545727<\/p>\n<p><strong>(Recomendado, no obligatorio)<\/strong><\/td>\n<td width=\"140\"><strong>OXFORD<\/strong><\/td>\n<td width=\"126\">2024 \/ 2025<\/td>\n<\/tr>\n<tr>\n<td width=\"208\"><strong>Matem\u00e1ticas ( Ciencias Sociales)<\/strong><\/td>\n<td width=\"245\">Matem\u00e1ticas aplicadas a las Ciencias Sociales II. <strong>(<\/strong><strong>esperar a hablar con el profesor<\/strong><strong>)<\/strong><\/td>\n<td width=\"265\">9788414102022<\/p>\n<p><strong>(Recomendado, no obligatorio)<\/strong><\/td>\n<td width=\"140\"><strong>OXFORD<\/strong><\/td>\n<td width=\"126\">2024 \/ 2025<\/td>\n<\/tr>\n<tr>\n<td width=\"208\"><strong>Geograf\u00eda de Espa\u00f1a<\/strong><\/td>\n<td width=\"245\">Geograf\u00eda <strong>(<\/strong><strong>esperar a hablar con el profesor<\/strong><strong>)<\/strong><\/td>\n<td width=\"265\">9788469813232<\/td>\n<td width=\"140\"><strong>Anaya<\/strong><\/td>\n<td width=\"126\">2016 \/ 2017<\/td>\n<\/tr>\n<tr>\n<td width=\"208\"><strong>Educaci\u00f3n para la ciudadan\u00eda<\/strong><\/td>\n<td width=\"245\">Educaci\u00f3n para la ciudadan\u00eda y los derechos humanos <strong>(esperar a hablar con el profesor)<\/strong><\/td>\n<td width=\"265\">9788469814956<\/td>\n<td width=\"140\"><strong>Anaya<\/strong><\/td>\n<td width=\"126\">2016 \/ 2017<\/td>\n<\/tr>\n<tr>\n<td width=\"208\"><strong>Lat\u00edn<\/strong><\/td>\n<td width=\"245\">V\u00eda Latina (el mismo de 1\u00ba)<\/p>\n<p><strong>&nbsp;(No comprar hasta hablar con el profesor)<\/strong><\/td>\n<td width=\"265\">9788494534621<\/td>\n<td width=\"140\"><strong>Cultura Cl\u00e1sica<\/strong><\/p>\n<p><strong>&nbsp;<\/strong><\/td>\n<td width=\"126\">2022 \/ 2023<\/td>\n<\/tr>\n<\/tbody>\n<\/table>\n<p>&nbsp;<\/p>\n<p>&nbsp;<\/p>\n<p><strong>En las asignaturas que no figuran en el listado, habr\u00e1 que esperar a hablar con el Profesor en septiembre<\/strong><\/p>\n<p><strong>&nbsp;<\/strong><\/p>\n<p><strong>CICLO FORMATIVO de GESTI\u00d3N ADMINISTRATIVA (grado medio)<\/strong><\/p>\n<p>Libros de texto <strong><em>RECOMENDADOS<\/em><\/strong> <strong>(Su compra no es aconsejable hasta hablar con el profesor)<\/strong><\/p>\n<p><strong>&nbsp;<\/strong><\/p>\n<p><strong>1\u00ba Gesti\u00f3n Administrativa<\/strong><\/p>\n<p>&nbsp;<\/p>\n<table width=\"100%\">\n<tbody>\n<tr>\n<td width=\"20%\"><strong>ASIGNATURA<\/strong><\/td>\n<td width=\"36%\"><strong>T\u00cdTULO<\/strong><\/td>\n<td width=\"14%\">ISBN<\/td>\n<td width=\"18%\">EDITORIAL<\/td>\n<td width=\"10%\">A\u00d1O IMPOSICI\u00d3N<\/td>\n<\/tr>\n<tr>\n<td width=\"20%\">T\u00e9cnica Contable<\/td>\n<td width=\"36%\">T\u00e9cnica Contable<\/td>\n<td width=\"14%\"><strong>&nbsp;<\/strong><\/td>\n<td width=\"18%\"><strong>Mc Graw Hill<\/strong><\/td>\n<td width=\"10%\">&nbsp;<\/td>\n<\/tr>\n<tr>\n<td width=\"20%\">Compraventa<\/td>\n<td width=\"36%\">OPERACIONES ADMINISTRATIVAS DE COMPRAVENTA<\/td>\n<td width=\"14%\"><strong>&nbsp;<\/strong><\/td>\n<td width=\"18%\"><strong>Mc Graw Hill<\/strong><\/td>\n<td width=\"10%\">2018<\/td>\n<\/tr>\n<tr>\n<td width=\"20%\">Ingl\u00e9s<\/td>\n<td width=\"36%\">Student&#8217;s book <strong>(LIBRO DIGITAL)<\/strong><\/p>\n<p>&nbsp;<\/td>\n<td width=\"14%\">978-9925-30-888-0&nbsp; 9789925308880<\/td>\n<td width=\"18%\"><strong>BURLINGTONBOOKS<\/strong><\/td>\n<td width=\"10%\">2023<\/td>\n<\/tr>\n<tr>\n<td width=\"20%\">Ingl\u00e9s<\/td>\n<td width=\"36%\">Workbook <strong>(LIBRO DIGITAL)<\/strong><\/p>\n<p>&nbsp;<\/td>\n<td width=\"14%\">978-9925-30-889-7&nbsp;&nbsp;&nbsp;&nbsp; 9789925308897<\/td>\n<td width=\"18%\"><strong>BURLINGTONBOOKS<\/strong><\/td>\n<td width=\"10%\">2023<\/td>\n<\/tr>\n<\/tbody>\n<\/table>\n<p>&nbsp;<\/p>\n<p><strong>2\u00ba Gesti\u00f3n Administrativa<\/strong><\/p>\n<p><strong>&nbsp;<\/strong><\/p>\n<table width=\"977\">\n<tbody>\n<tr>\n<td width=\"257\"><strong>ASIGNATURA<\/strong><\/td>\n<td width=\"467\"><strong>T\u00cdTULO<\/strong><\/td>\n<td width=\"120\">EDITORIAL<\/td>\n<td width=\"132\">A\u00d1O IMPOSICI\u00d3N<\/td>\n<\/tr>\n<tr>\n<td width=\"257\">Tratamiento de la Documentaci\u00f3n Contable<\/td>\n<td width=\"467\">Tratamiento de la Documentaci\u00f3n Contable<\/p>\n<p>&nbsp;<\/td>\n<td width=\"120\"><strong>Mc Graw Hill<\/strong><\/td>\n<td width=\"132\">2019 \/ 2020<\/td>\n<\/tr>\n<tr>\n<td width=\"257\">Operaciones administrativas. Gesti\u00f3n de Tesorer\u00eda<\/td>\n<td width=\"467\">Operaciones administrativas. Gesti\u00f3n de Tesorer\u00eda<\/td>\n<td width=\"120\"><strong>Mc Graw Hill<\/strong><\/td>\n<td width=\"132\">2019<\/td>\n<\/tr>\n<\/tbody>\n<\/table>\n<p><strong>&nbsp;<\/strong><\/p>\n<p><strong>&nbsp;<\/strong><\/p>\n<p><strong>&nbsp;<\/strong><\/p>\n<p><strong>CICLO FORMATIVO de ADMINISTRACI\u00d3N Y FINANZAS (grado superior)<\/strong><\/p>\n<p>Libros de texto RECOMENDADOS (Su compra no es obligatoria hasta hablar con el profesor)<\/p>\n<p><strong>&nbsp;<\/strong><\/p>\n<p><strong>1\u00ba Administraci\u00f3n y Finanzas<\/strong><\/p>\n<p>&nbsp;<\/p>\n<table width=\"100%\">\n<tbody>\n<tr>\n<td width=\"23%\"><strong>ASIGNATURA<\/strong><\/td>\n<td width=\"34%\"><strong>T\u00cdTULO<\/strong><\/td>\n<td width=\"12%\"><strong>ISBN<\/strong><\/td>\n<td width=\"18%\">EDITORIAL<\/td>\n<td width=\"11%\">A\u00d1O IMPOSICI\u00d3N<\/td>\n<\/tr>\n<tr>\n<td width=\"23%\">Proceso Integral de la actividad comercial<\/td>\n<td width=\"34%\">Proceso Integral de la actividad comercial<\/td>\n<td width=\"12%\"><strong>&nbsp;<\/strong><\/td>\n<td width=\"18%\"><strong>Mc Graw Hill<\/strong><\/td>\n<td width=\"11%\">&nbsp;<\/td>\n<\/tr>\n<tr>\n<td width=\"23%\">Ingl\u00e9s<\/td>\n<td width=\"34%\">&#8211;&nbsp;&nbsp;&nbsp;&nbsp;&nbsp;&nbsp;&nbsp;&nbsp;&nbsp; Bpm Business Administration &amp; Finance <strong>Student&#8217;s Book<\/strong> 2nd Edition <strong>(LIBRO DIGITAL)<\/strong><\/td>\n<td width=\"12%\">9789925308910<\/p>\n<p>9925-30-891-7<\/td>\n<td width=\"18%\"><strong>BURLINGTONBOOKS<\/strong><\/td>\n<td width=\"11%\">2023<\/td>\n<\/tr>\n<tr>\n<td width=\"23%\">Ingl\u00e9s<\/td>\n<td width=\"34%\">&#8211;&nbsp;&nbsp;&nbsp;&nbsp;&nbsp;&nbsp;&nbsp;&nbsp;&nbsp; Bpm Business Administration &amp; Finance <strong>Workbook<\/strong> 2nd Edition <strong>(LIBRO DIGITAL)<\/strong><\/td>\n<td width=\"12%\">9789925308927 9925-30-892-5<\/td>\n<td width=\"18%\"><strong>BURLINGTONBOOKS<\/strong><\/td>\n<td width=\"11%\">2023<\/td>\n<\/tr>\n<\/tbody>\n<\/table>\n<p>&nbsp;<\/p>\n","protected":false},"excerpt":{"rendered":"<p>Los libros de Secundaria adoptados en el centro pueden consultarse en el siguiente enlace: Consulta de libros de texto del&#46;&#46;&#46;<\/p>\n","protected":false},"author":8442,"featured_media":0,"parent":0,"menu_order":0,"comment_status":"closed","ping_status":"closed","template":"","meta":{"ngg_post_thumbnail":0,"footnotes":"","_mc_calendar":[]},"aioseo_notices":[],"_links":{"self":[{"href":"https:\/\/blogsaverroes.juntadeandalucia.es\/iesguadaiza\/wp-json\/wp\/v2\/pages\/3376"}],"collection":[{"href":"https:\/\/blogsaverroes.juntadeandalucia.es\/iesguadaiza\/wp-json\/wp\/v2\/pages"}],"about":[{"href":"https:\/\/blogsaverroes.juntadeandalucia.es\/iesguadaiza\/wp-json\/wp\/v2\/types\/page"}],"author":[{"embeddable":true,"href":"https:\/\/blogsaverroes.juntadeandalucia.es\/iesguadaiza\/wp-json\/wp\/v2\/users\/8442"}],"replies":[{"embeddable":true,"href":"https:\/\/blogsaverroes.juntadeandalucia.es\/iesguadaiza\/wp-json\/wp\/v2\/comments?post=3376"}],"version-history":[{"count":9,"href":"https:\/\/blogsaverroes.juntadeandalucia.es\/iesguadaiza\/wp-json\/wp\/v2\/pages\/3376\/revisions"}],"predecessor-version":[{"id":6301,"href":"https:\/\/blogsaverroes.juntadeandalucia.es\/iesguadaiza\/wp-json\/wp\/v2\/pages\/3376\/revisions\/6301"}],"wp:attachment":[{"href":"https:\/\/blogsaverroes.juntadeandalucia.es\/iesguadaiza\/wp-json\/wp\/v2\/media?parent=3376"}],"curies":[{"name":"wp","href":"https:\/\/api.w.org\/{rel}","templated":true}]}}