{"id":35,"date":"2015-03-13T08:21:43","date_gmt":"2015-03-13T08:21:43","guid":{"rendered":"http:\/\/blogsaverroes.juntadeandalucia.es\/pre\/ceip\/?page_id=35"},"modified":"2025-09-19T13:36:46","modified_gmt":"2025-09-19T11:36:46","slug":"el-centro-2","status":"publish","type":"page","link":"https:\/\/blogsaverroes.juntadeandalucia.es\/iesguadaiza\/el-centro-2\/","title":{"rendered":"Datos del centro"},"content":{"rendered":"<p><iframe loading=\"lazy\" src=\"https:\/\/www.google.com\/maps\/embed?pb=!1m18!1m12!1m3!1d953.6708950609441!2d-4.984779990422952!3d36.487663363661355!2m3!1f0!2f0!3f0!3m2!1i1024!2i768!4f13.1!3m3!1m2!1s0xd732a198d353e79%3A0xe58c9ed8a0ed7eca!2sIES%20Guadaiza!5e0!3m2!1ses!2ses!4v1690280713690!5m2!1ses!2ses\" width=\"600\" height=\"450\"><span data-mce-type=\"bookmark\" style=\"width: 0px;overflow: hidden;line-height: 0\" class=\"mce_SELRES_start\">\ufeff<\/span><\/iframe><\/p>\n<h4>Datos de contacto<\/h4>\n<div class=\"place-name\"><strong>IES Guadaiza<\/strong><\/div>\n<p><strong>Direcci\u00f3n:<\/strong> Calle Juan Illescas Pav\u00f3n, s\/n, 29670 San Pedro Alc\u00e1ntara, M\u00e1laga<br \/>\n<strong>Tel\u00e9fono \/ FAX: <\/strong>951270716 \/ 951270719&nbsp;<br \/>\n<strong>Email:<\/strong> <a href=\"mailto:29700771.secretaria@g.educaand.es\">29700771.secretaria@g.educaand.es<\/a>&nbsp;<\/p>\n<h4><strong>Horarios<\/strong><\/h4>\n<p>Horario de clases: Lunes a Viernes: 8:15 a 14:45 h.<\/p>\n<p>Horario de recreo: de 11:15 a 11:45 h.<\/p>\n<p><strong>Atenci\u00f3n al p\u00fablico en Secretar\u00eda:<\/strong><\/p>\n<ul>\n<li>De lunes a viernes, de 9:15 a 11:15 h.<\/li>\n<li>Durante el mes de julio: de L a V, de 10:00 a 13:30 h.<\/li>\n<\/ul>\n<p>Para agilizar los tr\u00e1mites puede escribir al correo <a href=\"mailto:29700771.secretaria@g.educaand.es\">29700771.secretaria@g.educaand.es<\/a> acompa\u00f1ando su solicitud de foto del DNI del solicitante<\/p>\n<h4><strong>Oferta educativa<\/strong><\/h4>\n<p>ESO<\/p>\n<p>Bachillerato<\/p>\n<p>CFGM Gesti\u00f3n Administrativa<\/p>\n<p>CFGS Administraci\u00f3n y Finanzas<\/p>\n<h4>&nbsp;<\/h4>\n<p>&nbsp;<\/p>\n<p>&nbsp;<\/p>\n","protected":false},"excerpt":{"rendered":"<p>\ufeff Datos de contacto IES Guadaiza Direcci\u00f3n: Calle Juan Illescas Pav\u00f3n, s\/n, 29670 San Pedro Alc\u00e1ntara, M\u00e1laga Tel\u00e9fono \/ FAX:&#46;&#46;&#46;<\/p>\n","protected":false},"author":1,"featured_media":0,"parent":0,"menu_order":0,"comment_status":"open","ping_status":"open","template":"","meta":{"ngg_post_thumbnail":0,"footnotes":"","_mc_calendar":[]},"aioseo_notices":[],"_links":{"self":[{"href":"https:\/\/blogsaverroes.juntadeandalucia.es\/iesguadaiza\/wp-json\/wp\/v2\/pages\/35"}],"collection":[{"href":"https:\/\/blogsaverroes.juntadeandalucia.es\/iesguadaiza\/wp-json\/wp\/v2\/pages"}],"about":[{"href":"https:\/\/blogsaverroes.juntadeandalucia.es\/iesguadaiza\/wp-json\/wp\/v2\/types\/page"}],"author":[{"embeddable":true,"href":"https:\/\/blogsaverroes.juntadeandalucia.es\/iesguadaiza\/wp-json\/wp\/v2\/users\/1"}],"replies":[{"embeddable":true,"href":"https:\/\/blogsaverroes.juntadeandalucia.es\/iesguadaiza\/wp-json\/wp\/v2\/comments?post=35"}],"version-history":[{"count":31,"href":"https:\/\/blogsaverroes.juntadeandalucia.es\/iesguadaiza\/wp-json\/wp\/v2\/pages\/35\/revisions"}],"predecessor-version":[{"id":6313,"href":"https:\/\/blogsaverroes.juntadeandalucia.es\/iesguadaiza\/wp-json\/wp\/v2\/pages\/35\/revisions\/6313"}],"wp:attachment":[{"href":"https:\/\/blogsaverroes.juntadeandalucia.es\/iesguadaiza\/wp-json\/wp\/v2\/media?parent=35"}],"curies":[{"name":"wp","href":"https:\/\/api.w.org\/{rel}","templated":true}]}}