{"id":3803,"date":"2020-11-30T11:45:24","date_gmt":"2020-11-30T11:45:24","guid":{"rendered":"https:\/\/blogsaverroes.juntadeandalucia.es\/iesguadaiza\/?page_id=3803"},"modified":"2022-03-06T12:58:07","modified_gmt":"2022-03-06T12:58:07","slug":"programaciones-materiales-recursos","status":"publish","type":"page","link":"https:\/\/blogsaverroes.juntadeandalucia.es\/iesguadaiza\/programaciones-materiales-recursos\/","title":{"rendered":"Programaciones, materiales, recursos\u2026(CCFF)"},"content":{"rendered":"<p>PROGRAMACIONES DE LOS M\u00d3DULOS DE CICLOS FORMATIVOS<\/p>\n<ul>\n<li><a href=\"https:\/\/blogsaverroes.juntadeandalucia.es\/iesguadaiza\/files\/2022\/03\/CRITERIOS-DE-EVALUACI\u00d3N-CICLOS-21-22.pdf\">CRITERIOS DE EVALUACI\u00d3N CICLOS 21-22<\/a><\/li>\n<li><a href=\"https:\/\/blogsaverroes.juntadeandalucia.es\/iesguadaiza\/files\/2022\/03\/Visitas-a-empresas-y-charlas-21-22.pdf\">Visitas a empresas y charlas 21-22<\/a><\/li>\n<\/ul>\n<p>CFGM GESTION ADMINISTRATIVA<\/p>\n<ul>\n<li>Primer curso\n<ul>\n<li><a href=\"https:\/\/blogsaverroes.juntadeandalucia.es\/iesguadaiza\/files\/2022\/03\/1-GA-PROGRAMACI\u00d3N-1GA-Comunicaci\u00f3n-empresarial-y-atenci\u00f3n-al-cliente-2021-2022.pdf\">1GA Comunicaci\u00f3n empresarial y atenci\u00f3n al cliente 2021-2022<\/a><\/li>\n<li><a href=\"https:\/\/blogsaverroes.juntadeandalucia.es\/iesguadaiza\/files\/2022\/03\/1-GA-PROGRAMACI\u00d3N-1GA-TII-2021-2022.pdf\">1GA&nbsp; TII 2021-2022<\/a><\/li>\n<li><a href=\"https:\/\/blogsaverroes.juntadeandalucia.es\/iesguadaiza\/files\/2022\/03\/1GA-Empresa-y-Administraci\u00f3n-2021-22.pdf\">1GA Empresa y Administraci\u00f3n 2021-22<\/a><\/li>\n<li><a href=\"https:\/\/blogsaverroes.juntadeandalucia.es\/iesguadaiza\/files\/2022\/03\/1GA-FOL-Curso-21-22.pdf\">1GA FOL Curso 21-22<\/a><\/li>\n<li><a href=\"https:\/\/blogsaverroes.juntadeandalucia.es\/iesguadaiza\/files\/2022\/03\/1GA-OPERACIONES-ADMINISTRATIVA-COMPRAVENTA.pdf\">1GA OPERACIONES ADMINISTRATIVA COMPRAVENTA<\/a><\/li>\n<li><a href=\"https:\/\/blogsaverroes.juntadeandalucia.es\/iesguadaiza\/files\/2022\/03\/1GA-T\u00e9cnica-contable-2021.pdf\">1GA T\u00e9cnica contable 2021<\/a><\/li>\n<\/ul>\n<\/li>\n<li>Segundo curso\n<ul>\n<li><a href=\"https:\/\/blogsaverroes.juntadeandalucia.es\/iesguadaiza\/files\/2022\/03\/2-GA-PROGRAMACI\u00d3N-2-GA-Operaciones-administrativas-de-recusos-humanos-2021-2022.pdf\">2GA Operaciones administrativas de recursos humanos 2021-2022<\/a><\/li>\n<li><a href=\"https:\/\/blogsaverroes.juntadeandalucia.es\/iesguadaiza\/files\/2022\/03\/2-GA-Tratamiento-de-la-Documentaci\u00f3n-Contable-2GAD.pdf\">2GA Tratamiento de la Documentaci\u00f3n Contable 2GAD<\/a><\/li>\n<li><a href=\"https:\/\/blogsaverroes.juntadeandalucia.es\/iesguadaiza\/files\/2022\/03\/2GA-Empresa-en-el-aula-21-22.pdf\">2GA Empresa en el aula 21-22<\/a><\/li>\n<li><a href=\"https:\/\/blogsaverroes.juntadeandalucia.es\/iesguadaiza\/files\/2022\/03\/2GA-Formaci\u00f3n-en-centros-de-trabajo-21-22.pdf\">2GA Formaci\u00f3n en centros de trabajo 21-22<\/a><\/li>\n<li><a href=\"https:\/\/blogsaverroes.juntadeandalucia.es\/iesguadaiza\/files\/2022\/03\/2GA-Operaciones-auxiliares-gesti\u00f3n-de-tesoreria-PROGR.pdf\">2GA Operaciones auxiliares gesti\u00f3n de tesorer\u00eda<\/a><\/li>\n<\/ul>\n<\/li>\n<\/ul>\n<p>CFGS ADMINISTRACION Y FINANZAS<\/p>\n<ul>\n<li>Primer curso\n<ul>\n<li><a href=\"https:\/\/blogsaverroes.juntadeandalucia.es\/iesguadaiza\/files\/2022\/03\/1-AF-PROGRAMACION-OPI-EN-CURSO-2021-2022.pdf\">1 AF PROGRAMACION OPI EN CURSO 2021-2022<\/a><\/li>\n<li><a href=\"https:\/\/blogsaverroes.juntadeandalucia.es\/iesguadaiza\/files\/2022\/03\/1A-CAT.pdf\">1A CAT<\/a><\/li>\n<li><a href=\"https:\/\/blogsaverroes.juntadeandalucia.es\/iesguadaiza\/files\/2022\/03\/1AF-FOL-Curso-21-22.pdf\">1AF FOL Curso 21-22<\/a><\/li>\n<li><a href=\"https:\/\/blogsaverroes.juntadeandalucia.es\/iesguadaiza\/files\/2022\/03\/1AF-Gesti\u00f3n-de-la-Documentaci\u00f3n-Jur\u00eddica-y-Empresarial-2021-22.pdf\">1AF Gesti\u00f3n de la Documentaci\u00f3n Jur\u00eddica y Empresarial 2021-22<\/a><\/li>\n<li><a href=\"https:\/\/blogsaverroes.juntadeandalucia.es\/iesguadaiza\/files\/2022\/03\/1AF-Programaci\u00f3n-PIAC.pdf\">1AF Programaci\u00f3n PIAC<\/a><\/li>\n<li><a href=\"https:\/\/blogsaverroes.juntadeandalucia.es\/iesguadaiza\/files\/2022\/03\/1AF-Recursos-Humanos-y-Responsabilidad-Social-Corporativa-2021-22.pdf\">1AF Recursos Humanos y Responsabilidad Social Corporativa 2021-22<\/a><\/li>\n<\/ul>\n<\/li>\n<li>Segundo curso\n<ul>\n<li><a href=\"https:\/\/blogsaverroes.juntadeandalucia.es\/iesguadaiza\/files\/2022\/03\/2AF-Contabilidad-y-Fiscalidad-2021-22.pdf\">2AF Contabilidad y Fiscalidad 2021-22<\/a><\/li>\n<li><a href=\"https:\/\/blogsaverroes.juntadeandalucia.es\/iesguadaiza\/files\/2022\/03\/2AF-Formaci\u00f3n-en-centros-de-trabajo-21-22.pdf\">2AF Formaci\u00f3n en centros de trabajo 21-22<\/a><\/li>\n<li><a href=\"https:\/\/blogsaverroes.juntadeandalucia.es\/iesguadaiza\/files\/2022\/03\/2AF-GESTI\u00d3N-FINANCIERA-21-22.pdf\">2AF GESTI\u00d3N FINANCIERA 21-22<\/a><\/li>\n<li><a href=\"https:\/\/blogsaverroes.juntadeandalucia.es\/iesguadaiza\/files\/2022\/03\/2AF-Gesti\u00f3n-Log\u00edstica-y-Comercial-21-22.pdf\">2AF Gesti\u00f3n Log\u00edstica y Comercial 21-22<\/a><\/li>\n<li><a href=\"https:\/\/blogsaverroes.juntadeandalucia.es\/iesguadaiza\/files\/2022\/03\/2AF-Horas-de-libre-configuraci\u00f3n-21-22.pdf\">2AF Horas de libre configuraci\u00f3n 21-22<\/a><\/li>\n<li><a href=\"https:\/\/blogsaverroes.juntadeandalucia.es\/iesguadaiza\/files\/2022\/03\/2AF-Programaci\u00f3n-Proyecto-Integrado-21-22.pdf\">2AF Programaci\u00f3n Proyecto Integrado 21-22<\/a><\/li>\n<li><a href=\"https:\/\/blogsaverroes.juntadeandalucia.es\/iesguadaiza\/files\/2022\/03\/2AF-Simulacion-Empresarial-PROGR2122.pdf\">2AF Simulaci\u00f3n Empresarial-PROGR2122<\/a><\/li>\n<li><a href=\"https:\/\/blogsaverroes.juntadeandalucia.es\/iesguadaiza\/files\/2022\/03\/2AFGESTI\u00d3N-DE-RECURSOS-HUMANOS-21-22.pdf\">2AF GESTI\u00d3N DE RECURSOS HUMANOS 21-22<\/a><\/li>\n<\/ul>\n<\/li>\n<\/ul>\n","protected":false},"excerpt":{"rendered":"<p>PROGRAMACIONES DE LOS M\u00d3DULOS DE CICLOS FORMATIVOS CRITERIOS DE EVALUACI\u00d3N CICLOS 21-22 Visitas a empresas y charlas 21-22 CFGM GESTION&#46;&#46;&#46;<\/p>\n","protected":false},"author":8442,"featured_media":0,"parent":0,"menu_order":0,"comment_status":"closed","ping_status":"closed","template":"","meta":{"ngg_post_thumbnail":0,"footnotes":"","_mc_calendar":[]},"aioseo_notices":[],"_links":{"self":[{"href":"https:\/\/blogsaverroes.juntadeandalucia.es\/iesguadaiza\/wp-json\/wp\/v2\/pages\/3803"}],"collection":[{"href":"https:\/\/blogsaverroes.juntadeandalucia.es\/iesguadaiza\/wp-json\/wp\/v2\/pages"}],"about":[{"href":"https:\/\/blogsaverroes.juntadeandalucia.es\/iesguadaiza\/wp-json\/wp\/v2\/types\/page"}],"author":[{"embeddable":true,"href":"https:\/\/blogsaverroes.juntadeandalucia.es\/iesguadaiza\/wp-json\/wp\/v2\/users\/8442"}],"replies":[{"embeddable":true,"href":"https:\/\/blogsaverroes.juntadeandalucia.es\/iesguadaiza\/wp-json\/wp\/v2\/comments?post=3803"}],"version-history":[{"count":4,"href":"https:\/\/blogsaverroes.juntadeandalucia.es\/iesguadaiza\/wp-json\/wp\/v2\/pages\/3803\/revisions"}],"predecessor-version":[{"id":5185,"href":"https:\/\/blogsaverroes.juntadeandalucia.es\/iesguadaiza\/wp-json\/wp\/v2\/pages\/3803\/revisions\/5185"}],"wp:attachment":[{"href":"https:\/\/blogsaverroes.juntadeandalucia.es\/iesguadaiza\/wp-json\/wp\/v2\/media?parent=3803"}],"curies":[{"name":"wp","href":"https:\/\/api.w.org\/{rel}","templated":true}]}}