{"id":3882,"date":"2020-11-30T12:39:33","date_gmt":"2020-11-30T12:39:33","guid":{"rendered":"https:\/\/blogsaverroes.juntadeandalucia.es\/iesguadaiza\/?page_id=3882"},"modified":"2022-03-09T08:41:14","modified_gmt":"2022-03-09T08:41:14","slug":"programaciones-materiales-recursos-religion","status":"publish","type":"page","link":"https:\/\/blogsaverroes.juntadeandalucia.es\/iesguadaiza\/programaciones-materiales-recursos-religion\/","title":{"rendered":"Programaciones, materiales, recursos&#8230;(Religi\u00f3n)"},"content":{"rendered":"<p>PROGRAMACIONES DID\u00c1CTICAS DE RELIGI\u00d3N<\/p>\n<ul>\n<li><a href=\"https:\/\/blogsaverroes.juntadeandalucia.es\/iesguadaiza\/files\/2022\/03\/Programaci\u00f3n-Did\u00e1ctica-Religi\u00f3n-Cat\u00f3lica-2021-2022-IES-Guadaiza.pdf\">Programaci\u00f3n Did\u00e1ctica Religi\u00f3n Cat\u00f3lica 2021-2022 IES Guadaiza<\/a><\/li>\n<\/ul>\n","protected":false},"excerpt":{"rendered":"<p>PROGRAMACIONES DID\u00c1CTICAS DE RELIGI\u00d3N Programaci\u00f3n Did\u00e1ctica Religi\u00f3n Cat\u00f3lica 2021-2022 IES Guadaiza<\/p>\n","protected":false},"author":8442,"featured_media":0,"parent":0,"menu_order":0,"comment_status":"closed","ping_status":"closed","template":"","meta":{"ngg_post_thumbnail":0,"footnotes":"","_mc_calendar":[]},"aioseo_notices":[],"_links":{"self":[{"href":"https:\/\/blogsaverroes.juntadeandalucia.es\/iesguadaiza\/wp-json\/wp\/v2\/pages\/3882"}],"collection":[{"href":"https:\/\/blogsaverroes.juntadeandalucia.es\/iesguadaiza\/wp-json\/wp\/v2\/pages"}],"about":[{"href":"https:\/\/blogsaverroes.juntadeandalucia.es\/iesguadaiza\/wp-json\/wp\/v2\/types\/page"}],"author":[{"embeddable":true,"href":"https:\/\/blogsaverroes.juntadeandalucia.es\/iesguadaiza\/wp-json\/wp\/v2\/users\/8442"}],"replies":[{"embeddable":true,"href":"https:\/\/blogsaverroes.juntadeandalucia.es\/iesguadaiza\/wp-json\/wp\/v2\/comments?post=3882"}],"version-history":[{"count":2,"href":"https:\/\/blogsaverroes.juntadeandalucia.es\/iesguadaiza\/wp-json\/wp\/v2\/pages\/3882\/revisions"}],"predecessor-version":[{"id":5261,"href":"https:\/\/blogsaverroes.juntadeandalucia.es\/iesguadaiza\/wp-json\/wp\/v2\/pages\/3882\/revisions\/5261"}],"wp:attachment":[{"href":"https:\/\/blogsaverroes.juntadeandalucia.es\/iesguadaiza\/wp-json\/wp\/v2\/media?parent=3882"}],"curies":[{"name":"wp","href":"https:\/\/api.w.org\/{rel}","templated":true}]}}