{"id":4043,"date":"2021-01-27T12:47:29","date_gmt":"2021-01-27T12:47:29","guid":{"rendered":"https:\/\/blogsaverroes.juntadeandalucia.es\/iesguadaiza\/?page_id=4043"},"modified":"2023-11-10T13:40:43","modified_gmt":"2023-11-10T11:40:43","slug":"plan-de-autoproteccion","status":"publish","type":"page","link":"https:\/\/blogsaverroes.juntadeandalucia.es\/iesguadaiza\/plan-de-autoproteccion\/","title":{"rendered":"Plan de Autoprotecci\u00f3n"},"content":{"rendered":"<p>A continuaci\u00f3n se pone a disposici\u00f3n de la Comunidad educativa el <strong>Plan de Autoprotecci\u00f3n<\/strong> del centro, dando as\u00ed cumplimiento a la obligatoria publicidad que dicho plan debe tener tal y como se establece en el art. 6.5 de la <em>ORDEN de 16 de abril de 2008, por la que se regula el procedimiento para la elaboraci\u00f3n, aprobaci\u00f3n y registro del Plan de Autoprotecci\u00f3n de todos los centros docentes p\u00fablicos de Andaluc\u00eda, <\/em><em>a excepci\u00f3n de los universitarios, los centros de ense\u00f1anza de r\u00e9gimen especial y los servicios educativos, sostenidos con fondos p\u00fablicos, as\u00ed como las Delegaciones Provinciales de la Consejer\u00eda de Educaci\u00f3n, y se establece la composici\u00f3n y funciones de los \u00f3rganos de coordinaci\u00f3n y gesti\u00f3n de la prevenci\u00f3n en dichos centros y servicios educativos<\/em><\/p>\n<h2 style=\"text-align: center\"><a href=\"https:\/\/blogsaverroes.juntadeandalucia.es\/iesguadaiza\/files\/2023\/11\/Plan-de-AUTOPROTECCION-23-24-1.pdf\" target=\"_blank\" rel=\"noopener noreferrer\">Plan de AUTOPROTECCION 23-24<\/a><\/h2>\n<h3 style=\"text-align: center\">&nbsp;<\/h3>\n","protected":false},"excerpt":{"rendered":"<p>A continuaci\u00f3n se pone a disposici\u00f3n de la Comunidad educativa el Plan de Autoprotecci\u00f3n del centro, dando as\u00ed cumplimiento a&#46;&#46;&#46;<\/p>\n","protected":false},"author":8442,"featured_media":0,"parent":0,"menu_order":0,"comment_status":"closed","ping_status":"closed","template":"","meta":{"ngg_post_thumbnail":0,"footnotes":"","_mc_calendar":[]},"aioseo_notices":[],"_links":{"self":[{"href":"https:\/\/blogsaverroes.juntadeandalucia.es\/iesguadaiza\/wp-json\/wp\/v2\/pages\/4043"}],"collection":[{"href":"https:\/\/blogsaverroes.juntadeandalucia.es\/iesguadaiza\/wp-json\/wp\/v2\/pages"}],"about":[{"href":"https:\/\/blogsaverroes.juntadeandalucia.es\/iesguadaiza\/wp-json\/wp\/v2\/types\/page"}],"author":[{"embeddable":true,"href":"https:\/\/blogsaverroes.juntadeandalucia.es\/iesguadaiza\/wp-json\/wp\/v2\/users\/8442"}],"replies":[{"embeddable":true,"href":"https:\/\/blogsaverroes.juntadeandalucia.es\/iesguadaiza\/wp-json\/wp\/v2\/comments?post=4043"}],"version-history":[{"count":7,"href":"https:\/\/blogsaverroes.juntadeandalucia.es\/iesguadaiza\/wp-json\/wp\/v2\/pages\/4043\/revisions"}],"predecessor-version":[{"id":5806,"href":"https:\/\/blogsaverroes.juntadeandalucia.es\/iesguadaiza\/wp-json\/wp\/v2\/pages\/4043\/revisions\/5806"}],"wp:attachment":[{"href":"https:\/\/blogsaverroes.juntadeandalucia.es\/iesguadaiza\/wp-json\/wp\/v2\/media?parent=4043"}],"curies":[{"name":"wp","href":"https:\/\/api.w.org\/{rel}","templated":true}]}}