{"id":4376,"date":"2021-05-14T08:23:25","date_gmt":"2021-05-14T08:23:25","guid":{"rendered":"https:\/\/blogsaverroes.juntadeandalucia.es\/iesguadaiza\/?page_id=4376"},"modified":"2021-11-18T12:34:12","modified_gmt":"2021-11-18T12:34:12","slug":"erasmus","status":"publish","type":"page","link":"https:\/\/blogsaverroes.juntadeandalucia.es\/iesguadaiza\/erasmus\/","title":{"rendered":"ERASMUS+"},"content":{"rendered":"<p>Nuestro centro est\u00e1 trabajando para conseguir la <strong>ECHE<\/strong> (Erasmus Charter for Higher Education o Carta Erasmus de Educaci\u00f3n Superior).<\/p>\n<p>Esto nos permitir\u00e1 poder llevar a cabo programas europeos, como el dedicado a que los alumnos de Ciclo Formativo superior puedan realizar las pr\u00e1cticas en pa\u00edses de la Uni\u00f3n Europea.<\/p>\n<p>Algunos enlaces:<\/p>\n<p style=\"text-align: center\"><a href=\"http:\/\/sepie.es\/\"><img loading=\"lazy\" decoding=\"async\" class=\"aligncenter wp-image-4909 size-full\" src=\"https:\/\/blogsaverroes.juntadeandalucia.es\/iesguadaiza\/files\/2021\/11\/FINAL_SEPIEGOB_WEB_universidades.jpg\" alt=\"\" width=\"444\" height=\"87\" srcset=\"https:\/\/blogsaverroes.juntadeandalucia.es\/iesguadaiza\/files\/2021\/11\/FINAL_SEPIEGOB_WEB_universidades.jpg 444w, https:\/\/blogsaverroes.juntadeandalucia.es\/iesguadaiza\/files\/2021\/11\/FINAL_SEPIEGOB_WEB_universidades-300x59.jpg 300w\" sizes=\"(max-width: 444px) 100vw, 444px\" \/><\/a><\/p>\n<p style=\"text-align: center\"><a href=\"https:\/\/erasmus-plus.ec.europa.eu\/es\"><img loading=\"lazy\" decoding=\"async\" class=\"aligncenter wp-image-4377 size-medium\" src=\"https:\/\/blogsaverroes.juntadeandalucia.es\/iesguadaiza\/files\/2021\/05\/E-300x154.jpg\" alt=\"\" width=\"300\" height=\"154\" srcset=\"https:\/\/blogsaverroes.juntadeandalucia.es\/iesguadaiza\/files\/2021\/05\/E-300x154.jpg 300w, https:\/\/blogsaverroes.juntadeandalucia.es\/iesguadaiza\/files\/2021\/05\/E-768x393.jpg 768w, https:\/\/blogsaverroes.juntadeandalucia.es\/iesguadaiza\/files\/2021\/05\/E.jpg 803w\" sizes=\"(max-width: 300px) 100vw, 300px\" \/><\/a><\/p>\n<p>&nbsp;<\/p>\n","protected":false},"excerpt":{"rendered":"<p>Nuestro centro est\u00e1 trabajando para conseguir la ECHE (Erasmus Charter for Higher Education o Carta Erasmus de Educaci\u00f3n Superior). Esto&#46;&#46;&#46;<\/p>\n","protected":false},"author":8447,"featured_media":0,"parent":0,"menu_order":0,"comment_status":"closed","ping_status":"closed","template":"","meta":{"ngg_post_thumbnail":0,"footnotes":"","_mc_calendar":[]},"aioseo_notices":[],"_links":{"self":[{"href":"https:\/\/blogsaverroes.juntadeandalucia.es\/iesguadaiza\/wp-json\/wp\/v2\/pages\/4376"}],"collection":[{"href":"https:\/\/blogsaverroes.juntadeandalucia.es\/iesguadaiza\/wp-json\/wp\/v2\/pages"}],"about":[{"href":"https:\/\/blogsaverroes.juntadeandalucia.es\/iesguadaiza\/wp-json\/wp\/v2\/types\/page"}],"author":[{"embeddable":true,"href":"https:\/\/blogsaverroes.juntadeandalucia.es\/iesguadaiza\/wp-json\/wp\/v2\/users\/8447"}],"replies":[{"embeddable":true,"href":"https:\/\/blogsaverroes.juntadeandalucia.es\/iesguadaiza\/wp-json\/wp\/v2\/comments?post=4376"}],"version-history":[{"count":3,"href":"https:\/\/blogsaverroes.juntadeandalucia.es\/iesguadaiza\/wp-json\/wp\/v2\/pages\/4376\/revisions"}],"predecessor-version":[{"id":4911,"href":"https:\/\/blogsaverroes.juntadeandalucia.es\/iesguadaiza\/wp-json\/wp\/v2\/pages\/4376\/revisions\/4911"}],"wp:attachment":[{"href":"https:\/\/blogsaverroes.juntadeandalucia.es\/iesguadaiza\/wp-json\/wp\/v2\/media?parent=4376"}],"curies":[{"name":"wp","href":"https:\/\/api.w.org\/{rel}","templated":true}]}}