{"id":5355,"date":"2022-03-24T10:55:00","date_gmt":"2022-03-24T10:55:00","guid":{"rendered":"https:\/\/blogsaverroes.juntadeandalucia.es\/iesguadaiza\/?page_id=5355"},"modified":"2022-03-25T10:00:00","modified_gmt":"2022-03-25T10:00:00","slug":"junta-de-delegados-y-delegadas-del-alumnado","status":"publish","type":"page","link":"https:\/\/blogsaverroes.juntadeandalucia.es\/iesguadaiza\/junta-de-delegados-y-delegadas-del-alumnado\/","title":{"rendered":"Junta de delegados y delegadas del alumnado"},"content":{"rendered":"<h3>Normativa relacionada con la Junta de delegados y delegadas<\/h3>\n<h4>Real Decreto 83\/1996, de 26 de enero, por el que se aprueba el reglamento org\u00e1nico de los Institutos de Educaci\u00f3n Secundaria.<\/h4>\n<p>Art\u00edculo 74.&nbsp;Composici\u00f3n y r\u00e9gimen de funcionamiento de la <strong>junta de delegados.<\/strong><\/p>\n<ol>\n<li>En los institutos de educaci\u00f3n secundaria existir\u00e1 una <strong>junta de delegados<\/strong> integrada por representantes de los alumnos de los distintos grupos y por los representantes de los alumnos en el consejo escolar.<\/li>\n<li>La <strong>junta de delegados podr\u00e1 reunirse<\/strong> en pleno o, cuando la naturaleza de los problemas lo haga m\u00e1s conveniente, en comisiones, y en todo caso lo har\u00e1 antes y despu\u00e9s de cada una de las reuniones que celebre el consejo escolar.<\/li>\n<li>El jefe de estudios facilitar\u00e1 a la junta de delegados un espacio adecuado para que pueda celebrar sus reuniones y los medios materiales necesarios para su correcto funcionamiento.<\/li>\n<\/ol>\n<p>Art\u00edculo 75.&nbsp;<strong>Funciones de la junta de delegados.<\/strong><\/p>\n<ol>\n<li>La<strong> junta de delegados<\/strong> tendr\u00e1 las siguientes funciones:\n<ol style=\"list-style-type: lower-alpha\">\n<li>Elevar al equipo directivo <strong>propuestas<\/strong> para la elaboraci\u00f3n del proyecto educativo del instituto y la programaci\u00f3n general anual.<\/li>\n<li>Informar a los representantes de los alumnos en el consejo escolar de los <strong>problemas<\/strong> de cada grupo o curso.<\/li>\n<li>Recibir <strong>informaci\u00f3n<\/strong> de los representantes de los alumnos en dicho consejo sobre los temas tratados en el mismo, y de las confederaciones, federaciones estudiantiles y organizaciones juveniles legalmente constituidas.<\/li>\n<li>Elaborar <strong>informes<\/strong> para el consejo escolar a iniciativa propia o a petici\u00f3n de \u00e9ste.<\/li>\n<li>Elaborar <strong>propuestas<\/strong> de modificaci\u00f3n del reglamento de r\u00e9gimen interior, dentro del \u00e1mbito de su competencia.<\/li>\n<li><strong>Informar<\/strong> a los estudiantes de las actividades de dicha junta.<\/li>\n<li><strong>Formular propuestas<\/strong> de criterios para la elaboraci\u00f3n de los horarios de actividades docentes y extraescolares.<\/li>\n<li>Debatir los asuntos que vaya a tratar el consejo escolar en el \u00e1mbito de su competencia y elevar propuestas de resoluci\u00f3n a sus representantes en el mismo.<\/li>\n<\/ol>\n<\/li>\n<li>Cuando lo solicite, la junta de delegados, en pleno o en comisi\u00f3n, deber\u00e1 ser o\u00edda por los \u00f3rganos de gobierno del instituto, en los asuntos que, por su naturaleza, requieran su audiencia y, especialmente, en lo que se refiere a:\n<ol style=\"list-style-type: lower-alpha\">\n<li>Celebraci\u00f3n de pruebas y ex\u00e1menes.<\/li>\n<li>Establecimiento y desarrollo de actividades culturales, recreativas y deportivas en el instituto.<\/li>\n<li>Presentaci\u00f3n de reclamaciones en los casos de abandono o incumplimiento de las tareas educativas por parte del instituto.<\/li>\n<li>Alegaciones y reclamaciones sobre la objetividad y eficacia en la valoraci\u00f3n del rendimiento acad\u00e9mico de los alumnos.<\/li>\n<li>Propuesta de sanciones a los alumnos por la comisi\u00f3n de faltas que lleven aparejada la incoaci\u00f3n de expediente.<\/li>\n<li>Otras actuaciones y decisiones que afecten de modo espec\u00edfico a los alumnos.<\/li>\n<\/ol>\n<\/li>\n<\/ol>\n<p>Art\u00edculo 76.&nbsp;<strong>Delegados de grupo.<\/strong><\/p>\n<ol>\n<li>Cada grupo de estudiantes elegir\u00e1, por sufragio directo y secreto, durante el <strong>primer mes del curso<\/strong> escolar, <strong>un delegado de grupo<\/strong>, que formar\u00e1 parte de la junta de delegados. Se elegir\u00e1 <strong>tambi\u00e9n un subdelegado<\/strong>, que sustituir\u00e1 al delegado en caso de ausencia o enfermedad y lo apoyar\u00e1 en sus funciones.<\/li>\n<li>Las elecciones de delegados ser\u00e1n <strong>organizadas y convocadas por el jefe de estudios<\/strong>, en colaboraci\u00f3n con los tutores de los grupos y los representantes de los alumnos en el consejo escolar.<\/li>\n<li>Los delegados y subdelegados podr\u00e1n ser revocados, previo informe razonado dirigido al tutor, por la mayor\u00eda absoluta de los alumnos del grupo que los eligieron. En este caso, se proceder\u00e1 a la convocatoria de nuevas elecciones, en un plazo de quince d\u00edas y de acuerdo con lo establecido en el apartado anterior.<\/li>\n<li>Los delegados no podr\u00e1n ser sancionados por el ejercicio de las funciones que les encomienda el presente Reglamento.<\/li>\n<li>Los miembros de la junta de delegados, en ejercicio de sus funciones, tendr\u00e1n derecho a conocer y a consultar las actas de las sesiones del consejo escolar, y cualquier otra documentaci\u00f3n administrativa del instituto, salvo aquella cuya difusi\u00f3n pudiera afectar al derecho a la intimidad de las personas.<\/li>\n<\/ol>\n<p>Art\u00edculo 77.&nbsp;<strong>Funciones de los delegados de grupo.<\/strong><\/p>\n<p>Corresponde a los <strong>delegados de grupo<\/strong>:<\/p>\n<ol style=\"list-style-type: lower-alpha\">\n<li>Asistir a las <strong>reuniones de la junta de delegados<\/strong> y participar en sus deliberaciones.<\/li>\n<li>Exponer a las \u00f3rganos de gobierno y de coordinaci\u00f3n did\u00e1ctica las <strong>sugerencias y reclamaciones del grupo<\/strong> al que representan.<\/li>\n<li><strong>Fomentar la convivencia<\/strong> entre los alumnos de su grupo.<\/li>\n<li><strong>Colaborar con el tutor y con la junta de profesores<\/strong> del grupo en los temas que afecten al funcionamiento de \u00e9ste.<\/li>\n<li><strong>Colaborar con los profesores y con los \u00f3rganos de gobierno del instituto<\/strong> para el buen funcionamiento del mismo.<\/li>\n<li>Cuidar de la <strong>adecuada utilizaci\u00f3n del material<\/strong> y de las instalaciones del instituto.<\/li>\n<li>Todas aquellas funciones que establezca el reglamento de r\u00e9gimen interior.<\/li>\n<\/ol>\n<h4>Decreto 327\/2010, de 13 de julio, por el que se aprueba el Reglamento Org\u00e1nico de los Institutos de Educaci\u00f3n Secundaria.<\/h4>\n<p>Art\u00edculo 7. Junta de delegados y delegadas del alumnado.<\/p>\n<ol>\n<li>La Junta de delegados y delegadas del alumnado estar\u00e1 integrada por todos los <strong>delegados y delegadas de clase<\/strong>, as\u00ed como por los <strong>representantes del alumnado en el Consejo Escolar<\/strong> del centro.<\/li>\n<li>La Junta de delegados y delegadas del alumnado elegir\u00e1, por mayor\u00eda simple, durante el primer mes del curso escolar, <strong>un delegado o delegada del centro<\/strong>, as\u00ed como un <strong>subdelegado o subdelegada<\/strong>, que sustituir\u00e1 a la persona que ejerce la delegaci\u00f3n en caso de vacante, ausencia o enfermedad, de acuerdo con el procedimiento que establezca el reglamento de organizaci\u00f3n y funcionamiento del instituto.<\/li>\n<li>La jefatura de estudios facilitar\u00e1 a la Junta de delegados y delegadas del alumnado un espacio adecuado para que pueda celebrar sus <strong>reuniones<\/strong> y los medios materiales para su funcionamiento.<\/li>\n<li>La Junta de delegados y delegadas del alumnado ejercer\u00e1 las <strong>funciones que se le asignen en el <a href=\"https:\/\/blogsaverroes.juntadeandalucia.es\/iesguadaiza\/r-o-f\/\" target=\"_blank\" rel=\"noopener noreferrer\">Reglamento de organizaci\u00f3n y funcionamiento (ROF)<\/a><\/strong>.<\/li>\n<\/ol>\n<h4>ORDEN de 20 de junio de 2011, por la que se adoptan medidas para la promoci\u00f3n de la convivencia en los centros docentes sostenidos con fondos p\u00fablicos y se regula el derecho de las familias a participar en el proceso educativo de sus hijos e hijas.<\/h4>\n<p><b>&nbsp;<\/b>Art\u00edculo 11. Necesidades de formaci\u00f3n.<\/p>\n<p style=\"padding-left: 40px\">4. Las necesidades de formaci\u00f3n del alumnado y de las familias podr\u00e1n ser propuestas por la comisi\u00f3n de convivencia y por las asociaciones del alumnado y de padres y madres del alumnado legalmente constituidas en el centro, as\u00ed como por la <b>Junta de delegados y delegadas del alumnado<\/b>.<\/p>\n<h4>En relaci\u00f3n al seguimiento de huelgas estudiantiles&#8230;<\/h4>\n<ul>\n<li><a href=\"https:\/\/blogsaverroes.juntadeandalucia.es\/iesguadaiza\/files\/2022\/03\/Convocatorias-Huelgas.pdf\">Convocatorias Huelgas<\/a><\/li>\n<\/ul>\n<h3>Reuniones y Actas<\/h3>\n<ul id=\"yui_3_17_2_1_1648197774125_70\" class=\"section img-text\">\n<li id=\"module-276861\" class=\"activity label modtype_label \">\n<div class=\"contentwithoutlink \">\n<div class=\"no-overflow\">\n<div class=\"no-overflow\">\n<p>Se convoca la primera reuni\u00f3n de la Junta de delegados y delegadas de curso, que tendr\u00e1 lugar el<strong> jueves 9 de diciembre, a las 10:15 h<\/strong>. en el <strong>Aula de Tecnolog\u00eda<\/strong>. El orden del d\u00eda ser\u00e1 el siguiente:<\/p>\n<ul>\n<li>Presentaci\u00f3n<\/li>\n<li>Constituci\u00f3n de la Junta de Delegados<\/li>\n<li>Elecci\u00f3n de Presidente\/a y Secretario\/a<\/li>\n<li>Elecci\u00f3n de representante del Centro<\/li>\n<li>Recogida de propuestas<\/li>\n<li>Fecha de la pr\u00f3xima sesi\u00f3n<\/li>\n<li>Ruegos y preguntas\n<div class=\"mod-indent\"><strong><a class=\"aalink\" href=\"https:\/\/educacionadistancia.juntadeandalucia.es\/centros\/malaga\/mod\/resource\/view.php?id=297351\"><span class=\"instancename\">Acta de la reuni\u00f3n del d\u00eda 9 de diciembre de 2021<\/span><\/a><\/strong><\/div>\n<\/li>\n<\/ul>\n<\/div>\n<\/div>\n<\/div>\n<\/li>\n<\/ul>\n","protected":false},"excerpt":{"rendered":"<p>Normativa relacionada con la Junta de delegados y delegadas Real Decreto 83\/1996, de 26 de enero, por el que se&#46;&#46;&#46;<\/p>\n","protected":false},"author":8447,"featured_media":5360,"parent":0,"menu_order":0,"comment_status":"closed","ping_status":"closed","template":"","meta":{"ngg_post_thumbnail":0,"footnotes":"","_mc_calendar":[]},"aioseo_notices":[],"_links":{"self":[{"href":"https:\/\/blogsaverroes.juntadeandalucia.es\/iesguadaiza\/wp-json\/wp\/v2\/pages\/5355"}],"collection":[{"href":"https:\/\/blogsaverroes.juntadeandalucia.es\/iesguadaiza\/wp-json\/wp\/v2\/pages"}],"about":[{"href":"https:\/\/blogsaverroes.juntadeandalucia.es\/iesguadaiza\/wp-json\/wp\/v2\/types\/page"}],"author":[{"embeddable":true,"href":"https:\/\/blogsaverroes.juntadeandalucia.es\/iesguadaiza\/wp-json\/wp\/v2\/users\/8447"}],"replies":[{"embeddable":true,"href":"https:\/\/blogsaverroes.juntadeandalucia.es\/iesguadaiza\/wp-json\/wp\/v2\/comments?post=5355"}],"version-history":[{"count":6,"href":"https:\/\/blogsaverroes.juntadeandalucia.es\/iesguadaiza\/wp-json\/wp\/v2\/pages\/5355\/revisions"}],"predecessor-version":[{"id":5368,"href":"https:\/\/blogsaverroes.juntadeandalucia.es\/iesguadaiza\/wp-json\/wp\/v2\/pages\/5355\/revisions\/5368"}],"wp:featuredmedia":[{"embeddable":true,"href":"https:\/\/blogsaverroes.juntadeandalucia.es\/iesguadaiza\/wp-json\/wp\/v2\/media\/5360"}],"wp:attachment":[{"href":"https:\/\/blogsaverroes.juntadeandalucia.es\/iesguadaiza\/wp-json\/wp\/v2\/media?parent=5355"}],"curies":[{"name":"wp","href":"https:\/\/api.w.org\/{rel}","templated":true}]}}