{"id":1806,"date":"2015-03-17T07:46:28","date_gmt":"2015-03-17T07:46:28","guid":{"rendered":"http:\/\/blogsaverroes.juntadeandalucia.es\/pre\/ceip\/?page_id=144"},"modified":"2024-10-27T18:28:32","modified_gmt":"2024-10-27T18:28:32","slug":"orientacion-2","status":"publish","type":"page","link":"https:\/\/blogsaverroes.juntadeandalucia.es\/iesguadalquivir\/orientacion-2\/","title":{"rendered":"Orientaci\u00f3n"},"content":{"rendered":"\t\t<div data-elementor-type=\"wp-page\" data-elementor-id=\"1806\" class=\"elementor elementor-1806\">\n\t\t\t\t\t\t<section class=\"elementor-section elementor-top-section elementor-element elementor-element-224c120 elementor-section-boxed elementor-section-height-default elementor-section-height-default\" data-id=\"224c120\" data-element_type=\"section\">\n\t\t\t\t\t\t<div class=\"elementor-container elementor-column-gap-default\">\n\t\t\t\t\t<div class=\"elementor-column elementor-col-100 elementor-top-column elementor-element elementor-element-07486b4\" data-id=\"07486b4\" data-element_type=\"column\">\n\t\t\t<div class=\"elementor-widget-wrap elementor-element-populated\">\n\t\t\t\t\t\t<div class=\"elementor-element elementor-element-4288bac elementor-widget elementor-widget-image\" data-id=\"4288bac\" data-element_type=\"widget\" data-widget_type=\"image.default\">\n\t\t\t\t<div class=\"elementor-widget-container\">\n\t\t\t\t\t\t\t\t\t\t\t\t\t\t\t<img fetchpriority=\"high\" decoding=\"async\" width=\"1024\" height=\"256\" src=\"https:\/\/blogsaverroes.juntadeandalucia.es\/iesguadalquivir\/files\/2022\/10\/Orientaci\u00f3n-Banner-1024x256.png\" class=\"attachment-large size-large wp-image-4247\" alt=\"\" srcset=\"https:\/\/blogsaverroes.juntadeandalucia.es\/iesguadalquivir\/files\/2022\/10\/Orientaci\u00f3n-Banner-1024x256.png 1024w, https:\/\/blogsaverroes.juntadeandalucia.es\/iesguadalquivir\/files\/2022\/10\/Orientaci\u00f3n-Banner-300x75.png 300w, https:\/\/blogsaverroes.juntadeandalucia.es\/iesguadalquivir\/files\/2022\/10\/Orientaci\u00f3n-Banner-768x192.png 768w, https:\/\/blogsaverroes.juntadeandalucia.es\/iesguadalquivir\/files\/2022\/10\/Orientaci\u00f3n-Banner-1536x384.png 1536w, https:\/\/blogsaverroes.juntadeandalucia.es\/iesguadalquivir\/files\/2022\/10\/Orientaci\u00f3n-Banner.png 1600w\" sizes=\"(max-width: 1024px) 100vw, 1024px\" \/>\t\t\t\t\t\t\t\t\t\t\t\t\t\t\t<\/div>\n\t\t\t\t<\/div>\n\t\t\t\t\t<\/div>\n\t\t<\/div>\n\t\t\t\t\t<\/div>\n\t\t<\/section>\n\t\t\t\t<section class=\"elementor-section elementor-top-section elementor-element elementor-element-3568818 elementor-section-boxed elementor-section-height-default elementor-section-height-default\" data-id=\"3568818\" data-element_type=\"section\">\n\t\t\t\t\t\t<div class=\"elementor-container elementor-column-gap-default\">\n\t\t\t\t\t<div class=\"elementor-column elementor-col-100 elementor-top-column elementor-element elementor-element-f024dac\" data-id=\"f024dac\" data-element_type=\"column\">\n\t\t\t<div class=\"elementor-widget-wrap elementor-element-populated\">\n\t\t\t\t\t\t<div class=\"elementor-element elementor-element-b3152a8 elementor-widget elementor-widget-text-editor\" data-id=\"b3152a8\" data-element_type=\"widget\" data-widget_type=\"text-editor.default\">\n\t\t\t\t<div class=\"elementor-widget-container\">\n\t\t\t\t\t\t\t\t\t<p style=\"text-align: center\">En nuestro IES disponemos de un Departamento de Orientaci\u00f3n.\u00a0<\/p><p style=\"text-align: center\">El\u00a0<span style=\"font-weight: bold\">equipo\u00a0<\/span>est\u00e1 formado por nuestra\u00a0<u>Orientadora<\/u>\u00a0y por nuestra\u00a0<u>T\u00e9cnico en Pedagog\u00eda terap\u00e9utica<\/u>.<\/p><p>A trav\u00e9s de este servicio se ofrecen\u00a0<span style=\"font-weight: bold\">claves sobre<\/span>:<\/p><p>&#8211; T\u00e9cnicas de estudio<\/p><p>&#8211; Sobrellevar el d\u00eda a d\u00eda en el instituto<\/p><p>&#8211; Tutor\u00eda y apoyo emocional<\/p><p>&#8211; Informaci\u00f3n acerca de Grados Medios y Superiores<\/p><p>&#8211; Informaci\u00f3n acerca de Acceso a la Universidad y carreras universitarias<\/p><p>&#8211; Un o\u00eddo que escucha y buenos consejos<\/p>\t\t\t\t\t\t\t\t<\/div>\n\t\t\t\t<\/div>\n\t\t\t\t\t<\/div>\n\t\t<\/div>\n\t\t\t\t\t<\/div>\n\t\t<\/section>\n\t\t\t\t<section class=\"elementor-section elementor-top-section elementor-element elementor-element-82b6c5c elementor-section-boxed elementor-section-height-default elementor-section-height-default\" data-id=\"82b6c5c\" data-element_type=\"section\">\n\t\t\t\t\t\t<div class=\"elementor-container elementor-column-gap-default\">\n\t\t\t\t\t<div class=\"elementor-column elementor-col-100 elementor-top-column elementor-element elementor-element-462f4c4\" data-id=\"462f4c4\" data-element_type=\"column\">\n\t\t\t<div class=\"elementor-widget-wrap elementor-element-populated\">\n\t\t\t\t\t\t<div class=\"elementor-element elementor-element-1d13645 elementor-widget elementor-widget-image\" data-id=\"1d13645\" data-element_type=\"widget\" data-widget_type=\"image.default\">\n\t\t\t\t<div class=\"elementor-widget-container\">\n\t\t\t\t\t\t\t\t\t\t\t\t\t\t\t<img decoding=\"async\" width=\"768\" height=\"432\" src=\"https:\/\/blogsaverroes.juntadeandalucia.es\/iesguadalquivir\/files\/2022\/10\/Cartel-Orientaci\u00f3n-1920-\u00d7-1080-px-768x432.png\" class=\"attachment-medium_large size-medium_large wp-image-4268\" alt=\"\" srcset=\"https:\/\/blogsaverroes.juntadeandalucia.es\/iesguadalquivir\/files\/2022\/10\/Cartel-Orientaci\u00f3n-1920-\u00d7-1080-px-768x432.png 768w, https:\/\/blogsaverroes.juntadeandalucia.es\/iesguadalquivir\/files\/2022\/10\/Cartel-Orientaci\u00f3n-1920-\u00d7-1080-px-300x169.png 300w, https:\/\/blogsaverroes.juntadeandalucia.es\/iesguadalquivir\/files\/2022\/10\/Cartel-Orientaci\u00f3n-1920-\u00d7-1080-px-1024x576.png 1024w, https:\/\/blogsaverroes.juntadeandalucia.es\/iesguadalquivir\/files\/2022\/10\/Cartel-Orientaci\u00f3n-1920-\u00d7-1080-px-1536x864.png 1536w, https:\/\/blogsaverroes.juntadeandalucia.es\/iesguadalquivir\/files\/2022\/10\/Cartel-Orientaci\u00f3n-1920-\u00d7-1080-px.png 1600w\" sizes=\"(max-width: 768px) 100vw, 768px\" \/>\t\t\t\t\t\t\t\t\t\t\t\t\t\t\t<\/div>\n\t\t\t\t<\/div>\n\t\t\t\t<section class=\"elementor-section elementor-inner-section elementor-element elementor-element-f4102bc elementor-section-boxed elementor-section-height-default elementor-section-height-default\" data-id=\"f4102bc\" data-element_type=\"section\">\n\t\t\t\t\t\t<div class=\"elementor-container elementor-column-gap-default\">\n\t\t\t\t\t<div class=\"elementor-column elementor-col-25 elementor-inner-column elementor-element elementor-element-a48bd3b\" data-id=\"a48bd3b\" data-element_type=\"column\">\n\t\t\t<div class=\"elementor-widget-wrap\">\n\t\t\t\t\t\t\t<\/div>\n\t\t<\/div>\n\t\t\t\t<div class=\"elementor-column elementor-col-25 elementor-inner-column elementor-element elementor-element-55f2cf4\" data-id=\"55f2cf4\" data-element_type=\"column\">\n\t\t\t<div class=\"elementor-widget-wrap elementor-element-populated\">\n\t\t\t\t\t\t<div class=\"elementor-element elementor-element-628dbff elementor-widget elementor-widget-text-editor\" data-id=\"628dbff\" data-element_type=\"widget\" data-widget_type=\"text-editor.default\">\n\t\t\t\t<div class=\"elementor-widget-container\">\n\t\t\t\t\t\t\t\t\t<h4 style=\"text-align: center\">Este es el enlace directo a nuestro blog.<\/h4>\t\t\t\t\t\t\t\t<\/div>\n\t\t\t\t<\/div>\n\t\t\t\t\t<\/div>\n\t\t<\/div>\n\t\t\t\t<div class=\"elementor-column elementor-col-25 elementor-inner-column elementor-element elementor-element-3e378ee\" data-id=\"3e378ee\" data-element_type=\"column\">\n\t\t\t<div class=\"elementor-widget-wrap elementor-element-populated\">\n\t\t\t\t\t\t<div class=\"elementor-element elementor-element-e7a05fa elementor-align-center elementor-widget elementor-widget-button\" data-id=\"e7a05fa\" data-element_type=\"widget\" data-widget_type=\"button.default\">\n\t\t\t\t<div class=\"elementor-widget-container\">\n\t\t\t\t\t\t\t\t\t<div class=\"elementor-button-wrapper\">\n\t\t\t\t\t<a class=\"elementor-button elementor-button-link elementor-size-md\" href=\"http:\/\/orientacionguadalquivir.blogspot.com\/\">\n\t\t\t\t\t\t<span class=\"elementor-button-content-wrapper\">\n\t\t\t\t\t\t\t\t\t<span class=\"elementor-button-text\">Haz clic aqu\u00ed<\/span>\n\t\t\t\t\t<\/span>\n\t\t\t\t\t<\/a>\n\t\t\t\t<\/div>\n\t\t\t\t\t\t\t\t<\/div>\n\t\t\t\t<\/div>\n\t\t\t\t\t<\/div>\n\t\t<\/div>\n\t\t\t\t<div class=\"elementor-column elementor-col-25 elementor-inner-column elementor-element elementor-element-ca25953\" data-id=\"ca25953\" data-element_type=\"column\">\n\t\t\t<div class=\"elementor-widget-wrap\">\n\t\t\t\t\t\t\t<\/div>\n\t\t<\/div>\n\t\t\t\t\t<\/div>\n\t\t<\/section>\n\t\t\t\t<div class=\"elementor-element elementor-element-fd21a67 elementor-tabs-alignment-center elementor-tabs-view-horizontal elementor-widget elementor-widget-tabs\" data-id=\"fd21a67\" data-element_type=\"widget\" data-widget_type=\"tabs.default\">\n\t\t\t\t<div class=\"elementor-widget-container\">\n\t\t\t\t\t\t\t<div class=\"elementor-tabs\">\n\t\t\t<div class=\"elementor-tabs-wrapper\" role=\"tablist\" >\n\t\t\t\t\t\t\t\t\t<div id=\"elementor-tab-title-2651\" class=\"elementor-tab-title elementor-tab-desktop-title\" aria-selected=\"true\" data-tab=\"1\" role=\"tab\" tabindex=\"0\" aria-controls=\"elementor-tab-content-2651\" aria-expanded=\"false\">Miembros del Departamento<\/div>\n\t\t\t\t\t\t\t\t\t<div id=\"elementor-tab-title-2652\" class=\"elementor-tab-title elementor-tab-desktop-title\" aria-selected=\"false\" data-tab=\"2\" role=\"tab\" tabindex=\"-1\" aria-controls=\"elementor-tab-content-2652\" aria-expanded=\"false\">Asignaturas del Departamento<\/div>\n\t\t\t\t\t\t\t\t\t<div id=\"elementor-tab-title-2653\" class=\"elementor-tab-title elementor-tab-desktop-title\" aria-selected=\"false\" data-tab=\"3\" role=\"tab\" tabindex=\"-1\" aria-controls=\"elementor-tab-content-2653\" aria-expanded=\"false\">Programaci\u00f3n de Departamento<\/div>\n\t\t\t\t\t\t\t<\/div>\n\t\t\t<div class=\"elementor-tabs-content-wrapper\" role=\"tablist\" aria-orientation=\"vertical\">\n\t\t\t\t\t\t\t\t\t<div class=\"elementor-tab-title elementor-tab-mobile-title\" aria-selected=\"true\" data-tab=\"1\" role=\"tab\" tabindex=\"0\" aria-controls=\"elementor-tab-content-2651\" aria-expanded=\"false\">Miembros del Departamento<\/div>\n\t\t\t\t\t<div id=\"elementor-tab-content-2651\" class=\"elementor-tab-content elementor-clearfix\" data-tab=\"1\" role=\"tabpanel\" aria-labelledby=\"elementor-tab-title-2651\" tabindex=\"0\" hidden=\"false\"><table style=\"border-collapse: collapse;width: 100%\">\n<tbody>\n<tr>\n<td style=\"width: 33.3333%;background-color: #22bf71;text-align: center\"><span style=\"color: #ffffff\"><strong>Miembros<\/strong><\/span><\/td>\n<td style=\"width: 33.3333%;background-color: #22bf71;text-align: center\"><span style=\"color: #ffffff\"><strong>Cargo<\/strong><\/span><\/td>\n<td style=\"width: 33.3333%;background-color: #22bf71;text-align: center\"><span style=\"color: #ffffff\"><strong>Web del Profesor<\/strong><\/span><\/td>\n<\/tr>\n<tr>\n<td style=\"width: 33.3333%\">D\u00f1a. Irene Rodr\u00edguez Borbolla<\/td>\n<td style=\"width: 33.3333%\">Jefa de Departamento. Orientadora.<\/td>\n<td style=\"width: 33.3333%\">&#8211;<\/td>\n<\/tr>\n<tr>\n<td style=\"width: 33.3333%\">D\u00f1a. Mar\u00eda \u00c1ngeles Gonz\u00e1lez Calle<\/td>\n<td style=\"width: 33.3333%\">Maestra en Pedagog\u00eda Terap\u00e9utica<\/td>\n<td style=\"width: 33.3333%\">&#8211;<\/td>\n<\/tr>\n<tr>\n<td style=\"width: 33.3333%\">D\u00f1a. Mar\u00eda Eugenia Curto Santos<\/td>\n<td style=\"width: 33.3333%\">&nbsp;Apoyo Curric. Sordos A. Lengua y C. Social<\/td>\n<td style=\"width: 33.3333%\">&nbsp;&#8211;<\/td>\n<\/tr>\n<\/tbody>\n<\/table><\/div>\n\t\t\t\t\t\t\t\t\t<div class=\"elementor-tab-title elementor-tab-mobile-title\" aria-selected=\"false\" data-tab=\"2\" role=\"tab\" tabindex=\"-1\" aria-controls=\"elementor-tab-content-2652\" aria-expanded=\"false\">Asignaturas del Departamento<\/div>\n\t\t\t\t\t<div id=\"elementor-tab-content-2652\" class=\"elementor-tab-content elementor-clearfix\" data-tab=\"2\" role=\"tabpanel\" aria-labelledby=\"elementor-tab-title-2652\" tabindex=\"0\" hidden=\"hidden\"><p><b>Todo el alumnado<\/b> &#8211; Programa de Refuerzo, Orientaci\u00f3n y Apoyo (PROA)<\/p>\n<p><strong>Todo el alumnado<\/strong> &#8211; Aula de Apoyo<\/p>\n<p><b>3\u00ba ESO DIVERSIFICACI\u00d3N CURRICULAR<\/b><span>&nbsp;&#8211;&nbsp;<\/span><span>Tutor\u00eda&nbsp;<\/span><br><\/p><p><span style=\"font-weight: 700\">4\u00ba ESO DIVERSIFICACI\u00d3N CURRICULAR<\/span>&nbsp;&#8211;&nbsp;Tutor\u00eda&nbsp;<br><\/p><\/div>\n\t\t\t\t\t\t\t\t\t<div class=\"elementor-tab-title elementor-tab-mobile-title\" aria-selected=\"false\" data-tab=\"3\" role=\"tab\" tabindex=\"-1\" aria-controls=\"elementor-tab-content-2653\" aria-expanded=\"false\">Programaci\u00f3n de Departamento<\/div>\n\t\t\t\t\t<div id=\"elementor-tab-content-2653\" class=\"elementor-tab-content elementor-clearfix\" data-tab=\"3\" role=\"tabpanel\" aria-labelledby=\"elementor-tab-title-2653\" tabindex=\"0\" hidden=\"hidden\"><\/div>\n\t\t\t\t\t\t\t<\/div>\n\t\t<\/div>\n\t\t\t\t\t\t<\/div>\n\t\t\t\t<\/div>\n\t\t\t\t\t<\/div>\n\t\t<\/div>\n\t\t\t\t\t<\/div>\n\t\t<\/section>\n\t\t\t\t<section class=\"elementor-section elementor-top-section elementor-element elementor-element-e3483f4 elementor-section-boxed elementor-section-height-default elementor-section-height-default\" data-id=\"e3483f4\" data-element_type=\"section\">\n\t\t\t\t\t\t<div class=\"elementor-container elementor-column-gap-default\">\n\t\t\t\t\t<div class=\"elementor-column elementor-col-100 elementor-top-column elementor-element elementor-element-d4f2c5f\" data-id=\"d4f2c5f\" data-element_type=\"column\">\n\t\t\t<div class=\"elementor-widget-wrap\">\n\t\t\t\t\t\t\t<\/div>\n\t\t<\/div>\n\t\t\t\t\t<\/div>\n\t\t<\/section>\n\t\t\t\t<\/div>\n\t\t","protected":false},"excerpt":{"rendered":"<p>En nuestro IES disponemos de un Departamento de Orientaci\u00f3n.\u00a0 El\u00a0equipo\u00a0est\u00e1 formado por nuestra\u00a0Orientadora\u00a0y por nuestra\u00a0T\u00e9cnico en Pedagog\u00eda terap\u00e9utica. A trav\u00e9s de este servicio se ofrecen\u00a0claves sobre: &#8211; T\u00e9cnicas de estudio &#8211; Sobrellevar el d\u00eda a d\u00eda en el instituto &#8211; Tutor\u00eda y apoyo emocional &#8211; Informaci\u00f3n acerca de Grados Medios y Superiores &#8211; Informaci\u00f3n acerca [&hellip;]<\/p>\n","protected":false},"author":1,"featured_media":0,"parent":0,"menu_order":0,"comment_status":"closed","ping_status":"open","template":"","meta":{"ngg_post_thumbnail":0,"footnotes":"","_mc_calendar":[]},"aioseo_notices":[],"_links":{"self":[{"href":"https:\/\/blogsaverroes.juntadeandalucia.es\/iesguadalquivir\/wp-json\/wp\/v2\/pages\/1806"}],"collection":[{"href":"https:\/\/blogsaverroes.juntadeandalucia.es\/iesguadalquivir\/wp-json\/wp\/v2\/pages"}],"about":[{"href":"https:\/\/blogsaverroes.juntadeandalucia.es\/iesguadalquivir\/wp-json\/wp\/v2\/types\/page"}],"author":[{"embeddable":true,"href":"https:\/\/blogsaverroes.juntadeandalucia.es\/iesguadalquivir\/wp-json\/wp\/v2\/users\/1"}],"replies":[{"embeddable":true,"href":"https:\/\/blogsaverroes.juntadeandalucia.es\/iesguadalquivir\/wp-json\/wp\/v2\/comments?post=1806"}],"version-history":[{"count":39,"href":"https:\/\/blogsaverroes.juntadeandalucia.es\/iesguadalquivir\/wp-json\/wp\/v2\/pages\/1806\/revisions"}],"predecessor-version":[{"id":5217,"href":"https:\/\/blogsaverroes.juntadeandalucia.es\/iesguadalquivir\/wp-json\/wp\/v2\/pages\/1806\/revisions\/5217"}],"wp:attachment":[{"href":"https:\/\/blogsaverroes.juntadeandalucia.es\/iesguadalquivir\/wp-json\/wp\/v2\/media?parent=1806"}],"curies":[{"name":"wp","href":"https:\/\/api.w.org\/{rel}","templated":true}]}}