{"id":2576,"date":"2018-09-08T09:43:30","date_gmt":"2018-09-08T09:43:30","guid":{"rendered":"https:\/\/blogsaverroes.juntadeandalucia.es\/iesguadalquivir\/?page_id=2576"},"modified":"2025-12-18T10:47:37","modified_gmt":"2025-12-18T10:47:37","slug":"ingles-3-2","status":"publish","type":"page","link":"https:\/\/blogsaverroes.juntadeandalucia.es\/iesguadalquivir\/ingles-3-2\/","title":{"rendered":"Ingl\u00e9s"},"content":{"rendered":"\t\t<div data-elementor-type=\"wp-page\" data-elementor-id=\"2576\" class=\"elementor elementor-2576\">\n\t\t\t\t\t\t<section class=\"elementor-section elementor-top-section elementor-element elementor-element-3a777e9 elementor-section-boxed elementor-section-height-default elementor-section-height-default\" data-id=\"3a777e9\" data-element_type=\"section\">\n\t\t\t\t\t\t<div class=\"elementor-container elementor-column-gap-default\">\n\t\t\t\t\t<div class=\"elementor-column elementor-col-100 elementor-top-column elementor-element elementor-element-e0a5b09\" data-id=\"e0a5b09\" data-element_type=\"column\">\n\t\t\t<div class=\"elementor-widget-wrap elementor-element-populated\">\n\t\t\t\t\t\t<div class=\"elementor-element elementor-element-96b3369 elementor-widget elementor-widget-image\" data-id=\"96b3369\" data-element_type=\"widget\" data-widget_type=\"image.default\">\n\t\t\t\t<div class=\"elementor-widget-container\">\n\t\t\t\t\t\t\t\t\t\t\t\t\t\t\t<img fetchpriority=\"high\" decoding=\"async\" width=\"1024\" height=\"256\" src=\"https:\/\/blogsaverroes.juntadeandalucia.es\/iesguadalquivir\/files\/2022\/10\/Banner-Ingl\u00e9s-1024x256.png\" class=\"attachment-large size-large wp-image-3946\" alt=\"\" srcset=\"https:\/\/blogsaverroes.juntadeandalucia.es\/iesguadalquivir\/files\/2022\/10\/Banner-Ingl\u00e9s-1024x256.png 1024w, https:\/\/blogsaverroes.juntadeandalucia.es\/iesguadalquivir\/files\/2022\/10\/Banner-Ingl\u00e9s-300x75.png 300w, https:\/\/blogsaverroes.juntadeandalucia.es\/iesguadalquivir\/files\/2022\/10\/Banner-Ingl\u00e9s-768x192.png 768w, https:\/\/blogsaverroes.juntadeandalucia.es\/iesguadalquivir\/files\/2022\/10\/Banner-Ingl\u00e9s-1536x384.png 1536w, https:\/\/blogsaverroes.juntadeandalucia.es\/iesguadalquivir\/files\/2022\/10\/Banner-Ingl\u00e9s.png 1600w\" sizes=\"(max-width: 1024px) 100vw, 1024px\" \/>\t\t\t\t\t\t\t\t\t\t\t\t\t\t\t<\/div>\n\t\t\t\t<\/div>\n\t\t\t\t\t<\/div>\n\t\t<\/div>\n\t\t\t\t\t<\/div>\n\t\t<\/section>\n\t\t\t\t<section class=\"elementor-section elementor-top-section elementor-element elementor-element-aec93e8 elementor-section-boxed elementor-section-height-default elementor-section-height-default\" data-id=\"aec93e8\" data-element_type=\"section\">\n\t\t\t\t\t\t<div class=\"elementor-container elementor-column-gap-default\">\n\t\t\t\t\t<div class=\"elementor-column elementor-col-100 elementor-top-column elementor-element elementor-element-05d6b08\" data-id=\"05d6b08\" data-element_type=\"column\">\n\t\t\t<div class=\"elementor-widget-wrap elementor-element-populated\">\n\t\t\t\t\t\t<div class=\"elementor-element elementor-element-12a5537 elementor-widget elementor-widget-text-editor\" data-id=\"12a5537\" data-element_type=\"widget\" data-widget_type=\"text-editor.default\">\n\t\t\t\t<div class=\"elementor-widget-container\">\n\t\t\t\t\t\t\t\t\t<p style=\"text-align: center\">Esta es la secci\u00f3n del departamento de Ingl\u00e9s.<\/p><p style=\"text-align: center\">Navega por las diferentes <u>pesta\u00f1as para m\u00e1s informaci\u00f3n<\/u>.<\/p>\t\t\t\t\t\t\t\t<\/div>\n\t\t\t\t<\/div>\n\t\t\t\t\t<\/div>\n\t\t<\/div>\n\t\t\t\t\t<\/div>\n\t\t<\/section>\n\t\t\t\t<section class=\"elementor-section elementor-top-section elementor-element elementor-element-07f7dc2 elementor-section-boxed elementor-section-height-default elementor-section-height-default\" data-id=\"07f7dc2\" data-element_type=\"section\">\n\t\t\t\t\t\t<div class=\"elementor-container elementor-column-gap-default\">\n\t\t\t\t\t<div class=\"elementor-column elementor-col-100 elementor-top-column elementor-element elementor-element-3f777c5\" data-id=\"3f777c5\" data-element_type=\"column\">\n\t\t\t<div class=\"elementor-widget-wrap elementor-element-populated\">\n\t\t\t\t\t\t<div class=\"elementor-element elementor-element-59d690c elementor-tabs-alignment-center elementor-tabs-view-horizontal elementor-widget elementor-widget-tabs\" data-id=\"59d690c\" data-element_type=\"widget\" data-widget_type=\"tabs.default\">\n\t\t\t\t<div class=\"elementor-widget-container\">\n\t\t\t\t\t\t\t<div class=\"elementor-tabs\">\n\t\t\t<div class=\"elementor-tabs-wrapper\" role=\"tablist\" >\n\t\t\t\t\t\t\t\t\t<div id=\"elementor-tab-title-9421\" class=\"elementor-tab-title elementor-tab-desktop-title\" aria-selected=\"true\" data-tab=\"1\" role=\"tab\" tabindex=\"0\" aria-controls=\"elementor-tab-content-9421\" aria-expanded=\"false\">Miembros del Departamento<\/div>\n\t\t\t\t\t\t\t\t\t<div id=\"elementor-tab-title-9422\" class=\"elementor-tab-title elementor-tab-desktop-title\" aria-selected=\"false\" data-tab=\"2\" role=\"tab\" tabindex=\"-1\" aria-controls=\"elementor-tab-content-9422\" aria-expanded=\"false\">Asignaturas del Departamento<\/div>\n\t\t\t\t\t\t\t\t\t<div id=\"elementor-tab-title-9423\" class=\"elementor-tab-title elementor-tab-desktop-title\" aria-selected=\"false\" data-tab=\"3\" role=\"tab\" tabindex=\"-1\" aria-controls=\"elementor-tab-content-9423\" aria-expanded=\"false\">Programaci\u00f3n del Departamento<\/div>\n\t\t\t\t\t\t\t<\/div>\n\t\t\t<div class=\"elementor-tabs-content-wrapper\" role=\"tablist\" aria-orientation=\"vertical\">\n\t\t\t\t\t\t\t\t\t<div class=\"elementor-tab-title elementor-tab-mobile-title\" aria-selected=\"true\" data-tab=\"1\" role=\"tab\" tabindex=\"0\" aria-controls=\"elementor-tab-content-9421\" aria-expanded=\"false\">Miembros del Departamento<\/div>\n\t\t\t\t\t<div id=\"elementor-tab-content-9421\" class=\"elementor-tab-content elementor-clearfix\" data-tab=\"1\" role=\"tabpanel\" aria-labelledby=\"elementor-tab-title-9421\" tabindex=\"0\" hidden=\"false\"><table style=\"border-collapse: collapse;width: 100%\">\n<tbody>\n<tr>\n<td style=\"width: 33.3333%;background-color: #22bf71;text-align: center\"><span style=\"color: #ffffff\"><strong>Miembro<\/strong><\/span><\/td>\n<td style=\"width: 33.3333%;background-color: #22bf71;text-align: center\"><span style=\"color: #ffffff\"><strong>Cargo<\/strong><\/span><\/td>\n<td style=\"width: 33.3333%;background-color: #22bf71;text-align: center\"><span style=\"color: #ffffff\"><strong>Web del Profesor<\/strong><\/span><\/td>\n<\/tr>\n<tr>\n<td style=\"width: 33.3333%\">D\u00f1a. Nieves Cano Cuevas<\/td>\n<td style=\"width: 33.3333%\">Jefa de Departamento y Coordinadora Biling\u00fce<\/td>\n<td style=\"width: 33.3333%\">&#8211;<\/td>\n<\/tr>\n<tr>\n<td style=\"width: 33.3333%\">D\u00f1a. Lidia Espinar Rueda<\/td>\n<td style=\"width: 33.3333%\">Jefa de Estudios Adjunta<\/td>\n<td style=\"width: 33.3333%\">&#8211;<\/td>\n<\/tr>\n<tr>\n<td style=\"width: 33.3333%\">D\u00f1a. Sandra Fern\u00e1ndez Jim\u00e9nez<\/td>\n<td style=\"width: 33.3333%\">Tutora 1.\u00ba Bachillerato C<\/td>\n<td style=\"width: 33.3333%\">&#8211;<\/td>\n<\/tr>\n<tr>\n<td style=\"width: 33.3333%\">D\u00f1a. Victoria Jurado Vargas<\/td>\n<td style=\"width: 33.3333%\">Tutora 4\u00ba ESO C<\/td>\n<td style=\"width: 33.3333%\">&#8211;<\/td>\n<\/tr>\n<tr>\n<td style=\"width: 33.3333%\">D. Jos\u00e9 Carlos Gonz\u00e1lez Mart\u00edn<\/td>\n<td style=\"width: 33.3333%\">Tutor 2\u00ba Bachillerato C<\/td>\n<td style=\"width: 33.3333%\">&#8211;<\/td>\n<\/tr>\n<tr>\n<td style=\"width: 33.3333%\">D. V\u00edctor Manuel Urquiza Uribe<\/td>\n<td style=\"width: 33.3333%\">Tutor 1\u00ba Bachillerato B<\/td>\n<td style=\"width: 33.3333%\">&nbsp;&#8211;<\/td>\n<\/tr>\n<\/tbody>\n<\/table><\/div>\n\t\t\t\t\t\t\t\t\t<div class=\"elementor-tab-title elementor-tab-mobile-title\" aria-selected=\"false\" data-tab=\"2\" role=\"tab\" tabindex=\"-1\" aria-controls=\"elementor-tab-content-9422\" aria-expanded=\"false\">Asignaturas del Departamento<\/div>\n\t\t\t\t\t<div id=\"elementor-tab-content-9422\" class=\"elementor-tab-content elementor-clearfix\" data-tab=\"2\" role=\"tabpanel\" aria-labelledby=\"elementor-tab-title-9422\" tabindex=\"0\" hidden=\"hidden\"><p><strong>1\u00ba ESO<\/strong> &#8211; Ingl\u00e9s, \u00c1rea Ling\u00fc\u00edstica de car\u00e1cter transversal<\/p>\n<p><strong>2\u00ba ESO<\/strong> &#8211; Ingl\u00e9s<\/p>\n<p><strong>3\u00ba ESO<\/strong> &#8211; Ingl\u00e9s<\/p>\n<p><b>3\u00ba ESO <\/b>&#8211; \u00c1mbito Ling\u00fc\u00edstico (ingl\u00e9s) (Diversificaci\u00f3n)<\/p>\n<p><strong>4\u00ba ESO<\/strong> &#8211; Ingl\u00e9s<\/p>\n<p><b>4\u00ba ESO<\/b>&nbsp;&#8211; \u00c1mbito Ling\u00fc\u00edstico (Diversificaci\u00f3n)<\/p>\n<p><strong>1\u00ba Bach<\/strong> &#8211;&nbsp;<span>Ingl\u00e9s<\/span><\/p><p><b>1\u00ba Bach<\/b>&nbsp;&#8211; Certificaci\u00f3n B2 ingl\u00e9s<\/p>\n<p><strong>2\u00ba Bach<\/strong> &#8211;&nbsp;<span>Ingl\u00e9s<\/span><\/p><p><span style=\"font-weight: 700;letter-spacing: 0.2px\">2\u00ba Bach<\/span><span style=\"letter-spacing: 0.2px\">&nbsp;&#8211; Certificaci\u00f3n B2 ingl\u00e9s<\/span><span><br><\/span><\/p>\n<p><strong>ESA<\/strong> &#8211; \u00c1mbito de Comunicaci\u00f3n (Ingl\u00e9s)<\/p>\n<p><strong>1\u00ba Bach Adultos<\/strong> &#8211; Ingl\u00e9s<\/p>\n<p><strong>2\u00ba Bach Adultos<\/strong> &#8211; Ingl\u00e9s<\/p><\/div>\n\t\t\t\t\t\t\t\t\t<div class=\"elementor-tab-title elementor-tab-mobile-title\" aria-selected=\"false\" data-tab=\"3\" role=\"tab\" tabindex=\"-1\" aria-controls=\"elementor-tab-content-9423\" aria-expanded=\"false\">Programaci\u00f3n del Departamento<\/div>\n\t\t\t\t\t<div id=\"elementor-tab-content-9423\" class=\"elementor-tab-content elementor-clearfix\" data-tab=\"3\" role=\"tabpanel\" aria-labelledby=\"elementor-tab-title-9423\" tabindex=\"0\" hidden=\"hidden\"><p><iframe src=\"https:\/\/drive.google.com\/file\/d\/1CQGbVH0U1Gx-XQ-pL7dHSx-F6C-UuN4A\/preview\" width=\"100%\" height=\"480\"><\/iframe><\/p><\/div>\n\t\t\t\t\t\t\t<\/div>\n\t\t<\/div>\n\t\t\t\t\t\t<\/div>\n\t\t\t\t<\/div>\n\t\t\t\t\t<\/div>\n\t\t<\/div>\n\t\t\t\t\t<\/div>\n\t\t<\/section>\n\t\t\t\t<section class=\"elementor-section elementor-top-section elementor-element elementor-element-c7e235f elementor-section-boxed elementor-section-height-default elementor-section-height-default\" data-id=\"c7e235f\" data-element_type=\"section\">\n\t\t\t\t\t\t<div class=\"elementor-container elementor-column-gap-default\">\n\t\t\t\t\t<div class=\"elementor-column elementor-col-100 elementor-top-column elementor-element elementor-element-2d5a28c\" data-id=\"2d5a28c\" data-element_type=\"column\">\n\t\t\t<div class=\"elementor-widget-wrap elementor-element-populated\">\n\t\t\t\t\t\t<section class=\"elementor-section elementor-inner-section elementor-element elementor-element-c8db5c4 elementor-section-boxed elementor-section-height-default elementor-section-height-default\" data-id=\"c8db5c4\" data-element_type=\"section\">\n\t\t\t\t\t\t<div class=\"elementor-container elementor-column-gap-default\">\n\t\t\t\t\t<div class=\"elementor-column elementor-col-25 elementor-inner-column elementor-element elementor-element-7a82693\" data-id=\"7a82693\" data-element_type=\"column\">\n\t\t\t<div class=\"elementor-widget-wrap\">\n\t\t\t\t\t\t\t<\/div>\n\t\t<\/div>\n\t\t\t\t<div class=\"elementor-column elementor-col-25 elementor-inner-column elementor-element elementor-element-6a6edec\" data-id=\"6a6edec\" data-element_type=\"column\">\n\t\t\t<div class=\"elementor-widget-wrap elementor-element-populated\">\n\t\t\t\t\t\t<div class=\"elementor-element elementor-element-fd9564d elementor-widget elementor-widget-text-editor\" data-id=\"fd9564d\" data-element_type=\"widget\" data-widget_type=\"text-editor.default\">\n\t\t\t\t<div class=\"elementor-widget-container\">\n\t\t\t\t\t\t\t\t\t<h3 style=\"text-align: center\">\u00a1Consulta nuestro Blog Biling\u00fce!<\/h3>\t\t\t\t\t\t\t\t<\/div>\n\t\t\t\t<\/div>\n\t\t\t\t\t<\/div>\n\t\t<\/div>\n\t\t\t\t<div class=\"elementor-column elementor-col-25 elementor-inner-column elementor-element elementor-element-adb4683\" data-id=\"adb4683\" data-element_type=\"column\">\n\t\t\t<div class=\"elementor-widget-wrap elementor-element-populated\">\n\t\t\t\t\t\t<div class=\"elementor-element elementor-element-12102e5 elementor-align-center elementor-widget elementor-widget-button\" data-id=\"12102e5\" data-element_type=\"widget\" data-widget_type=\"button.default\">\n\t\t\t\t<div class=\"elementor-widget-container\">\n\t\t\t\t\t\t\t\t\t<div class=\"elementor-button-wrapper\">\n\t\t\t\t\t<a class=\"elementor-button elementor-button-link elementor-size-sm\" href=\"https:\/\/blogsaverroes.juntadeandalucia.es\/iesguadalquivirlorabilingue\/\">\n\t\t\t\t\t\t<span class=\"elementor-button-content-wrapper\">\n\t\t\t\t\t\t\t\t\t<span class=\"elementor-button-text\">Haz clic aqu\u00ed<\/span>\n\t\t\t\t\t<\/span>\n\t\t\t\t\t<\/a>\n\t\t\t\t<\/div>\n\t\t\t\t\t\t\t\t<\/div>\n\t\t\t\t<\/div>\n\t\t\t\t\t<\/div>\n\t\t<\/div>\n\t\t\t\t<div class=\"elementor-column elementor-col-25 elementor-inner-column elementor-element elementor-element-c4d4fbf\" data-id=\"c4d4fbf\" data-element_type=\"column\">\n\t\t\t<div class=\"elementor-widget-wrap\">\n\t\t\t\t\t\t\t<\/div>\n\t\t<\/div>\n\t\t\t\t\t<\/div>\n\t\t<\/section>\n\t\t\t\t\t<\/div>\n\t\t<\/div>\n\t\t\t\t\t<\/div>\n\t\t<\/section>\n\t\t\t\t<\/div>\n\t\t","protected":false},"excerpt":{"rendered":"<p>Esta es la secci\u00f3n del departamento de Ingl\u00e9s. Navega por las diferentes pesta\u00f1as para m\u00e1s informaci\u00f3n. Miembros del Departamento Asignaturas del Departamento Programaci\u00f3n del Departamento Miembros del Departamento Miembro Cargo Web del Profesor D\u00f1a. Nieves Cano Cuevas Jefa de Departamento y Coordinadora Biling\u00fce &#8211; D\u00f1a. Lidia Espinar Rueda Jefa de Estudios Adjunta &#8211; D\u00f1a. Sandra [&hellip;]<\/p>\n","protected":false},"author":4902,"featured_media":0,"parent":0,"menu_order":0,"comment_status":"closed","ping_status":"closed","template":"","meta":{"ngg_post_thumbnail":0,"footnotes":"","_mc_calendar":[]},"aioseo_notices":[],"_links":{"self":[{"href":"https:\/\/blogsaverroes.juntadeandalucia.es\/iesguadalquivir\/wp-json\/wp\/v2\/pages\/2576"}],"collection":[{"href":"https:\/\/blogsaverroes.juntadeandalucia.es\/iesguadalquivir\/wp-json\/wp\/v2\/pages"}],"about":[{"href":"https:\/\/blogsaverroes.juntadeandalucia.es\/iesguadalquivir\/wp-json\/wp\/v2\/types\/page"}],"author":[{"embeddable":true,"href":"https:\/\/blogsaverroes.juntadeandalucia.es\/iesguadalquivir\/wp-json\/wp\/v2\/users\/4902"}],"replies":[{"embeddable":true,"href":"https:\/\/blogsaverroes.juntadeandalucia.es\/iesguadalquivir\/wp-json\/wp\/v2\/comments?post=2576"}],"version-history":[{"count":55,"href":"https:\/\/blogsaverroes.juntadeandalucia.es\/iesguadalquivir\/wp-json\/wp\/v2\/pages\/2576\/revisions"}],"predecessor-version":[{"id":5355,"href":"https:\/\/blogsaverroes.juntadeandalucia.es\/iesguadalquivir\/wp-json\/wp\/v2\/pages\/2576\/revisions\/5355"}],"wp:attachment":[{"href":"https:\/\/blogsaverroes.juntadeandalucia.es\/iesguadalquivir\/wp-json\/wp\/v2\/media?parent=2576"}],"curies":[{"name":"wp","href":"https:\/\/api.w.org\/{rel}","templated":true}]}}