{"id":4263,"date":"2022-10-20T15:47:59","date_gmt":"2022-10-20T15:47:59","guid":{"rendered":"https:\/\/blogsaverroes.juntadeandalucia.es\/iesguadalquivir\/?page_id=4263"},"modified":"2022-10-26T08:03:02","modified_gmt":"2022-10-26T08:03:02","slug":"extra","status":"publish","type":"page","link":"https:\/\/blogsaverroes.juntadeandalucia.es\/iesguadalquivir\/extra\/","title":{"rendered":"\u00a1Extra!"},"content":{"rendered":"\t\t<div data-elementor-type=\"wp-page\" data-elementor-id=\"4263\" class=\"elementor elementor-4263\">\n\t\t\t\t\t\t<section class=\"elementor-section elementor-top-section elementor-element elementor-element-f268d66 elementor-section-boxed elementor-section-height-default elementor-section-height-default\" data-id=\"f268d66\" data-element_type=\"section\">\n\t\t\t\t\t\t<div class=\"elementor-container elementor-column-gap-default\">\n\t\t\t\t\t<div class=\"elementor-column elementor-col-100 elementor-top-column elementor-element elementor-element-1493ac7\" data-id=\"1493ac7\" data-element_type=\"column\">\n\t\t\t<div class=\"elementor-widget-wrap elementor-element-populated\">\n\t\t\t\t\t\t<div class=\"elementor-element elementor-element-f948ae0 elementor-widget elementor-widget-image\" data-id=\"f948ae0\" data-element_type=\"widget\" data-widget_type=\"image.default\">\n\t\t\t\t<div class=\"elementor-widget-container\">\n\t\t\t\t\t\t\t\t\t\t\t\t\t\t\t<img fetchpriority=\"high\" decoding=\"async\" width=\"1024\" height=\"256\" src=\"https:\/\/blogsaverroes.juntadeandalucia.es\/iesguadalquivir\/files\/2022\/10\/Banners-por-asignaturas-6-1024x256.png\" class=\"attachment-large size-large wp-image-4264\" alt=\"\" srcset=\"https:\/\/blogsaverroes.juntadeandalucia.es\/iesguadalquivir\/files\/2022\/10\/Banners-por-asignaturas-6-1024x256.png 1024w, https:\/\/blogsaverroes.juntadeandalucia.es\/iesguadalquivir\/files\/2022\/10\/Banners-por-asignaturas-6-300x75.png 300w, https:\/\/blogsaverroes.juntadeandalucia.es\/iesguadalquivir\/files\/2022\/10\/Banners-por-asignaturas-6-768x192.png 768w, https:\/\/blogsaverroes.juntadeandalucia.es\/iesguadalquivir\/files\/2022\/10\/Banners-por-asignaturas-6-1536x384.png 1536w, https:\/\/blogsaverroes.juntadeandalucia.es\/iesguadalquivir\/files\/2022\/10\/Banners-por-asignaturas-6.png 1600w\" sizes=\"(max-width: 1024px) 100vw, 1024px\" \/>\t\t\t\t\t\t\t\t\t\t\t\t\t\t\t<\/div>\n\t\t\t\t<\/div>\n\t\t\t\t<div class=\"elementor-element elementor-element-cf79065 elementor-widget elementor-widget-heading\" data-id=\"cf79065\" data-element_type=\"widget\" data-widget_type=\"heading.default\">\n\t\t\t\t<div class=\"elementor-widget-container\">\n\t\t\t\t\t<h2 class=\"elementor-heading-title elementor-size-default\">\u00bfQuieres m\u00e1s?<\/h2>\t\t\t\t<\/div>\n\t\t\t\t<\/div>\n\t\t\t\t<div class=\"elementor-element elementor-element-6f47dc4 elementor-widget elementor-widget-text-editor\" data-id=\"6f47dc4\" data-element_type=\"widget\" data-widget_type=\"text-editor.default\">\n\t\t\t\t<div class=\"elementor-widget-container\">\n\t\t\t\t\t\t\t\t\t<p style=\"text-align: center\">Hasta ahora has le\u00eddo todas las modalidades de ense\u00f1anza que promovemos en el IES Guadalquivir.<\/p><p style=\"text-align: center\">Creemos que <strong>todo lo que ofrecemos no es<\/strong>, ni mucho menos, <strong>poco<\/strong>. \u00a1<span style=\"text-decoration: underline\">Pero a\u00fan hay m\u00e1s<\/span>!<\/p>\t\t\t\t\t\t\t\t<\/div>\n\t\t\t\t<\/div>\n\t\t\t\t\t<\/div>\n\t\t<\/div>\n\t\t\t\t\t<\/div>\n\t\t<\/section>\n\t\t\t\t<section class=\"elementor-section elementor-top-section elementor-element elementor-element-dc208cd elementor-section-boxed elementor-section-height-default elementor-section-height-default\" data-id=\"dc208cd\" data-element_type=\"section\">\n\t\t\t\t\t\t<div class=\"elementor-container elementor-column-gap-default\">\n\t\t\t\t\t<div class=\"elementor-column elementor-col-100 elementor-top-column elementor-element elementor-element-abb9716\" data-id=\"abb9716\" data-element_type=\"column\">\n\t\t\t<div class=\"elementor-widget-wrap elementor-element-populated\">\n\t\t\t\t\t\t<div class=\"elementor-element elementor-element-86f083a elementor-widget elementor-widget-image\" data-id=\"86f083a\" data-element_type=\"widget\" data-widget_type=\"image.default\">\n\t\t\t\t<div class=\"elementor-widget-container\">\n\t\t\t\t\t\t\t\t\t\t\t\t\t\t\t<img decoding=\"async\" width=\"768\" height=\"192\" src=\"https:\/\/blogsaverroes.juntadeandalucia.es\/iesguadalquivir\/files\/2022\/10\/Orientaci\u00f3n-Banner-768x192.png\" class=\"attachment-medium_large size-medium_large wp-image-4247\" alt=\"\" srcset=\"https:\/\/blogsaverroes.juntadeandalucia.es\/iesguadalquivir\/files\/2022\/10\/Orientaci\u00f3n-Banner-768x192.png 768w, https:\/\/blogsaverroes.juntadeandalucia.es\/iesguadalquivir\/files\/2022\/10\/Orientaci\u00f3n-Banner-300x75.png 300w, https:\/\/blogsaverroes.juntadeandalucia.es\/iesguadalquivir\/files\/2022\/10\/Orientaci\u00f3n-Banner-1024x256.png 1024w, https:\/\/blogsaverroes.juntadeandalucia.es\/iesguadalquivir\/files\/2022\/10\/Orientaci\u00f3n-Banner-1536x384.png 1536w, https:\/\/blogsaverroes.juntadeandalucia.es\/iesguadalquivir\/files\/2022\/10\/Orientaci\u00f3n-Banner.png 1600w\" sizes=\"(max-width: 768px) 100vw, 768px\" \/>\t\t\t\t\t\t\t\t\t\t\t\t\t\t\t<\/div>\n\t\t\t\t<\/div>\n\t\t\t\t<section class=\"elementor-section elementor-inner-section elementor-element elementor-element-b550258 elementor-section-boxed elementor-section-height-default elementor-section-height-default\" data-id=\"b550258\" data-element_type=\"section\">\n\t\t\t\t\t\t<div class=\"elementor-container elementor-column-gap-default\">\n\t\t\t\t\t<div class=\"elementor-column elementor-col-50 elementor-inner-column elementor-element elementor-element-152f1a1\" data-id=\"152f1a1\" data-element_type=\"column\">\n\t\t\t<div class=\"elementor-widget-wrap elementor-element-populated\">\n\t\t\t\t\t\t<div class=\"elementor-element elementor-element-4a4d8bd elementor-widget elementor-widget-text-editor\" data-id=\"4a4d8bd\" data-element_type=\"widget\" data-widget_type=\"text-editor.default\">\n\t\t\t\t<div class=\"elementor-widget-container\">\n\t\t\t\t\t\t\t\t\t<p style=\"text-align: center\">En nuestro IES disponemos de un Departamento de Orientaci\u00f3n.\u00a0<\/p><p style=\"text-align: center\">El <b>equipo <\/b>est\u00e1 formado por nuestra <u>Orientadora<\/u> y por nuestra <u>T\u00e9cnico en Pedagog\u00eda terap\u00e9utica<\/u>.<\/p><p><span>A trav\u00e9s de este servicio se ofrecen <\/span><b>claves sobre<\/b><span>:<\/span><\/p><p><span>&#8211; T\u00e9cnicas de estudio<\/span><\/p><p>&#8211; Sobrellevar el d\u00eda a d\u00eda en el instituto<\/p><p>&#8211; Tutor\u00eda y apoyo emocional<\/p><p>&#8211; Informaci\u00f3n acerca de Grados Medios y Superiores<\/p><p>&#8211; Informaci\u00f3n acerca de Acceso a la Universidad y carreras universitarias<\/p><p>&#8211; Un o\u00eddo que escucha y buenos consejos<\/p>\t\t\t\t\t\t\t\t<\/div>\n\t\t\t\t<\/div>\n\t\t\t\t\t<\/div>\n\t\t<\/div>\n\t\t\t\t<div class=\"elementor-column elementor-col-50 elementor-inner-column elementor-element elementor-element-f0b384a\" data-id=\"f0b384a\" data-element_type=\"column\">\n\t\t\t<div class=\"elementor-widget-wrap elementor-element-populated\">\n\t\t\t\t\t\t<div class=\"elementor-element elementor-element-05cd43c elementor-widget elementor-widget-image\" data-id=\"05cd43c\" data-element_type=\"widget\" data-widget_type=\"image.default\">\n\t\t\t\t<div class=\"elementor-widget-container\">\n\t\t\t\t\t\t\t\t\t\t\t\t\t\t\t\t<a href=\"http:\/\/orientacionguadalquivir.blogspot.com\/\">\n\t\t\t\t\t\t\t<img decoding=\"async\" width=\"1024\" height=\"576\" src=\"https:\/\/blogsaverroes.juntadeandalucia.es\/iesguadalquivir\/files\/2022\/10\/Cartel-Orientaci\u00f3n-1920-\u00d7-1080-px-1024x576.png\" class=\"attachment-large size-large wp-image-4268\" alt=\"\" srcset=\"https:\/\/blogsaverroes.juntadeandalucia.es\/iesguadalquivir\/files\/2022\/10\/Cartel-Orientaci\u00f3n-1920-\u00d7-1080-px-1024x576.png 1024w, https:\/\/blogsaverroes.juntadeandalucia.es\/iesguadalquivir\/files\/2022\/10\/Cartel-Orientaci\u00f3n-1920-\u00d7-1080-px-300x169.png 300w, https:\/\/blogsaverroes.juntadeandalucia.es\/iesguadalquivir\/files\/2022\/10\/Cartel-Orientaci\u00f3n-1920-\u00d7-1080-px-768x432.png 768w, https:\/\/blogsaverroes.juntadeandalucia.es\/iesguadalquivir\/files\/2022\/10\/Cartel-Orientaci\u00f3n-1920-\u00d7-1080-px-1536x864.png 1536w, https:\/\/blogsaverroes.juntadeandalucia.es\/iesguadalquivir\/files\/2022\/10\/Cartel-Orientaci\u00f3n-1920-\u00d7-1080-px.png 1600w\" sizes=\"(max-width: 1024px) 100vw, 1024px\" \/>\t\t\t\t\t\t\t\t<\/a>\n\t\t\t\t\t\t\t\t\t\t\t\t\t\t\t<\/div>\n\t\t\t\t<\/div>\n\t\t\t\t\t<\/div>\n\t\t<\/div>\n\t\t\t\t\t<\/div>\n\t\t<\/section>\n\t\t\t\t<div class=\"elementor-element elementor-element-c778949 elementor-widget-divider--view-line elementor-widget elementor-widget-divider\" data-id=\"c778949\" data-element_type=\"widget\" data-widget_type=\"divider.default\">\n\t\t\t\t<div class=\"elementor-widget-container\">\n\t\t\t\t\t\t\t<div class=\"elementor-divider\">\n\t\t\t<span class=\"elementor-divider-separator\">\n\t\t\t\t\t\t<\/span>\n\t\t<\/div>\n\t\t\t\t\t\t<\/div>\n\t\t\t\t<\/div>\n\t\t\t\t\t<\/div>\n\t\t<\/div>\n\t\t\t\t\t<\/div>\n\t\t<\/section>\n\t\t\t\t<section class=\"elementor-section elementor-top-section elementor-element elementor-element-09d28cd elementor-section-boxed elementor-section-height-default elementor-section-height-default\" data-id=\"09d28cd\" data-element_type=\"section\">\n\t\t\t\t\t\t<div class=\"elementor-container elementor-column-gap-default\">\n\t\t\t\t\t<div class=\"elementor-column elementor-col-100 elementor-top-column elementor-element elementor-element-b3d7ad1\" data-id=\"b3d7ad1\" data-element_type=\"column\">\n\t\t\t<div class=\"elementor-widget-wrap elementor-element-populated\">\n\t\t\t\t\t\t<div class=\"elementor-element elementor-element-c25d009 elementor-widget elementor-widget-image\" data-id=\"c25d009\" data-element_type=\"widget\" data-widget_type=\"image.default\">\n\t\t\t\t<div class=\"elementor-widget-container\">\n\t\t\t\t\t\t\t\t\t\t\t\t\t\t\t<img loading=\"lazy\" decoding=\"async\" width=\"768\" height=\"192\" src=\"https:\/\/blogsaverroes.juntadeandalucia.es\/iesguadalquivir\/files\/2022\/10\/PROA-768x192.png\" class=\"attachment-medium_large size-medium_large wp-image-4363\" alt=\"\" srcset=\"https:\/\/blogsaverroes.juntadeandalucia.es\/iesguadalquivir\/files\/2022\/10\/PROA-768x192.png 768w, https:\/\/blogsaverroes.juntadeandalucia.es\/iesguadalquivir\/files\/2022\/10\/PROA-300x75.png 300w, https:\/\/blogsaverroes.juntadeandalucia.es\/iesguadalquivir\/files\/2022\/10\/PROA-1024x256.png 1024w, https:\/\/blogsaverroes.juntadeandalucia.es\/iesguadalquivir\/files\/2022\/10\/PROA-1536x384.png 1536w, https:\/\/blogsaverroes.juntadeandalucia.es\/iesguadalquivir\/files\/2022\/10\/PROA.png 1600w\" sizes=\"(max-width: 768px) 100vw, 768px\" \/>\t\t\t\t\t\t\t\t\t\t\t\t\t\t\t<\/div>\n\t\t\t\t<\/div>\n\t\t\t\t<div class=\"elementor-element elementor-element-d27469a elementor-widget elementor-widget-text-editor\" data-id=\"d27469a\" data-element_type=\"widget\" data-widget_type=\"text-editor.default\">\n\t\t\t\t<div class=\"elementor-widget-container\">\n\t\t\t\t\t\t\t\t\t<p style=\"text-align: center\">En el bot\u00f3n inferior puedes consultar <b>m\u00e1s informaci\u00f3n<\/b> y encontrar <b>c\u00f3mo solicitar participar<\/b>.<\/p>\t\t\t\t\t\t\t\t<\/div>\n\t\t\t\t<\/div>\n\t\t\t\t<section class=\"elementor-section elementor-inner-section elementor-element elementor-element-1e84602 elementor-section-boxed elementor-section-height-default elementor-section-height-default\" data-id=\"1e84602\" data-element_type=\"section\">\n\t\t\t\t\t\t<div class=\"elementor-container elementor-column-gap-default\">\n\t\t\t\t\t<div class=\"elementor-column elementor-col-33 elementor-inner-column elementor-element elementor-element-9ce7cd7\" data-id=\"9ce7cd7\" data-element_type=\"column\">\n\t\t\t<div class=\"elementor-widget-wrap\">\n\t\t\t\t\t\t\t<\/div>\n\t\t<\/div>\n\t\t\t\t<div class=\"elementor-column elementor-col-33 elementor-inner-column elementor-element elementor-element-f61b449\" data-id=\"f61b449\" data-element_type=\"column\">\n\t\t\t<div class=\"elementor-widget-wrap elementor-element-populated\">\n\t\t\t\t\t\t<div class=\"elementor-element elementor-element-8836f62 elementor-align-center elementor-widget elementor-widget-button\" data-id=\"8836f62\" data-element_type=\"widget\" data-widget_type=\"button.default\">\n\t\t\t\t<div class=\"elementor-widget-container\">\n\t\t\t\t\t\t\t\t\t<div class=\"elementor-button-wrapper\">\n\t\t\t\t\t<a class=\"elementor-button elementor-button-link elementor-size-md\" href=\"#\">\n\t\t\t\t\t\t<span class=\"elementor-button-content-wrapper\">\n\t\t\t\t\t\t\t\t\t<span class=\"elementor-button-text\">Haz clic aqu\u00ed<\/span>\n\t\t\t\t\t<\/span>\n\t\t\t\t\t<\/a>\n\t\t\t\t<\/div>\n\t\t\t\t\t\t\t\t<\/div>\n\t\t\t\t<\/div>\n\t\t\t\t\t<\/div>\n\t\t<\/div>\n\t\t\t\t<div class=\"elementor-column elementor-col-33 elementor-inner-column elementor-element elementor-element-9e47c03\" data-id=\"9e47c03\" data-element_type=\"column\">\n\t\t\t<div class=\"elementor-widget-wrap\">\n\t\t\t\t\t\t\t<\/div>\n\t\t<\/div>\n\t\t\t\t\t<\/div>\n\t\t<\/section>\n\t\t\t\t<div class=\"elementor-element elementor-element-2d9b313 elementor-widget-divider--view-line elementor-widget elementor-widget-divider\" data-id=\"2d9b313\" data-element_type=\"widget\" data-widget_type=\"divider.default\">\n\t\t\t\t<div class=\"elementor-widget-container\">\n\t\t\t\t\t\t\t<div class=\"elementor-divider\">\n\t\t\t<span class=\"elementor-divider-separator\">\n\t\t\t\t\t\t<\/span>\n\t\t<\/div>\n\t\t\t\t\t\t<\/div>\n\t\t\t\t<\/div>\n\t\t\t\t\t<\/div>\n\t\t<\/div>\n\t\t\t\t\t<\/div>\n\t\t<\/section>\n\t\t\t\t<section class=\"elementor-section elementor-top-section elementor-element elementor-element-1ab07aa elementor-section-boxed elementor-section-height-default elementor-section-height-default\" data-id=\"1ab07aa\" data-element_type=\"section\">\n\t\t\t\t\t\t<div class=\"elementor-container elementor-column-gap-default\">\n\t\t\t\t\t<div class=\"elementor-column elementor-col-100 elementor-top-column elementor-element elementor-element-5038b12\" data-id=\"5038b12\" data-element_type=\"column\">\n\t\t\t<div class=\"elementor-widget-wrap elementor-element-populated\">\n\t\t\t\t\t\t<div class=\"elementor-element elementor-element-8f8abb1 elementor-widget elementor-widget-image\" data-id=\"8f8abb1\" data-element_type=\"widget\" data-widget_type=\"image.default\">\n\t\t\t\t<div class=\"elementor-widget-container\">\n\t\t\t\t\t\t\t\t\t\t\t\t\t\t\t\t<a href=\"https:\/\/blogsaverroes.juntadeandalucia.es\/iesguadalquivir\/planes-proyectos-y-programas\/\">\n\t\t\t\t\t\t\t<img loading=\"lazy\" decoding=\"async\" width=\"768\" height=\"192\" src=\"https:\/\/blogsaverroes.juntadeandalucia.es\/iesguadalquivir\/files\/2022\/10\/Planes-y-Programas-Banner-768x192.png\" class=\"attachment-medium_large size-medium_large wp-image-4317\" alt=\"\" srcset=\"https:\/\/blogsaverroes.juntadeandalucia.es\/iesguadalquivir\/files\/2022\/10\/Planes-y-Programas-Banner-768x192.png 768w, https:\/\/blogsaverroes.juntadeandalucia.es\/iesguadalquivir\/files\/2022\/10\/Planes-y-Programas-Banner-300x75.png 300w, https:\/\/blogsaverroes.juntadeandalucia.es\/iesguadalquivir\/files\/2022\/10\/Planes-y-Programas-Banner-1024x256.png 1024w, https:\/\/blogsaverroes.juntadeandalucia.es\/iesguadalquivir\/files\/2022\/10\/Planes-y-Programas-Banner-1536x384.png 1536w, https:\/\/blogsaverroes.juntadeandalucia.es\/iesguadalquivir\/files\/2022\/10\/Planes-y-Programas-Banner.png 1600w\" sizes=\"(max-width: 768px) 100vw, 768px\" \/>\t\t\t\t\t\t\t\t<\/a>\n\t\t\t\t\t\t\t\t\t\t\t\t\t\t\t<\/div>\n\t\t\t\t<\/div>\n\t\t\t\t<div class=\"elementor-element elementor-element-eaf5461 elementor-widget elementor-widget-text-editor\" data-id=\"eaf5461\" data-element_type=\"widget\" data-widget_type=\"text-editor.default\">\n\t\t\t\t<div class=\"elementor-widget-container\">\n\t\t\t\t\t\t\t\t\t<p style=\"text-align: center\">En el IES Guadalquivir <b>apostamos fuertemente<\/b> por los planes y programas educativos.<\/p><p style=\"text-align: center\">Creemos que le <strong>dan colorido a la educaci\u00f3n la hacen m\u00e1s rica, profunda y diferenciada<\/strong>. <span style=\"text-decoration: underline\">Ayudan<\/span> no solo al <span style=\"text-decoration: underline\">alumno<\/span> en su proceso de aprendizaje, sino que organizan y vertebran la <u>docencia<\/u> del <u>profesor<\/u>.<\/p><p style=\"text-align: center\">En el <b>bot\u00f3n <\/b>de abajo puedes consultar <b>m\u00e1s informaci\u00f3n<\/b> relativa a estos Planes y Programas.<\/p>\t\t\t\t\t\t\t\t<\/div>\n\t\t\t\t<\/div>\n\t\t\t\t<section class=\"elementor-section elementor-inner-section elementor-element elementor-element-5363b76 elementor-section-boxed elementor-section-height-default elementor-section-height-default\" data-id=\"5363b76\" data-element_type=\"section\">\n\t\t\t\t\t\t<div class=\"elementor-container elementor-column-gap-default\">\n\t\t\t\t\t<div class=\"elementor-column elementor-col-33 elementor-inner-column elementor-element elementor-element-72863fa\" data-id=\"72863fa\" data-element_type=\"column\">\n\t\t\t<div class=\"elementor-widget-wrap\">\n\t\t\t\t\t\t\t<\/div>\n\t\t<\/div>\n\t\t\t\t<div class=\"elementor-column elementor-col-33 elementor-inner-column elementor-element elementor-element-0b6e8d8\" data-id=\"0b6e8d8\" data-element_type=\"column\">\n\t\t\t<div class=\"elementor-widget-wrap elementor-element-populated\">\n\t\t\t\t\t\t<div class=\"elementor-element elementor-element-b19fe8e elementor-align-center elementor-widget elementor-widget-button\" data-id=\"b19fe8e\" data-element_type=\"widget\" data-widget_type=\"button.default\">\n\t\t\t\t<div class=\"elementor-widget-container\">\n\t\t\t\t\t\t\t\t\t<div class=\"elementor-button-wrapper\">\n\t\t\t\t\t<a class=\"elementor-button elementor-button-link elementor-size-md\" href=\"https:\/\/blogsaverroes.juntadeandalucia.es\/iesguadalquivir\/planes-proyectos-y-programas\/\">\n\t\t\t\t\t\t<span class=\"elementor-button-content-wrapper\">\n\t\t\t\t\t\t\t\t\t<span class=\"elementor-button-text\">Haz clic aqu\u00ed<\/span>\n\t\t\t\t\t<\/span>\n\t\t\t\t\t<\/a>\n\t\t\t\t<\/div>\n\t\t\t\t\t\t\t\t<\/div>\n\t\t\t\t<\/div>\n\t\t\t\t\t<\/div>\n\t\t<\/div>\n\t\t\t\t<div class=\"elementor-column elementor-col-33 elementor-inner-column elementor-element elementor-element-04fcb44\" data-id=\"04fcb44\" data-element_type=\"column\">\n\t\t\t<div class=\"elementor-widget-wrap\">\n\t\t\t\t\t\t\t<\/div>\n\t\t<\/div>\n\t\t\t\t\t<\/div>\n\t\t<\/section>\n\t\t\t\t<div class=\"elementor-element elementor-element-8261bed elementor-widget-divider--view-line elementor-widget elementor-widget-divider\" data-id=\"8261bed\" data-element_type=\"widget\" data-widget_type=\"divider.default\">\n\t\t\t\t<div class=\"elementor-widget-container\">\n\t\t\t\t\t\t\t<div class=\"elementor-divider\">\n\t\t\t<span class=\"elementor-divider-separator\">\n\t\t\t\t\t\t<\/span>\n\t\t<\/div>\n\t\t\t\t\t\t<\/div>\n\t\t\t\t<\/div>\n\t\t\t\t\t<\/div>\n\t\t<\/div>\n\t\t\t\t\t<\/div>\n\t\t<\/section>\n\t\t\t\t<section class=\"elementor-section elementor-top-section elementor-element elementor-element-d037037 elementor-section-boxed elementor-section-height-default elementor-section-height-default\" data-id=\"d037037\" data-element_type=\"section\">\n\t\t\t\t\t\t<div class=\"elementor-container elementor-column-gap-default\">\n\t\t\t\t\t<div class=\"elementor-column elementor-col-100 elementor-top-column elementor-element elementor-element-2e42c90\" data-id=\"2e42c90\" data-element_type=\"column\">\n\t\t\t<div class=\"elementor-widget-wrap elementor-element-populated\">\n\t\t\t\t\t\t<div class=\"elementor-element elementor-element-17bcd45 elementor-widget elementor-widget-image\" data-id=\"17bcd45\" data-element_type=\"widget\" data-widget_type=\"image.default\">\n\t\t\t\t<div class=\"elementor-widget-container\">\n\t\t\t\t\t\t\t\t\t\t\t\t\t\t\t\t<a href=\"https:\/\/blogsaverroes.juntadeandalucia.es\/iesguadalquivir\/actividades-extraescolares\/\">\n\t\t\t\t\t\t\t<img loading=\"lazy\" decoding=\"async\" width=\"768\" height=\"192\" src=\"https:\/\/blogsaverroes.juntadeandalucia.es\/iesguadalquivir\/files\/2022\/10\/Extraescolares-Banner-768x192.png\" class=\"attachment-medium_large size-medium_large wp-image-4198\" alt=\"\" srcset=\"https:\/\/blogsaverroes.juntadeandalucia.es\/iesguadalquivir\/files\/2022\/10\/Extraescolares-Banner-768x192.png 768w, https:\/\/blogsaverroes.juntadeandalucia.es\/iesguadalquivir\/files\/2022\/10\/Extraescolares-Banner-300x75.png 300w, https:\/\/blogsaverroes.juntadeandalucia.es\/iesguadalquivir\/files\/2022\/10\/Extraescolares-Banner-1024x256.png 1024w, https:\/\/blogsaverroes.juntadeandalucia.es\/iesguadalquivir\/files\/2022\/10\/Extraescolares-Banner-1536x384.png 1536w, https:\/\/blogsaverroes.juntadeandalucia.es\/iesguadalquivir\/files\/2022\/10\/Extraescolares-Banner.png 1600w\" sizes=\"(max-width: 768px) 100vw, 768px\" \/>\t\t\t\t\t\t\t\t<\/a>\n\t\t\t\t\t\t\t\t\t\t\t\t\t\t\t<\/div>\n\t\t\t\t<\/div>\n\t\t\t\t<div class=\"elementor-element elementor-element-4fcea9f elementor-widget elementor-widget-text-editor\" data-id=\"4fcea9f\" data-element_type=\"widget\" data-widget_type=\"text-editor.default\">\n\t\t\t\t<div class=\"elementor-widget-container\">\n\t\t\t\t\t\t\t\t\t<p style=\"text-align: center\">En el IES Guadalquivir llevamos a cabo una <strong>cantidad importante de actividades complementarias y extraescolares<\/strong>.<\/p><p style=\"text-align: center\">De ello se encarga nuestra <span style=\"text-decoration: underline\">Coordinadora de Extraescolares<\/span>.<\/p><p style=\"text-align: center\">Pod\u00e9is consultar m\u00e1s <strong>informaci\u00f3n<\/strong> sobre <span style=\"text-decoration: underline\">fechas, planificaci\u00f3n, normas y firma de autorizaciones<\/span> en el bot\u00f3n de abajo.<\/p>\t\t\t\t\t\t\t\t<\/div>\n\t\t\t\t<\/div>\n\t\t\t\t<section class=\"elementor-section elementor-inner-section elementor-element elementor-element-ff9c37c elementor-section-boxed elementor-section-height-default elementor-section-height-default\" data-id=\"ff9c37c\" data-element_type=\"section\">\n\t\t\t\t\t\t<div class=\"elementor-container elementor-column-gap-default\">\n\t\t\t\t\t<div class=\"elementor-column elementor-col-33 elementor-inner-column elementor-element elementor-element-e6bd8ea\" data-id=\"e6bd8ea\" data-element_type=\"column\">\n\t\t\t<div class=\"elementor-widget-wrap\">\n\t\t\t\t\t\t\t<\/div>\n\t\t<\/div>\n\t\t\t\t<div class=\"elementor-column elementor-col-33 elementor-inner-column elementor-element elementor-element-a12a1ce\" data-id=\"a12a1ce\" data-element_type=\"column\">\n\t\t\t<div class=\"elementor-widget-wrap elementor-element-populated\">\n\t\t\t\t\t\t<div class=\"elementor-element elementor-element-81724bb elementor-align-center elementor-widget elementor-widget-button\" data-id=\"81724bb\" data-element_type=\"widget\" data-widget_type=\"button.default\">\n\t\t\t\t<div class=\"elementor-widget-container\">\n\t\t\t\t\t\t\t\t\t<div class=\"elementor-button-wrapper\">\n\t\t\t\t\t<a class=\"elementor-button elementor-button-link elementor-size-md\" href=\"https:\/\/blogsaverroes.juntadeandalucia.es\/iesguadalquivir\/actividades-extraescolares\/\">\n\t\t\t\t\t\t<span class=\"elementor-button-content-wrapper\">\n\t\t\t\t\t\t\t\t\t<span class=\"elementor-button-text\">Haz clic aqu\u00ed<\/span>\n\t\t\t\t\t<\/span>\n\t\t\t\t\t<\/a>\n\t\t\t\t<\/div>\n\t\t\t\t\t\t\t\t<\/div>\n\t\t\t\t<\/div>\n\t\t\t\t\t<\/div>\n\t\t<\/div>\n\t\t\t\t<div class=\"elementor-column elementor-col-33 elementor-inner-column elementor-element elementor-element-2cc2106\" data-id=\"2cc2106\" data-element_type=\"column\">\n\t\t\t<div class=\"elementor-widget-wrap\">\n\t\t\t\t\t\t\t<\/div>\n\t\t<\/div>\n\t\t\t\t\t<\/div>\n\t\t<\/section>\n\t\t\t\t\t<\/div>\n\t\t<\/div>\n\t\t\t\t\t<\/div>\n\t\t<\/section>\n\t\t\t\t<\/div>\n\t\t","protected":false},"excerpt":{"rendered":"<p>\u00bfQuieres m\u00e1s? Hasta ahora has le\u00eddo todas las modalidades de ense\u00f1anza que promovemos en el IES Guadalquivir. Creemos que todo lo que ofrecemos no es, ni mucho menos, poco. \u00a1Pero a\u00fan hay m\u00e1s! En nuestro IES disponemos de un Departamento de Orientaci\u00f3n.\u00a0 El equipo est\u00e1 formado por nuestra Orientadora y por nuestra T\u00e9cnico en Pedagog\u00eda [&hellip;]<\/p>\n","protected":false},"author":4902,"featured_media":0,"parent":0,"menu_order":0,"comment_status":"closed","ping_status":"closed","template":"","meta":{"ngg_post_thumbnail":0,"footnotes":"","_mc_calendar":[]},"aioseo_notices":[],"_links":{"self":[{"href":"https:\/\/blogsaverroes.juntadeandalucia.es\/iesguadalquivir\/wp-json\/wp\/v2\/pages\/4263"}],"collection":[{"href":"https:\/\/blogsaverroes.juntadeandalucia.es\/iesguadalquivir\/wp-json\/wp\/v2\/pages"}],"about":[{"href":"https:\/\/blogsaverroes.juntadeandalucia.es\/iesguadalquivir\/wp-json\/wp\/v2\/types\/page"}],"author":[{"embeddable":true,"href":"https:\/\/blogsaverroes.juntadeandalucia.es\/iesguadalquivir\/wp-json\/wp\/v2\/users\/4902"}],"replies":[{"embeddable":true,"href":"https:\/\/blogsaverroes.juntadeandalucia.es\/iesguadalquivir\/wp-json\/wp\/v2\/comments?post=4263"}],"version-history":[{"count":30,"href":"https:\/\/blogsaverroes.juntadeandalucia.es\/iesguadalquivir\/wp-json\/wp\/v2\/pages\/4263\/revisions"}],"predecessor-version":[{"id":4372,"href":"https:\/\/blogsaverroes.juntadeandalucia.es\/iesguadalquivir\/wp-json\/wp\/v2\/pages\/4263\/revisions\/4372"}],"wp:attachment":[{"href":"https:\/\/blogsaverroes.juntadeandalucia.es\/iesguadalquivir\/wp-json\/wp\/v2\/media?parent=4263"}],"curies":[{"name":"wp","href":"https:\/\/api.w.org\/{rel}","templated":true}]}}