{"id":49,"date":"2015-03-13T08:47:05","date_gmt":"2015-03-13T08:47:05","guid":{"rendered":"http:\/\/blogsaverroes.juntadeandalucia.es\/pre\/ceip\/?page_id=49"},"modified":"2024-11-27T11:40:19","modified_gmt":"2024-11-27T11:40:19","slug":"documentos-del-centro","status":"publish","type":"page","link":"https:\/\/blogsaverroes.juntadeandalucia.es\/iesguadalquivir\/documentos-del-centro\/","title":{"rendered":"Documentos del centro"},"content":{"rendered":"\t\t<div data-elementor-type=\"wp-page\" data-elementor-id=\"49\" class=\"elementor elementor-49\">\n\t\t\t\t\t\t<section class=\"elementor-section elementor-top-section elementor-element elementor-element-439742c0 elementor-section-boxed elementor-section-height-default elementor-section-height-default\" data-id=\"439742c0\" data-element_type=\"section\">\n\t\t\t\t\t\t<div class=\"elementor-container elementor-column-gap-default\">\n\t\t\t\t\t<div class=\"elementor-column elementor-col-100 elementor-top-column elementor-element elementor-element-40461d0\" data-id=\"40461d0\" data-element_type=\"column\">\n\t\t\t<div class=\"elementor-widget-wrap elementor-element-populated\">\n\t\t\t\t\t\t<div class=\"elementor-element elementor-element-a8e759c elementor-widget elementor-widget-heading\" data-id=\"a8e759c\" data-element_type=\"widget\" data-widget_type=\"heading.default\">\n\t\t\t\t<div class=\"elementor-widget-container\">\n\t\t\t\t\t<h2 class=\"elementor-heading-title elementor-size-default\">Documentos importantes<\/h2>\t\t\t\t<\/div>\n\t\t\t\t<\/div>\n\t\t\t\t<div class=\"elementor-element elementor-element-7ed20fd elementor-widget elementor-widget-image\" data-id=\"7ed20fd\" data-element_type=\"widget\" data-widget_type=\"image.default\">\n\t\t\t\t<div class=\"elementor-widget-container\">\n\t\t\t\t\t\t\t\t\t\t\t\t\t\t\t<img fetchpriority=\"high\" decoding=\"async\" width=\"1024\" height=\"256\" src=\"https:\/\/blogsaverroes.juntadeandalucia.es\/iesguadalquivir\/files\/2022\/10\/Welcome-to-Industrial-Tech-Google-Classroom-Banner-Header-1024x256.png\" class=\"attachment-large size-large wp-image-3766\" alt=\"\" srcset=\"https:\/\/blogsaverroes.juntadeandalucia.es\/iesguadalquivir\/files\/2022\/10\/Welcome-to-Industrial-Tech-Google-Classroom-Banner-Header-1024x256.png 1024w, https:\/\/blogsaverroes.juntadeandalucia.es\/iesguadalquivir\/files\/2022\/10\/Welcome-to-Industrial-Tech-Google-Classroom-Banner-Header-300x75.png 300w, https:\/\/blogsaverroes.juntadeandalucia.es\/iesguadalquivir\/files\/2022\/10\/Welcome-to-Industrial-Tech-Google-Classroom-Banner-Header-768x192.png 768w, https:\/\/blogsaverroes.juntadeandalucia.es\/iesguadalquivir\/files\/2022\/10\/Welcome-to-Industrial-Tech-Google-Classroom-Banner-Header-1536x384.png 1536w, https:\/\/blogsaverroes.juntadeandalucia.es\/iesguadalquivir\/files\/2022\/10\/Welcome-to-Industrial-Tech-Google-Classroom-Banner-Header.png 1600w\" sizes=\"(max-width: 1024px) 100vw, 1024px\" \/>\t\t\t\t\t\t\t\t\t\t\t\t\t\t\t<\/div>\n\t\t\t\t<\/div>\n\t\t\t\t<div class=\"elementor-element elementor-element-b5dac70 elementor-widget elementor-widget-text-editor\" data-id=\"b5dac70\" data-element_type=\"widget\" data-widget_type=\"text-editor.default\">\n\t\t\t\t<div class=\"elementor-widget-container\">\n\t\t\t\t\t\t\t\t\t<p style=\"text-align: center\">Estos son los <b>documentos<\/b> <b>que <\/b>le <b>dan vida <\/b>a nuestro centro.<\/p><p style=\"text-align: center\">Nos organizamos por ellos y a trav\u00e9s de ellos. <u>El instituto entero cobra sentido<\/u>.<\/p><p style=\"text-align: center\">Nos indican c\u00f3mo gestionarnos, en qu\u00e9 direcci\u00f3n vamos, en qu\u00e9 proyectamos invertir nuestros ingresos y qu\u00e9 planes y proyectos llevamos a cabo.<\/p>\t\t\t\t\t\t\t\t<\/div>\n\t\t\t\t<\/div>\n\t\t\t\t<div class=\"elementor-element elementor-element-ee6e0c7 elementor-widget elementor-widget-accordion\" data-id=\"ee6e0c7\" data-element_type=\"widget\" data-widget_type=\"accordion.default\">\n\t\t\t\t<div class=\"elementor-widget-container\">\n\t\t\t\t\t\t\t<div class=\"elementor-accordion\">\n\t\t\t\t\t\t\t<div class=\"elementor-accordion-item\">\n\t\t\t\t\t<div id=\"elementor-tab-title-2501\" class=\"elementor-tab-title\" data-tab=\"1\" role=\"button\" aria-controls=\"elementor-tab-content-2501\" aria-expanded=\"false\">\n\t\t\t\t\t\t\t\t\t\t\t\t<a class=\"elementor-accordion-title\" tabindex=\"0\">Reglamento de Ordenaci\u00f3n y Funcionamiento<\/a>\n\t\t\t\t\t<\/div>\n\t\t\t\t\t<div id=\"elementor-tab-content-2501\" class=\"elementor-tab-content elementor-clearfix\" data-tab=\"1\" role=\"region\" aria-labelledby=\"elementor-tab-title-2501\"><p><iframe src=\"https:\/\/drive.google.com\/file\/d\/173ZWeB6D4T1VfaMviI3opWFfXeu9WJM9\/preview\" width=\"100%\" height=\"480\"><\/iframe><\/p><\/div>\n\t\t\t\t<\/div>\n\t\t\t\t\t\t\t<div class=\"elementor-accordion-item\">\n\t\t\t\t\t<div id=\"elementor-tab-title-2502\" class=\"elementor-tab-title\" data-tab=\"2\" role=\"button\" aria-controls=\"elementor-tab-content-2502\" aria-expanded=\"false\">\n\t\t\t\t\t\t\t\t\t\t\t\t<a class=\"elementor-accordion-title\" tabindex=\"0\">Proyecto de Gesti\u00f3n Econ\u00f3mica<\/a>\n\t\t\t\t\t<\/div>\n\t\t\t\t\t<div id=\"elementor-tab-content-2502\" class=\"elementor-tab-content elementor-clearfix\" data-tab=\"2\" role=\"region\" aria-labelledby=\"elementor-tab-title-2502\"><p><iframe src=\"\/\/drive.google.com\/file\/d\/1jw7FkceVlsdGUqnT2lPpHCHl3_XYZlfb\/preview\" width=\"100%\" height=\"480\"><\/iframe><\/p><\/div>\n\t\t\t\t<\/div>\n\t\t\t\t\t\t\t<div class=\"elementor-accordion-item\">\n\t\t\t\t\t<div id=\"elementor-tab-title-2503\" class=\"elementor-tab-title\" data-tab=\"3\" role=\"button\" aria-controls=\"elementor-tab-content-2503\" aria-expanded=\"false\">\n\t\t\t\t\t\t\t\t\t\t\t\t<a class=\"elementor-accordion-title\" tabindex=\"0\">Proyecto Educativo de Centro<\/a>\n\t\t\t\t\t<\/div>\n\t\t\t\t\t<div id=\"elementor-tab-content-2503\" class=\"elementor-tab-content elementor-clearfix\" data-tab=\"3\" role=\"region\" aria-labelledby=\"elementor-tab-title-2503\"><p><iframe src=\"https:\/\/drive.google.com\/file\/d\/1PzRLKZmokr1g0cGbx3H8sIq6qtyo5hQa\/preview\" width=\"100%\" height=\"480\"><\/iframe><\/p><\/div>\n\t\t\t\t<\/div>\n\t\t\t\t\t\t\t<div class=\"elementor-accordion-item\">\n\t\t\t\t\t<div id=\"elementor-tab-title-2504\" class=\"elementor-tab-title\" data-tab=\"4\" role=\"button\" aria-controls=\"elementor-tab-content-2504\" aria-expanded=\"false\">\n\t\t\t\t\t\t\t\t\t\t\t\t<a class=\"elementor-accordion-title\" tabindex=\"0\">Plan de Orientaci\u00f3n y Acci\u00f3n Tutorial<\/a>\n\t\t\t\t\t<\/div>\n\t\t\t\t\t<div id=\"elementor-tab-content-2504\" class=\"elementor-tab-content elementor-clearfix\" data-tab=\"4\" role=\"region\" aria-labelledby=\"elementor-tab-title-2504\"><p><iframe src=\"https:\/\/drive.google.com\/file\/d\/1YnO1giNRuCjx46ubO-F2iLB9FG0ef-Sg\/preview\" width=\"100%\" height=\"480\"><\/iframe><\/p><\/div>\n\t\t\t\t<\/div>\n\t\t\t\t\t\t\t<div class=\"elementor-accordion-item\">\n\t\t\t\t\t<div id=\"elementor-tab-title-2505\" class=\"elementor-tab-title\" data-tab=\"5\" role=\"button\" aria-controls=\"elementor-tab-content-2505\" aria-expanded=\"false\">\n\t\t\t\t\t\t\t\t\t\t\t\t<a class=\"elementor-accordion-title\" tabindex=\"0\">Proyecto Biling\u00fce<\/a>\n\t\t\t\t\t<\/div>\n\t\t\t\t\t<div id=\"elementor-tab-content-2505\" class=\"elementor-tab-content elementor-clearfix\" data-tab=\"5\" role=\"region\" aria-labelledby=\"elementor-tab-title-2505\"><p><iframe src=\"https:\/\/drive.google.com\/file\/d\/1xqoCq4DNTwOaN5_IYv2IHaRnhuJj0C2b\/preview\" width=\"100%\" height=\"480\"><\/iframe><\/p><\/div>\n\t\t\t\t<\/div>\n\t\t\t\t\t\t\t<div class=\"elementor-accordion-item\">\n\t\t\t\t\t<div id=\"elementor-tab-title-2506\" class=\"elementor-tab-title\" data-tab=\"6\" role=\"button\" aria-controls=\"elementor-tab-content-2506\" aria-expanded=\"false\">\n\t\t\t\t\t\t\t\t\t\t\t\t<a class=\"elementor-accordion-title\" tabindex=\"0\">Plan de Mejora<\/a>\n\t\t\t\t\t<\/div>\n\t\t\t\t\t<div id=\"elementor-tab-content-2506\" class=\"elementor-tab-content elementor-clearfix\" data-tab=\"6\" role=\"region\" aria-labelledby=\"elementor-tab-title-2506\"><p><iframe src=\"https:\/\/drive.google.com\/file\/d\/1S_I8TCCOr6GRWHyUTE7cRtQCR03sIW3k\/preview\" width=\"100%\" height=\"480\"><\/iframe><\/p><\/div>\n\t\t\t\t<\/div>\n\t\t\t\t\t\t\t<div class=\"elementor-accordion-item\">\n\t\t\t\t\t<div id=\"elementor-tab-title-2507\" class=\"elementor-tab-title\" data-tab=\"7\" role=\"button\" aria-controls=\"elementor-tab-content-2507\" aria-expanded=\"false\">\n\t\t\t\t\t\t\t\t\t\t\t\t<a class=\"elementor-accordion-title\" tabindex=\"0\">Plan de Convivencia<\/a>\n\t\t\t\t\t<\/div>\n\t\t\t\t\t<div id=\"elementor-tab-content-2507\" class=\"elementor-tab-content elementor-clearfix\" data-tab=\"7\" role=\"region\" aria-labelledby=\"elementor-tab-title-2507\"><p><iframe src=\"https:\/\/drive.google.com\/file\/d\/1Y041pwNr4CgJ-6-Y2wJzDw-SGuy3kKgu\/preview\" width=\"100%\" height=\"480\"><\/iframe><\/p><\/div>\n\t\t\t\t<\/div>\n\t\t\t\t\t\t\t<div class=\"elementor-accordion-item\">\n\t\t\t\t\t<div id=\"elementor-tab-title-2508\" class=\"elementor-tab-title\" data-tab=\"8\" role=\"button\" aria-controls=\"elementor-tab-content-2508\" aria-expanded=\"false\">\n\t\t\t\t\t\t\t\t\t\t\t\t<a class=\"elementor-accordion-title\" tabindex=\"0\">Plan de Formaci\u00f3n del Profesorado<\/a>\n\t\t\t\t\t<\/div>\n\t\t\t\t\t<div id=\"elementor-tab-content-2508\" class=\"elementor-tab-content elementor-clearfix\" data-tab=\"8\" role=\"region\" aria-labelledby=\"elementor-tab-title-2508\"><p><iframe src=\"https:\/\/drive.google.com\/file\/d\/1FHlXQHa06x6iK-mffQVkOMVY7cFFOTso\/preview\" width=\"100%\" height=\"480\"><\/iframe><\/p><\/div>\n\t\t\t\t<\/div>\n\t\t\t\t\t\t\t<div class=\"elementor-accordion-item\">\n\t\t\t\t\t<div id=\"elementor-tab-title-2509\" class=\"elementor-tab-title\" data-tab=\"9\" role=\"button\" aria-controls=\"elementor-tab-content-2509\" aria-expanded=\"false\">\n\t\t\t\t\t\t\t\t\t\t\t\t<a class=\"elementor-accordion-title\" tabindex=\"0\">Recreos Inclusivos<\/a>\n\t\t\t\t\t<\/div>\n\t\t\t\t\t<div id=\"elementor-tab-content-2509\" class=\"elementor-tab-content elementor-clearfix\" data-tab=\"9\" role=\"region\" aria-labelledby=\"elementor-tab-title-2509\"><p><iframe src=\"https:\/\/drive.google.com\/file\/d\/1eY4x8INPcdJwvtYQ-Set3HrA5H9FYEbT\/preview\" width=\"100%\" height=\"480\"><\/iframe><\/p><\/div>\n\t\t\t\t<\/div>\n\t\t\t\t\t\t\t<div class=\"elementor-accordion-item\">\n\t\t\t\t\t<div id=\"elementor-tab-title-25010\" class=\"elementor-tab-title\" data-tab=\"10\" role=\"button\" aria-controls=\"elementor-tab-content-25010\" aria-expanded=\"false\">\n\t\t\t\t\t\t\t\t\t\t\t\t<a class=\"elementor-accordion-title\" tabindex=\"0\">Plan de Fomento de la Lectura<\/a>\n\t\t\t\t\t<\/div>\n\t\t\t\t\t<div id=\"elementor-tab-content-25010\" class=\"elementor-tab-content elementor-clearfix\" data-tab=\"10\" role=\"region\" aria-labelledby=\"elementor-tab-title-25010\"><p><iframe src=\"https:\/\/drive.google.com\/file\/d\/1ajDB-ZjLOLrgkJPS1QXshm4MzOlHNWx3\/preview\" width=\"100%\" height=\"480\"><\/iframe><\/p><\/div>\n\t\t\t\t<\/div>\n\t\t\t\t\t\t\t<div class=\"elementor-accordion-item\">\n\t\t\t\t\t<div id=\"elementor-tab-title-25011\" class=\"elementor-tab-title\" data-tab=\"11\" role=\"button\" aria-controls=\"elementor-tab-content-25011\" aria-expanded=\"false\">\n\t\t\t\t\t\t\t\t\t\t\t\t<a class=\"elementor-accordion-title\" tabindex=\"0\">Plan de Mejora del Razonamiento Matem\u00e1tico<\/a>\n\t\t\t\t\t<\/div>\n\t\t\t\t\t<div id=\"elementor-tab-content-25011\" class=\"elementor-tab-content elementor-clearfix\" data-tab=\"11\" role=\"region\" aria-labelledby=\"elementor-tab-title-25011\"><p><iframe src=\"https:\/\/drive.google.com\/file\/d\/1Vj2CkaqdCOS6JdCFtAZV4zqX2mAMLGi3\/preview\" width=\"100%\" height=\"480\"><\/iframe><\/p><\/div>\n\t\t\t\t<\/div>\n\t\t\t\t\t\t\t\t<\/div>\n\t\t\t\t\t\t<\/div>\n\t\t\t\t<\/div>\n\t\t\t\t\t<\/div>\n\t\t<\/div>\n\t\t\t\t\t<\/div>\n\t\t<\/section>\n\t\t\t\t<\/div>\n\t\t","protected":false},"excerpt":{"rendered":"<p>Documentos importantes Estos son los documentos que le dan vida a nuestro centro. Nos organizamos por ellos y a trav\u00e9s de ellos. El instituto entero cobra sentido. Nos indican c\u00f3mo gestionarnos, en qu\u00e9 direcci\u00f3n vamos, en qu\u00e9 proyectamos invertir nuestros ingresos y qu\u00e9 planes y proyectos llevamos a cabo. Reglamento de Ordenaci\u00f3n y Funcionamiento Proyecto [&hellip;]<\/p>\n","protected":false},"author":1,"featured_media":0,"parent":0,"menu_order":0,"comment_status":"closed","ping_status":"open","template":"","meta":{"ngg_post_thumbnail":0,"footnotes":"","_mc_calendar":[]},"aioseo_notices":[],"_links":{"self":[{"href":"https:\/\/blogsaverroes.juntadeandalucia.es\/iesguadalquivir\/wp-json\/wp\/v2\/pages\/49"}],"collection":[{"href":"https:\/\/blogsaverroes.juntadeandalucia.es\/iesguadalquivir\/wp-json\/wp\/v2\/pages"}],"about":[{"href":"https:\/\/blogsaverroes.juntadeandalucia.es\/iesguadalquivir\/wp-json\/wp\/v2\/types\/page"}],"author":[{"embeddable":true,"href":"https:\/\/blogsaverroes.juntadeandalucia.es\/iesguadalquivir\/wp-json\/wp\/v2\/users\/1"}],"replies":[{"embeddable":true,"href":"https:\/\/blogsaverroes.juntadeandalucia.es\/iesguadalquivir\/wp-json\/wp\/v2\/comments?post=49"}],"version-history":[{"count":112,"href":"https:\/\/blogsaverroes.juntadeandalucia.es\/iesguadalquivir\/wp-json\/wp\/v2\/pages\/49\/revisions"}],"predecessor-version":[{"id":5333,"href":"https:\/\/blogsaverroes.juntadeandalucia.es\/iesguadalquivir\/wp-json\/wp\/v2\/pages\/49\/revisions\/5333"}],"wp:attachment":[{"href":"https:\/\/blogsaverroes.juntadeandalucia.es\/iesguadalquivir\/wp-json\/wp\/v2\/media?parent=49"}],"curies":[{"name":"wp","href":"https:\/\/api.w.org\/{rel}","templated":true}]}}