{"id":77,"date":"2015-03-16T06:54:56","date_gmt":"2015-03-16T06:54:56","guid":{"rendered":"http:\/\/blogsaverroes.juntadeandalucia.es\/pre\/ceip\/?page_id=77"},"modified":"2022-10-11T08:50:31","modified_gmt":"2022-10-11T08:50:31","slug":"secretaria","status":"publish","type":"page","link":"https:\/\/blogsaverroes.juntadeandalucia.es\/iesguadalquivir\/secretaria\/","title":{"rendered":"Secretar\u00eda"},"content":{"rendered":"\t\t<div data-elementor-type=\"wp-page\" data-elementor-id=\"77\" class=\"elementor elementor-77\">\n\t\t\t\t\t\t<section class=\"elementor-section elementor-top-section elementor-element elementor-element-6263de6c elementor-section-boxed elementor-section-height-default elementor-section-height-default\" data-id=\"6263de6c\" data-element_type=\"section\">\n\t\t\t\t\t\t<div class=\"elementor-container elementor-column-gap-default\">\n\t\t\t\t\t<div class=\"elementor-column elementor-col-100 elementor-top-column elementor-element elementor-element-7dc323d6\" data-id=\"7dc323d6\" data-element_type=\"column\">\n\t\t\t<div class=\"elementor-widget-wrap elementor-element-populated\">\n\t\t\t\t\t\t<div class=\"elementor-element elementor-element-0c8b749 elementor-widget elementor-widget-heading\" data-id=\"0c8b749\" data-element_type=\"widget\" data-widget_type=\"heading.default\">\n\t\t\t\t<div class=\"elementor-widget-container\">\n\t\t\t\t\t<h2 class=\"elementor-heading-title elementor-size-default\">Secretar\u00eda y Administraci\u00f3n<\/h2>\t\t\t\t<\/div>\n\t\t\t\t<\/div>\n\t\t\t\t<div class=\"elementor-element elementor-element-019d3d2 elementor-widget elementor-widget-image\" data-id=\"019d3d2\" data-element_type=\"widget\" data-widget_type=\"image.default\">\n\t\t\t\t<div class=\"elementor-widget-container\">\n\t\t\t\t\t\t\t\t\t\t\t\t\t\t\t<img fetchpriority=\"high\" decoding=\"async\" width=\"1024\" height=\"256\" src=\"https:\/\/blogsaverroes.juntadeandalucia.es\/iesguadalquivir\/files\/2022\/10\/Documentos-y-Proyectos-Banner-1024x256.png\" class=\"attachment-large size-large wp-image-3776\" alt=\"\" srcset=\"https:\/\/blogsaverroes.juntadeandalucia.es\/iesguadalquivir\/files\/2022\/10\/Documentos-y-Proyectos-Banner-1024x256.png 1024w, https:\/\/blogsaverroes.juntadeandalucia.es\/iesguadalquivir\/files\/2022\/10\/Documentos-y-Proyectos-Banner-300x75.png 300w, https:\/\/blogsaverroes.juntadeandalucia.es\/iesguadalquivir\/files\/2022\/10\/Documentos-y-Proyectos-Banner-768x192.png 768w, https:\/\/blogsaverroes.juntadeandalucia.es\/iesguadalquivir\/files\/2022\/10\/Documentos-y-Proyectos-Banner-1536x384.png 1536w, https:\/\/blogsaverroes.juntadeandalucia.es\/iesguadalquivir\/files\/2022\/10\/Documentos-y-Proyectos-Banner.png 1600w\" sizes=\"(max-width: 1024px) 100vw, 1024px\" \/>\t\t\t\t\t\t\t\t\t\t\t\t\t\t\t<\/div>\n\t\t\t\t<\/div>\n\t\t\t\t<div class=\"elementor-element elementor-element-42a7af1 elementor-widget elementor-widget-text-editor\" data-id=\"42a7af1\" data-element_type=\"widget\" data-widget_type=\"text-editor.default\">\n\t\t\t\t<div class=\"elementor-widget-container\">\n\t\t\t\t\t\t\t\t\t<p style=\"text-align: center\">Administraci\u00f3n es donde puedes gestionar todo el <strong>papeleo<\/strong> que hace falta para la <strong>vida<\/strong> <strong>acad\u00e9mica<\/strong>.<\/p>\t\t\t\t\t\t\t\t<\/div>\n\t\t\t\t<\/div>\n\t\t\t\t<section class=\"elementor-section elementor-inner-section elementor-element elementor-element-50f0908 elementor-section-boxed elementor-section-height-default elementor-section-height-default\" data-id=\"50f0908\" data-element_type=\"section\">\n\t\t\t\t\t\t<div class=\"elementor-container elementor-column-gap-default\">\n\t\t\t\t\t<div class=\"elementor-column elementor-col-50 elementor-inner-column elementor-element elementor-element-939bc50\" data-id=\"939bc50\" data-element_type=\"column\">\n\t\t\t<div class=\"elementor-widget-wrap elementor-element-populated\">\n\t\t\t\t\t\t<div class=\"elementor-element elementor-element-3539bbd elementor-widget elementor-widget-text-editor\" data-id=\"3539bbd\" data-element_type=\"widget\" data-widget_type=\"text-editor.default\">\n\t\t\t\t<div class=\"elementor-widget-container\">\n\t\t\t\t\t\t\t\t\t<h2 style=\"text-align: center\">Aqu\u00ed gestionamos<\/h2><ul><li style=\"list-style-type: none\"><ul style=\"list-style-type: disc\"><li>C\u00f3mo realizar la admisi\u00f3n.<\/li><li>C\u00f3mo matricularte.<\/li><li>D\u00f3nde pedir becas.<\/li><li>Solicitar las pruebas libres.<\/li><li>Cambios de expediente.<\/li><li>Pagar la expedici\u00f3n de t\u00edtulos.<\/li><li>Pedir certificados acad\u00e9micos o de notas.<\/li><li>Recoger t\u00edtulos de ESO y Bachillerato.<\/li><\/ul><\/li><\/ul><p><span>Y otras consultas administrativas que necesites<\/span><\/p>\t\t\t\t\t\t\t\t<\/div>\n\t\t\t\t<\/div>\n\t\t\t\t\t<\/div>\n\t\t<\/div>\n\t\t\t\t<div class=\"elementor-column elementor-col-50 elementor-inner-column elementor-element elementor-element-4f14271\" data-id=\"4f14271\" data-element_type=\"column\">\n\t\t\t<div class=\"elementor-widget-wrap elementor-element-populated\">\n\t\t\t\t\t\t<div class=\"elementor-element elementor-element-6241c63 elementor-widget elementor-widget-image\" data-id=\"6241c63\" data-element_type=\"widget\" data-widget_type=\"image.default\">\n\t\t\t\t<div class=\"elementor-widget-container\">\n\t\t\t\t\t\t\t\t\t\t\t\t\t\t\t<img decoding=\"async\" src=\"https:\/\/blogsaverroes.juntadeandalucia.es\/iesguadalquivir\/files\/elementor\/thumbs\/Horario-Secretar\u00eda-pw1pxgyepqo22lqa5cmzwm2ldfg2it4o9uo1vlhhgg.png\" title=\"Horario Secretar\u00eda\" alt=\"Horario Secretar\u00eda\" loading=\"lazy\" \/>\t\t\t\t\t\t\t\t\t\t\t\t\t\t\t<\/div>\n\t\t\t\t<\/div>\n\t\t\t\t\t<\/div>\n\t\t<\/div>\n\t\t\t\t\t<\/div>\n\t\t<\/section>\n\t\t\t\t\t<\/div>\n\t\t<\/div>\n\t\t\t\t\t<\/div>\n\t\t<\/section>\n\t\t\t\t<\/div>\n\t\t","protected":false},"excerpt":{"rendered":"<p>Secretar\u00eda y Administraci\u00f3n Administraci\u00f3n es donde puedes gestionar todo el papeleo que hace falta para la vida acad\u00e9mica. Aqu\u00ed gestionamos C\u00f3mo realizar la admisi\u00f3n. C\u00f3mo matricularte. D\u00f3nde pedir becas. Solicitar las pruebas libres. Cambios de expediente. Pagar la expedici\u00f3n de t\u00edtulos. Pedir certificados acad\u00e9micos o de notas. Recoger t\u00edtulos de ESO y Bachillerato. Y otras [&hellip;]<\/p>\n","protected":false},"author":1,"featured_media":0,"parent":0,"menu_order":0,"comment_status":"closed","ping_status":"open","template":"","meta":{"ngg_post_thumbnail":0,"footnotes":"","_mc_calendar":[]},"aioseo_notices":[],"_links":{"self":[{"href":"https:\/\/blogsaverroes.juntadeandalucia.es\/iesguadalquivir\/wp-json\/wp\/v2\/pages\/77"}],"collection":[{"href":"https:\/\/blogsaverroes.juntadeandalucia.es\/iesguadalquivir\/wp-json\/wp\/v2\/pages"}],"about":[{"href":"https:\/\/blogsaverroes.juntadeandalucia.es\/iesguadalquivir\/wp-json\/wp\/v2\/types\/page"}],"author":[{"embeddable":true,"href":"https:\/\/blogsaverroes.juntadeandalucia.es\/iesguadalquivir\/wp-json\/wp\/v2\/users\/1"}],"replies":[{"embeddable":true,"href":"https:\/\/blogsaverroes.juntadeandalucia.es\/iesguadalquivir\/wp-json\/wp\/v2\/comments?post=77"}],"version-history":[{"count":8,"href":"https:\/\/blogsaverroes.juntadeandalucia.es\/iesguadalquivir\/wp-json\/wp\/v2\/pages\/77\/revisions"}],"predecessor-version":[{"id":3779,"href":"https:\/\/blogsaverroes.juntadeandalucia.es\/iesguadalquivir\/wp-json\/wp\/v2\/pages\/77\/revisions\/3779"}],"wp:attachment":[{"href":"https:\/\/blogsaverroes.juntadeandalucia.es\/iesguadalquivir\/wp-json\/wp\/v2\/media?parent=77"}],"curies":[{"name":"wp","href":"https:\/\/api.w.org\/{rel}","templated":true}]}}