{"id":1063,"date":"2025-02-27T09:39:26","date_gmt":"2025-02-27T08:39:26","guid":{"rendered":"https:\/\/blogsaverroes.juntadeandalucia.es\/iesguadiana\/?page_id=1063"},"modified":"2025-11-11T09:11:54","modified_gmt":"2025-11-11T08:11:54","slug":"programaciones","status":"publish","type":"page","link":"https:\/\/blogsaverroes.juntadeandalucia.es\/iesguadiana\/programaciones\/","title":{"rendered":"Programaciones de todos los Departamentos"},"content":{"rendered":"<table style=\"height: 92px;width: 100%;border-collapse: collapse;border-style: solid;border-color: #000000\" cellpadding=\"2\">\n<tbody>\n<tr style=\"height: 23px\">\n<td style=\"width: 25%;height: 23px;text-align: center;border-style: solid\"><a href=\"https:\/\/drive.google.com\/drive\/folders\/1xOPraENgMBwixc_nQGNrYMhN49NvmCgx?usp=sharing\" target=\"_blank\" rel=\"noopener\">Administrativo<\/a><\/td>\n<td style=\"width: 25%;height: 23px;text-align: center;border-style: solid\"><a href=\"https:\/\/drive.google.com\/drive\/folders\/1M-iEy8p1t5o0WBaVroGSPqD7OqBP9o8_?usp=sharing\" target=\"_blank\" rel=\"noopener\">Econom\u00eda y FOL<\/a><\/td>\n<td style=\"width: 25%;height: 23px;text-align: center;border-style: solid\"><a href=\"https:\/\/drive.google.com\/drive\/folders\/1ugFnda2QqzqgNQYayYynUuUqmR4-ZHqn?usp=sharing\" target=\"_blank\" rel=\"noopener\">Franc\u00e9s<\/a><\/td>\n<td style=\"width: 25%;height: 23px;text-align: center;border-style: solid\"><a href=\"https:\/\/drive.google.com\/drive\/folders\/1PDErhZrOTiI_Znam2LU4hG_fRKgVo5GU?usp=sharing\" target=\"_blank\" rel=\"noopener\">Matem\u00e1ticas<\/a><\/td>\n<\/tr>\n<tr style=\"height: 23px\">\n<td style=\"width: 25%;height: 23px;border-style: solid;text-align: center\"><a href=\"https:\/\/drive.google.com\/drive\/folders\/1Pbh0LF39Haaxbcpx49UjwpfRVABoc_tY?usp=sharing\" target=\"_blank\" rel=\"noopener\">Biolog\u00eda y Geolog\u00eda<\/a><\/td>\n<td style=\"width: 25%;height: 23px;border-style: solid;text-align: center\"><a href=\"https:\/\/drive.google.com\/drive\/folders\/1PpQld3A4rK7u4CRy_ooYdcOWwtUNMfAr?usp=sharing\" target=\"_blank\" rel=\"noopener\">Educaci\u00f3n F\u00edsica<\/a><\/td>\n<td style=\"width: 25%;height: 23px;border-style: solid;text-align: center\"><a href=\"https:\/\/drive.google.com\/drive\/folders\/19iIo-4jDepyDO-B_pl9DnTlGUBRfwDJn?usp=sharing\" target=\"_blank\" rel=\"noopener\">Geograf\u00eda e Historia<\/a><\/td>\n<td style=\"width: 25%;height: 23px;border-style: solid;text-align: center\"><a href=\"https:\/\/drive.google.com\/drive\/folders\/1L8zUoO7afV7MVcdVdzWAQiSHBnkeiS4r?usp=sharing\" target=\"_blank\" rel=\"noopener\">M\u00fasica<\/a><\/td>\n<\/tr>\n<tr style=\"height: 23px\">\n<td style=\"width: 25%;height: 23px;border-style: solid;text-align: center\"><a href=\"https:\/\/drive.google.com\/drive\/folders\/1JE_lII58pzz23LVsAz9rKrd3SmasDGjY?usp=sharing\" target=\"_blank\" rel=\"noopener\">Climatizaci\u00f3n<\/a><\/td>\n<td style=\"width: 25%;height: 23px;border-style: solid;text-align: center\"><a href=\"https:\/\/drive.google.com\/drive\/folders\/1AcIO5GlruY_w6hfr9Jy9J3kLCeVA7DuN?usp=sharing\" target=\"_blank\" rel=\"noopener\">Filosof\u00eda y Lenguas Cl\u00e1sicas<\/a><\/td>\n<td style=\"width: 25%;height: 23px;border-style: solid;text-align: center\"><a href=\"https:\/\/drive.google.com\/drive\/folders\/1xm2SYkDEAVrA8XXoWVHzANpza8JLvxfm?usp=sharing\" target=\"_blank\" rel=\"noopener\">Ingl\u00e9s<\/a><\/td>\n<td style=\"width: 25%;height: 23px;border-style: solid;text-align: center\"><a href=\"https:\/\/drive.google.com\/drive\/folders\/1YlnSFmEHrLWeQLu_mHFQGT0uB3mLWc2_?usp=sharing\" target=\"_blank\" rel=\"noopener\">Orientaci\u00f3n<\/a><\/td>\n<\/tr>\n<tr style=\"height: 23px\">\n<td style=\"width: 25%;height: 23px;border-style: solid;text-align: center\"><a href=\"https:\/\/drive.google.com\/drive\/folders\/1iv_fwGH2zW99rRecMqAl2BeOoSW4AUrF?usp=sharing\" target=\"_blank\" rel=\"noopener\">Dibujo<\/a><\/td>\n<td style=\"width: 25%;height: 23px;border-style: solid;text-align: center\"><a href=\"https:\/\/drive.google.com\/drive\/folders\/1DekDl3vRNYc9a38_FdLUg7QF04j3arcr?usp=sharing\" target=\"_blank\" rel=\"noopener\">F\u00edsica y Qu\u00edmica<\/a><\/td>\n<td style=\"width: 25%;height: 23px;border-style: solid;text-align: center\"><a href=\"https:\/\/drive.google.com\/drive\/folders\/1n0smMcLdWJbMt-vQuEkYn_EQJYc62ld9?usp=sharing\" target=\"_blank\" rel=\"noopener\">Lengua y Literatura<\/a><\/td>\n<td style=\"width: 25%;height: 23px;border-style: solid;text-align: center\"><a href=\"https:\/\/drive.google.com\/drive\/folders\/1WpZW11ZE_y7vt-J9U11Oi_5q0Vst0t0n?usp=sharing\" target=\"_blank\" rel=\"noopener\">Tecnolog\u00eda<\/a><\/td>\n<\/tr>\n<\/tbody>\n<\/table>\n<p>&nbsp;<\/p>\n","protected":false},"excerpt":{"rendered":"<p>Administrativo Econom\u00eda y FOL Franc\u00e9s Matem\u00e1ticas Biolog\u00eda y Geolog\u00eda Educaci\u00f3n F\u00edsica Geograf\u00eda e Historia M\u00fasica Climatizaci\u00f3n Filosof\u00eda y Lenguas Cl\u00e1sicas Ingl\u00e9s Orientaci\u00f3n Dibujo F\u00edsica y Qu\u00edmica Lengua y Literatura Tecnolog\u00eda &nbsp;<\/p>\n","protected":false},"author":5393,"featured_media":0,"parent":0,"menu_order":0,"comment_status":"closed","ping_status":"closed","template":"","meta":{"ngg_post_thumbnail":0,"footnotes":""},"aioseo_notices":[],"_links":{"self":[{"href":"https:\/\/blogsaverroes.juntadeandalucia.es\/iesguadiana\/wp-json\/wp\/v2\/pages\/1063"}],"collection":[{"href":"https:\/\/blogsaverroes.juntadeandalucia.es\/iesguadiana\/wp-json\/wp\/v2\/pages"}],"about":[{"href":"https:\/\/blogsaverroes.juntadeandalucia.es\/iesguadiana\/wp-json\/wp\/v2\/types\/page"}],"author":[{"embeddable":true,"href":"https:\/\/blogsaverroes.juntadeandalucia.es\/iesguadiana\/wp-json\/wp\/v2\/users\/5393"}],"replies":[{"embeddable":true,"href":"https:\/\/blogsaverroes.juntadeandalucia.es\/iesguadiana\/wp-json\/wp\/v2\/comments?post=1063"}],"version-history":[{"count":15,"href":"https:\/\/blogsaverroes.juntadeandalucia.es\/iesguadiana\/wp-json\/wp\/v2\/pages\/1063\/revisions"}],"predecessor-version":[{"id":1419,"href":"https:\/\/blogsaverroes.juntadeandalucia.es\/iesguadiana\/wp-json\/wp\/v2\/pages\/1063\/revisions\/1419"}],"wp:attachment":[{"href":"https:\/\/blogsaverroes.juntadeandalucia.es\/iesguadiana\/wp-json\/wp\/v2\/media?parent=1063"}],"curies":[{"name":"wp","href":"https:\/\/api.w.org\/{rel}","templated":true}]}}