{"id":1495,"date":"2026-03-16T12:35:07","date_gmt":"2026-03-16T11:35:07","guid":{"rendered":"https:\/\/blogsaverroes.juntadeandalucia.es\/iesguadiana\/?page_id=1495"},"modified":"2026-03-16T12:46:16","modified_gmt":"2026-03-16T11:46:16","slug":"1495-2","status":"publish","type":"page","link":"https:\/\/blogsaverroes.juntadeandalucia.es\/iesguadiana\/1495-2\/","title":{"rendered":"Instalaciones Frigor\u00edficas y de Climatizaci\u00f3n"},"content":{"rendered":"<p>Informaci\u00f3n sobre el <a href=\"https:\/\/www.juntadeandalucia.es\/educacion\/portales\/web\/formacion-profesional-andaluza\/grado-medio-catalogo-de-titulos\" target=\"_blank\" rel=\"noopener\">T\u00e9cnico en Instalaciones Frigor\u00edficas y Climatizaci\u00f3n<\/a>.<\/p>\n","protected":false},"excerpt":{"rendered":"<p>Informaci\u00f3n sobre el T\u00e9cnico en Instalaciones Frigor\u00edficas y Climatizaci\u00f3n.<\/p>\n","protected":false},"author":5393,"featured_media":0,"parent":0,"menu_order":0,"comment_status":"closed","ping_status":"closed","template":"","meta":{"ngg_post_thumbnail":0,"footnotes":""},"aioseo_notices":[],"_links":{"self":[{"href":"https:\/\/blogsaverroes.juntadeandalucia.es\/iesguadiana\/wp-json\/wp\/v2\/pages\/1495"}],"collection":[{"href":"https:\/\/blogsaverroes.juntadeandalucia.es\/iesguadiana\/wp-json\/wp\/v2\/pages"}],"about":[{"href":"https:\/\/blogsaverroes.juntadeandalucia.es\/iesguadiana\/wp-json\/wp\/v2\/types\/page"}],"author":[{"embeddable":true,"href":"https:\/\/blogsaverroes.juntadeandalucia.es\/iesguadiana\/wp-json\/wp\/v2\/users\/5393"}],"replies":[{"embeddable":true,"href":"https:\/\/blogsaverroes.juntadeandalucia.es\/iesguadiana\/wp-json\/wp\/v2\/comments?post=1495"}],"version-history":[{"count":4,"href":"https:\/\/blogsaverroes.juntadeandalucia.es\/iesguadiana\/wp-json\/wp\/v2\/pages\/1495\/revisions"}],"predecessor-version":[{"id":1500,"href":"https:\/\/blogsaverroes.juntadeandalucia.es\/iesguadiana\/wp-json\/wp\/v2\/pages\/1495\/revisions\/1500"}],"wp:attachment":[{"href":"https:\/\/blogsaverroes.juntadeandalucia.es\/iesguadiana\/wp-json\/wp\/v2\/media?parent=1495"}],"curies":[{"name":"wp","href":"https:\/\/api.w.org\/{rel}","templated":true}]}}