{"id":11079,"date":"2022-01-16T10:28:49","date_gmt":"2022-01-16T10:28:49","guid":{"rendered":"https:\/\/blogsaverroes.juntadeandalucia.es\/ieshimilce\/?page_id=11079"},"modified":"2024-08-03T19:37:39","modified_gmt":"2024-08-03T19:37:39","slug":"aula-de-emprendimiento","status":"publish","type":"page","link":"https:\/\/blogsaverroes.juntadeandalucia.es\/ieshimilce\/aula-de-emprendimiento\/","title":{"rendered":"AULA DE EMPRENDIMIENTO"},"content":{"rendered":"<p><img loading=\"lazy\" decoding=\"async\" class=\"aligncenter size-full wp-image-11085\" src=\"https:\/\/blogsaverroes.juntadeandalucia.es\/ieshimilce\/files\/2022\/01\/LOGO_2.png\" alt=\"\" width=\"1123\" height=\"200\" srcset=\"https:\/\/blogsaverroes.juntadeandalucia.es\/ieshimilce\/files\/2022\/01\/LOGO_2.png 1123w, https:\/\/blogsaverroes.juntadeandalucia.es\/ieshimilce\/files\/2022\/01\/LOGO_2-300x53.png 300w, https:\/\/blogsaverroes.juntadeandalucia.es\/ieshimilce\/files\/2022\/01\/LOGO_2-1024x182.png 1024w, https:\/\/blogsaverroes.juntadeandalucia.es\/ieshimilce\/files\/2022\/01\/LOGO_2-768x137.png 768w\" sizes=\"(max-width: 1123px) 100vw, 1123px\" \/><\/p>\n<p style=\"text-align: justify\"><span style=\"font-size: 14pt\">Las aulas de emprendimiento en formaci\u00f3n profesional es una de las actuaciones de car\u00e1cter estrat\u00e9gico para la modernizaci\u00f3n del sistema de Formaci\u00f3n Profesional actual, con la incorporaci\u00f3n de la digitalizaci\u00f3n, la innovaci\u00f3n y el emprendimiento a las que se asigna un conjunto de recursos que se distribuye en el marco de cooperaci\u00f3n territorial para la formaci\u00f3n el crecimiento econ\u00f3mico y social y la empleabilidad.<\/span><\/p>\n<p style=\"text-align: justify\"><span style=\"font-size: 14pt\">A trav\u00e9s de este nuevo proyecto del IES Himilce, pretendemos impulsar las habilidades emprendedoras cada vez m\u00e1s imprescindibles en el nuevo marco socioecon\u00f3mico. A trav\u00e9s de esta Aula desarrollamos actuaciones pr\u00e1cticas encaminadas a potenciar el emprendimiento y autoempleo de nuestro alumnado de Formaci\u00f3n Profesional.<\/span><\/p>\n<p style=\"text-align: justify\"><span style=\"font-size: 14pt\">En la primera fase de implantaci\u00f3n del aula hemos organizado las siguientes actividades en colaboraci\u00f3n con Japuana Marketing:<\/span><\/p>\n<p><span style=\"font-size: 14pt\">PROGRAMACI\u00d3N DE TALLERES EMPRENDIMIENTO.<\/span><\/p>\n<p><span style=\"font-size: 14pt\"><strong>del 4 al 6 de octubre:<\/strong> La Semana del Emprendimiento<\/span><\/p>\n<p><img loading=\"lazy\" decoding=\"async\" class=\"aligncenter size-full wp-image-11093\" src=\"https:\/\/blogsaverroes.juntadeandalucia.es\/ieshimilce\/files\/2022\/01\/AULA-DE-EMPRENDIMIENTO.jpg\" alt=\"\" width=\"461\" height=\"660\" srcset=\"https:\/\/blogsaverroes.juntadeandalucia.es\/ieshimilce\/files\/2022\/01\/AULA-DE-EMPRENDIMIENTO.jpg 461w, https:\/\/blogsaverroes.juntadeandalucia.es\/ieshimilce\/files\/2022\/01\/AULA-DE-EMPRENDIMIENTO-210x300.jpg 210w\" sizes=\"(max-width: 461px) 100vw, 461px\" \/><\/p>\n<p><span style=\"font-size: 14pt\"><strong>13 de octubre:<\/strong> <span style=\"color: #993366\"><strong>Taller 1<\/strong><\/span>.Herramientas para generar ideas de negocio.<\/span><\/p>\n<p><span style=\"font-size: 14pt\"><strong>18 de octubre: <span style=\"color: #993366\">Taller 2.<\/span><\/strong> Explorar la idea de negocio: modelo Canvas.<\/span><\/p>\n<p><span style=\"font-size: 14pt\"><strong>20 de octubre: <span style=\"color: #993366\">Taller 3.<\/span><\/strong>Competencia emprendedora: equipos \u00e1giles y eficaces.<\/span><\/p>\n<p><span style=\"font-size: 14pt\"><strong>22, 25 y 26 de octubre: <span style=\"color: #993366\">Caf\u00e9 emprendedor<\/span><\/strong><\/span><\/p>\n<p><img loading=\"lazy\" decoding=\"async\" class=\"aligncenter wp-image-11095 size-full\" src=\"https:\/\/blogsaverroes.juntadeandalucia.es\/ieshimilce\/files\/2022\/01\/AULA-DE-EMPRENDIMIENTO-1.jpg\" alt=\"\" width=\"686\" height=\"491\" srcset=\"https:\/\/blogsaverroes.juntadeandalucia.es\/ieshimilce\/files\/2022\/01\/AULA-DE-EMPRENDIMIENTO-1.jpg 686w, https:\/\/blogsaverroes.juntadeandalucia.es\/ieshimilce\/files\/2022\/01\/AULA-DE-EMPRENDIMIENTO-1-300x215.jpg 300w\" sizes=\"(max-width: 686px) 100vw, 686px\" \/> <img loading=\"lazy\" decoding=\"async\" class=\"aligncenter size-full wp-image-11096\" src=\"https:\/\/blogsaverroes.juntadeandalucia.es\/ieshimilce\/files\/2022\/01\/AULA-DE-EMPRENDIMIENTO-1-1.jpg\" alt=\"\" width=\"682\" height=\"491\" srcset=\"https:\/\/blogsaverroes.juntadeandalucia.es\/ieshimilce\/files\/2022\/01\/AULA-DE-EMPRENDIMIENTO-1-1.jpg 682w, https:\/\/blogsaverroes.juntadeandalucia.es\/ieshimilce\/files\/2022\/01\/AULA-DE-EMPRENDIMIENTO-1-1-300x216.jpg 300w\" sizes=\"(max-width: 682px) 100vw, 682px\" \/><\/p>\n<p><img loading=\"lazy\" decoding=\"async\" class=\"aligncenter wp-image-11098 size-full\" src=\"https:\/\/blogsaverroes.juntadeandalucia.es\/ieshimilce\/files\/2022\/01\/AULA-DE-EMPRENDIMIENTO-2.jpg\" alt=\"\" width=\"669\" height=\"466\" srcset=\"https:\/\/blogsaverroes.juntadeandalucia.es\/ieshimilce\/files\/2022\/01\/AULA-DE-EMPRENDIMIENTO-2.jpg 669w, https:\/\/blogsaverroes.juntadeandalucia.es\/ieshimilce\/files\/2022\/01\/AULA-DE-EMPRENDIMIENTO-2-300x209.jpg 300w\" sizes=\"(max-width: 669px) 100vw, 669px\" \/><\/p>\n<p><span style=\"font-size: 14pt\"><strong>3 de noviembre:<\/strong> <span style=\"color: #993366\"><strong>Taller 4.<\/strong><\/span> Comunicaci\u00f3n y buenas presentaciones para la venta.<\/span><\/p>\n<p><span style=\"font-size: 14pt\"><strong>10 de noviembre:<\/strong> <span style=\"color: #993366\"><strong>Taller 5.<\/strong><\/span> Validaci\u00f3n de hip\u00f3tesis. Pivotear o iterar.<\/span><\/p>\n<p><span style=\"font-size: 14pt\">VIDEO RESUMEN DE LA 1\u00aa FASE<\/span><\/p>\n<div style=\"width: 750px;\" class=\"wp-video\"><!--[if lt IE 9]><script>document.createElement('video');<\/script><![endif]-->\n<video class=\"wp-video-shortcode\" id=\"video-11079-1\" width=\"750\" height=\"422\" preload=\"metadata\" controls=\"controls\"><source type=\"video\/mp4\" src=\"https:\/\/blogsaverroes.juntadeandalucia.es\/ieshimilce\/files\/2022\/01\/Video-2022-01-12-at-19.33.18.mp4?_=1\" \/><a href=\"https:\/\/blogsaverroes.juntadeandalucia.es\/ieshimilce\/files\/2022\/01\/Video-2022-01-12-at-19.33.18.mp4\">https:\/\/blogsaverroes.juntadeandalucia.es\/ieshimilce\/files\/2022\/01\/Video-2022-01-12-at-19.33.18.mp4<\/a><\/video><\/div>\n<h4 style=\"text-align: justify\">&nbsp;<\/h4>\n","protected":false},"excerpt":{"rendered":"<p>Las aulas de emprendimiento en formaci\u00f3n profesional es una de las actuaciones de car\u00e1cter estrat\u00e9gico para la modernizaci\u00f3n del sistema de Formaci\u00f3n Profesional actual, con la incorporaci\u00f3n de la digitalizaci\u00f3n, la innovaci\u00f3n y el emprendimiento a las que se asigna un conjunto de recursos que se distribuye en el marco de cooperaci\u00f3n territorial para la &hellip; <\/p>\n<p><a class=\"more-link btn\" href=\"https:\/\/blogsaverroes.juntadeandalucia.es\/ieshimilce\/aula-de-emprendimiento\/\">Seguir leyendo<\/a><\/p>\n","protected":false},"author":5100,"featured_media":0,"parent":0,"menu_order":0,"comment_status":"closed","ping_status":"closed","template":"page-template-full.php","meta":{"ngg_post_thumbnail":0,"footnotes":"","_mc_calendar":[]},"aioseo_notices":[],"_links":{"self":[{"href":"https:\/\/blogsaverroes.juntadeandalucia.es\/ieshimilce\/wp-json\/wp\/v2\/pages\/11079"}],"collection":[{"href":"https:\/\/blogsaverroes.juntadeandalucia.es\/ieshimilce\/wp-json\/wp\/v2\/pages"}],"about":[{"href":"https:\/\/blogsaverroes.juntadeandalucia.es\/ieshimilce\/wp-json\/wp\/v2\/types\/page"}],"author":[{"embeddable":true,"href":"https:\/\/blogsaverroes.juntadeandalucia.es\/ieshimilce\/wp-json\/wp\/v2\/users\/5100"}],"replies":[{"embeddable":true,"href":"https:\/\/blogsaverroes.juntadeandalucia.es\/ieshimilce\/wp-json\/wp\/v2\/comments?post=11079"}],"version-history":[{"count":9,"href":"https:\/\/blogsaverroes.juntadeandalucia.es\/ieshimilce\/wp-json\/wp\/v2\/pages\/11079\/revisions"}],"predecessor-version":[{"id":13275,"href":"https:\/\/blogsaverroes.juntadeandalucia.es\/ieshimilce\/wp-json\/wp\/v2\/pages\/11079\/revisions\/13275"}],"wp:attachment":[{"href":"https:\/\/blogsaverroes.juntadeandalucia.es\/ieshimilce\/wp-json\/wp\/v2\/media?parent=11079"}],"curies":[{"name":"wp","href":"https:\/\/api.w.org\/{rel}","templated":true}]}}