{"id":11356,"date":"2022-02-28T16:38:06","date_gmt":"2022-02-28T16:38:06","guid":{"rendered":"https:\/\/blogsaverroes.juntadeandalucia.es\/ieshimilce\/?page_id=11356"},"modified":"2022-02-28T16:38:06","modified_gmt":"2022-02-28T16:38:06","slug":"comunidades-de-aprendizaje","status":"publish","type":"page","link":"https:\/\/blogsaverroes.juntadeandalucia.es\/ieshimilce\/comunidades-de-aprendizaje\/","title":{"rendered":"Comunidades de Aprendizaje"},"content":{"rendered":"<p><a href=\"https:\/\/blogsaverroes.juntadeandalucia.es\/ieshimilce\/files\/2022\/02\/Cabezera-Comunidades-de-Aprendizaje.png\"><img loading=\"lazy\" decoding=\"async\" class=\"aligncenter size-full wp-image-11357\" src=\"https:\/\/blogsaverroes.juntadeandalucia.es\/ieshimilce\/files\/2022\/02\/Cabezera-Comunidades-de-Aprendizaje.png\" alt=\"\" width=\"1361\" height=\"672\" srcset=\"https:\/\/blogsaverroes.juntadeandalucia.es\/ieshimilce\/files\/2022\/02\/Cabezera-Comunidades-de-Aprendizaje.png 1361w, https:\/\/blogsaverroes.juntadeandalucia.es\/ieshimilce\/files\/2022\/02\/Cabezera-Comunidades-de-Aprendizaje-300x148.png 300w, https:\/\/blogsaverroes.juntadeandalucia.es\/ieshimilce\/files\/2022\/02\/Cabezera-Comunidades-de-Aprendizaje-1024x506.png 1024w, https:\/\/blogsaverroes.juntadeandalucia.es\/ieshimilce\/files\/2022\/02\/Cabezera-Comunidades-de-Aprendizaje-768x379.png 768w\" sizes=\"(max-width: 1361px) 100vw, 1361px\" \/><\/a><\/p>\n<h4><strong><span style=\"color: #993300\">El Proyecto:<\/span><\/strong><\/h4>\n<h3 style=\"text-align: center\"><span style=\"color: #993300\"><strong><em>Un mundo<br \/>\nmejor, \u00a1construido por todos,<br \/>\ny para todos!<\/em><\/strong><\/span><\/h3>\n<p style=\"text-align: justify\">Comunidad de Aprendizaje es un proyecto basado en un conjunto de Actuaciones Educativas de \u00c9xito, dirigidas a la transformaci\u00f3n social y educativa de la comunidad. Es un proyecto que comienza en la escuela, pero que integra todo lo que est\u00e1 a su alrededor.<\/p>\n<p style=\"text-align: justify\">A partir del Aprendizaje Dial\u00f3gico, de la Participaci\u00f3n Educativa de la Comunidad y de Pr\u00e1cticas Inclusiva, queremos conseguir una educaci\u00f3n de \u00e9xito para todos los ni\u00f1os y j\u00f3venes que logre, al mismo tiempo, eficiencia, equidad y cohesi\u00f3n social.<\/p>\n<p style=\"text-align: justify\">Combinando ciencia y utop\u00eda, el proyecto busca una mejora relevante en el aprendizaje escolar de todos los alumnos, en todos los niveles y, tambi\u00e9n, el desarrollo de una mejor convivencia y de actitudes solidarias.<\/p>\n<h3 style=\"text-align: center\"><span style=\"color: #993300\"><strong><em>LA ESENCIA DEL<br \/>\nPROYECTO ES<br \/>\nGARANTIZAR EL<br \/>\nDERECHO DE TODOS<br \/>\nA APRENDER Y<br \/>\nA APRENDER MUCHO.<\/em><\/strong><\/span><\/h3>\n<p><em>&nbsp;<\/em>La igualdad de oportunidades supone hoy en d\u00eda conseguir la igualdad de resultados.<\/p>\n<h4><strong><span style=\"color: #993300\">Resultados:<\/span><\/strong><\/h4>\n<p style=\"text-align: justify\">Las Comunidades de Aprendizaje crean un clima de altas expectativas por parte de todos los involucrados, transforman el contexto del aprendizaje y obtienen los siguientes resultados:<\/p>\n<ul style=\"text-align: justify\">\n<li>Mejora del desempe\u00f1o acad\u00e9mico de todos los alumnos. Mejora de los resultados escolares de los alumnos en todas las asignaturas. Un alto nivel de aprendizaje es fundamental para enfrentar los constantes retos de la sociedad del siglo 21.<\/li>\n<li>Disminuci\u00f3n radical en los \u00edndices de repetici\u00f3n, abandono y fracaso escolar.<\/li>\n<li>Mejora del clima y de la convivencia; aumento de las actitudes solidarias.<\/li>\n<li>Aumento del sentido y de la calidad del aprendizaje para toda la comunidad.<\/li>\n<li>Aumento de la participaci\u00f3n de todos: alumnado, familiares, docentes, equipos directivos, universidades, fundaciones, entidades y organismos p\u00fablicos.<\/li>\n<li>Mejora de las condiciones de vida de la comunidad: mayores \u00edndices de inserci\u00f3n laboral, de niveles de salud, de vivienda digna.<\/li>\n<\/ul>\n<p style=\"text-align: justify\">Para llegar a ser una Comunidad de Aprendizaje, la escuela se tiene que someter a un proceso de transformaci\u00f3n y aplicar las Actuaciones Educativas de \u00c9xito, que est\u00e1n ancladas en los principios del Aprendizaje Dial\u00f3gico.<\/p>\n","protected":false},"excerpt":{"rendered":"<p>El Proyecto: Un mundo mejor, \u00a1construido por todos, y para todos! Comunidad de Aprendizaje es un proyecto basado en un conjunto de Actuaciones Educativas de \u00c9xito, dirigidas a la transformaci\u00f3n social y educativa de la comunidad. Es un proyecto que comienza en la escuela, pero que integra todo lo que est\u00e1 a su alrededor. A &hellip; <\/p>\n<p><a class=\"more-link btn\" href=\"https:\/\/blogsaverroes.juntadeandalucia.es\/ieshimilce\/comunidades-de-aprendizaje\/\">Seguir leyendo<\/a><\/p>\n","protected":false},"author":5100,"featured_media":0,"parent":0,"menu_order":0,"comment_status":"closed","ping_status":"closed","template":"page-template-full.php","meta":{"ngg_post_thumbnail":0,"footnotes":"","_mc_calendar":[]},"aioseo_notices":[],"_links":{"self":[{"href":"https:\/\/blogsaverroes.juntadeandalucia.es\/ieshimilce\/wp-json\/wp\/v2\/pages\/11356"}],"collection":[{"href":"https:\/\/blogsaverroes.juntadeandalucia.es\/ieshimilce\/wp-json\/wp\/v2\/pages"}],"about":[{"href":"https:\/\/blogsaverroes.juntadeandalucia.es\/ieshimilce\/wp-json\/wp\/v2\/types\/page"}],"author":[{"embeddable":true,"href":"https:\/\/blogsaverroes.juntadeandalucia.es\/ieshimilce\/wp-json\/wp\/v2\/users\/5100"}],"replies":[{"embeddable":true,"href":"https:\/\/blogsaverroes.juntadeandalucia.es\/ieshimilce\/wp-json\/wp\/v2\/comments?post=11356"}],"version-history":[{"count":1,"href":"https:\/\/blogsaverroes.juntadeandalucia.es\/ieshimilce\/wp-json\/wp\/v2\/pages\/11356\/revisions"}],"predecessor-version":[{"id":11358,"href":"https:\/\/blogsaverroes.juntadeandalucia.es\/ieshimilce\/wp-json\/wp\/v2\/pages\/11356\/revisions\/11358"}],"wp:attachment":[{"href":"https:\/\/blogsaverroes.juntadeandalucia.es\/ieshimilce\/wp-json\/wp\/v2\/media?parent=11356"}],"curies":[{"name":"wp","href":"https:\/\/api.w.org\/{rel}","templated":true}]}}