{"id":11869,"date":"2022-06-15T18:28:10","date_gmt":"2022-06-15T18:28:10","guid":{"rendered":"https:\/\/blogsaverroes.juntadeandalucia.es\/ieshimilce\/?page_id=11869"},"modified":"2023-06-05T17:50:46","modified_gmt":"2023-06-05T17:50:46","slug":"cfgm-de-electromecanica-de-maquinaria","status":"publish","type":"page","link":"https:\/\/blogsaverroes.juntadeandalucia.es\/ieshimilce\/cfgm-de-electromecanica-de-maquinaria\/","title":{"rendered":"CFGM de Electromec\u00e1nica de Maquinaria"},"content":{"rendered":"<h4><a href=\"https:\/\/blogsaverroes.juntadeandalucia.es\/ieshimilce\/files\/2023\/06\/Cabecera-EMM.png\"><img loading=\"lazy\" decoding=\"async\" class=\"aligncenter size-full wp-image-12787\" src=\"https:\/\/blogsaverroes.juntadeandalucia.es\/ieshimilce\/files\/2023\/06\/Cabecera-EMM.png\" alt=\"\" width=\"1200\" height=\"171\" srcset=\"https:\/\/blogsaverroes.juntadeandalucia.es\/ieshimilce\/files\/2023\/06\/Cabecera-EMM.png 1200w, https:\/\/blogsaverroes.juntadeandalucia.es\/ieshimilce\/files\/2023\/06\/Cabecera-EMM-300x43.png 300w, https:\/\/blogsaverroes.juntadeandalucia.es\/ieshimilce\/files\/2023\/06\/Cabecera-EMM-1024x146.png 1024w, https:\/\/blogsaverroes.juntadeandalucia.es\/ieshimilce\/files\/2023\/06\/Cabecera-EMM-768x109.png 768w, https:\/\/blogsaverroes.juntadeandalucia.es\/ieshimilce\/files\/2023\/06\/Cabecera-EMM-1536x218.png 1536w\" sizes=\"(max-width: 1200px) 100vw, 1200px\" \/><\/a><\/h4>\n<h4>Familia Profesional: <a href=\"https:\/\/www.todofp.es\/que-estudiar\/loe\/transporte-mantenimiento-vehiculos.html\">Transporte y Mantenimiento de Veh\u00edculos<\/a><\/h4>\n<h4>C.F.G.M. de Electromec\u00e1nica de Maquinaria (<a href=\"https:\/\/www.todofp.es\/que-estudiar\/loe\/transporte-mantenimiento-vehiculos\/electromecanica-maquinaria.html\" target=\"_blank\" rel=\"noopener noreferrer\">mas informaci\u00f3n&#8230;<\/a>)<\/h4>\n<p><a href=\"https:\/\/blogsaverroes.juntadeandalucia.es\/ieshimilce\/files\/2022\/06\/Cartel-A2-CFGM-ELECTROMECANICA-DE-MAQUINARIA.jpg\"><img loading=\"lazy\" decoding=\"async\" class=\"aligncenter size-full wp-image-11870\" src=\"https:\/\/blogsaverroes.juntadeandalucia.es\/ieshimilce\/files\/2022\/06\/Cartel-A2-CFGM-ELECTROMECANICA-DE-MAQUINARIA.jpg\" alt=\"\" width=\"848\" height=\"1200\" srcset=\"https:\/\/blogsaverroes.juntadeandalucia.es\/ieshimilce\/files\/2022\/06\/Cartel-A2-CFGM-ELECTROMECANICA-DE-MAQUINARIA.jpg 848w, https:\/\/blogsaverroes.juntadeandalucia.es\/ieshimilce\/files\/2022\/06\/Cartel-A2-CFGM-ELECTROMECANICA-DE-MAQUINARIA-212x300.jpg 212w, https:\/\/blogsaverroes.juntadeandalucia.es\/ieshimilce\/files\/2022\/06\/Cartel-A2-CFGM-ELECTROMECANICA-DE-MAQUINARIA-724x1024.jpg 724w, https:\/\/blogsaverroes.juntadeandalucia.es\/ieshimilce\/files\/2022\/06\/Cartel-A2-CFGM-ELECTROMECANICA-DE-MAQUINARIA-768x1086.jpg 768w, https:\/\/blogsaverroes.juntadeandalucia.es\/ieshimilce\/files\/2022\/06\/Cartel-A2-CFGM-ELECTROMECANICA-DE-MAQUINARIA-1086x1536.jpg 1086w, https:\/\/blogsaverroes.juntadeandalucia.es\/ieshimilce\/files\/2022\/06\/Cartel-A2-CFGM-ELECTROMECANICA-DE-MAQUINARIA-1448x2048.jpg 1448w\" sizes=\"(max-width: 848px) 100vw, 848px\" \/><\/a><\/p>\n","protected":false},"excerpt":{"rendered":"<p>Familia Profesional: Transporte y Mantenimiento de Veh\u00edculos C.F.G.M. de Electromec\u00e1nica de Maquinaria (mas informaci\u00f3n&#8230;)<\/p>\n","protected":false},"author":5100,"featured_media":0,"parent":0,"menu_order":0,"comment_status":"closed","ping_status":"closed","template":"page-template-full.php","meta":{"ngg_post_thumbnail":0,"footnotes":"","_mc_calendar":[]},"aioseo_notices":[],"_links":{"self":[{"href":"https:\/\/blogsaverroes.juntadeandalucia.es\/ieshimilce\/wp-json\/wp\/v2\/pages\/11869"}],"collection":[{"href":"https:\/\/blogsaverroes.juntadeandalucia.es\/ieshimilce\/wp-json\/wp\/v2\/pages"}],"about":[{"href":"https:\/\/blogsaverroes.juntadeandalucia.es\/ieshimilce\/wp-json\/wp\/v2\/types\/page"}],"author":[{"embeddable":true,"href":"https:\/\/blogsaverroes.juntadeandalucia.es\/ieshimilce\/wp-json\/wp\/v2\/users\/5100"}],"replies":[{"embeddable":true,"href":"https:\/\/blogsaverroes.juntadeandalucia.es\/ieshimilce\/wp-json\/wp\/v2\/comments?post=11869"}],"version-history":[{"count":3,"href":"https:\/\/blogsaverroes.juntadeandalucia.es\/ieshimilce\/wp-json\/wp\/v2\/pages\/11869\/revisions"}],"predecessor-version":[{"id":12788,"href":"https:\/\/blogsaverroes.juntadeandalucia.es\/ieshimilce\/wp-json\/wp\/v2\/pages\/11869\/revisions\/12788"}],"wp:attachment":[{"href":"https:\/\/blogsaverroes.juntadeandalucia.es\/ieshimilce\/wp-json\/wp\/v2\/media?parent=11869"}],"curies":[{"name":"wp","href":"https:\/\/api.w.org\/{rel}","templated":true}]}}