{"id":12215,"date":"2022-11-12T22:00:43","date_gmt":"2022-11-12T22:00:43","guid":{"rendered":"https:\/\/blogsaverroes.juntadeandalucia.es\/ieshimilce\/?page_id=12215"},"modified":"2022-11-12T22:12:43","modified_gmt":"2022-11-12T22:12:43","slug":"programaciones-didacticas-dpto-imagen-personal","status":"publish","type":"page","link":"https:\/\/blogsaverroes.juntadeandalucia.es\/ieshimilce\/programaciones-didacticas-dpto-imagen-personal\/","title":{"rendered":"Programaciones did\u00e1cticas DPTO. IMAGEN PERSONAL"},"content":{"rendered":"<p><a href=\"https:\/\/blogsaverroes.juntadeandalucia.es\/ieshimilce\/files\/2022\/11\/2.png\"><img loading=\"lazy\" decoding=\"async\" class=\"aligncenter size-full wp-image-12216\" src=\"https:\/\/blogsaverroes.juntadeandalucia.es\/ieshimilce\/files\/2022\/11\/2.png\" alt=\"\" width=\"1077\" height=\"129\" srcset=\"https:\/\/blogsaverroes.juntadeandalucia.es\/ieshimilce\/files\/2022\/11\/2.png 1077w, https:\/\/blogsaverroes.juntadeandalucia.es\/ieshimilce\/files\/2022\/11\/2-300x36.png 300w, https:\/\/blogsaverroes.juntadeandalucia.es\/ieshimilce\/files\/2022\/11\/2-1024x123.png 1024w, https:\/\/blogsaverroes.juntadeandalucia.es\/ieshimilce\/files\/2022\/11\/2-768x92.png 768w\" sizes=\"(max-width: 1077px) 100vw, 1077px\" \/><\/a><\/p>\n<h4><strong><a href=\"https:\/\/blogsaverroes.juntadeandalucia.es\/ieshimilce\/files\/2022\/11\/Programaci\u00f3n-Departamento-IMAGEN-PERSONAL-2022-2023.pdf\">Programaci\u00f3n Departamento IMAGEN PERSONAL 2022-2023<\/a><\/strong><\/h4>\n<h3><strong>F.P.B. DE PELUQUER\u00cdA Y EST\u00c9TICA<\/strong><\/h3>\n<h4><strong><a href=\"https:\/\/blogsaverroes.juntadeandalucia.es\/ieshimilce\/files\/2022\/11\/1\u00ba-FPB-CUIDADO-EST\u00c9TICOS-B\u00c1SICO-DE-U\u00d1AS-CURSO-2022-2023.pdf\">1\u00ba FPB CUIDADO EST\u00c9TICOS B\u00c1SICO DE U\u00d1AS CURSO 2022-2023<\/a> <\/strong><\/h4>\n<h4><strong><a href=\"https:\/\/blogsaverroes.juntadeandalucia.es\/ieshimilce\/files\/2022\/11\/1\u00ba-FPB-Depilaci\u00f3n-CURSO-2022-2023.pdf\">1\u00ba FPB Depilaci\u00f3n CURSO 2022-2023<\/a> <\/strong><\/h4>\n<h4><strong><a href=\"https:\/\/blogsaverroes.juntadeandalucia.es\/ieshimilce\/files\/2022\/11\/1\u00ba-FPB-LAVADO-Y-CF-CURSO-2022-2023.pdf\">1\u00ba FPB LAVADO Y CF CURSO 2022-2023<\/a> <\/strong><\/h4>\n<h4><strong><a href=\"https:\/\/blogsaverroes.juntadeandalucia.es\/ieshimilce\/files\/2022\/11\/1\u00ba-FPB-PREPARACI\u00d3N-DEL-ENTORNO-CURSO-2022-2023.pdf\">1\u00ba FPB PREPARACI\u00d3N DEL ENTORNO CURSO 2022-2023<\/a> <\/strong><\/h4>\n<h4><strong><a href=\"https:\/\/blogsaverroes.juntadeandalucia.es\/ieshimilce\/files\/2022\/11\/2\u00ba-FPB-ATENCI\u00d3N-AL-CLIENTE-CURSO-2022-2023.pdf\">2\u00ba FPB ATENCI\u00d3N AL CLIENTE CURSO 2022-2023<\/a> <\/strong><\/h4>\n<h4><strong><a href=\"https:\/\/blogsaverroes.juntadeandalucia.es\/ieshimilce\/files\/2022\/11\/2\u00ba-FPB-CAMBIOS-DE-COLOR-DEL-CABELLO-CURSO-2022-2023.pdf\">2\u00ba FPB CAMBIOS DE COLOR DEL CABELLO CURSO 2022-2023<\/a> <\/strong><\/h4>\n<h4><strong><a href=\"https:\/\/blogsaverroes.juntadeandalucia.es\/ieshimilce\/files\/2022\/11\/2\u00ba-FPB-MAQUILLAJE-CURSO-2022-2023.pdf\">2\u00ba FPB MAQUILLAJE CURSO 2022-2023<\/a><\/strong><\/h4>\n<h3><strong>C.F.G.M. DE PELUQUER\u00cdA Y COSM\u00c9TICA CAPILAR<\/strong><\/h3>\n<h4><strong><a href=\"https:\/\/blogsaverroes.juntadeandalucia.es\/ieshimilce\/files\/2022\/11\/1\u00ba-PCC-ACAP-CURSO-2022-2023.pdf\">1\u00ba PCC ACAP CURSO 2022-2023<\/a> <\/strong><\/h4>\n<h4><strong><a href=\"https:\/\/blogsaverroes.juntadeandalucia.es\/ieshimilce\/files\/2022\/11\/1\u00ba-PCC-CHS-CURSO-2022-2023.pdf\">1\u00ba PCC CHS CURSO 2022-2023<\/a> <\/strong><\/h4>\n<h4><strong><a href=\"https:\/\/blogsaverroes.juntadeandalucia.es\/ieshimilce\/files\/2022\/11\/1\u00ba-PCC-COLOR-CURSO-2022-2023.pdf\">1\u00ba PCC COLOR CURSO 2022-2023<\/a><\/strong><\/h4>\n<h4><strong> <a href=\"https:\/\/blogsaverroes.juntadeandalucia.es\/ieshimilce\/files\/2022\/11\/1\u00ba-PCC-CPP-CURSO-2022-2023.pdf\">1\u00ba PCC CPP CURSO 2022-2023<\/a> <\/strong><\/h4>\n<h4><strong><a href=\"https:\/\/blogsaverroes.juntadeandalucia.es\/ieshimilce\/files\/2022\/11\/1\u00ba-PCC-EMP-CURSO-2022-2023.pdf\">1\u00ba PCC EMP CURSO 2022-2023<\/a> <\/strong><\/h4>\n<h4><strong><a href=\"https:\/\/blogsaverroes.juntadeandalucia.es\/ieshimilce\/files\/2022\/11\/1\u00ba-PCC-PYR-CURSO-2022-2023.pdf\">1\u00ba PCC PYR CURSO 2022-2023<\/a> <\/strong><\/h4>\n<h4><strong><a href=\"https:\/\/blogsaverroes.juntadeandalucia.es\/ieshimilce\/files\/2022\/11\/2\u00ba-PCC-CFP-CURSO-2022-2023.pdf\">2\u00ba PCC CFP CURSO 2022-2023<\/a> <\/strong><\/h4>\n<h4><strong><a href=\"https:\/\/blogsaverroes.juntadeandalucia.es\/ieshimilce\/files\/2022\/11\/2\u00ba-PCC-MARKETING-Y-VENTAS-EN-IP-CURSO-2022-2023.pdf\">2\u00ba PCC MARKETING Y VENTAS EN IP CURSO 2022-2023<\/a> <\/strong><\/h4>\n<h4><strong><a href=\"https:\/\/blogsaverroes.juntadeandalucia.es\/ieshimilce\/files\/2022\/11\/2\u00ba-PCC-PELUQUERIA-Y-ESTILISMO-2022-2023.pdf\">2\u00ba PCC PELUQUERIA Y ESTILISMO 2022-2023<\/a> <\/strong><\/h4>\n<h4><strong><a href=\"https:\/\/blogsaverroes.juntadeandalucia.es\/ieshimilce\/files\/2022\/11\/2\u00ba-PCC-TCC-CURSO-2022-2023.pdf\">2\u00ba PCC TCC CURSO 2022-2023<\/a><\/strong><\/h4>\n<h3><strong>C.F.G.M. DE EST\u00c9TICA Y BELLEZA<\/strong><\/h3>\n<h4><strong><a href=\"https:\/\/blogsaverroes.juntadeandalucia.es\/ieshimilce\/files\/2022\/11\/1\u00ba-EBE-AN\u00c1LISIS-EST\u00c9TICO-CURSO-2022-2023.pdf\">1\u00ba EBE AN\u00c1LISIS EST\u00c9TICO CURSO 2022-2023<\/a> <\/strong><\/h4>\n<h4><strong><a href=\"https:\/\/blogsaverroes.juntadeandalucia.es\/ieshimilce\/files\/2022\/11\/1\u00ba-EBE-CEBE-CURSO-2022-2023.pdf\">1\u00ba EBE CEBE CURSO 2022-2023<\/a> <\/strong><\/h4>\n<h4><strong><a href=\"https:\/\/blogsaverroes.juntadeandalucia.es\/ieshimilce\/files\/2022\/11\/1\u00ba-EBE-EST\u00c9TICA-DE-MANOS-Y-PIES-CURSO-2022-2023.pdf\">1\u00ba EBE EST\u00c9TICA DE MANOS Y PIES CURSO 2022-2023<\/a> <\/strong><\/h4>\n<h4><strong><a href=\"https:\/\/blogsaverroes.juntadeandalucia.es\/ieshimilce\/files\/2022\/11\/1\u00ba-EBE-MODELO-MAQUILLAJE-CURSO-2022-2023.pdf\">1\u00ba EBE MODELO MAQUILLAJE CURSO 2022-2023<\/a> <\/strong><\/h4>\n<h4><strong><a href=\"https:\/\/blogsaverroes.juntadeandalucia.es\/ieshimilce\/files\/2022\/11\/1\u00ba-EBE-T\u00c9CNICAS-DE-HIGIENE-FACIAL-Y-CORPORAL-CURSO-2022-2023.pdf\">1\u00ba EBE T\u00c9CNICAS DE HIGIENE FACIAL Y CORPORAL CURSO 2022-2023<\/a> <\/strong><\/h4>\n<h4><strong><a href=\"https:\/\/blogsaverroes.juntadeandalucia.es\/ieshimilce\/files\/2022\/11\/2\u00ba-EBE-ACTIVIDADES-EN-CABINA-CURSO-2022-2023.pdf\">2\u00ba EBE ACTIVIDADES EN CABINA CURSO 2022-2023<\/a> <\/strong><\/h4>\n<h4><strong><a href=\"https:\/\/blogsaverroes.juntadeandalucia.es\/ieshimilce\/files\/2022\/11\/2\u00ba-EBE-DEPIL-MEC\u00c1N-Y-DECOLORACI\u00d3N-CURSO-2022-2023.pdf\">2\u00ba EBE DEPIL MEC\u00c1N Y DECOLORACI\u00d3N CURSO 2022-2023<\/a> <\/strong><\/h4>\n<h4><strong><a href=\"https:\/\/blogsaverroes.juntadeandalucia.es\/ieshimilce\/files\/2022\/11\/2\u00ba-EBE-MARKETING-Y-VENTAS-EN-IP-CURSO-2022-2023.pdf\">2\u00ba EBE MARKETING Y VENTAS EN IP CURSO 2022-2023<\/a> <\/strong><\/h4>\n<h4><strong><a href=\"https:\/\/blogsaverroes.juntadeandalucia.es\/ieshimilce\/files\/2022\/11\/2\u00ba-EBE-Perfumer\u00eda-y-Cosmetica-Natural-CURSO-2022-2023.pdf\">2\u00ba EBE Perfumer\u00eda y Cosm\u00e9tica Natural CURSO 2022-2023<\/a> <\/strong><\/h4>\n<h4><strong><a href=\"https:\/\/blogsaverroes.juntadeandalucia.es\/ieshimilce\/files\/2022\/11\/2\u00ba-EBE-TUA-CURSO-2022-2023.pdf\">2\u00ba EBE TUA CURSO 2022-2023<\/a><\/strong><\/h4>\n<h3><strong>C.F.G.S. DE ESTILISMO Y DIRECCI\u00d3N DE PELUQUER\u00cdA<\/strong><\/h3>\n<h4><strong><a href=\"https:\/\/blogsaverroes.juntadeandalucia.es\/ieshimilce\/files\/2022\/11\/1\u00ba-EDP-DERMOTRICOLOG\u00cdA-CURSO-2022-202.pdf\">1\u00ba EDP DERMOTRICOLOG\u00cdA CURSO 2022-202<\/a><\/strong><\/h4>\n<h4><strong><a href=\"https:\/\/blogsaverroes.juntadeandalucia.es\/ieshimilce\/files\/2022\/11\/1\u00ba-EDP-Estudio-de-la-Imagen-CURSO-2022-2023.pdf\">1\u00ba EDP Estudio de la Imagen CURSO 2022-2023<\/a><\/strong><\/h4>\n<h4><strong><a href=\"https:\/\/blogsaverroes.juntadeandalucia.es\/ieshimilce\/files\/2022\/11\/1\u00ba-EDP-PFHIP-CURSO-2022-2023.pdf\">1\u00ba EDP PFHIP CURSO 2022-2023<\/a><\/strong><\/h4>\n<h4><strong><a href=\"https:\/\/blogsaverroes.juntadeandalucia.es\/ieshimilce\/files\/2022\/11\/1\u00ba-EDP-Procedimientos-CURSO-2022-2023.pdf\">1\u00ba EDP Procedimientos CURSO 2022-2023<\/a><\/strong><\/h4>\n<h4><strong><a href=\"https:\/\/blogsaverroes.juntadeandalucia.es\/ieshimilce\/files\/2022\/11\/1\u00ba-EDP-Recursos-T\u00e9cn-y-Cosmetic-CURSO-2022-2023.pdf\">1\u00ba EDP Recursos T\u00e9cn y Cosmetic CURSO 2022-2023<\/a><\/strong><\/h4>\n<h4><strong><a href=\"https:\/\/blogsaverroes.juntadeandalucia.es\/ieshimilce\/files\/2022\/11\/2\u00ba-EDP-Cuidados-CURSO-2022-2023.pdf\">2\u00ba EDP Cuidados CURSO 2022-2023<\/a><\/strong><\/h4>\n<h4><strong><a href=\"https:\/\/blogsaverroes.juntadeandalucia.es\/ieshimilce\/files\/2022\/11\/2\u00ba-EDP-Direcci\u00f3n-y-Comercializaci\u00f3n-CURSO-2022-2023.pdf\">2\u00ba EDP Direcci\u00f3n y Comercializaci\u00f3n CURSO 2022-2023<\/a><\/strong><\/h4>\n<h4><strong><a href=\"https:\/\/blogsaverroes.juntadeandalucia.es\/ieshimilce\/files\/2022\/11\/2\u00ba-EDP-ESTILISMO-EN-PELUQUERIA-CURSO-2022-2023.pdf\">2\u00ba EDP ESTILISMO EN PELUQUERIA CURSO 2022-2023<\/a><\/strong><\/h4>\n<h4><strong><a href=\"https:\/\/blogsaverroes.juntadeandalucia.es\/ieshimilce\/files\/2022\/11\/2\u00ba-EDP-P-para-produ-Audi-y-Moda-CURSO-2022-2023.pdf\">2\u00ba EDP P para produ Audi y Moda CURSO 2022-2023<\/a><\/strong><\/h4>\n<h4><strong><a href=\"https:\/\/blogsaverroes.juntadeandalucia.es\/ieshimilce\/files\/2022\/11\/2\u00ba-EDP-TRATAMIENTOS-CAPILARES-CURSO-2022-2023.pdf\">2\u00ba EDP TRATAMIENTOS CAPILARES CURSO 2022-2023<\/a><\/strong><\/h4>\n<h3><strong>C.F.G.S. DE EST\u00c9TICA INTEGRAL Y BIENESTAR<\/strong><\/h3>\n<h4><strong><a href=\"https:\/\/blogsaverroes.juntadeandalucia.es\/ieshimilce\/files\/2022\/11\/1\u00ba-EIB-APARATOLOG\u00cdA-CURSO-2022-2023.pdf\">1\u00ba EIB APARATOLOG\u00cdA CURSO 2022-2023<\/a> <\/strong><\/h4>\n<h4><strong><a href=\"https:\/\/blogsaverroes.juntadeandalucia.es\/ieshimilce\/files\/2022\/11\/1\u00ba-EIB-COSM\u00c9TICA-CURSO-2022-2023.pdf\">1\u00ba EIB COSM\u00c9TICA CURSO 2022-2023<\/a> <\/strong><\/h4>\n<h4><strong><a href=\"https:\/\/blogsaverroes.juntadeandalucia.es\/ieshimilce\/files\/2022\/11\/1\u00ba-EIB-Depilaci\u00f3n-Avanzada-CURSO-2022-2023.pdf\">1\u00ba EIB Depilaci\u00f3n Avanzada CURSO 2022-2023<\/a> <\/strong><\/h4>\n<h4><strong><a href=\"https:\/\/blogsaverroes.juntadeandalucia.es\/ieshimilce\/files\/2022\/11\/1\u00ba-EIB-DERMOEST\u00c9TICA-CURSO-2022-2023.pdf\">1\u00ba EIB DERMOEST\u00c9TICA CURSO 2022-2023<\/a> <\/strong><\/h4>\n<h4><strong><a href=\"https:\/\/blogsaverroes.juntadeandalucia.es\/ieshimilce\/files\/2022\/11\/1\u00ba-EIB-IMAGEN-CORPORAL-CURSO-2022-2023.pdf\">1\u00ba EIB IMAGEN CORPORAL CURSO 2022-2023<\/a> <\/strong><\/h4>\n<h4><strong><a href=\"https:\/\/blogsaverroes.juntadeandalucia.es\/ieshimilce\/files\/2022\/11\/1\u00ba-EIB-MASAJE-EST\u00c9TICO-CURSO-2022-2023.pdf\">1\u00ba EIB MASAJE EST\u00c9TICO CURSO 2022-2023<\/a> <\/strong><\/h4>\n<h4><strong><a href=\"https:\/\/blogsaverroes.juntadeandalucia.es\/ieshimilce\/files\/2022\/11\/1\u00ba-EIB-PFHIP-EST\u00c9TICA-CURSO-2022-2023.pdf\">1\u00ba EIB PFHIP EST\u00c9TICA CURSO 2022-2023<\/a> <\/strong><\/h4>\n<h4><strong><a href=\"https:\/\/blogsaverroes.juntadeandalucia.es\/ieshimilce\/files\/2022\/11\/2\u00ba-EIB-DRENAJE-CURSO-2022-2023.pdf\">2\u00ba EIB DRENAJE CURSO 2022-2023<\/a> <\/strong><\/h4>\n<h4><strong><a href=\"https:\/\/blogsaverroes.juntadeandalucia.es\/ieshimilce\/files\/2022\/11\/2\u00ba-EIB-HIDROTERMAL-CURSO-2022-2023.pdf\">2\u00ba EIB HIDROTERMAL CURSO 2022-2023<\/a> <\/strong><\/h4>\n<h4><strong><a href=\"https:\/\/blogsaverroes.juntadeandalucia.es\/ieshimilce\/files\/2022\/11\/2\u00ba-EIB-MICRO-CURSO-2022-2023.pdf\">2\u00ba EIB MICRO CURSO 2022-2023<\/a> <\/strong><\/h4>\n<h4><strong><a href=\"https:\/\/blogsaverroes.juntadeandalucia.es\/ieshimilce\/files\/2022\/11\/2\u00ba-EIB-TRATAMIENTOS-CURSO-2022-2023.pdf\">2\u00ba EIB TRATAMIENTOS CURSO 2022-2023<\/a><\/strong><\/h4>\n<p>&nbsp;<\/p>\n<p>&nbsp;<\/p>\n<p>&nbsp;<\/p>\n","protected":false},"excerpt":{"rendered":"<p>Programaci\u00f3n Departamento IMAGEN PERSONAL 2022-2023 F.P.B. DE PELUQUER\u00cdA Y EST\u00c9TICA 1\u00ba FPB CUIDADO EST\u00c9TICOS B\u00c1SICO DE U\u00d1AS CURSO 2022-2023 1\u00ba FPB Depilaci\u00f3n CURSO 2022-2023 1\u00ba FPB LAVADO Y CF CURSO 2022-2023 1\u00ba FPB PREPARACI\u00d3N DEL ENTORNO CURSO 2022-2023 2\u00ba FPB ATENCI\u00d3N AL CLIENTE CURSO 2022-2023 2\u00ba FPB CAMBIOS DE COLOR DEL CABELLO CURSO 2022-2023 2\u00ba &hellip; <\/p>\n<p><a class=\"more-link btn\" href=\"https:\/\/blogsaverroes.juntadeandalucia.es\/ieshimilce\/programaciones-didacticas-dpto-imagen-personal\/\">Seguir leyendo<\/a><\/p>\n","protected":false},"author":5100,"featured_media":0,"parent":0,"menu_order":0,"comment_status":"closed","ping_status":"closed","template":"page-template-full.php","meta":{"ngg_post_thumbnail":0,"footnotes":"","_mc_calendar":[]},"aioseo_notices":[],"_links":{"self":[{"href":"https:\/\/blogsaverroes.juntadeandalucia.es\/ieshimilce\/wp-json\/wp\/v2\/pages\/12215"}],"collection":[{"href":"https:\/\/blogsaverroes.juntadeandalucia.es\/ieshimilce\/wp-json\/wp\/v2\/pages"}],"about":[{"href":"https:\/\/blogsaverroes.juntadeandalucia.es\/ieshimilce\/wp-json\/wp\/v2\/types\/page"}],"author":[{"embeddable":true,"href":"https:\/\/blogsaverroes.juntadeandalucia.es\/ieshimilce\/wp-json\/wp\/v2\/users\/5100"}],"replies":[{"embeddable":true,"href":"https:\/\/blogsaverroes.juntadeandalucia.es\/ieshimilce\/wp-json\/wp\/v2\/comments?post=12215"}],"version-history":[{"count":7,"href":"https:\/\/blogsaverroes.juntadeandalucia.es\/ieshimilce\/wp-json\/wp\/v2\/pages\/12215\/revisions"}],"predecessor-version":[{"id":12273,"href":"https:\/\/blogsaverroes.juntadeandalucia.es\/ieshimilce\/wp-json\/wp\/v2\/pages\/12215\/revisions\/12273"}],"wp:attachment":[{"href":"https:\/\/blogsaverroes.juntadeandalucia.es\/ieshimilce\/wp-json\/wp\/v2\/media?parent=12215"}],"curies":[{"name":"wp","href":"https:\/\/api.w.org\/{rel}","templated":true}]}}