{"id":12891,"date":"2023-11-15T19:18:26","date_gmt":"2023-11-15T19:18:26","guid":{"rendered":"https:\/\/blogsaverroes.juntadeandalucia.es\/ieshimilce\/?page_id=12891"},"modified":"2025-01-17T18:25:53","modified_gmt":"2025-01-17T18:25:53","slug":"proyecto-de-autoempleo-y-emprendimiento","status":"publish","type":"page","link":"https:\/\/blogsaverroes.juntadeandalucia.es\/ieshimilce\/proyecto-de-autoempleo-y-emprendimiento\/","title":{"rendered":"Proyecto de Fomento del esp\u00edritu emprendedor y autoempleo"},"content":{"rendered":"<p>&nbsp;<\/p>\n<p style=\"text-align: justify\"><span style=\"font-size: 14pt\"><a href=\"https:\/\/blogsaverroes.juntadeandalucia.es\/ieshimilce\/files\/2025\/01\/logos.png\"><img loading=\"lazy\" decoding=\"async\" class=\"aligncenter size-full wp-image-14308\" src=\"https:\/\/blogsaverroes.juntadeandalucia.es\/ieshimilce\/files\/2025\/01\/logos.png\" alt=\"\" width=\"1033\" height=\"115\" srcset=\"https:\/\/blogsaverroes.juntadeandalucia.es\/ieshimilce\/files\/2025\/01\/logos.png 1033w, https:\/\/blogsaverroes.juntadeandalucia.es\/ieshimilce\/files\/2025\/01\/logos-300x33.png 300w, https:\/\/blogsaverroes.juntadeandalucia.es\/ieshimilce\/files\/2025\/01\/logos-1024x114.png 1024w, https:\/\/blogsaverroes.juntadeandalucia.es\/ieshimilce\/files\/2025\/01\/logos-768x85.png 768w\" sizes=\"(max-width: 1033px) 100vw, 1033px\" \/><\/a>Este curso 2024\/2025 hemos dedicado nuestros esfuerzos a varios tipos de trabajos. Resumiendo hemos propiciado la creaci\u00f3n de una incubadora de empresas \u201ccoworking\u201d con varias ideas de micro cooperativas: alfarer\u00eda, escaleras para acceso a personas de movilidad reducida, instalaci\u00f3n de sistemas dom\u00f3ticos geri\u00e1tricos y equipos de est\u00e9tica oncol\u00f3gica.<\/span><\/p>\n<p>&nbsp;<\/p>\n<p><a href=\"https:\/\/blogsaverroes.juntadeandalucia.es\/ieshimilce\/files\/2025\/01\/cartel_1.png\"><img loading=\"lazy\" decoding=\"async\" class=\"aligncenter size-full wp-image-14310\" src=\"https:\/\/blogsaverroes.juntadeandalucia.es\/ieshimilce\/files\/2025\/01\/cartel_1.png\" alt=\"\" width=\"717\" height=\"956\" srcset=\"https:\/\/blogsaverroes.juntadeandalucia.es\/ieshimilce\/files\/2025\/01\/cartel_1.png 717w, https:\/\/blogsaverroes.juntadeandalucia.es\/ieshimilce\/files\/2025\/01\/cartel_1-225x300.png 225w\" sizes=\"(max-width: 717px) 100vw, 717px\" \/><\/a><\/p>\n<p><a href=\"https:\/\/blogsaverroes.juntadeandalucia.es\/ieshimilce\/files\/2025\/01\/Diapositiva1.png\"><img loading=\"lazy\" decoding=\"async\" class=\"aligncenter size-full wp-image-14305\" src=\"https:\/\/blogsaverroes.juntadeandalucia.es\/ieshimilce\/files\/2025\/01\/Diapositiva1.png\" alt=\"\" width=\"1115\" height=\"786\" srcset=\"https:\/\/blogsaverroes.juntadeandalucia.es\/ieshimilce\/files\/2025\/01\/Diapositiva1.png 1115w, https:\/\/blogsaverroes.juntadeandalucia.es\/ieshimilce\/files\/2025\/01\/Diapositiva1-300x211.png 300w, https:\/\/blogsaverroes.juntadeandalucia.es\/ieshimilce\/files\/2025\/01\/Diapositiva1-1024x722.png 1024w, https:\/\/blogsaverroes.juntadeandalucia.es\/ieshimilce\/files\/2025\/01\/Diapositiva1-768x541.png 768w\" sizes=\"(max-width: 1115px) 100vw, 1115px\" \/><\/a> <a href=\"https:\/\/blogsaverroes.juntadeandalucia.es\/ieshimilce\/files\/2025\/01\/Diapositiva2.png\"><img loading=\"lazy\" decoding=\"async\" class=\"aligncenter size-full wp-image-14306\" src=\"https:\/\/blogsaverroes.juntadeandalucia.es\/ieshimilce\/files\/2025\/01\/Diapositiva2.png\" alt=\"\" width=\"1115\" height=\"786\" srcset=\"https:\/\/blogsaverroes.juntadeandalucia.es\/ieshimilce\/files\/2025\/01\/Diapositiva2.png 1115w, https:\/\/blogsaverroes.juntadeandalucia.es\/ieshimilce\/files\/2025\/01\/Diapositiva2-300x211.png 300w, https:\/\/blogsaverroes.juntadeandalucia.es\/ieshimilce\/files\/2025\/01\/Diapositiva2-1024x722.png 1024w, https:\/\/blogsaverroes.juntadeandalucia.es\/ieshimilce\/files\/2025\/01\/Diapositiva2-768x541.png 768w\" sizes=\"(max-width: 1115px) 100vw, 1115px\" \/><\/a><\/p>\n","protected":false},"excerpt":{"rendered":"<p>&nbsp; Este curso 2024\/2025 hemos dedicado nuestros esfuerzos a varios tipos de trabajos. Resumiendo hemos propiciado la creaci\u00f3n de una incubadora de empresas \u201ccoworking\u201d con varias ideas de micro cooperativas: alfarer\u00eda, escaleras para acceso a personas de movilidad reducida, instalaci\u00f3n de sistemas dom\u00f3ticos geri\u00e1tricos y equipos de est\u00e9tica oncol\u00f3gica. &nbsp;<\/p>\n","protected":false},"author":5100,"featured_media":0,"parent":0,"menu_order":0,"comment_status":"closed","ping_status":"closed","template":"page-template-full.php","meta":{"ngg_post_thumbnail":0,"footnotes":"","_mc_calendar":[]},"aioseo_notices":[],"_links":{"self":[{"href":"https:\/\/blogsaverroes.juntadeandalucia.es\/ieshimilce\/wp-json\/wp\/v2\/pages\/12891"}],"collection":[{"href":"https:\/\/blogsaverroes.juntadeandalucia.es\/ieshimilce\/wp-json\/wp\/v2\/pages"}],"about":[{"href":"https:\/\/blogsaverroes.juntadeandalucia.es\/ieshimilce\/wp-json\/wp\/v2\/types\/page"}],"author":[{"embeddable":true,"href":"https:\/\/blogsaverroes.juntadeandalucia.es\/ieshimilce\/wp-json\/wp\/v2\/users\/5100"}],"replies":[{"embeddable":true,"href":"https:\/\/blogsaverroes.juntadeandalucia.es\/ieshimilce\/wp-json\/wp\/v2\/comments?post=12891"}],"version-history":[{"count":8,"href":"https:\/\/blogsaverroes.juntadeandalucia.es\/ieshimilce\/wp-json\/wp\/v2\/pages\/12891\/revisions"}],"predecessor-version":[{"id":14313,"href":"https:\/\/blogsaverroes.juntadeandalucia.es\/ieshimilce\/wp-json\/wp\/v2\/pages\/12891\/revisions\/14313"}],"wp:attachment":[{"href":"https:\/\/blogsaverroes.juntadeandalucia.es\/ieshimilce\/wp-json\/wp\/v2\/media?parent=12891"}],"curies":[{"name":"wp","href":"https:\/\/api.w.org\/{rel}","templated":true}]}}