{"id":13898,"date":"2024-10-16T10:17:38","date_gmt":"2024-10-16T10:17:38","guid":{"rendered":"https:\/\/blogsaverroes.juntadeandalucia.es\/ieshimilce\/?page_id=13898"},"modified":"2024-10-21T18:27:18","modified_gmt":"2024-10-21T18:27:18","slug":"proyecto-colaborativo-de-innovacion-en-fp","status":"publish","type":"page","link":"https:\/\/blogsaverroes.juntadeandalucia.es\/ieshimilce\/proyecto-colaborativo-de-innovacion-en-fp\/","title":{"rendered":"PROYECTO COLABORATIVO DE INNOVACI\u00d3N EN FP"},"content":{"rendered":"<p><a href=\"https:\/\/blogsaverroes.juntadeandalucia.es\/ieshimilce\/files\/2024\/10\/cabecera.png\"><img loading=\"lazy\" decoding=\"async\" class=\"alignleft size-full wp-image-13901\" src=\"https:\/\/blogsaverroes.juntadeandalucia.es\/ieshimilce\/files\/2024\/10\/cabecera.png\" alt=\"\" width=\"3164\" height=\"428\" srcset=\"https:\/\/blogsaverroes.juntadeandalucia.es\/ieshimilce\/files\/2024\/10\/cabecera.png 1200w, https:\/\/blogsaverroes.juntadeandalucia.es\/ieshimilce\/files\/2024\/10\/cabecera-300x41.png 300w, https:\/\/blogsaverroes.juntadeandalucia.es\/ieshimilce\/files\/2024\/10\/cabecera-1024x139.png 1024w, https:\/\/blogsaverroes.juntadeandalucia.es\/ieshimilce\/files\/2024\/10\/cabecera-768x104.png 768w, https:\/\/blogsaverroes.juntadeandalucia.es\/ieshimilce\/files\/2024\/10\/cabecera-1536x208.png 1536w, https:\/\/blogsaverroes.juntadeandalucia.es\/ieshimilce\/files\/2024\/10\/cabecera-2048x277.png 2048w\" sizes=\"(max-width: 3164px) 100vw, 3164px\" \/><\/a><\/p>\n<hr>\n<h2 style=\"text-align: center\"><strong>PROYECTO DE INNOVACI\u00d3N APLICADA <\/strong><br \/>\n<strong>Y TRANSFERENCIA DE CONOCIMIENTO<\/strong><br \/>\n<strong>EN LA FORMACI\u00d3N PROFESIONAL<\/strong><\/h2>\n<h3 style=\"text-align: center\"><span style=\"font-size: 18pt\"><strong>T\u00cdTULO DEL PROYECTO<\/strong><\/span><\/h3>\n<h3 style=\"text-align: justify\"><strong><span style=\"color: #008000;font-size: 18pt\">\u00abRevolucionando el Procesamiento y Selecci\u00f3n de Pistachos: Visi\u00f3n Artificial, IA, Cobots y Control de Flotas para una Gesti\u00f3n en Tiempo Real\u00bb<\/span><\/strong><\/h3>\n<p style=\"text-align: justify\"><span style=\"font-size: 14pt\">(Convocatoria de ayudas, BOE n\u00fam. 209, de 1 de Septiembre de 2023).Resoluci\u00f3n de la Secretar\u00eda General de Formaci\u00f3n Profesional de fecha 29 de agosto de 2023 por la que se convocan ayudas destinadas a la realizaci\u00f3n de proyectos de innovaci\u00f3n e investigaci\u00f3n aplicadas y transferencia del conocimiento en la Formaci\u00f3n Profesional en el a\u00f1o 2023).<\/span><\/p>\n<h3><span style=\"font-size: 14pt\"><strong>DURACI\u00d3N DEL PROYECTO<\/strong>: <strong>20 meses<\/strong>.&nbsp;<\/span><\/h3>\n<h3><span style=\"font-size: 14pt\"><strong>PARTICIPANTES:<\/strong><\/span><\/h3>\n<h3><a href=\"https:\/\/blogsaverroes.juntadeandalucia.es\/ieshimilce\/files\/2024\/10\/CENTROS-PARTICIPANTES.png\"><img loading=\"lazy\" decoding=\"async\" class=\"alignleft size-full wp-image-13909\" src=\"https:\/\/blogsaverroes.juntadeandalucia.es\/ieshimilce\/files\/2024\/10\/CENTROS-PARTICIPANTES.png\" alt=\"\" width=\"1000\" height=\"533\" srcset=\"https:\/\/blogsaverroes.juntadeandalucia.es\/ieshimilce\/files\/2024\/10\/CENTROS-PARTICIPANTES.png 1000w, https:\/\/blogsaverroes.juntadeandalucia.es\/ieshimilce\/files\/2024\/10\/CENTROS-PARTICIPANTES-300x160.png 300w, https:\/\/blogsaverroes.juntadeandalucia.es\/ieshimilce\/files\/2024\/10\/CENTROS-PARTICIPANTES-768x409.png 768w\" sizes=\"(max-width: 1000px) 100vw, 1000px\" \/><\/a><\/h3>\n<h3><strong>L\u00cdNEAS TEM\u00c1TICAS:<\/strong><\/h3>\n<p style=\"text-align: justify\"><span style=\"font-size: 14pt\"><strong>L\u00ednea 1.<\/strong> <em>Innovaci\u00f3n tecnol\u00f3gica, medioambiental, de procesos de producci\u00f3n o de prestaci\u00f3n de servicios. Transferencia de conocimiento entre empresas o entidades y centros de formaci\u00f3n profesional, mediante el intercambio de experiencias innovadoras o de I+D+I, a nivel nacional, auton\u00f3mico o local.<\/em><\/span><\/p>\n<p style=\"text-align: justify\"><span style=\"font-size: 14pt\"><a href=\"https:\/\/blogsaverroes.juntadeandalucia.es\/ieshimilce\/files\/2024\/10\/idi.jpg\"><img loading=\"lazy\" decoding=\"async\" class=\"wp-image-13910 aligncenter\" src=\"https:\/\/blogsaverroes.juntadeandalucia.es\/ieshimilce\/files\/2024\/10\/idi.jpg\" alt=\"\" width=\"498\" height=\"249\" srcset=\"https:\/\/blogsaverroes.juntadeandalucia.es\/ieshimilce\/files\/2024\/10\/idi.jpg 600w, https:\/\/blogsaverroes.juntadeandalucia.es\/ieshimilce\/files\/2024\/10\/idi-300x150.jpg 300w\" sizes=\"(max-width: 498px) 100vw, 498px\" \/><\/a><\/span><\/p>\n<p style=\"text-align: justify\"><span style=\"font-size: 14pt\"><strong>L\u00ednea 2.<\/strong> <em>Desarrollo de competencias profesionales vinculadas a la digitalizaci\u00f3n, tales como las relacionadas con la industria 4.0. o el desarrollo de redes de comunicaci\u00f3n 5G, y la econom\u00eda circular, entre otras.<\/em><\/span><\/p>\n<p style=\"text-align: justify\"><span style=\"font-size: 14pt\"><a href=\"https:\/\/blogsaverroes.juntadeandalucia.es\/ieshimilce\/files\/2024\/10\/Linea-2.png\"><img loading=\"lazy\" decoding=\"async\" class=\"wp-image-13913 aligncenter\" src=\"https:\/\/blogsaverroes.juntadeandalucia.es\/ieshimilce\/files\/2024\/10\/Linea-2.png\" alt=\"\" width=\"684\" height=\"319\" srcset=\"https:\/\/blogsaverroes.juntadeandalucia.es\/ieshimilce\/files\/2024\/10\/Linea-2.png 912w, https:\/\/blogsaverroes.juntadeandalucia.es\/ieshimilce\/files\/2024\/10\/Linea-2-300x140.png 300w, https:\/\/blogsaverroes.juntadeandalucia.es\/ieshimilce\/files\/2024\/10\/Linea-2-768x358.png 768w\" sizes=\"(max-width: 684px) 100vw, 684px\" \/><\/a><\/span><\/p>\n<p style=\"text-align: justify\"><span style=\"font-size: 14pt\"><strong>L\u00ednea 3.<\/strong> P<em>romoci\u00f3n del equilibrio de g\u00e9nero en el acceso de la mujer a los perfiles de formaci\u00f3n profesional relacionados directa o indirectamente con las titulaciones de formaci\u00f3n profesional STEAM y a su inserci\u00f3n profesional.<\/em><\/span><a href=\"https:\/\/blogsaverroes.juntadeandalucia.es\/ieshimilce\/files\/2024\/10\/linea-3.png\"><img loading=\"lazy\" decoding=\"async\" class=\"size-full wp-image-13915 aligncenter\" src=\"https:\/\/blogsaverroes.juntadeandalucia.es\/ieshimilce\/files\/2024\/10\/linea-3.png\" alt=\"\" width=\"320\" height=\"134\" srcset=\"https:\/\/blogsaverroes.juntadeandalucia.es\/ieshimilce\/files\/2024\/10\/linea-3.png 320w, https:\/\/blogsaverroes.juntadeandalucia.es\/ieshimilce\/files\/2024\/10\/linea-3-300x126.png 300w\" sizes=\"(max-width: 320px) 100vw, 320px\" \/><\/a><span style=\"font-size: 14pt\"><strong>L\u00ednea 4.<\/strong> <em>Creaci\u00f3n de estructuras para la promoci\u00f3n de la competencia emprendedora, vinculada a centros de formaci\u00f3n profesional (viveros, incubadoras de empresas, etc.), que estimulen la competencia emprendedora, y que faciliten la transici\u00f3n al mercado laboral desde el entorno <span style=\"font-size: 14pt\">formativo, aportando el marco, las normas, el soporte y el acompa\u00f1amiento necesarios.<\/span><\/em><\/span><\/p>\n<p style=\"text-align: justify\"><span style=\"font-size: 14pt\"><strong>L\u00ednea 5<\/strong> .<em>Dise\u00f1o y testeo de retos o proyectos de formaci\u00f3n, que permitan la innovaci\u00f3n metodol\u00f3gica hacia el aprendizaje basado en retos, con atenci\u00f3n especial a la incorporaci\u00f3n de competencias transversales, incluyendo dise\u00f1o-tipo de adaptaciones t\u00e9cnicas y estructurales de espacios formativos a nuevas metodolog\u00edas.<\/em><\/span><\/p>\n<p style=\"text-align: justify\"><span style=\"font-size: 14pt\"><strong>L\u00ednea 6.<\/strong> <em>Desarrollo de ecosistemas de innovaci\u00f3n estables entre los principales agentes de cada sector profesional estrechando y garantizando la colaboraci\u00f3n, la excelencia del talento de sus profesionales y la transferencia del conocimiento entre centros de formaci\u00f3n profesional, empresas y\/o entidades especialistas en innovaci\u00f3n del mismo.<\/em><\/span><\/p>\n<h3><strong>BREVE RESUMEN DEL PROYECTO<\/strong><\/h3>\n<p style=\"text-align: justify\"><span style=\"font-size: 14pt\">Los pistachos de buena calidad tienen unas caracter\u00edsticas: C\u00e1scara, color, tama\u00f1o, textura y olor, fundamentalmente. Para seleccionar aquellos que cumplan estos requisitos se hacen varias selecciones f\u00edsicas. La \u00faltima, una cinta en la que varias mujeres seleccionan visualmente los pistachos que no alcanzan los est\u00e1ndares de calidad finales.<\/span><a href=\"https:\/\/blogsaverroes.juntadeandalucia.es\/ieshimilce\/files\/2024\/10\/PROCESO.png\"><img loading=\"lazy\" decoding=\"async\" class=\"alignleft size-full wp-image-13917\" src=\"https:\/\/blogsaverroes.juntadeandalucia.es\/ieshimilce\/files\/2024\/10\/PROCESO.png\" alt=\"\" width=\"1840\" height=\"590\" srcset=\"https:\/\/blogsaverroes.juntadeandalucia.es\/ieshimilce\/files\/2024\/10\/PROCESO.png 1200w, https:\/\/blogsaverroes.juntadeandalucia.es\/ieshimilce\/files\/2024\/10\/PROCESO-300x96.png 300w, https:\/\/blogsaverroes.juntadeandalucia.es\/ieshimilce\/files\/2024\/10\/PROCESO-1024x328.png 1024w, https:\/\/blogsaverroes.juntadeandalucia.es\/ieshimilce\/files\/2024\/10\/PROCESO-768x246.png 768w, https:\/\/blogsaverroes.juntadeandalucia.es\/ieshimilce\/files\/2024\/10\/PROCESO-1536x493.png 1536w\" sizes=\"(max-width: 1840px) 100vw, 1840px\" \/><\/a><\/p>\n<p style=\"text-align: justify\"><span style=\"font-size: 14pt\">Nuestro proyecto pretende, utilizando cobots y visi\u00f3n artificial con IA, automatizar este proceso que realizan estas personas en turnos de tres horas. Tarea ingrata, de gran desgaste f\u00edsico y mental.<\/span><\/p>\n<p style=\"text-align: justify\"><span style=\"font-size: 14pt\">Nuestro proyecto consistir\u00e1 principalmente en la modificaci\u00f3n de una cinta transportadora y el dise\u00f1o de una posicionadora del pistacho, la instalaci\u00f3n y programaci\u00f3n de sistemas de Inteligencia y Visi\u00f3n Artificial que dirigen sendos cobots que ser\u00e1n los encargados de apartar el pistacho no v\u00e1lido para comercializar.Tambi\u00e9n usaremos los cobots para la toma automatizada y guardado de muestras.<\/span><\/p>\n<p style=\"text-align: justify\"><span style=\"font-size: 14pt\">Aplicaremos el control de flotas en campo para que la recogida del pistacho se realice en 24h por cuestiones de calidad y seguridad alimentaria.<\/span><br \/>\n<span style=\"font-size: 14pt\">Propondremos un prototipo de selecci\u00f3n previa por sistemas de Inteligencia y Visi\u00f3n Artificial para reducir el consumo de agua y energ\u00eda en el procesado posterior.<\/span><\/p>\n<p style=\"text-align: justify\"><span style=\"font-size: 14pt\">El proyecto necesita del dise\u00f1o y fabricaci\u00f3n mediante impresoras 3D de piezas para su posterior implementaci\u00f3n en la l\u00ednea productiva.<\/span><\/p>\n<p style=\"text-align: justify\"><span style=\"font-size: 14pt\">Revisar las velocidades de procesado para evitar faltas de producto o reboses en las cintas de la planta. Un control estad\u00edstico, con datos como: n\u00famero de pistachos desechados, n\u00famero total de pistachos analizados, tiempo empleado en el proceso, etc. Big-Data que ser\u00e1n enviados al sistema de control o la nube para su an\u00e1lisis estad\u00edstico de la producci\u00f3n.<\/span><\/p>\n<p style=\"text-align: justify\"><span style=\"font-size: 14pt\">Con este proyecto proponemos llevar a las aulas de ciclos formativos la posibilidad de implementar y experimentar con c\u00e9lulas robotizadas desde el control y monitorizaci\u00f3n de procesos a trav\u00e9s de sus programas, par\u00e1metros configuraciones y sensores, haciendo uso de t\u00e9cnicas y tecnolog\u00edas como la rob\u00f3tica colaborativa, la digitalizaci\u00f3n del control, Visi\u00f3n Artificial e Inteligencia Artificial.<\/span><\/p>\n<h3><strong>DESARROLLO DEL PROYECTO:<\/strong><\/h3>\n<hr>\n<p style=\"text-align: justify\"><span style=\"font-size: 14pt\"><strong>03-10-2024. 1\u00aa REUNI\u00d3N ENTRE CENTROS Y EMPRESA PARA EL LANZAMIENTO Y COORDINACI\u00d3N DEL PROYECTO.<\/strong><\/span><\/p>\n<p style=\"text-align: justify\"><span style=\"font-size: 14pt\">Esta primera reuni\u00f3n sirvi\u00f3 como toma de contacto y presentaci\u00f3n del profesorado participante en el proyecto, pertenecientes a los departamentos de Electricidad y Electr\u00f3nica de los centros educativos IES Himilce (Linares) y Francisco Garc\u00eda Pav\u00f3n (Tomelloso), donde cada miembro comparti\u00f3 su rol y expectativas sobre el proyecto. En dicha reuni\u00f3n se destac\u00f3 la importancia de la colaboraci\u00f3n y la comunicaci\u00f3n entre los centros educativos y la empresa para lograr los objetivos propuestos. Tambi\u00e9n se hizo una presentaci\u00f3n de los objetivos t\u00e9cnicos del proyecto,&nbsp;y se abordaron aspectos relacionados con la gesti\u00f3n, administraci\u00f3n y coordinaci\u00f3n del proyecto, as\u00ed como de las actuaciones necesarias para el lanzamiento del mismo y su seguimiento.<\/span><\/p>\n<p style=\"text-align: justify\"><span style=\"font-size: 14pt\">La reuni\u00f3n finaliz\u00f3 con una visita a las instalaciones de la empresa PISTALIFE de Tomelloso, para conocer de primera mano c\u00f3mo trabajan y problem\u00e1tica a abordar con el proyecto.<\/span><\/p>\n\n\t\t<style type=\"text\/css\">\n\t\t\t#gallery-1 {\n\t\t\t\tmargin: auto;\n\t\t\t}\n\t\t\t#gallery-1 .gallery-item {\n\t\t\t\tfloat: left;\n\t\t\t\tmargin-top: 10px;\n\t\t\t\ttext-align: center;\n\t\t\t\twidth: 20%;\n\t\t\t}\n\t\t\t#gallery-1 img {\n\t\t\t\tborder: 2px solid #cfcfcf;\n\t\t\t}\n\t\t\t#gallery-1 .gallery-caption {\n\t\t\t\tmargin-left: 0;\n\t\t\t}\n\t\t\t\/* see gallery_shortcode() in wp-includes\/media.php *\/\n\t\t<\/style>\n\t\t<div id='gallery-1' class='gallery galleryid-13898 gallery-columns-5 gallery-size-thumbnail'><dl class='gallery-item'>\n\t\t\t<dt class='gallery-icon landscape'>\n\t\t\t\t<a href='https:\/\/blogsaverroes.juntadeandalucia.es\/ieshimilce\/proyecto-colaborativo-de-innovacion-en-fp\/whatsapp-image-2024-10-03-at-19-05-20\/'><img loading=\"lazy\" decoding=\"async\" width=\"150\" height=\"150\" src=\"https:\/\/blogsaverroes.juntadeandalucia.es\/ieshimilce\/files\/2024\/10\/WhatsApp-Image-2024-10-03-at-19.05.20-150x150.jpeg\" class=\"attachment-thumbnail size-thumbnail\" alt=\"\" \/><\/a>\n\t\t\t<\/dt><\/dl><dl class='gallery-item'>\n\t\t\t<dt class='gallery-icon landscape'>\n\t\t\t\t<a href='https:\/\/blogsaverroes.juntadeandalucia.es\/ieshimilce\/proyecto-colaborativo-de-innovacion-en-fp\/whatsapp-image-2024-10-03-at-19-05-21\/'><img loading=\"lazy\" decoding=\"async\" width=\"150\" height=\"150\" src=\"https:\/\/blogsaverroes.juntadeandalucia.es\/ieshimilce\/files\/2024\/10\/WhatsApp-Image-2024-10-03-at-19.05.21-150x150.jpeg\" class=\"attachment-thumbnail size-thumbnail\" alt=\"\" \/><\/a>\n\t\t\t<\/dt><\/dl><dl class='gallery-item'>\n\t\t\t<dt class='gallery-icon landscape'>\n\t\t\t\t<a href='https:\/\/blogsaverroes.juntadeandalucia.es\/ieshimilce\/proyecto-colaborativo-de-innovacion-en-fp\/whatsapp-image-2024-10-03-at-19-43-05\/'><img loading=\"lazy\" decoding=\"async\" width=\"150\" height=\"150\" src=\"https:\/\/blogsaverroes.juntadeandalucia.es\/ieshimilce\/files\/2024\/10\/WhatsApp-Image-2024-10-03-at-19.43.05-150x150.jpeg\" class=\"attachment-thumbnail size-thumbnail\" alt=\"\" \/><\/a>\n\t\t\t<\/dt><\/dl><dl class='gallery-item'>\n\t\t\t<dt class='gallery-icon landscape'>\n\t\t\t\t<a href='https:\/\/blogsaverroes.juntadeandalucia.es\/ieshimilce\/proyecto-colaborativo-de-innovacion-en-fp\/whatsapp-image-2024-10-03-at-19-43-06\/'><img loading=\"lazy\" decoding=\"async\" width=\"150\" height=\"150\" src=\"https:\/\/blogsaverroes.juntadeandalucia.es\/ieshimilce\/files\/2024\/10\/WhatsApp-Image-2024-10-03-at-19.43.06-150x150.jpeg\" class=\"attachment-thumbnail size-thumbnail\" alt=\"\" \/><\/a>\n\t\t\t<\/dt><\/dl><dl class='gallery-item'>\n\t\t\t<dt class='gallery-icon landscape'>\n\t\t\t\t<a href='https:\/\/blogsaverroes.juntadeandalucia.es\/ieshimilce\/proyecto-colaborativo-de-innovacion-en-fp\/whatsapp-image-2024-10-03-at-19-05-29\/'><img loading=\"lazy\" decoding=\"async\" width=\"150\" height=\"150\" src=\"https:\/\/blogsaverroes.juntadeandalucia.es\/ieshimilce\/files\/2024\/10\/WhatsApp-Image-2024-10-03-at-19.05.29-150x150.jpeg\" class=\"attachment-thumbnail size-thumbnail\" alt=\"\" \/><\/a>\n\t\t\t<\/dt><\/dl><br style=\"clear: both\" \/><dl class='gallery-item'>\n\t\t\t<dt class='gallery-icon landscape'>\n\t\t\t\t<a href='https:\/\/blogsaverroes.juntadeandalucia.es\/ieshimilce\/proyecto-colaborativo-de-innovacion-en-fp\/whatsapp-image-2024-10-03-at-19-05-26-1\/'><img loading=\"lazy\" decoding=\"async\" width=\"150\" height=\"150\" src=\"https:\/\/blogsaverroes.juntadeandalucia.es\/ieshimilce\/files\/2024\/10\/WhatsApp-Image-2024-10-03-at-19.05.26-1-150x150.jpeg\" class=\"attachment-thumbnail size-thumbnail\" alt=\"\" \/><\/a>\n\t\t\t<\/dt><\/dl><dl class='gallery-item'>\n\t\t\t<dt class='gallery-icon landscape'>\n\t\t\t\t<a href='https:\/\/blogsaverroes.juntadeandalucia.es\/ieshimilce\/proyecto-colaborativo-de-innovacion-en-fp\/whatsapp-image-2024-10-03-at-21-24-06\/'><img loading=\"lazy\" decoding=\"async\" width=\"150\" height=\"150\" src=\"https:\/\/blogsaverroes.juntadeandalucia.es\/ieshimilce\/files\/2024\/10\/WhatsApp-Image-2024-10-03-at-21.24.06-150x150.jpeg\" class=\"attachment-thumbnail size-thumbnail\" alt=\"\" \/><\/a>\n\t\t\t<\/dt><\/dl><dl class='gallery-item'>\n\t\t\t<dt class='gallery-icon landscape'>\n\t\t\t\t<a href='https:\/\/blogsaverroes.juntadeandalucia.es\/ieshimilce\/proyecto-colaborativo-de-innovacion-en-fp\/whatsapp-image-2024-10-03-at-19-05-29-1\/'><img loading=\"lazy\" decoding=\"async\" width=\"150\" height=\"150\" src=\"https:\/\/blogsaverroes.juntadeandalucia.es\/ieshimilce\/files\/2024\/10\/WhatsApp-Image-2024-10-03-at-19.05.29-1-150x150.jpeg\" class=\"attachment-thumbnail size-thumbnail\" alt=\"\" \/><\/a>\n\t\t\t<\/dt><\/dl><dl class='gallery-item'>\n\t\t\t<dt class='gallery-icon landscape'>\n\t\t\t\t<a href='https:\/\/blogsaverroes.juntadeandalucia.es\/ieshimilce\/proyecto-colaborativo-de-innovacion-en-fp\/whatsapp-image-2024-10-03-at-19-05-24\/'><img loading=\"lazy\" decoding=\"async\" width=\"150\" height=\"150\" src=\"https:\/\/blogsaverroes.juntadeandalucia.es\/ieshimilce\/files\/2024\/10\/WhatsApp-Image-2024-10-03-at-19.05.24-150x150.jpeg\" class=\"attachment-thumbnail size-thumbnail\" alt=\"\" \/><\/a>\n\t\t\t<\/dt><\/dl><dl class='gallery-item'>\n\t\t\t<dt class='gallery-icon landscape'>\n\t\t\t\t<a href='https:\/\/blogsaverroes.juntadeandalucia.es\/ieshimilce\/proyecto-colaborativo-de-innovacion-en-fp\/whatsapp-image-2024-10-03-at-19-05-23-1\/'><img loading=\"lazy\" decoding=\"async\" width=\"150\" height=\"150\" src=\"https:\/\/blogsaverroes.juntadeandalucia.es\/ieshimilce\/files\/2024\/10\/WhatsApp-Image-2024-10-03-at-19.05.23-1-150x150.jpeg\" class=\"attachment-thumbnail size-thumbnail\" alt=\"\" \/><\/a>\n\t\t\t<\/dt><\/dl><br style=\"clear: both\" \/>\n\t\t<\/div>\n\n<p>&nbsp;<\/p>\n<p>&nbsp;<\/p>\n<p>&nbsp;<\/p>\n<p>&nbsp;<\/p>\n","protected":false},"excerpt":{"rendered":"<p>PROYECTO DE INNOVACI\u00d3N APLICADA Y TRANSFERENCIA DE CONOCIMIENTO EN LA FORMACI\u00d3N PROFESIONAL T\u00cdTULO DEL PROYECTO \u00abRevolucionando el Procesamiento y Selecci\u00f3n de Pistachos: Visi\u00f3n Artificial, IA, Cobots y Control de Flotas para una Gesti\u00f3n en Tiempo Real\u00bb (Convocatoria de ayudas, BOE n\u00fam. 209, de 1 de Septiembre de 2023).Resoluci\u00f3n de la Secretar\u00eda General de Formaci\u00f3n Profesional &hellip; <\/p>\n<p><a class=\"more-link btn\" href=\"https:\/\/blogsaverroes.juntadeandalucia.es\/ieshimilce\/proyecto-colaborativo-de-innovacion-en-fp\/\">Seguir leyendo<\/a><\/p>\n","protected":false},"author":5100,"featured_media":0,"parent":0,"menu_order":0,"comment_status":"closed","ping_status":"closed","template":"page-template-full.php","meta":{"ngg_post_thumbnail":0,"footnotes":"","_mc_calendar":[]},"aioseo_notices":[],"_links":{"self":[{"href":"https:\/\/blogsaverroes.juntadeandalucia.es\/ieshimilce\/wp-json\/wp\/v2\/pages\/13898"}],"collection":[{"href":"https:\/\/blogsaverroes.juntadeandalucia.es\/ieshimilce\/wp-json\/wp\/v2\/pages"}],"about":[{"href":"https:\/\/blogsaverroes.juntadeandalucia.es\/ieshimilce\/wp-json\/wp\/v2\/types\/page"}],"author":[{"embeddable":true,"href":"https:\/\/blogsaverroes.juntadeandalucia.es\/ieshimilce\/wp-json\/wp\/v2\/users\/5100"}],"replies":[{"embeddable":true,"href":"https:\/\/blogsaverroes.juntadeandalucia.es\/ieshimilce\/wp-json\/wp\/v2\/comments?post=13898"}],"version-history":[{"count":19,"href":"https:\/\/blogsaverroes.juntadeandalucia.es\/ieshimilce\/wp-json\/wp\/v2\/pages\/13898\/revisions"}],"predecessor-version":[{"id":13943,"href":"https:\/\/blogsaverroes.juntadeandalucia.es\/ieshimilce\/wp-json\/wp\/v2\/pages\/13898\/revisions\/13943"}],"wp:attachment":[{"href":"https:\/\/blogsaverroes.juntadeandalucia.es\/ieshimilce\/wp-json\/wp\/v2\/media?parent=13898"}],"curies":[{"name":"wp","href":"https:\/\/api.w.org\/{rel}","templated":true}]}}