{"id":2894,"date":"2017-06-03T16:02:33","date_gmt":"2017-06-03T16:02:33","guid":{"rendered":"https:\/\/blogsaverroes.juntadeandalucia.es\/ieshimilce\/?page_id=2894"},"modified":"2024-07-31T18:57:11","modified_gmt":"2024-07-31T18:57:11","slug":"inicio","status":"publish","type":"page","link":"https:\/\/blogsaverroes.juntadeandalucia.es\/ieshimilce\/inicio\/","title":{"rendered":"Portada"},"content":{"rendered":"<h5><img loading=\"lazy\" decoding=\"async\" class=\"alignright size-medium wp-image-2898\" src=\"https:\/\/blogsaverroes.juntadeandalucia.es\/ieshimilce\/files\/2017\/06\/Himilce-187x300.jpg\" alt=\"\" width=\"187\" height=\"300\" srcset=\"https:\/\/blogsaverroes.juntadeandalucia.es\/ieshimilce\/files\/2017\/06\/Himilce-187x300.jpg 187w, https:\/\/blogsaverroes.juntadeandalucia.es\/ieshimilce\/files\/2017\/06\/Himilce-15x24.jpg 15w, https:\/\/blogsaverroes.juntadeandalucia.es\/ieshimilce\/files\/2017\/06\/Himilce-22x36.jpg 22w, https:\/\/blogsaverroes.juntadeandalucia.es\/ieshimilce\/files\/2017\/06\/Himilce-30x48.jpg 30w, https:\/\/blogsaverroes.juntadeandalucia.es\/ieshimilce\/files\/2017\/06\/Himilce.jpg 438w\" sizes=\"(max-width: 187px) 100vw, 187px\" \/><strong>Bienvenidos a la web del IES Himilce.<\/strong><\/h5>\n<p style=\"text-align: justify\">El IES Himilce, es uno de los centros educativos emblem\u00e1ticos de la ciudad de Linares (Ja\u00e9n). Su nombre es en honor a la princesa ibera <em>Himilce<\/em>, hija del <em>rey Mucro<\/em> de C\u00e1stulo (pr\u00f3ximo al actual Linares), que fue entregada en matrimonio en la primavera del 221 o 220 a. C. (siglo III a. C.) al general cartagin\u00e9s <em>An\u00edbal<\/em> para sellar la alianza entre Oretania y Cartago al comienzo de la segunda guerra p\u00fanica. <em>Himilce<\/em> muri\u00f3 estando su esposo en campa\u00f1a en la pen\u00ednsula it\u00e1lica y fue enterrada en C\u00e1stulo, donde le erigieron una estatua funeraria, probablemente la que hoy se erige en la plaza del P\u00f3pulo de Baeza (Ja\u00e9n).<\/p>\n<p style=\"text-align: justify\">El IES Himilce comienza su andadura en 1985 como Centro Polit\u00e9cnico, y tras una adaptaci\u00f3n a las exigencias de las diferentes Leyes educativas, es hoy un Centro de Educaci\u00f3n Secundaria Obligatoria y Formaci\u00f3n Profesional.<\/p>\n<p style=\"text-align: justify\"><a href=\"https:\/\/blogsaverroes.juntadeandalucia.es\/ieshimilce\/files\/2017\/06\/Portada-Himilce_1024x371.jpg\"><img loading=\"lazy\" decoding=\"async\" class=\"aligncenter size-large wp-image-2896\" src=\"https:\/\/blogsaverroes.juntadeandalucia.es\/ieshimilce\/files\/2017\/06\/Portada-Himilce_1024x371-1024x371.jpg\" alt=\"\" width=\"1024\" height=\"371\" srcset=\"https:\/\/blogsaverroes.juntadeandalucia.es\/ieshimilce\/files\/2017\/06\/Portada-Himilce_1024x371.jpg 1024w, https:\/\/blogsaverroes.juntadeandalucia.es\/ieshimilce\/files\/2017\/06\/Portada-Himilce_1024x371-300x109.jpg 300w, https:\/\/blogsaverroes.juntadeandalucia.es\/ieshimilce\/files\/2017\/06\/Portada-Himilce_1024x371-768x278.jpg 768w, https:\/\/blogsaverroes.juntadeandalucia.es\/ieshimilce\/files\/2017\/06\/Portada-Himilce_1024x371-24x9.jpg 24w, https:\/\/blogsaverroes.juntadeandalucia.es\/ieshimilce\/files\/2017\/06\/Portada-Himilce_1024x371-36x13.jpg 36w, https:\/\/blogsaverroes.juntadeandalucia.es\/ieshimilce\/files\/2017\/06\/Portada-Himilce_1024x371-48x17.jpg 48w\" sizes=\"(max-width: 1024px) 100vw, 1024px\" \/><\/a><\/p>\n<p style=\"text-align: justify\">El IES Himilce, con el paso de los a\u00f1os se ha ido adaptando a las nuevas exigencias de los tiempos, tanto a nivel educativo, como a nivel tecnol\u00f3gico. As\u00ed la&nbsp;<strong>oferta educativa actual&nbsp;<\/strong>del IES Himilce, abarca desde&nbsp;la <strong>Educaci\u00f3n Secundaria Obligatoria <\/strong>hasta<strong> Ciclos Formativos de Formaci\u00f3n Profesional<\/strong> <strong>B\u00e1sica<\/strong>, <strong>Grado Medio y Superior&nbsp;<\/strong>de las familias profesionales de Imagen Personal,&nbsp; Electricidad y Electr\u00f3nica, Energ\u00edas renovables y de Transporte y Mantenimiento de veh\u00edculos.&nbsp;<\/p>\n<p style=\"text-align: justify\">El principal valor del IES Himilce son nuestros alumnos y alumnas que curso tras curso nos eligen para formarse, y por extensi\u00f3n su profesorado y toda la comunidad educativa, que conjuntamente colaboran en una b\u00fasqueda continua de la mejora del desarrollo de las capacidades y la formaci\u00f3n de nuestros alumnos y alumnas.<\/p>\n<p><a href=\"https:\/\/blogsaverroes.juntadeandalucia.es\/ieshimilce\/files\/2024\/07\/20231222_123824.jpg\"><img loading=\"lazy\" decoding=\"async\" class=\"aligncenter size-large wp-image-13230\" src=\"https:\/\/blogsaverroes.juntadeandalucia.es\/ieshimilce\/files\/2024\/07\/20231222_123824-1024x576.jpg\" alt=\"\" width=\"1024\" height=\"576\" srcset=\"https:\/\/blogsaverroes.juntadeandalucia.es\/ieshimilce\/files\/2024\/07\/20231222_123824-1024x576.jpg 1024w, https:\/\/blogsaverroes.juntadeandalucia.es\/ieshimilce\/files\/2024\/07\/20231222_123824-300x169.jpg 300w, https:\/\/blogsaverroes.juntadeandalucia.es\/ieshimilce\/files\/2024\/07\/20231222_123824-768x432.jpg 768w, https:\/\/blogsaverroes.juntadeandalucia.es\/ieshimilce\/files\/2024\/07\/20231222_123824-1536x864.jpg 1536w, https:\/\/blogsaverroes.juntadeandalucia.es\/ieshimilce\/files\/2024\/07\/20231222_123824-2048x1152.jpg 2048w, https:\/\/blogsaverroes.juntadeandalucia.es\/ieshimilce\/files\/2024\/07\/20231222_123824.jpg 1200w\" sizes=\"(max-width: 1024px) 100vw, 1024px\" \/><\/a><a href=\"https:\/\/blogsaverroes.juntadeandalucia.es\/ieshimilce\/files\/2024\/07\/20240222_133744.jpg\"><img loading=\"lazy\" decoding=\"async\" class=\"aligncenter size-large wp-image-13231\" src=\"https:\/\/blogsaverroes.juntadeandalucia.es\/ieshimilce\/files\/2024\/07\/20240222_133744-1024x576.jpg\" alt=\"\" width=\"1024\" height=\"576\" srcset=\"https:\/\/blogsaverroes.juntadeandalucia.es\/ieshimilce\/files\/2024\/07\/20240222_133744-1024x576.jpg 1024w, https:\/\/blogsaverroes.juntadeandalucia.es\/ieshimilce\/files\/2024\/07\/20240222_133744-300x169.jpg 300w, https:\/\/blogsaverroes.juntadeandalucia.es\/ieshimilce\/files\/2024\/07\/20240222_133744-768x432.jpg 768w, https:\/\/blogsaverroes.juntadeandalucia.es\/ieshimilce\/files\/2024\/07\/20240222_133744-1536x864.jpg 1536w, https:\/\/blogsaverroes.juntadeandalucia.es\/ieshimilce\/files\/2024\/07\/20240222_133744-2048x1152.jpg 2048w, https:\/\/blogsaverroes.juntadeandalucia.es\/ieshimilce\/files\/2024\/07\/20240222_133744.jpg 1200w\" sizes=\"(max-width: 1024px) 100vw, 1024px\" \/><\/a><a href=\"https:\/\/blogsaverroes.juntadeandalucia.es\/ieshimilce\/files\/2024\/07\/1.jpeg\"><img loading=\"lazy\" decoding=\"async\" class=\"aligncenter size-full wp-image-13228\" src=\"https:\/\/blogsaverroes.juntadeandalucia.es\/ieshimilce\/files\/2024\/07\/1.jpeg\" alt=\"\" width=\"1024\" height=\"768\" srcset=\"https:\/\/blogsaverroes.juntadeandalucia.es\/ieshimilce\/files\/2024\/07\/1.jpeg 1024w, https:\/\/blogsaverroes.juntadeandalucia.es\/ieshimilce\/files\/2024\/07\/1-300x225.jpeg 300w, https:\/\/blogsaverroes.juntadeandalucia.es\/ieshimilce\/files\/2024\/07\/1-768x576.jpeg 768w\" sizes=\"(max-width: 1024px) 100vw, 1024px\" \/><\/a> <a href=\"https:\/\/blogsaverroes.juntadeandalucia.es\/ieshimilce\/files\/2024\/07\/2.jpeg\"><img loading=\"lazy\" decoding=\"async\" class=\"aligncenter size-large wp-image-13229\" src=\"https:\/\/blogsaverroes.juntadeandalucia.es\/ieshimilce\/files\/2024\/07\/2-1024x768.jpeg\" alt=\"\" width=\"1024\" height=\"768\" srcset=\"https:\/\/blogsaverroes.juntadeandalucia.es\/ieshimilce\/files\/2024\/07\/2-1024x768.jpeg 1024w, https:\/\/blogsaverroes.juntadeandalucia.es\/ieshimilce\/files\/2024\/07\/2-300x225.jpeg 300w, https:\/\/blogsaverroes.juntadeandalucia.es\/ieshimilce\/files\/2024\/07\/2-768x576.jpeg 768w, https:\/\/blogsaverroes.juntadeandalucia.es\/ieshimilce\/files\/2024\/07\/2.jpeg 1200w\" sizes=\"(max-width: 1024px) 100vw, 1024px\" \/><\/a><a href=\"https:\/\/blogsaverroes.juntadeandalucia.es\/ieshimilce\/files\/2024\/07\/09b1d021-71bf-4c95-8c5d-1dc12ddd331a.jpg\"><img loading=\"lazy\" decoding=\"async\" class=\"aligncenter size-large wp-image-13232\" src=\"https:\/\/blogsaverroes.juntadeandalucia.es\/ieshimilce\/files\/2024\/07\/09b1d021-71bf-4c95-8c5d-1dc12ddd331a-1024x578.jpg\" alt=\"\" width=\"1024\" height=\"578\" srcset=\"https:\/\/blogsaverroes.juntadeandalucia.es\/ieshimilce\/files\/2024\/07\/09b1d021-71bf-4c95-8c5d-1dc12ddd331a-1024x578.jpg 1024w, https:\/\/blogsaverroes.juntadeandalucia.es\/ieshimilce\/files\/2024\/07\/09b1d021-71bf-4c95-8c5d-1dc12ddd331a-300x169.jpg 300w, https:\/\/blogsaverroes.juntadeandalucia.es\/ieshimilce\/files\/2024\/07\/09b1d021-71bf-4c95-8c5d-1dc12ddd331a-768x433.jpg 768w, https:\/\/blogsaverroes.juntadeandalucia.es\/ieshimilce\/files\/2024\/07\/09b1d021-71bf-4c95-8c5d-1dc12ddd331a-1536x867.jpg 1536w, https:\/\/blogsaverroes.juntadeandalucia.es\/ieshimilce\/files\/2024\/07\/09b1d021-71bf-4c95-8c5d-1dc12ddd331a.jpg 1200w\" sizes=\"(max-width: 1024px) 100vw, 1024px\" \/><\/a><\/p>\n","protected":false},"excerpt":{"rendered":"<p>Bienvenidos a la web del IES Himilce. El IES Himilce, es uno de los centros educativos emblem\u00e1ticos de la ciudad de Linares (Ja\u00e9n). Su nombre es en honor a la princesa ibera Himilce, hija del rey Mucro de C\u00e1stulo (pr\u00f3ximo al actual Linares), que fue entregada en matrimonio en la primavera del 221 o 220 &hellip; <\/p>\n<p><a class=\"more-link btn\" href=\"https:\/\/blogsaverroes.juntadeandalucia.es\/ieshimilce\/inicio\/\">Seguir leyendo<\/a><\/p>\n","protected":false},"author":5100,"featured_media":0,"parent":0,"menu_order":0,"comment_status":"closed","ping_status":"closed","template":"","meta":{"ngg_post_thumbnail":0,"footnotes":"","_mc_calendar":[]},"aioseo_notices":[],"_links":{"self":[{"href":"https:\/\/blogsaverroes.juntadeandalucia.es\/ieshimilce\/wp-json\/wp\/v2\/pages\/2894"}],"collection":[{"href":"https:\/\/blogsaverroes.juntadeandalucia.es\/ieshimilce\/wp-json\/wp\/v2\/pages"}],"about":[{"href":"https:\/\/blogsaverroes.juntadeandalucia.es\/ieshimilce\/wp-json\/wp\/v2\/types\/page"}],"author":[{"embeddable":true,"href":"https:\/\/blogsaverroes.juntadeandalucia.es\/ieshimilce\/wp-json\/wp\/v2\/users\/5100"}],"replies":[{"embeddable":true,"href":"https:\/\/blogsaverroes.juntadeandalucia.es\/ieshimilce\/wp-json\/wp\/v2\/comments?post=2894"}],"version-history":[{"count":52,"href":"https:\/\/blogsaverroes.juntadeandalucia.es\/ieshimilce\/wp-json\/wp\/v2\/pages\/2894\/revisions"}],"predecessor-version":[{"id":13234,"href":"https:\/\/blogsaverroes.juntadeandalucia.es\/ieshimilce\/wp-json\/wp\/v2\/pages\/2894\/revisions\/13234"}],"wp:attachment":[{"href":"https:\/\/blogsaverroes.juntadeandalucia.es\/ieshimilce\/wp-json\/wp\/v2\/media?parent=2894"}],"curies":[{"name":"wp","href":"https:\/\/api.w.org\/{rel}","templated":true}]}}