{"id":44,"date":"2015-03-13T08:42:15","date_gmt":"2015-03-13T08:42:15","guid":{"rendered":"http:\/\/blogsaverroes.juntadeandalucia.es\/pre\/ceip\/?page_id=44"},"modified":"2024-08-03T18:29:31","modified_gmt":"2024-08-03T18:29:31","slug":"planes-y-proyectos","status":"publish","type":"page","link":"https:\/\/blogsaverroes.juntadeandalucia.es\/ieshimilce\/planes-y-proyectos\/","title":{"rendered":"Proyectos, Planes y Programas"},"content":{"rendered":"<p><a href=\"https:\/\/blogsaverroes.juntadeandalucia.es\/ieshimilce\/files\/2021\/05\/1592280953.png\"><img loading=\"lazy\" decoding=\"async\" class=\"aligncenter size-full wp-image-9977\" src=\"https:\/\/blogsaverroes.juntadeandalucia.es\/ieshimilce\/files\/2021\/05\/1592280953.png\" alt=\"\" width=\"512\" height=\"195\" srcset=\"https:\/\/blogsaverroes.juntadeandalucia.es\/ieshimilce\/files\/2021\/05\/1592280953.png 512w, https:\/\/blogsaverroes.juntadeandalucia.es\/ieshimilce\/files\/2021\/05\/1592280953-300x114.png 300w\" sizes=\"(max-width: 512px) 100vw, 512px\" \/><\/a><\/p>\n<p><span style=\"font-size: 14pt\">El Proyecto Educativo del IES Himilce est\u00e1 adherido a diferentes&nbsp;<strong>Planes, Programas y Proyectos<\/strong> promovidos por la Consejer\u00eda de Educaci\u00f3n. A continuaci\u00f3n detallamos los&nbsp; que estamos desarrollando durante este curso acad\u00e9mico:<\/span><\/p>\n<p><img loading=\"lazy\" decoding=\"async\" class=\"size-full wp-image-10541 aligncenter\" src=\"https:\/\/blogsaverroes.juntadeandalucia.es\/ieshimilce\/files\/2021\/07\/ALDEA-huerto-escolar_640x452.png\" alt=\"\" width=\"640\" height=\"452\" srcset=\"https:\/\/blogsaverroes.juntadeandalucia.es\/ieshimilce\/files\/2021\/07\/ALDEA-huerto-escolar_640x452.png 640w, https:\/\/blogsaverroes.juntadeandalucia.es\/ieshimilce\/files\/2021\/07\/ALDEA-huerto-escolar_640x452-300x212.png 300w\" sizes=\"(max-width: 640px) 100vw, 640px\" \/><\/p>\n<p><img loading=\"lazy\" decoding=\"async\" class=\"size-full wp-image-10542 aligncenter\" src=\"https:\/\/blogsaverroes.juntadeandalucia.es\/ieshimilce\/files\/2021\/07\/Aula-de-Ajedrez_640x452.png\" alt=\"\" width=\"640\" height=\"452\" srcset=\"https:\/\/blogsaverroes.juntadeandalucia.es\/ieshimilce\/files\/2021\/07\/Aula-de-Ajedrez_640x452.png 640w, https:\/\/blogsaverroes.juntadeandalucia.es\/ieshimilce\/files\/2021\/07\/Aula-de-Ajedrez_640x452-300x212.png 300w\" sizes=\"(max-width: 640px) 100vw, 640px\" \/><\/p>\n<p><img loading=\"lazy\" decoding=\"async\" class=\"aligncenter size-full wp-image-10543\" src=\"https:\/\/blogsaverroes.juntadeandalucia.es\/ieshimilce\/files\/2021\/07\/Aula-de-Cine_640x452.png\" alt=\"\" width=\"640\" height=\"452\" srcset=\"https:\/\/blogsaverroes.juntadeandalucia.es\/ieshimilce\/files\/2021\/07\/Aula-de-Cine_640x452.png 640w, https:\/\/blogsaverroes.juntadeandalucia.es\/ieshimilce\/files\/2021\/07\/Aula-de-Cine_640x452-300x212.png 300w\" sizes=\"(max-width: 640px) 100vw, 640px\" \/><\/p>\n<p><img loading=\"lazy\" decoding=\"async\" class=\"aligncenter size-full wp-image-10544\" src=\"https:\/\/blogsaverroes.juntadeandalucia.es\/ieshimilce\/files\/2021\/07\/Aula-de-emprendimiento_640x452.png\" alt=\"\" width=\"640\" height=\"452\" srcset=\"https:\/\/blogsaverroes.juntadeandalucia.es\/ieshimilce\/files\/2021\/07\/Aula-de-emprendimiento_640x452.png 640w, https:\/\/blogsaverroes.juntadeandalucia.es\/ieshimilce\/files\/2021\/07\/Aula-de-emprendimiento_640x452-300x212.png 300w\" sizes=\"(max-width: 640px) 100vw, 640px\" \/><\/p>\n<p><img loading=\"lazy\" decoding=\"async\" class=\"aligncenter size-full wp-image-10545\" src=\"https:\/\/blogsaverroes.juntadeandalucia.es\/ieshimilce\/files\/2021\/07\/Cartel-ERASMUS-entrada_640x452.jpg\" alt=\"\" width=\"640\" height=\"452\" srcset=\"https:\/\/blogsaverroes.juntadeandalucia.es\/ieshimilce\/files\/2021\/07\/Cartel-ERASMUS-entrada_640x452.jpg 640w, https:\/\/blogsaverroes.juntadeandalucia.es\/ieshimilce\/files\/2021\/07\/Cartel-ERASMUS-entrada_640x452-300x212.jpg 300w\" sizes=\"(max-width: 640px) 100vw, 640px\" \/> <img loading=\"lazy\" decoding=\"async\" class=\"aligncenter size-full wp-image-10546\" src=\"https:\/\/blogsaverroes.juntadeandalucia.es\/ieshimilce\/files\/2021\/07\/Comunidades-de-aprendizaje_640x452.png\" alt=\"\" width=\"640\" height=\"452\" srcset=\"https:\/\/blogsaverroes.juntadeandalucia.es\/ieshimilce\/files\/2021\/07\/Comunidades-de-aprendizaje_640x452.png 640w, https:\/\/blogsaverroes.juntadeandalucia.es\/ieshimilce\/files\/2021\/07\/Comunidades-de-aprendizaje_640x452-300x212.png 300w\" sizes=\"(max-width: 640px) 100vw, 640px\" \/> <img loading=\"lazy\" decoding=\"async\" class=\"aligncenter size-full wp-image-10547\" src=\"https:\/\/blogsaverroes.juntadeandalucia.es\/ieshimilce\/files\/2021\/07\/Escuela-Espacio-de-Paz_640x452.png\" alt=\"\" width=\"640\" height=\"452\" srcset=\"https:\/\/blogsaverroes.juntadeandalucia.es\/ieshimilce\/files\/2021\/07\/Escuela-Espacio-de-Paz_640x452.png 640w, https:\/\/blogsaverroes.juntadeandalucia.es\/ieshimilce\/files\/2021\/07\/Escuela-Espacio-de-Paz_640x452-300x212.png 300w\" sizes=\"(max-width: 640px) 100vw, 640px\" \/> <img loading=\"lazy\" decoding=\"async\" class=\"aligncenter size-full wp-image-10548\" src=\"https:\/\/blogsaverroes.juntadeandalucia.es\/ieshimilce\/files\/2021\/07\/impulsa-20-21_640x452.png\" alt=\"\" width=\"640\" height=\"452\" srcset=\"https:\/\/blogsaverroes.juntadeandalucia.es\/ieshimilce\/files\/2021\/07\/impulsa-20-21_640x452.png 640w, https:\/\/blogsaverroes.juntadeandalucia.es\/ieshimilce\/files\/2021\/07\/impulsa-20-21_640x452-300x212.png 300w\" sizes=\"(max-width: 640px) 100vw, 640px\" \/> <img loading=\"lazy\" decoding=\"async\" class=\"aligncenter size-full wp-image-10549\" src=\"https:\/\/blogsaverroes.juntadeandalucia.es\/ieshimilce\/files\/2021\/07\/Innicia_640x452.png\" alt=\"\" width=\"640\" height=\"452\" srcset=\"https:\/\/blogsaverroes.juntadeandalucia.es\/ieshimilce\/files\/2021\/07\/Innicia_640x452.png 640w, https:\/\/blogsaverroes.juntadeandalucia.es\/ieshimilce\/files\/2021\/07\/Innicia_640x452-300x212.png 300w\" sizes=\"(max-width: 640px) 100vw, 640px\" \/> <img loading=\"lazy\" decoding=\"async\" class=\"aligncenter size-full wp-image-10550\" src=\"https:\/\/blogsaverroes.juntadeandalucia.es\/ieshimilce\/files\/2021\/07\/Plan-convivencia-escolar_640x452.png\" alt=\"\" width=\"640\" height=\"452\" srcset=\"https:\/\/blogsaverroes.juntadeandalucia.es\/ieshimilce\/files\/2021\/07\/Plan-convivencia-escolar_640x452.png 640w, https:\/\/blogsaverroes.juntadeandalucia.es\/ieshimilce\/files\/2021\/07\/Plan-convivencia-escolar_640x452-300x212.png 300w\" sizes=\"(max-width: 640px) 100vw, 640px\" \/> <img loading=\"lazy\" decoding=\"async\" class=\"aligncenter size-full wp-image-10551\" src=\"https:\/\/blogsaverroes.juntadeandalucia.es\/ieshimilce\/files\/2021\/07\/Plan-de-igualdad_640x452.png\" alt=\"\" width=\"640\" height=\"452\" srcset=\"https:\/\/blogsaverroes.juntadeandalucia.es\/ieshimilce\/files\/2021\/07\/Plan-de-igualdad_640x452.png 640w, https:\/\/blogsaverroes.juntadeandalucia.es\/ieshimilce\/files\/2021\/07\/Plan-de-igualdad_640x452-300x212.png 300w\" sizes=\"(max-width: 640px) 100vw, 640px\" \/> <img loading=\"lazy\" decoding=\"async\" class=\"aligncenter size-full wp-image-10552\" src=\"https:\/\/blogsaverroes.juntadeandalucia.es\/ieshimilce\/files\/2021\/07\/Plan-lectura-y-Biblioteca_640x452.png\" alt=\"\" width=\"640\" height=\"452\" srcset=\"https:\/\/blogsaverroes.juntadeandalucia.es\/ieshimilce\/files\/2021\/07\/Plan-lectura-y-Biblioteca_640x452.png 640w, https:\/\/blogsaverroes.juntadeandalucia.es\/ieshimilce\/files\/2021\/07\/Plan-lectura-y-Biblioteca_640x452-300x212.png 300w\" sizes=\"(max-width: 640px) 100vw, 640px\" \/> <img loading=\"lazy\" decoding=\"async\" class=\"aligncenter size-full wp-image-10553\" src=\"https:\/\/blogsaverroes.juntadeandalucia.es\/ieshimilce\/files\/2021\/07\/Programa-TDE_640x452.png\" alt=\"\" width=\"640\" height=\"452\" srcset=\"https:\/\/blogsaverroes.juntadeandalucia.es\/ieshimilce\/files\/2021\/07\/Programa-TDE_640x452.png 640w, https:\/\/blogsaverroes.juntadeandalucia.es\/ieshimilce\/files\/2021\/07\/Programa-TDE_640x452-300x212.png 300w\" sizes=\"(max-width: 640px) 100vw, 640px\" \/> <img loading=\"lazy\" decoding=\"async\" class=\"aligncenter size-full wp-image-10554\" src=\"https:\/\/blogsaverroes.juntadeandalucia.es\/ieshimilce\/files\/2021\/07\/Radio-Himilce_640x452.png\" alt=\"\" width=\"640\" height=\"452\" srcset=\"https:\/\/blogsaverroes.juntadeandalucia.es\/ieshimilce\/files\/2021\/07\/Radio-Himilce_640x452.png 640w, https:\/\/blogsaverroes.juntadeandalucia.es\/ieshimilce\/files\/2021\/07\/Radio-Himilce_640x452-300x212.png 300w\" sizes=\"(max-width: 640px) 100vw, 640px\" \/><\/p>\n<ul>\n<li><a href=\"https:\/\/blogsaverroes.juntadeandalucia.es\/ieshimilce\/files\/2019\/09\/Programa-Educativo-Cartel.png\"><img loading=\"lazy\" decoding=\"async\" class=\"aligncenter size-full wp-image-6842\" src=\"https:\/\/blogsaverroes.juntadeandalucia.es\/ieshimilce\/files\/2019\/09\/Programa-Educativo-Cartel.png\" alt=\"\" width=\"823\" height=\"807\" srcset=\"https:\/\/blogsaverroes.juntadeandalucia.es\/ieshimilce\/files\/2019\/09\/Programa-Educativo-Cartel.png 823w, https:\/\/blogsaverroes.juntadeandalucia.es\/ieshimilce\/files\/2019\/09\/Programa-Educativo-Cartel-300x294.png 300w, https:\/\/blogsaverroes.juntadeandalucia.es\/ieshimilce\/files\/2019\/09\/Programa-Educativo-Cartel-768x753.png 768w, https:\/\/blogsaverroes.juntadeandalucia.es\/ieshimilce\/files\/2019\/09\/Programa-Educativo-Cartel-24x24.png 24w, https:\/\/blogsaverroes.juntadeandalucia.es\/ieshimilce\/files\/2019\/09\/Programa-Educativo-Cartel-36x36.png 36w, https:\/\/blogsaverroes.juntadeandalucia.es\/ieshimilce\/files\/2019\/09\/Programa-Educativo-Cartel-48x48.png 48w, https:\/\/blogsaverroes.juntadeandalucia.es\/ieshimilce\/files\/2019\/09\/Programa-Educativo-Cartel-50x50.png 50w\" sizes=\"(max-width: 823px) 100vw, 823px\" \/><\/a><\/li>\n<\/ul>\n","protected":false},"excerpt":{"rendered":"<p>El Proyecto Educativo del IES Himilce est\u00e1 adherido a diferentes&nbsp;Planes, Programas y Proyectos promovidos por la Consejer\u00eda de Educaci\u00f3n. A continuaci\u00f3n detallamos los&nbsp; que estamos desarrollando durante este curso acad\u00e9mico:<\/p>\n","protected":false},"author":1,"featured_media":0,"parent":0,"menu_order":0,"comment_status":"closed","ping_status":"closed","template":"page-template-full.php","meta":{"ngg_post_thumbnail":0,"footnotes":"","_mc_calendar":[]},"aioseo_notices":[],"_links":{"self":[{"href":"https:\/\/blogsaverroes.juntadeandalucia.es\/ieshimilce\/wp-json\/wp\/v2\/pages\/44"}],"collection":[{"href":"https:\/\/blogsaverroes.juntadeandalucia.es\/ieshimilce\/wp-json\/wp\/v2\/pages"}],"about":[{"href":"https:\/\/blogsaverroes.juntadeandalucia.es\/ieshimilce\/wp-json\/wp\/v2\/types\/page"}],"author":[{"embeddable":true,"href":"https:\/\/blogsaverroes.juntadeandalucia.es\/ieshimilce\/wp-json\/wp\/v2\/users\/1"}],"replies":[{"embeddable":true,"href":"https:\/\/blogsaverroes.juntadeandalucia.es\/ieshimilce\/wp-json\/wp\/v2\/comments?post=44"}],"version-history":[{"count":37,"href":"https:\/\/blogsaverroes.juntadeandalucia.es\/ieshimilce\/wp-json\/wp\/v2\/pages\/44\/revisions"}],"predecessor-version":[{"id":13243,"href":"https:\/\/blogsaverroes.juntadeandalucia.es\/ieshimilce\/wp-json\/wp\/v2\/pages\/44\/revisions\/13243"}],"wp:attachment":[{"href":"https:\/\/blogsaverroes.juntadeandalucia.es\/ieshimilce\/wp-json\/wp\/v2\/media?parent=44"}],"curies":[{"name":"wp","href":"https:\/\/api.w.org\/{rel}","templated":true}]}}