{"id":4617,"date":"2017-06-28T12:05:17","date_gmt":"2017-06-28T12:05:17","guid":{"rendered":"https:\/\/blogsaverroes.juntadeandalucia.es\/ieshimilce\/?page_id=4617"},"modified":"2025-05-05T16:31:50","modified_gmt":"2025-05-05T16:31:50","slug":"fct","status":"publish","type":"page","link":"https:\/\/blogsaverroes.juntadeandalucia.es\/ieshimilce\/fct\/","title":{"rendered":"Empresas Colaboradoras con la FCT"},"content":{"rendered":"<p style=\"text-align: justify\"><span style=\"font-size: 12pt\">La Formaci\u00f3n en Centros de Trabajo (FCT) es un m\u00f3dulo profesional obligatorio que se cursa en todas las ense\u00f1anzas de FP, tanto de FP B\u00e1sica, como de grado medio y de grado superior.<\/span><\/p>\n<p style=\"text-align: justify\"><span style=\"font-size: 12pt\">Este m\u00f3dulo permite que los alumnos\/as tomen contacto con el mundo laboral, realizando pr\u00e1cticas dentro de las empresas que colaboran con el centro educativo. Esta colaboraci\u00f3n complementa la formaci\u00f3n recibida en el centro, y facilita y potencia la inserci\u00f3n laboral de nuestros alumnos y alumnas.<\/span><\/p>\n<p style=\"text-align: justify\"><span style=\"font-size: 12pt;color: #800000\"><strong>Mostramos aqu\u00ed una relaci\u00f3n de Empresas que colaboran con el IES Himilce:<\/strong><\/span><\/p>\n<p style=\"text-align: justify\"><span style=\"font-size: 12pt;color: #800000\"><strong>GRACIAS A TODAS ELLAS POR SU COLABORACI\u00d3N<\/strong><\/span><\/p>\n<p><a href=\"https:\/\/blogsaverroes.juntadeandalucia.es\/ieshimilce\/fct\/empresas-colaboradoras-fct\/\" rel=\"attachment wp-att-4618\"><img loading=\"lazy\" decoding=\"async\" class=\"aligncenter size-full wp-image-4618\" src=\"https:\/\/blogsaverroes.juntadeandalucia.es\/ieshimilce\/files\/2017\/06\/Empresas-Colaboradoras-FCT.jpg\" alt=\"\" width=\"1280\" height=\"720\" srcset=\"https:\/\/blogsaverroes.juntadeandalucia.es\/ieshimilce\/files\/2017\/06\/Empresas-Colaboradoras-FCT.jpg 1280w, https:\/\/blogsaverroes.juntadeandalucia.es\/ieshimilce\/files\/2017\/06\/Empresas-Colaboradoras-FCT-300x169.jpg 300w, https:\/\/blogsaverroes.juntadeandalucia.es\/ieshimilce\/files\/2017\/06\/Empresas-Colaboradoras-FCT-768x432.jpg 768w, https:\/\/blogsaverroes.juntadeandalucia.es\/ieshimilce\/files\/2017\/06\/Empresas-Colaboradoras-FCT-1024x576.jpg 1024w, https:\/\/blogsaverroes.juntadeandalucia.es\/ieshimilce\/files\/2017\/06\/Empresas-Colaboradoras-FCT-24x14.jpg 24w, https:\/\/blogsaverroes.juntadeandalucia.es\/ieshimilce\/files\/2017\/06\/Empresas-Colaboradoras-FCT-36x20.jpg 36w, https:\/\/blogsaverroes.juntadeandalucia.es\/ieshimilce\/files\/2017\/06\/Empresas-Colaboradoras-FCT-48x27.jpg 48w\" sizes=\"(max-width: 1280px) 100vw, 1280px\" \/><\/a><a href=\"https:\/\/blogsaverroes.juntadeandalucia.es\/ieshimilce\/files\/2025\/05\/Diapositiva2.png\"><img loading=\"lazy\" decoding=\"async\" class=\"aligncenter size-full wp-image-14549\" src=\"https:\/\/blogsaverroes.juntadeandalucia.es\/ieshimilce\/files\/2025\/05\/Diapositiva2.png\" alt=\"\" width=\"1280\" height=\"720\" srcset=\"https:\/\/blogsaverroes.juntadeandalucia.es\/ieshimilce\/files\/2025\/05\/Diapositiva2.png 1200w, https:\/\/blogsaverroes.juntadeandalucia.es\/ieshimilce\/files\/2025\/05\/Diapositiva2-300x169.png 300w, https:\/\/blogsaverroes.juntadeandalucia.es\/ieshimilce\/files\/2025\/05\/Diapositiva2-1024x576.png 1024w, https:\/\/blogsaverroes.juntadeandalucia.es\/ieshimilce\/files\/2025\/05\/Diapositiva2-768x432.png 768w, https:\/\/blogsaverroes.juntadeandalucia.es\/ieshimilce\/files\/2025\/05\/Diapositiva2-750x422.png 750w\" sizes=\"(max-width: 1280px) 100vw, 1280px\" \/><\/a><a href=\"https:\/\/blogsaverroes.juntadeandalucia.es\/ieshimilce\/empresas-colaboradoras-imagen-fct\/\"><img loading=\"lazy\" decoding=\"async\" class=\"aligncenter size-full wp-image-4628\" src=\"https:\/\/blogsaverroes.juntadeandalucia.es\/ieshimilce\/files\/2017\/06\/Empresas-Colaboradoras-IMAGEN-FCT.jpg\" alt=\"\" width=\"1280\" height=\"720\" srcset=\"https:\/\/blogsaverroes.juntadeandalucia.es\/ieshimilce\/files\/2017\/06\/Empresas-Colaboradoras-IMAGEN-FCT.jpg 1280w, https:\/\/blogsaverroes.juntadeandalucia.es\/ieshimilce\/files\/2017\/06\/Empresas-Colaboradoras-IMAGEN-FCT-300x169.jpg 300w, https:\/\/blogsaverroes.juntadeandalucia.es\/ieshimilce\/files\/2017\/06\/Empresas-Colaboradoras-IMAGEN-FCT-768x432.jpg 768w, https:\/\/blogsaverroes.juntadeandalucia.es\/ieshimilce\/files\/2017\/06\/Empresas-Colaboradoras-IMAGEN-FCT-1024x576.jpg 1024w, https:\/\/blogsaverroes.juntadeandalucia.es\/ieshimilce\/files\/2017\/06\/Empresas-Colaboradoras-IMAGEN-FCT-24x14.jpg 24w, https:\/\/blogsaverroes.juntadeandalucia.es\/ieshimilce\/files\/2017\/06\/Empresas-Colaboradoras-IMAGEN-FCT-36x20.jpg 36w, https:\/\/blogsaverroes.juntadeandalucia.es\/ieshimilce\/files\/2017\/06\/Empresas-Colaboradoras-IMAGEN-FCT-48x27.jpg 48w\" sizes=\"(max-width: 1280px) 100vw, 1280px\" \/><\/a><\/p>\n<p>&nbsp;<\/p>\n","protected":false},"excerpt":{"rendered":"<p>La Formaci\u00f3n en Centros de Trabajo (FCT) es un m\u00f3dulo profesional obligatorio que se cursa en todas las ense\u00f1anzas de FP, tanto de FP B\u00e1sica, como de grado medio y de grado superior. Este m\u00f3dulo permite que los alumnos\/as tomen contacto con el mundo laboral, realizando pr\u00e1cticas dentro de las empresas que colaboran con el &hellip; <\/p>\n<p><a class=\"more-link btn\" href=\"https:\/\/blogsaverroes.juntadeandalucia.es\/ieshimilce\/fct\/\">Seguir leyendo<\/a><\/p>\n","protected":false},"author":5100,"featured_media":0,"parent":0,"menu_order":0,"comment_status":"closed","ping_status":"closed","template":"","meta":{"ngg_post_thumbnail":0,"footnotes":"","_mc_calendar":[]},"aioseo_notices":[],"_links":{"self":[{"href":"https:\/\/blogsaverroes.juntadeandalucia.es\/ieshimilce\/wp-json\/wp\/v2\/pages\/4617"}],"collection":[{"href":"https:\/\/blogsaverroes.juntadeandalucia.es\/ieshimilce\/wp-json\/wp\/v2\/pages"}],"about":[{"href":"https:\/\/blogsaverroes.juntadeandalucia.es\/ieshimilce\/wp-json\/wp\/v2\/types\/page"}],"author":[{"embeddable":true,"href":"https:\/\/blogsaverroes.juntadeandalucia.es\/ieshimilce\/wp-json\/wp\/v2\/users\/5100"}],"replies":[{"embeddable":true,"href":"https:\/\/blogsaverroes.juntadeandalucia.es\/ieshimilce\/wp-json\/wp\/v2\/comments?post=4617"}],"version-history":[{"count":14,"href":"https:\/\/blogsaverroes.juntadeandalucia.es\/ieshimilce\/wp-json\/wp\/v2\/pages\/4617\/revisions"}],"predecessor-version":[{"id":14550,"href":"https:\/\/blogsaverroes.juntadeandalucia.es\/ieshimilce\/wp-json\/wp\/v2\/pages\/4617\/revisions\/14550"}],"wp:attachment":[{"href":"https:\/\/blogsaverroes.juntadeandalucia.es\/ieshimilce\/wp-json\/wp\/v2\/media?parent=4617"}],"curies":[{"name":"wp","href":"https:\/\/api.w.org\/{rel}","templated":true}]}}