{"id":4953,"date":"2017-07-11T16:19:05","date_gmt":"2017-07-11T16:19:05","guid":{"rendered":"https:\/\/blogsaverroes.juntadeandalucia.es\/ieshimilce\/?page_id=4953"},"modified":"2024-05-28T16:52:24","modified_gmt":"2024-05-28T16:52:24","slug":"imagen-personal","status":"publish","type":"page","link":"https:\/\/blogsaverroes.juntadeandalucia.es\/ieshimilce\/imagen-personal\/","title":{"rendered":"CURSO 2023-2024 &#8211; DEPARTAMENTO DE IMAGEN PERSONAL"},"content":{"rendered":"<h3 style=\"text-align: center\"><span style=\"text-decoration: underline\"><strong><span style=\"color: #0000ff;text-decoration: underline\">PROYECTO APARATOLOG\u00cdA EST\u00c9TICA 2023-2024<\/span><\/strong><\/span><\/h3>\n<p style=\"text-align: justify\"><span style=\"font-size: 14pt\">Nos complace anunciar que hemos concluido con \u00e9xito el proyecto de elaboraci\u00f3n de materiales en nuestro instituto. Gracias al arduo trabajo y dedicaci\u00f3n de nuestro equipo, ahora contamos con recursos innovadores que enriquecer\u00e1n el aprendizaje y la ense\u00f1anza de nuestro alumnado. Este logro no solo refleja nuestro compromiso con la excelencia educativa, sino tambi\u00e9n nuestra capacidad de enfrentar desaf\u00edos y alcanzar metas significativas. Agradecemos a todos los que formaron parte de este esfuerzo. \u00a1Sigamos adelante, creando y aprendiendo juntos!<\/span><\/p>\n<p><a href=\"https:\/\/blogsaverroes.juntadeandalucia.es\/ieshimilce\/files\/2024\/05\/Diapositiva2-1.png\"><img loading=\"lazy\" decoding=\"async\" class=\"aligncenter size-full wp-image-13099\" src=\"https:\/\/blogsaverroes.juntadeandalucia.es\/ieshimilce\/files\/2024\/05\/Diapositiva2-1.png\" alt=\"\" width=\"960\" height=\"720\" srcset=\"https:\/\/blogsaverroes.juntadeandalucia.es\/ieshimilce\/files\/2024\/05\/Diapositiva2-1.png 960w, https:\/\/blogsaverroes.juntadeandalucia.es\/ieshimilce\/files\/2024\/05\/Diapositiva2-1-300x225.png 300w, https:\/\/blogsaverroes.juntadeandalucia.es\/ieshimilce\/files\/2024\/05\/Diapositiva2-1-768x576.png 768w\" sizes=\"(max-width: 960px) 100vw, 960px\" \/><\/a><\/p>\n<p><a href=\"https:\/\/blogsaverroes.juntadeandalucia.es\/ieshimilce\/files\/2024\/05\/Diapositiva1-1.png\"><img loading=\"lazy\" decoding=\"async\" class=\"aligncenter size-full wp-image-13098\" src=\"https:\/\/blogsaverroes.juntadeandalucia.es\/ieshimilce\/files\/2024\/05\/Diapositiva1-1.png\" alt=\"\" width=\"960\" height=\"720\" srcset=\"https:\/\/blogsaverroes.juntadeandalucia.es\/ieshimilce\/files\/2024\/05\/Diapositiva1-1.png 960w, https:\/\/blogsaverroes.juntadeandalucia.es\/ieshimilce\/files\/2024\/05\/Diapositiva1-1-300x225.png 300w, https:\/\/blogsaverroes.juntadeandalucia.es\/ieshimilce\/files\/2024\/05\/Diapositiva1-1-768x576.png 768w\" sizes=\"(max-width: 960px) 100vw, 960px\" \/><\/a><\/p>\n<h4><strong>ENLACES a la Web <span style=\"color: #ff00ff;font-size: 14pt\"><span style=\"color: #3366ff\">PRO<\/span><span style=\"color: #008000\">COM\u00daN<\/span><\/span> (Red de recursos educativos abiertos)<\/strong><\/h4>\n<p><a href=\"https:\/\/blogsaverroes.juntadeandalucia.es\/ieshimilce\/files\/2024\/05\/enlace-web.png\"><img loading=\"lazy\" decoding=\"async\" class=\"aligncenter size-large wp-image-13100\" src=\"https:\/\/blogsaverroes.juntadeandalucia.es\/ieshimilce\/files\/2024\/05\/enlace-web-1024x206.png\" alt=\"\" width=\"1024\" height=\"206\" srcset=\"https:\/\/blogsaverroes.juntadeandalucia.es\/ieshimilce\/files\/2024\/05\/enlace-web-1024x206.png 1024w, https:\/\/blogsaverroes.juntadeandalucia.es\/ieshimilce\/files\/2024\/05\/enlace-web-300x60.png 300w, https:\/\/blogsaverroes.juntadeandalucia.es\/ieshimilce\/files\/2024\/05\/enlace-web-768x154.png 768w, https:\/\/blogsaverroes.juntadeandalucia.es\/ieshimilce\/files\/2024\/05\/enlace-web-1536x309.png 1536w, https:\/\/blogsaverroes.juntadeandalucia.es\/ieshimilce\/files\/2024\/05\/enlace-web.png 1200w\" sizes=\"(max-width: 1024px) 100vw, 1024px\" \/><\/a><\/p>\n<h4><a href=\"https:\/\/procomun.intef.es\/ode\/view\/widget\/es_2024041812_9112146\" target=\"_blank\" rel=\"noopener\">https:\/\/procomun.intef.es\/ode\/view\/widget\/es_2024041812_9112146<\/a><\/h4>\n<h4><a href=\"https:\/\/procomun.intef.es\/ode\/view\/widget\/es_2024041812_9080912\" target=\"_blank\" rel=\"noopener\">https:\/\/procomun.intef.es\/ode\/view\/widget\/es_2024041812_9080912<\/a><\/h4>\n<h4><a href=\"https:\/\/procomun.intef.es\/ode\/view\/widget\/es_2024041812_9075753\" target=\"_blank\" rel=\"noopener\">https:\/\/procomun.intef.es\/ode\/view\/widget\/es_2024041812_9075753<\/a><\/h4>\n<h4><a href=\"https:\/\/procomun.intef.es\/\" target=\"_blank\" rel=\"noopener\">https:\/\/procomun.intef.es\/<\/a><\/h4>\n<hr>\n<h3 style=\"text-align: center\"><span style=\"text-decoration: underline\"><strong>MATERIALES NECESARIOS POR CURSOS<\/strong><\/span><\/h3>\n<h3>NOTA: Estos materiales deben ser aportados por el alumnado para realizar sus trabajos individuales.&nbsp;<\/h3>\n<h3 style=\"text-align: center\"><a href=\"https:\/\/blogsaverroes.juntadeandalucia.es\/ieshimilce\/files\/2022\/09\/MATERIAL-1\u00ba-CURSO-EBE.pdf\">MATERIAL 1\u00ba EBE<\/a><\/h3>\n<h3 style=\"text-align: center\"><a href=\"https:\/\/blogsaverroes.juntadeandalucia.es\/ieshimilce\/files\/2022\/08\/MATERIAL-1\u00ba-EIB-GS.pdf\">MATERIAL 1\u00ba EIB GS<\/a><\/h3>\n<h3 style=\"text-align: center\"><a href=\"https:\/\/blogsaverroes.juntadeandalucia.es\/ieshimilce\/files\/2022\/08\/MATERIAL-1\u00ba-Pel-GM.pdf\">MATERIAL 1\u00ba Pel GM<\/a><\/h3>\n<h3 style=\"text-align: center\"><a href=\"https:\/\/blogsaverroes.juntadeandalucia.es\/ieshimilce\/files\/2022\/08\/MATERIAL-1\u00ba-PEL-GS.pdf\">MATERIAL 1\u00ba PEL GS<\/a><\/h3>\n<h3 style=\"text-align: center\"><a href=\"https:\/\/blogsaverroes.juntadeandalucia.es\/ieshimilce\/files\/2022\/08\/MATERIAL-2\u00ba-EBE-GM.pdf\">MATERIAL 2\u00ba EBE GM<\/a><\/h3>\n<h3 style=\"text-align: center\"><a href=\"https:\/\/blogsaverroes.juntadeandalucia.es\/ieshimilce\/files\/2022\/08\/MATERIAL-2\u00ba-EIB-GS.pdf\">MATERIAL 2\u00ba EIB GS<\/a><\/h3>\n<h3 style=\"text-align: center\"><a href=\"https:\/\/blogsaverroes.juntadeandalucia.es\/ieshimilce\/files\/2022\/08\/MATERIAL-2\u00ba-Pel-GM.pdf\">MATERIAL 2\u00ba Pel GM<\/a><\/h3>\n<h3 style=\"text-align: center\"><a href=\"https:\/\/blogsaverroes.juntadeandalucia.es\/ieshimilce\/files\/2022\/08\/MATERIAL-2\u00ba-PEL-GS.pdf\">MATERIAL 2\u00ba PEL GS<\/a><\/h3>\n<hr>\n<hr>\n<p>&nbsp;<\/p>\n","protected":false},"excerpt":{"rendered":"<p>PROYECTO APARATOLOG\u00cdA EST\u00c9TICA 2023-2024 Nos complace anunciar que hemos concluido con \u00e9xito el proyecto de elaboraci\u00f3n de materiales en nuestro instituto. Gracias al arduo trabajo y dedicaci\u00f3n de nuestro equipo, ahora contamos con recursos innovadores que enriquecer\u00e1n el aprendizaje y la ense\u00f1anza de nuestro alumnado. Este logro no solo refleja nuestro compromiso con la excelencia &hellip; <\/p>\n<p><a class=\"more-link btn\" href=\"https:\/\/blogsaverroes.juntadeandalucia.es\/ieshimilce\/imagen-personal\/\">Seguir leyendo<\/a><\/p>\n","protected":false},"author":5100,"featured_media":0,"parent":0,"menu_order":0,"comment_status":"closed","ping_status":"closed","template":"page-template-full.php","meta":{"ngg_post_thumbnail":0,"footnotes":"","_mc_calendar":[]},"aioseo_notices":[],"_links":{"self":[{"href":"https:\/\/blogsaverroes.juntadeandalucia.es\/ieshimilce\/wp-json\/wp\/v2\/pages\/4953"}],"collection":[{"href":"https:\/\/blogsaverroes.juntadeandalucia.es\/ieshimilce\/wp-json\/wp\/v2\/pages"}],"about":[{"href":"https:\/\/blogsaverroes.juntadeandalucia.es\/ieshimilce\/wp-json\/wp\/v2\/types\/page"}],"author":[{"embeddable":true,"href":"https:\/\/blogsaverroes.juntadeandalucia.es\/ieshimilce\/wp-json\/wp\/v2\/users\/5100"}],"replies":[{"embeddable":true,"href":"https:\/\/blogsaverroes.juntadeandalucia.es\/ieshimilce\/wp-json\/wp\/v2\/comments?post=4953"}],"version-history":[{"count":63,"href":"https:\/\/blogsaverroes.juntadeandalucia.es\/ieshimilce\/wp-json\/wp\/v2\/pages\/4953\/revisions"}],"predecessor-version":[{"id":13107,"href":"https:\/\/blogsaverroes.juntadeandalucia.es\/ieshimilce\/wp-json\/wp\/v2\/pages\/4953\/revisions\/13107"}],"wp:attachment":[{"href":"https:\/\/blogsaverroes.juntadeandalucia.es\/ieshimilce\/wp-json\/wp\/v2\/media?parent=4953"}],"curies":[{"name":"wp","href":"https:\/\/api.w.org\/{rel}","templated":true}]}}