{"id":5488,"date":"2018-05-27T17:04:14","date_gmt":"2018-05-27T17:04:14","guid":{"rendered":"https:\/\/blogsaverroes.juntadeandalucia.es\/ieshimilce\/?page_id=5488"},"modified":"2019-06-18T09:27:08","modified_gmt":"2019-06-18T09:27:08","slug":"ayudas-fct","status":"publish","type":"page","link":"https:\/\/blogsaverroes.juntadeandalucia.es\/ieshimilce\/ayudas-fct\/","title":{"rendered":"Ayudas FCT"},"content":{"rendered":"<p><span style=\"font-size: 14pt\"><strong>AYUDAS POR DESPLAZAMIENTO FCT<\/strong><\/span><\/p>\n<div class=\"grid_3 epigrafe\"><span style=\"color: #ff6600\"><strong>Finalidad:<\/strong><\/span><\/div>\n<div class=\"grid_12 alpha omega\">\n<p style=\"text-align: justify\">La finalidad de estas ayudas es proporcionar al alumnado que realiza el&nbsp;<strong>m\u00f3dulo profesional de formaci\u00f3n en centros de trabajo (FCT),<\/strong>&nbsp;ayudas para el desplazamiento a las empresas o entidades donde realizar\u00e1n las actividades programadas en esta fase de su formaci\u00f3n y est\u00e9n situadas a una&nbsp;<strong>distancia superior a 5 Km &nbsp;contados<\/strong>&nbsp;desde el centro docente en que se est\u00e9 matriculado.<\/p>\n<p style=\"text-align: justify\"><strong>Estas becas est\u00e1n condicionadas a la renta<\/strong>. Es requisito indispensable, no poseer rentas superiores al setenta y cinco por ciento del indicador p\u00fablica de renta de efectos m\u00faltiples (IPREM).<\/p>\n<\/div>\n<p style=\"text-align: justify\"><span style=\"color: #ff6600\"><strong>Procedimiento:<\/strong><\/span><\/p>\n<ul>\n<li style=\"text-align: justify\"><strong>Documento acreditativo de la asistencia a la empresa<\/strong>. Dicho documento constituir\u00e1 la evidencia de realizaci\u00f3n de las jornadas que el alumnado realiza en las empresas.<\/li>\n<li style=\"text-align: justify\"><strong>Todas las solicitudes, sin excepci\u00f3n, han de formalizarse a trav\u00e9s de la&nbsp;<em>Secretaria Virtual<\/em><\/strong>&nbsp;para posteriormente imprimirse y firmarse manualmente antes de ser&nbsp;<u>entregadas en la secretar\u00eda del centro<\/u>. Antes de entregar comprobar que est\u00e1n las firmas de todos los miembros de la unidad familiar para evitar incidencias posteriores.<\/li>\n<\/ul>\n<p style=\"text-align: justify\"><strong>NOTA:<\/strong> El alumno\/a interesado\/a en pedir esta ayuda realiza la solicitud como ciudadano\/a, y debe hacerse responsable de la solicitud, debiendo estar atento a la convocatoria, plazos, normativa, etc.&nbsp;<\/p>\n<p><span style=\"color: #ff6600\"><strong>Documentos:<\/strong><\/span><\/p>\n<ul>\n<li><a href=\"https:\/\/blogsaverroes.juntadeandalucia.es\/ieshimilce\/files\/2018\/05\/Modelo-acreditativo-asistencia-a-FCT.pdf\" target=\"_blank\" rel=\"noopener\">Modelo de acreditaci\u00f3n de asistencia a la empresa FCT<\/a><\/li>\n<li><a href=\"http:\/\/portals.ced.junta-andalucia.es\/educacion\/portals\/abaco-portlet\/content\/6bc2d493-3cf0-47f8-9c0e-9b8c4a489e20\" target=\"_blank\" rel=\"noopener\">Resoluci\u00f3n 31 de Mayo de 2019<\/a><\/li>\n<li><a href=\"https:\/\/blogsaverroes.juntadeandalucia.es\/ieshimilce\/files\/2018\/05\/Normativa-Ayudas-FCT-17-18.pdf\">Normativa Ayudas FCT<\/a><\/li>\n<li><a href=\"http:\/\/www.juntadeandalucia.es\/servicios\/ayudas\/detalle\/68558.html\" target=\"_blank\" rel=\"noopener\">Enlace a la web de la web de la Consejer\u00eda de Educaci\u00f3n<\/a><\/li>\n<\/ul>\n<p><span style=\"color: #ff6600\"><strong>Enlaces de inter\u00e9s:<\/strong><\/span><\/p>\n<ul>\n<li><a href=\"http:\/\/www.juntadeandalucia.es\/educacion\/portals\/web\/becas-y-ayudas\/ayudas\/ayuda-desplazamientos-empresas\">Becas Junta de Andaluc\u00eda: Ayudas desplazamientos empresas.<\/a><\/li>\n<li><a href=\"http:\/\/www.juntadeandalucia.es\/educacion\/portals\/web\/becas-y-ayudas\/ayudas\/ayuda-desplazamientos-empresas\/preguntas-frecuentes\">Preguntas frecuentes<\/a><\/li>\n<\/ul>\n<p>&nbsp;<\/p>\n<p>&nbsp;<\/p>\n<p>&nbsp;<\/p>\n","protected":false},"excerpt":{"rendered":"<p>AYUDAS POR DESPLAZAMIENTO FCT Finalidad: La finalidad de estas ayudas es proporcionar al alumnado que realiza el&nbsp;m\u00f3dulo profesional de formaci\u00f3n en centros de trabajo (FCT),&nbsp;ayudas para el desplazamiento a las empresas o entidades donde realizar\u00e1n las actividades programadas en esta fase de su formaci\u00f3n y est\u00e9n situadas a una&nbsp;distancia superior a 5 Km &nbsp;contados&nbsp;desde el &hellip; <\/p>\n<p><a class=\"more-link btn\" href=\"https:\/\/blogsaverroes.juntadeandalucia.es\/ieshimilce\/ayudas-fct\/\">Seguir leyendo<\/a><\/p>\n","protected":false},"author":5100,"featured_media":0,"parent":0,"menu_order":0,"comment_status":"closed","ping_status":"closed","template":"fullwidth-page.php","meta":{"ngg_post_thumbnail":0,"footnotes":"","_mc_calendar":[]},"aioseo_notices":[],"_links":{"self":[{"href":"https:\/\/blogsaverroes.juntadeandalucia.es\/ieshimilce\/wp-json\/wp\/v2\/pages\/5488"}],"collection":[{"href":"https:\/\/blogsaverroes.juntadeandalucia.es\/ieshimilce\/wp-json\/wp\/v2\/pages"}],"about":[{"href":"https:\/\/blogsaverroes.juntadeandalucia.es\/ieshimilce\/wp-json\/wp\/v2\/types\/page"}],"author":[{"embeddable":true,"href":"https:\/\/blogsaverroes.juntadeandalucia.es\/ieshimilce\/wp-json\/wp\/v2\/users\/5100"}],"replies":[{"embeddable":true,"href":"https:\/\/blogsaverroes.juntadeandalucia.es\/ieshimilce\/wp-json\/wp\/v2\/comments?post=5488"}],"version-history":[{"count":13,"href":"https:\/\/blogsaverroes.juntadeandalucia.es\/ieshimilce\/wp-json\/wp\/v2\/pages\/5488\/revisions"}],"predecessor-version":[{"id":6720,"href":"https:\/\/blogsaverroes.juntadeandalucia.es\/ieshimilce\/wp-json\/wp\/v2\/pages\/5488\/revisions\/6720"}],"wp:attachment":[{"href":"https:\/\/blogsaverroes.juntadeandalucia.es\/ieshimilce\/wp-json\/wp\/v2\/media?parent=5488"}],"curies":[{"name":"wp","href":"https:\/\/api.w.org\/{rel}","templated":true}]}}